{"id":3180,"date":"2023-10-06T14:10:47","date_gmt":"2023-10-06T14:10:47","guid":{"rendered":"https:\/\/eucert.pl\/%e8%a7%84%e5%ae%9a\/"},"modified":"2023-11-29T10:56:08","modified_gmt":"2023-11-29T10:56:08","slug":"%e8%a7%84%e5%ae%9a","status":"publish","type":"page","link":"https:\/\/eucert.pl\/zh-hans\/%e8%a7%84%e5%ae%9a\/","title":{"rendered":"\u89c4\u5b9a"},"content":{"rendered":"<section id=\"\" class=\"text-block text-block--smaller-heading  acf-block acf-block-id-block_df5a33223d273dfde4ae7ebaeb759fd3 \">\n\n  <div class=\"container\">\n    <h1 class=\"title title--1 title--medium title--primary500\">\u89c4\u5b9a<\/h1>\n\n    <div class=\"wysiwyg\">\n      <p><strong>I&nbsp;\u7f51\u7ad9\u7684\u4e00\u822c\u4f7f\u7528\u6761\u6b3e<\/strong><\/p>\n<p><strong>(\u89c4\u5b9a)<\/strong><br \/>\n&nbsp;<\/p>\n<ol>\n<li>\u672c\u6587\u4ef6\u5b9a\u4e49\u4e86\u8bbf\u95ee\u548c\u4f7f\u7528\u672c\u7f51\u7ad9\u7684\u6761\u4ef6\uff0c\u4ee5\u4e0b\u7b80\u79f0\u201c\u4e00\u822c\u6761\u6b3e\u201d\u3002<\/li>\n<li>\u6bcf\u4e2a\u7528\u6237\u4ece\u91c7\u53d6\u884c\u52a8\u4f7f\u7528\u7f51\u7ad9\u7684\u90a3\u4e00\u523b\u8d77\uff0c\u5c31\u6709\u4e49\u52a1\u6beb\u65e0\u9650\u5236\u6216\u4fdd\u7559\u5730\u9605\u8bfb\u3001\u9075\u5b88\u548c\u63a5\u53d7\u4e00\u822c\u6761\u6b3e\u3002<\/li>\n<li>\u5982\u679c\u4e0d\u540c\u610f\u6240\u6709\u4e00\u822c\u6761\u6b3e\uff0c\u60a8\u5fc5\u987b\u505c\u6b62\u4f7f\u7528\u8be5\u7f51\u7ad9\u5e76\u7acb\u5373\u79bb\u5f00\u3002<\/li>\n<li>\u7f51\u7ad9\u4e0a\u4f7f\u7528\u7684\u6240\u6709\u5546\u53f7\u3001\u516c\u53f8\u540d\u79f0\u53ca\u5176\u5fbd\u6807\u5747\u5c5e\u4e8e\u5176\u5404\u81ea\u6240\u6709\u8005\uff0c\u4ec5\u7528\u4e8e\u8bc6\u522b\u76ee\u7684\u3002 <\/li>\n<li>\u7981\u6b62\u672a\u7ecf\u6388\u6743\u4f7f\u7528\u672c\u7f51\u7ad9\u7684\u5185\u5bb9\u3001\u4f5c\u54c1\u6216\u4fe1\u606f\uff0c\u4ee5\u53ca\u672a\u7ecf\u6388\u6743\u7684\u590d\u5236\u3001\u8f6c\u53d1\u6216\u4ee5\u4efb\u4f55\u5176\u4ed6\u65b9\u5f0f\u4f7f\u7528\u672c\u7f51\u7ad9\u7684\u4efb\u4f55\u90e8\u5206\uff0c\u56e0\u4e3a\u6b64\u7c7b\u884c\u4e3a\u53ef\u80fd\u4fb5\u72af\u7248\u6743\u6216\u53d7\u4fdd\u62a4\u7684\u5546\u6807\u7b49\u3002 <\/li>\n<li>\u6709\u5173\u7f51\u7ad9\u7684\u95ee\u9898\u6216\u610f\u89c1\u53ef\u4ee5\u53d1\u9001\u81f3\u7535\u5b50\u90ae\u4ef6\uff1aoffice@eucert.pl<\/li>\n<\/ol>\n<p>&nbsp;<\/p>\n<p>&nbsp;<\/p>\n<p>&nbsp;<\/p>\n<p><strong>II&nbsp;\u5b9a\u4e49 1. \u7f51\u7ad9\u2014\u2014\u53ef\u5728\u4e92\u8054\u7f51\u4e0a\u83b7\u53d6\u5185\u5bb9\u7684\u5730\u5740\u4e3a\uff1awww.eucert.pl\uff1b  <\/strong><\/p>\n<p>&nbsp;<\/p>\n<p>2. \u7528\u6237\u2014\u2014\u4f7f\u7528\u672c\u7f51\u7ad9\u5185\u5bb9\u7684\u3001\u4f9d\u6cd5\u5177\u6709\u6cd5\u5f8b\u884c\u4e3a\u80fd\u529b\u7684\u81ea\u7136\u4eba\u3001\u6cd5\u4eba\u6216\u4e0d\u5177\u6709\u6cd5\u4eba\u8d44\u683c\u7684\u7ec4\u7ec7\u5355\u4f4d\uff1b<br \/>\n&nbsp;<br \/>\n3. \u6761\u6b3e\u2014\u2014\u4e00\u7ec4\u6240\u6709\u6761\u6b3e\uff0c\u5305\u62ec\u4f46\u4e0d\u9650\u4e8e\uff1a\u8fd9\u4e9b\u4e00\u822c\u6761\u6b3e\u548c\u6761\u4ef6\u3001\u9690\u79c1\u653f\u7b56\u539f\u5219\u3001cookie\u6587\u4ef6\u4ee5\u53ca\u7f51\u7ad9\u4e0a\u6d89\u53ca\u7279\u5b9a\u529f\u80fd\u3001\u5c5e\u6027\u4ee5\u53ca\u5ba2\u6237\u670d\u52a1;<br \/>\n&nbsp;<br \/>\n4. \u6240\u6709\u8005 &#8211; \u63d0\u4f9b\u672c\u7f51\u7ad9\u7684\u5b9e\u4f53\uff1aEU-Cert\u4f4d\u4e8e\u683c\u4f46\u65af\u514bKarola Szymanowskiego\u885712\/U6\uff0c\u90ae\u7f1680-280\uff0c\u662f\u5728\u683c\u4f46\u65af\u514b\u5317\u90e8\u5730\u65b9\u6cd5\u9662\u7684\u5546\u4e1a\u767b\u8bb0\u5904\u5373\u56fd\u5bb6\u6cd5\u9662\u767b\u8bb0\u5904\u7b2c\u4e03\u7ecf\u6d4e\u5ead\u6ce8\u518c\u7684\u6709\u9650\u8d23\u4efb\u516c\u53f8\uff0c\u56fd\u5bb6\u6cd5\u9662\u767b\u8bb0\u53f7KRS\uff1a0000980050\u3002<br \/>\n&nbsp;<br \/>\n&nbsp;<br \/>\n&nbsp;<\/p>\n<p><strong>II. \u6761\u4ef6\u8303\u56f4 <\/strong><\/p>\n<p>&nbsp;<\/p>\n<ol>\n<li>\u6240\u6709\u8005\u6839\u636e\u4ee5\u4e0b\u4e00\u822c\u6761\u6b3e\u63d0\u4f9b\u7f51\u7ad9\u5185\u5bb9\u8bbf\u95ee\u6743\u9650\u3002<\/li>\n<li>\u7f51\u7ad9\u4e0a\u53d1\u5e03\u7684\u5185\u5bb9\u548c\u6570\u636e\u4ec5\u4f9b\u53c2\u8003\uff0c\u5e76\u4e14\u53ef\u80fd\u53ea\u7528\u4e8e\u63d0\u4f9b\u4fe1\u606f\u7684\u76ee\u7684\u3002<\/li>\n<li>\u7528\u6237\u5728\u540c\u610f\u672c\u901a\u7528\u6761\u6b3e\u5e76\u7b7e\u7f72\u76f8\u5173\u534f\u8bae\u7684\u524d\u63d0\u4e0b\uff0c\u65b9\u53ef\u8bbf\u95ee\u548c\u4f7f\u7528\u672c\u7f51\u7ad9\u63d0\u4f9b\u7684\u670d\u52a1\u3002<\/li>\n<\/ol>\n<p>&nbsp;<br \/>\n&nbsp;<br \/>\n&nbsp;<\/p>\n<p><strong>III. \u7f51\u7ad9\u4f7f\u7528\u89c4\u5219 <\/strong><\/p>\n<p>&nbsp;<\/p>\n<p>1.\u672c\u7f51\u7ad9\u517c\u5bb9\u6240\u6709\u7c7b\u578b\u7684\u7f51\u7edc\u6d4f\u89c8\u5668\u3002\u5bf9\u7ec8\u7aef\u7528\u6237\u8bbe\u5907\u5c5e\u6027\u65e0\u7279\u6b8a\u8981\u6c42\u3002 <\/p>\n<p>2.\u63a5\u53d7\u672c\u6761\u6b3e\u540e\uff0c\u7528\u6237\u6709\u6743\u6d4f\u89c8\u3001\u590d\u5236\u3001\u6253\u5370\u5e76\u4f20\u64ad\u672a\u7ecf\u4fee\u6539\u7684\u672c\u7f51\u7ad9\u5185\u5bb9\uff0c\u4f46\u524d\u63d0\u662f\uff1a<\/p>\n<p>a. \u6b64\u7c7b\u5185\u5bb9\u4ec5\u7528\u4e8e\u63d0\u4f9b\u4fe1\u606f\u3001\u975e\u5546\u4e1a\u76ee\u7684\uff1b <\/p>\n<p>b.&nbsp;\u5236\u4f5c\u7684\u6bcf\u4e2a\u526f\u672c\u90fd\u5c06\u5305\u542b\u6709\u5173\u7248\u6743\u7684\u4fe1\u606f\u6216\u6709\u5173\u5185\u5bb9\u4f5c\u8005\u7684\u6570\u636e\u3002 <\/p>\n<p>3. \u7981\u6b62\u4f7f\u7528\u548c\u590d\u5236\u672c\u7f51\u7ad9\u7684\u8f6f\u4ef6\u3001\u6d41\u7a0b\u548c\u6280\u672f\u3002<\/p>\n<p>4. \u7528\u6237\u4f7f\u7528\u672c\u7f51\u7ad9\u5fc5\u987b\u9075\u5b88\u300a\u7535\u4fe1\u6cd5\u300b\u3001\u300a\u7535\u5b50\u670d\u52a1\u63d0\u4f9b\u6cd5\u300b\u53ca\u76f8\u5173\u6c11\u4e8b\u6cd5\u5f8b\u6cd5\u89c4\u7684\u89c4\u5b9a\u3002<\/p>\n<p>5. \u5728\u4e0b\u5217\u60c5\u51b5\u4e0b\u7981\u6b62\u4f7f\u7528\u672c\u7f51\u7ad9\uff1a<\/p>\n<p>a. \u4ee5\u8fdd\u53cd\u9002\u7528\u6cd5\u5f8b\u7684\u65b9\u5f0f\uff1b <\/p>\n<p>b.&nbsp;\u4ee5\u4efb\u4f55\u975e\u6cd5\u6216\u4e0d\u8bda\u5b9e\u7684\u65b9\u5f0f\uff0c\u6216\u610f\u56fe\u5b9e\u73b0\u975e\u6cd5\u6216\u4e0d\u8bda\u5b9e\u7684\u76ee\u7684\uff1b <\/p>\n<p>c. \u53d1\u9001\u3001\u6545\u610f\u63a5\u6536\u3001\u4e0a\u4f20\u6216\u4f7f\u7528\u4e0d\u7b26\u5408\u4e00\u822c\u6761\u6b3e\u548c\u6761\u4ef6\u7684\u5185\u5bb9\uff1b <\/p>\n<p>d. \u4f20\u8f93\u6216\u53d1\u8d77\u53d1\u9001\u4efb\u4f55\u672a\u7ecf\u8bf7\u6c42\u6216\u672a\u7ecf\u6388\u6743\u7684\u5e7f\u544a\u6216\u4fc3\u9500\u6750\u6599\uff0c\u4ee5\u53ca\u4efb\u4f55\u5f62\u5f0f\u7684\u5783\u573e\u90ae\u4ef6\uff1b <\/p>\n<p>e. \u6545\u610f\u4f20\u8f93\u4efb\u4f55\u6570\u636e\u3001\u53d1\u9001\u6216\u4e0a\u4f20\u4efb\u4f55\u5305\u542b\u75c5\u6bd2\u3001\u6728\u9a6c\u3001\u95f4\u8c0d\u8f6f\u4ef6\u7684\u6750\u6599\u3002 <\/p>\n<p>&nbsp;<br \/>\n&nbsp;<br \/>\n&nbsp;<br \/>\n<strong>IV. COOKIES <\/strong><\/p>\n<p>&nbsp;<\/p>\n<ol>\n<li>\u7f51\u7ad9\u4f7f\u7528cookie\u6216\u7c7b\u4f3c\u6280\u672f\uff08\u4ee5\u4e0b\u7edf\u79f0\u4e3a\u201ccookie\u201d\uff09\u6536\u96c6\u6709\u5173\u7528\u6237\uff08\u901a\u8fc7\u8ba1\u7b97\u673a\u6216\u667a\u80fd\u624b\u673a\uff09\u8bbf\u95ee\u7f51\u7ad9\u53ca\u5176\u504f\u597d\u7684\u4fe1\u606f\u3002\u9664\u5176\u4ed6\u7528\u9014\u5916\uff0c\u5b83\u4eec\u8fd8\u7528\u4e8e\uff1a\u5e7f\u544a\u548c\u7edf\u8ba1\u76ee\u7684\uff0c\u4ee5\u53ca\u6839\u636e\u7528\u6237\u7684\u4e2a\u4eba\u9700\u6c42\u5b9a\u5236\u7f51\u7ad9\u3002  <\/li>\n<li>Cookie\u662f\u5305\u542b\u552f\u4e00\u53c2\u8003\u4ee3\u7801\u7684\u4fe1\u606f\u7247\u6bb5\uff0c\u7f51\u7ad9\u5c06\u5176\u53d1\u9001\u5230\u7528\u6237\u7684\u8bbe\u5907\u4ee5\u8fdb\u884c\u5b58\u50a8\uff0c\u6709\u65f6\u8fd8\u7528\u4e8e\u8ddf\u8e2a\u6709\u5173\u6b63\u5728\u4f7f\u7528\u7684\u8bbe\u5907\u7684\u4fe1\u606f\u3002\u5b83\u4eec\u901a\u5e38\u4e0d\u5141\u8bb8\u8bc6\u522b\u7528\u6237\u7684\u8eab\u4efd\u3002\u4ed6\u4eec\u7684\u4e3b\u8981\u4efb\u52a1\u662f\u66f4\u597d\u5730\u5c06\u7f51\u7ad9\u4e0e\u7528\u6237\u5339\u914d\u3002  <\/li>\n<li>\u7f51\u7ad9\u4e0a\u7684\u67d0\u4e9bcookie\u4ec5\u5728\u7279\u5b9a\u4e92\u8054\u7f51\u4f1a\u8bdd\u671f\u95f4\u53ef\u7528\uff0c\u5e76\u5728\u5173\u95ed\u6d4f\u89c8\u5668\u540e\u8fc7\u671f\u3002\u5176\u4ed6cookie\u7528\u4e8e\u8bb0\u4f4f\u7528\u6237\uff0c\u4ee5\u4fbf\u5f53\u4ed6\u4eec\u8fd4\u56de\u7f51\u7ad9\u65f6\uff0c\u4ed6\u4eec\u53ef\u4ee5\u88ab\u8bc6\u522b\u3002\u7136\u540e\u5b83\u4eec\u4f1a\u88ab\u4fdd\u5b58\u66f4\u957f\u7684\u65f6\u95f4  <\/li>\n<li>\u7f51\u7ad9\u4e0a\u7684\u6240\u6709cookie\u5747\u7531\u6240\u6709\u8005\u8bbe\u7f6e\u3002<\/li>\n<li>\u672c\u7f51\u7ad9\u4f7f\u7528\u7684\u6240\u6709cookie\u5747\u7b26\u5408\u73b0\u884c\u6b27\u76df\u6cd5\u5f8b\u3002<\/li>\n<li>\u5927\u591a\u6570\u7528\u6237\u548c\u4e00\u4e9b\u79fb\u52a8\u6d4f\u89c8\u5668\u4f1a\u81ea\u52a8\u63a5\u53d7cookie\u3002\u5982\u679c\u60a8\u4fdd\u7559\u8fd9\u4e9b\u8bbe\u7f6e\u4e0d\u53d8\uff0ccookie\u5c06\u5b58\u50a8\u5728\u60a8\u7684\u8bbe\u5907\u4e0a\u3002 <\/li>\n<li>\u7528\u6237\u53ef\u4ee5\u66f4\u6539\u4ed6\/\u5979\u5173\u4e8e\u63a5\u53d7cookie\u7684\u504f\u597d\u6216\u66f4\u6539\u4ed6\/\u5979\u7684\u6d4f\u89c8\u5668\uff0c\u4ee5\u4fbf\u4ed6\/\u5979\u6bcf\u6b21\u8bbe\u7f6ecookie\u529f\u80fd\u65f6\u90fd\u53ef\u4ee5\u6536\u5230\u9002\u5f53\u7684\u901a\u77e5\u3002\u8c03\u6574\u60a8\u7684\u6d4f\u89c8\u5668\u8bbe\u7f6e\uff0c\u53ef\u4ee5\u66f4\u6539\u60a8\u7684cookie\u63a5\u53d7\u8bbe\u7f6e\u3002 <\/li>\n<li>\u503c\u5f97\u6ce8\u610f\u7684\u662f\uff0c\u963b\u6b62\u6216\u5220\u9664cookie\u53ef\u80fd\u4f1a\u963b\u6b62\u60a8\u5145\u5206\u5229\u7528\u8be5\u7f51\u7ad9\u3002<\/li>\n<li>Cookie\u5c06\u7528\u4e8e\u57fa\u672c\u7684\u4f1a\u8bdd\u7ba1\u7406\uff0c\u5305\u62ec\uff1a<\/li>\n<\/ol>\n<p>a. \u4e3a\u7f51\u7ad9\u7528\u6237\u521b\u5efa\u4e00\u4e2a\u7279\u6b8a\u7684\u767b\u5f55\u4f1a\u8bdd\uff0c\u4ee5\u4fbf\u7f51\u7ad9\u8bb0\u4f4f\u7528\u6237\u5df2\u767b\u5f55\uff0c\u5e76\u4ee5\u9ad8\u6548\u3001\u5b89\u5168\u548c\u4e00\u81f4\u7684\u65b9\u5f0f\u4f20\u9012\u4ed6\u4eec\u7684\u8bf7\u6c42\uff1b <\/p>\n<p>b.&nbsp;\u8bc6\u522b\u4ee5\u524d\u8bbf\u95ee\u8fc7\u8be5\u7f51\u7ad9\u7684\u7528\u6237\uff0c\u8fd9\u4f7f\u6211\u4eec\u80fd\u591f\u8bc6\u522b\u4f7f\u7528\u8fc7\u8be5\u7f51\u7ad9\u7684\u552f\u4e00\u7528\u6237\u7684\u6570\u91cf\uff0c\u4ece\u800c\u786e\u4fdd\u8be5\u7f51\u7ad9\u6709\u8db3\u591f\u7684\u5bb9\u91cf\u5bb9\u7eb3\u65b0\u7528\u6237\uff1b <\/p>\n<p>c. \u8bc6\u522b\u8bbf\u95ee\u8005\u662f\u5426\u5df2\u5728\u7f51\u7ad9\u4e0a\u6ce8\u518c\uff1b <\/p>\n<p>d. \u8bb0\u5f55\u6765\u81ea\u7528\u6237\u8bbe\u5907\u7684\u4fe1\u606f\uff0c\u5305\u62ec\uff1acookie\u3001IP \u5730\u5740\u548c\u6709\u5173\u6240\u4f7f\u7528\u6d4f\u89c8\u5668\u7684\u4fe1\u606f\uff0c\u4ee5\u4fbf\u80fd\u591f\u8bca\u65ad\u95ee\u9898\u3001\u7ba1\u7406\u548c\u8ddf\u8e2a\u7f51\u7ad9\u7684\u4f7f\u7528\u60c5\u51b5\uff1b <\/p>\n<p>e. \u5b9a\u5236\u7f51\u7ad9\u5e03\u5c40\u6216\u5185\u5bb9\u7684\u5143\u7d20\uff1b <\/p>\n<p>f. \u6536\u96c6\u6709\u5173\u7528\u6237\u5982\u4f55\u4f7f\u7528\u7f51\u7ad9\u7684\u7edf\u8ba1\u4fe1\u606f\uff0c\u4ee5\u6539\u8fdb\u7f51\u7ad9\u5e76\u786e\u5b9a\u7f51\u7ad9\u7684\u54ea\u4e9b\u533a\u57df\u6700\u53d7\u7528\u6237\u6b22\u8fce\u3002 <\/p>\n<p>&nbsp;<br \/>\n&nbsp;<br \/>\n&nbsp;<\/p>\n<p><strong>V. \u5916\u90e8\u94fe\u63a5<\/strong><br \/>\n&nbsp;<\/p>\n<ol>\n<li>\u672c\u7f51\u7ad9\u4e0a\u627e\u5230\u7684\u5176\u4ed6\u7f51\u7ad9\u7684\u94fe\u63a5\u4ec5\u4f9b\u53c2\u8003<\/li>\n<li>\u7f51\u7ad9\u6240\u6709\u8005\u5bf9\u5176\u4ed6\u7f51\u7ad9\u4e0a\u7684\u5185\u5bb9\u6216\u56e0\u4f7f\u7528\u8fd9\u4e9b\u5185\u5bb9\u800c\u9020\u6210\u7684\u4efb\u4f55\u635f\u5bb3\u4e0d\u627f\u62c5\u4efb\u4f55\u8d23\u4efb\u3002<\/li>\n<\/ol>\n<p>&nbsp;<br \/>\n&nbsp;<br \/>\n&nbsp;<br \/>\n<strong>VI. \u5c0a\u91cd\u77e5\u8bc6\u4ea7\u6743 <\/strong><\/p>\n<ol>\n<li>\u672c\u7f51\u7ad9\u53ca\u5176\u5185\u5bb9\u53ef\u80fd\u53d7\u7248\u6743\u3001\u5546\u6807\u6743\u548c\u5176\u4ed6\u4e0e\u77e5\u8bc6\u4ea7\u6743\u4fdd\u62a4\u76f8\u5173\u7684\u6cd5\u89c4\u7684\u4fdd\u62a4\u3002<\/li>\n<li>\u7f51\u7ad9\u4e0a\u51fa\u73b0\u7684\u6240\u6709\u8005\u7684\u6807\u5fd7\u3001\u5fbd\u6807\u548c\u5176\u4ed6\u4e2a\u6027\u5316\u6807\u5fd7\uff08\u7edf\u79f0\u4e3a\u201c\u6807\u5fd7\u201d\uff09\u662f\u6240\u6709\u8005\u7684\u5546\u6807\u3002<\/li>\n<\/ol>\n<p>\u9664\u5355\u72ec\u3001\u4e2a\u522b\u3001\u4e66\u9762\u6388\u6743\u5916\uff0c\u7528\u6237\u4e0d\u5f97\u5355\u72ec\u6216\u4e0e\u5176\u4ed6\u53e3\u5934\u6216\u56fe\u5f62\u5143\u7d20\u7ed3\u5408\u4f7f\u7528\u5c5e\u4e8e\u6240\u6709\u8005\u7684\u6807\u5fd7\uff0c\u7279\u522b\u662f\u5728\u65b0\u95fb\u7a3f\u3001\u5e7f\u544a\u3001\u4fc3\u9500\u6750\u6599\u3001\u8425\u9500\u3001\u5a92\u4f53\u3001\u4e66\u9762\u6750\u6599\u6216\u53e3\u5934\u6750\u6599\u4e2d\u4ee5\u7535\u5b50\u5f62\u5f0f\u3001\u89c6\u89c9\u5f62\u5f0f\u6216\u4efb\u4f55\u5176\u4ed6\u5f62\u5f0f\u4f7f\u7528\u3002<\/p>\n<p>&nbsp;<br \/>\n&nbsp;<br \/>\n&nbsp;<br \/>\n<strong>VII. \u7528\u6237\u6570\u636e\u4fdd\u62a4 <\/strong><\/p>\n<p>&nbsp;<\/p>\n<p>\u6240\u6709\u8005\u5145\u5206\u5c0a\u91cd\u7528\u6237\u7684\u9690\u79c1\u3002\u6709\u5173\u5982\u4f55\u6536\u96c6\u548c\u5904\u7406\u7528\u6237\u4e2a\u4eba\u6570\u636e\u6216\u5176\u4ed6\u4fe1\u606f\u4ee5\u53ca\u6240\u6709\u8005\u53ef\u4ee5\u62ab\u9732\u8fd9\u4e9b\u4fe1\u606f\u7684\u8be6\u7ec6\u4fe1\u606f\uff0c\u8bf7\u53c2\u9605\u9690\u79c1\u653f\u7b56\u90e8\u5206 . <\/p>\n<p>&nbsp;<br \/>\n&nbsp;<br \/>\n&nbsp;<\/p>\n<p><strong>VIII. \u8d23\u4efb\u9650\u5236 <\/strong><br \/>\n&nbsp;<\/p>\n<ol>\n<li>\u8be5\u7f51\u7ad9\u5305\u542b\u4e00\u822c\u4fe1\u606f\u3002\u5b83\u65e0\u610f\u4e8e\u63d0\u4f9b\u4efb\u4f55\u4e13\u4e1a\u54a8\u8be2\u670d\u52a1\u3002 <\/li>\n<li>\u672c\u7f51\u7ad9\u4e0d\u5bf9\u5176\u5185\u5bb9\u63d0\u4f9b\u4efb\u4f55\u4fdd\u8bc1\uff0c\u7279\u522b\u662f\u5b89\u5168\u6027\u3001\u51c6\u786e\u6027\u3001\u4e0d\u5b58\u5728\u75c5\u6bd2\u6216\u6076\u610f\u4ee3\u7801\u3001\u6b63\u5e38\u8fd0\u884c\u6216\u8d28\u91cf\u3002<\/li>\n<li>\u672c\u7f51\u7ad9\u4e0d\u63d0\u4f9b\u4efb\u4f55\u660e\u793a\u6216\u6697\u793a\u7684\u4fdd\u8bc1\uff0c\u5305\u62ec\u4f46\u4e0d\u9650\u4e8e\u9002\u9500\u6027\u6216\u7279\u5b9a\u7528\u9014\u7684\u9002\u7528\u6027\u3001\u4e0d\u4fb5\u72af\u7248\u6743\u3001\u9002\u5e94\u6027\u3001\u5b89\u5168\u6027\u6216\u4fe1\u606f\u51c6\u786e\u6027\u3002<\/li>\n<li>\u7528\u6237\u81ea\u884c\u627f\u62c5\u4f7f\u7528\u672c\u7f51\u7ad9\u7684\u98ce\u9669\uff0c\u5e76\u5bf9\u4e0e\u5176\u4f7f\u7528\u76f8\u5173\u6216\u56e0\u4f7f\u7528\u672c\u7f51\u7ad9\u800c\u4ea7\u751f\u7684\u4efb\u4f55\u635f\u5bb3\u627f\u62c5\u5168\u90e8\u8d23\u4efb\uff0c\u5305\u62ec\u76f4\u63a5\u3001\u95f4\u63a5\u3001\u7ee7\u53d1\u3001\u9644\u5e26\u3001\u9053\u5fb7\u6216\u56e0\u5408\u540c\u6216\u4fb5\u6743\u8d23\u4efb\u3001\u758f\u5ffd\u800c\u4ea7\u751f\u7684\u5176\u4ed6\u635f\u5bb3\uff0c\u5305\u62ec\u4f46\u4e0d\u9650\u4e8e\uff1a\u6570\u636e\u6216\u670d\u52a1\u4e22\u5931\u3002 <\/li>\n<li>\u672c\u7f51\u7ad9\u5bf9\u5176\u7f51\u7ad9\u4e0a\u63d0\u4f9b\u7684\u94fe\u63a5\u4e0d\u627f\u62c5\u4efb\u4f55\u8d23\u4efb\uff0c\u7279\u522b\u662f\u5f53\u8fd9\u4e9b\u94fe\u63a5\u6307\u5411\u7b2c\u4e09\u65b9\u7ef4\u62a4\u7684\u7f51\u7ad9\u3001\u8d44\u6e90\u6216\u5de5\u5177\u65f6\u3002<\/li>\n<li>\u5982\u679c\u7f51\u7ad9\u56e0\u4efb\u4f55\u539f\u56e0\u6682\u65f6\u6216\u6c38\u4e45\u65e0\u6cd5\u4f7f\u7528\uff0c\u6240\u6709\u8005\u4e0d\u627f\u62c5\u4efb\u4f55\u8d23\u4efb\u3002<\/li>\n<li>\u6240\u6709\u8005\u5bf9\u7f51\u7ad9\u4e0a\u63d0\u4f9b\u7684\u4fe1\u606f\u4e0d\u627f\u62c5\u4efb\u4f55\u8d23\u4efb\u3002<\/li>\n<li>\u5c3d\u7ba1\u6240\u6709\u8005\u5c3d\u6700\u5927\u52aa\u529b\u786e\u4fdd\u7f51\u7ad9\u7684\u51c6\u786e\u6027\u548c\u53ca\u65f6\u6027\uff0c\u4f46\u4ecd\u53ef\u80fd\u4f1a\u51fa\u73b0\u65e0\u610f\u7684\u9519\u8bef\u3002\u7528\u6237\u5e94\u5728\u53d1\u73b0\u4efb\u4f55\u6b64\u7c7b\u9519\u8bef\u540e\u5411\u6240\u6709\u8005\u62a5\u544a\u3002<\/li>\n<li>\u4e0a\u8ff0\u6240\u6709\u8d23\u4efb\u6392\u9664\u548c\u9650\u5236\u5728\u6cd5\u5f8b\u5141\u8bb8\u7684\u6700\u5927\u8303\u56f4\u5185\u9002\u7528\uff0c\u6db5\u76d6\u6240\u6709\u7c7b\u578b\u7684\u8d23\u4efb\uff0c\u5305\u62ec\u4f46\u4e0d\u9650\u4e8e\uff1a\u5408\u540c\u8d23\u4efb\u3001\u4fb5\u6743\u8d23\u4efb\u4ee5\u53ca\u6ce2\u5170\u6216\u5916\u56fd\u6cd5\u5f8b\u89c4\u5b9a\u7684\u4efb\u4f55\u5176\u4ed6\u8d23\u4efb\u3002 <\/li>\n<\/ol>\n<p>&nbsp;<br \/>\n&nbsp;<br \/>\n&nbsp;<br \/>\n<strong>VIII. \u4e0e\u5df2\u7b7e\u8ba2\u5408\u540c\u7684\u5173\u7cfb <\/strong><br \/>\n&nbsp;<\/p>\n<p>\u5982\u679c\u6ca1\u6709\u5176\u4ed6\u89c4\u5b9a\uff0c\u4e00\u822c\u6761\u6b3e\u6784\u6210\u7528\u6237\u548c\u6240\u6709\u8005\u4e4b\u95f4\u5173\u4e8e\u4f7f\u7528\u7f51\u7ad9\u3001\u5728\u5176\u4e2d\u5305\u542b\u7684\u5185\u5bb9\u8303\u56f4\u5185\u7684\u5168\u9762\u4e14\u8be6\u5c3d\u7684\u534f\u8bae\uff0c\u5e76\u53d6\u4ee3\u4e0e\u8be5\u4e3b\u9898\u76f8\u5173\u7684\u4efb\u4f55\u5176\u4ed6\u534f\u8bae\u3001\u8c05\u89e3\u6216\u5408\u540c\u8fd9\u4e9b\u4e00\u822c\u6761\u6b3e\u7684\u4e8b\u9879\uff08\u5185\u5bb9\uff09\u3002<br \/>\n&nbsp;<br \/>\n&nbsp;<br \/>\n&nbsp;<\/p>\n<p><strong>X. \u7f51\u7ad9\u6761\u4ef6\u7684\u53d8\u66f4 <\/strong><br \/>\n&nbsp;<\/p>\n<p>1. \u7f51\u7ad9\u6240\u6709\u8005\u4fdd\u7559\u968f\u65f6\u4fee\u6539\u8fd9\u4e9b\u4e00\u822c\u6761\u6b3e\u548c\u6761\u4ef6\u7684\u6743\u5229\uff0c\u5e76\u5728\u7f51\u7ad9\u7684\u6761\u6b3e\u548c\u6761\u4ef6\u9875\u9762\u4e0a\u53d1\u5e03\u66f4\u65b0\u7248\u672c\u3002 \u9664\u975e\u4fee\u6539\u540e\u7684\u4e00\u822c\u6761\u6b3e\u548c\u6761\u4ef6\u4e2d\u53e6\u6709\u8bf4\u660e\uff0c\u8fd9\u4e9b\u66f4\u6539\u81ea\u53d1\u5e03\u4e4b\u65e5\u8d77\u5bf9\u7528\u6237\u751f\u6548\u3002<\/p>\n<p>&nbsp;<br \/>\n&nbsp;<br \/>\n&nbsp;<\/p>\n<p><strong>XI. \u4e89\u7aef\u89e3\u51b3<\/strong><br \/>\n&nbsp;<\/p>\n<p>1. \u53cc\u65b9\u4e4b\u95f4\u53ef\u80fd\u51fa\u73b0\u7684\u4efb\u4f55\u4e89\u8bae\u5e94\u9996\u5148\u901a\u8fc7\u53cb\u597d\u534f\u5546\u5e76\u5728\u9002\u5f53\u7684\u4ef2\u88c1\u6cd5\u9662\u8fdb\u884c\u4ef2\u88c1\u7a0b\u5e8f\u89e3\u51b3\uff08\u4ef2\u88c1\u6761\u6b3e\uff09\u3002<\/p>\n<p>2. \u5982\u679c\u65e0\u6cd5\u53cb\u597d\u89e3\u51b3\u4e89\u8bae\uff0c\u5219\u56e0\u672c\u534f\u8bae\u5f15\u8d77\u7684\u4efb\u4f55\u4e89\u8bae\u5e94\u7531\u4f4d\u4e8e\u4e1a\u4e3b\u6ce8\u518c\u529e\u4e8b\u5904\u7ba1\u8f96\u8303\u56f4\u5185\u7684\u6cd5\u9662\u89e3\u51b3\u3002<\/p>\n<p>&nbsp;<br \/>\n&nbsp;<br \/>\n&nbsp;<\/p>\n<p><strong>XII. \u6cd5\u5f8b\u57fa\u7840 <\/strong><br \/>\n&nbsp;<\/p>\n<p>1. \u672c\u4e00\u822c\u6761\u6b3e\u672a\u89c4\u5b9a\u7684\u4e8b\u9879\uff0c\u9002\u7528\u7f51\u7ad9\u6240\u6709\u8005\u6ce8\u518c\u529e\u4e8b\u5904\u6240\u5728\u56fd\u7535\u4fe1\u76f8\u5173\u6cd5\u5f8b\u7684\u89c4\u5b9a\u3002<\/p>\n    <\/div>\n  <\/div>\n\n<\/section>","protected":false},"excerpt":{"rendered":"","protected":false},"author":1,"featured_media":0,"parent":0,"menu_order":0,"comment_status":"closed","ping_status":"closed","template":"","meta":{"footnotes":""},"acf":[],"yoast_head":"<!-- This site is optimized with the Yoast SEO plugin v21.3 - https:\/\/yoast.com\/wordpress\/plugins\/seo\/ -->\n<title>\u89c4\u5b9a - EU-Cert - Wspieramy Tw\u00f3j Sukces Zgodno\u015bci\u0105<\/title>\n<meta name=\"robots\" content=\"index, follow, max-snippet:-1, max-image-preview:large, max-video-preview:-1\" \/>\n<link rel=\"canonical\" href=\"https:\/\/eucert.pl\/zh-hans\/\u89c4\u5b9a\/\" \/>\n<meta property=\"og:locale\" content=\"zh_CN\" \/>\n<meta property=\"og:type\" content=\"article\" \/>\n<meta property=\"og:title\" content=\"\u89c4\u5b9a - EU-Cert - Wspieramy Tw\u00f3j Sukces Zgodno\u015bci\u0105\" \/>\n<meta property=\"og:url\" content=\"https:\/\/eucert.pl\/zh-hans\/\u89c4\u5b9a\/\" \/>\n<meta property=\"og:site_name\" content=\"EU-Cert - Wspieramy Tw\u00f3j Sukces Zgodno\u015bci\u0105\" \/>\n<meta property=\"article:modified_time\" content=\"2023-11-29T10:56:08+00:00\" \/>\n<meta name=\"twitter:card\" content=\"summary_large_image\" \/>\n<script type=\"application\/ld+json\" class=\"yoast-schema-graph\">{\"@context\":\"https:\/\/schema.org\",\"@graph\":[{\"@type\":\"WebPage\",\"@id\":\"https:\/\/eucert.pl\/zh-hans\/%e8%a7%84%e5%ae%9a\/\",\"url\":\"https:\/\/eucert.pl\/zh-hans\/%e8%a7%84%e5%ae%9a\/\",\"name\":\"\u89c4\u5b9a - EU-Cert - Wspieramy Tw\u00f3j Sukces Zgodno\u015bci\u0105\",\"isPartOf\":{\"@id\":\"https:\/\/eucert.pl\/#website\"},\"datePublished\":\"2023-10-06T14:10:47+00:00\",\"dateModified\":\"2023-11-29T10:56:08+00:00\",\"breadcrumb\":{\"@id\":\"https:\/\/eucert.pl\/zh-hans\/%e8%a7%84%e5%ae%9a\/#breadcrumb\"},\"inLanguage\":\"zh-CN\",\"potentialAction\":[{\"@type\":\"ReadAction\",\"target\":[\"https:\/\/eucert.pl\/zh-hans\/%e8%a7%84%e5%ae%9a\/\"]}]},{\"@type\":\"BreadcrumbList\",\"@id\":\"https:\/\/eucert.pl\/zh-hans\/%e8%a7%84%e5%ae%9a\/#breadcrumb\",\"itemListElement\":[{\"@type\":\"ListItem\",\"position\":1,\"name\":\"Strona g\u0142\u00f3wna\",\"item\":\"https:\/\/eucert.pl\/zh-hans\/\"},{\"@type\":\"ListItem\",\"position\":2,\"name\":\"\u89c4\u5b9a\"}]},{\"@type\":\"WebSite\",\"@id\":\"https:\/\/eucert.pl\/#website\",\"url\":\"https:\/\/eucert.pl\/\",\"name\":\"EU-Cert - Wspieramy Tw\u00f3j Sukces Zgodno\u015bci\u0105\",\"description\":\"\",\"potentialAction\":[{\"@type\":\"SearchAction\",\"target\":{\"@type\":\"EntryPoint\",\"urlTemplate\":\"https:\/\/eucert.pl\/?s={search_term_string}\"},\"query-input\":\"required name=search_term_string\"}],\"inLanguage\":\"zh-CN\"}]}<\/script>\n<!-- \/ Yoast SEO plugin. -->","yoast_head_json":{"title":"\u89c4\u5b9a - EU-Cert - Wspieramy Tw\u00f3j Sukces Zgodno\u015bci\u0105","robots":{"index":"index","follow":"follow","max-snippet":"max-snippet:-1","max-image-preview":"max-image-preview:large","max-video-preview":"max-video-preview:-1"},"canonical":"https:\/\/eucert.pl\/zh-hans\/\u89c4\u5b9a\/","og_locale":"zh_CN","og_type":"article","og_title":"\u89c4\u5b9a - EU-Cert - Wspieramy Tw\u00f3j Sukces Zgodno\u015bci\u0105","og_url":"https:\/\/eucert.pl\/zh-hans\/\u89c4\u5b9a\/","og_site_name":"EU-Cert - Wspieramy Tw\u00f3j Sukces Zgodno\u015bci\u0105","article_modified_time":"2023-11-29T10:56:08+00:00","twitter_card":"summary_large_image","schema":{"@context":"https:\/\/schema.org","@graph":[{"@type":"WebPage","@id":"https:\/\/eucert.pl\/zh-hans\/%e8%a7%84%e5%ae%9a\/","url":"https:\/\/eucert.pl\/zh-hans\/%e8%a7%84%e5%ae%9a\/","name":"\u89c4\u5b9a - EU-Cert - Wspieramy Tw\u00f3j Sukces Zgodno\u015bci\u0105","isPartOf":{"@id":"https:\/\/eucert.pl\/#website"},"datePublished":"2023-10-06T14:10:47+00:00","dateModified":"2023-11-29T10:56:08+00:00","breadcrumb":{"@id":"https:\/\/eucert.pl\/zh-hans\/%e8%a7%84%e5%ae%9a\/#breadcrumb"},"inLanguage":"zh-CN","potentialAction":[{"@type":"ReadAction","target":["https:\/\/eucert.pl\/zh-hans\/%e8%a7%84%e5%ae%9a\/"]}]},{"@type":"BreadcrumbList","@id":"https:\/\/eucert.pl\/zh-hans\/%e8%a7%84%e5%ae%9a\/#breadcrumb","itemListElement":[{"@type":"ListItem","position":1,"name":"Strona g\u0142\u00f3wna","item":"https:\/\/eucert.pl\/zh-hans\/"},{"@type":"ListItem","position":2,"name":"\u89c4\u5b9a"}]},{"@type":"WebSite","@id":"https:\/\/eucert.pl\/#website","url":"https:\/\/eucert.pl\/","name":"EU-Cert - Wspieramy Tw\u00f3j Sukces Zgodno\u015bci\u0105","description":"","potentialAction":[{"@type":"SearchAction","target":{"@type":"EntryPoint","urlTemplate":"https:\/\/eucert.pl\/?s={search_term_string}"},"query-input":"required name=search_term_string"}],"inLanguage":"zh-CN"}]}},"_links":{"self":[{"href":"https:\/\/eucert.pl\/zh-hans\/wp-json\/wp\/v2\/pages\/3180"}],"collection":[{"href":"https:\/\/eucert.pl\/zh-hans\/wp-json\/wp\/v2\/pages"}],"about":[{"href":"https:\/\/eucert.pl\/zh-hans\/wp-json\/wp\/v2\/types\/page"}],"author":[{"embeddable":true,"href":"https:\/\/eucert.pl\/zh-hans\/wp-json\/wp\/v2\/users\/1"}],"replies":[{"embeddable":true,"href":"https:\/\/eucert.pl\/zh-hans\/wp-json\/wp\/v2\/comments?post=3180"}],"version-history":[{"count":3,"href":"https:\/\/eucert.pl\/zh-hans\/wp-json\/wp\/v2\/pages\/3180\/revisions"}],"predecessor-version":[{"id":3183,"href":"https:\/\/eucert.pl\/zh-hans\/wp-json\/wp\/v2\/pages\/3180\/revisions\/3183"}],"wp:attachment":[{"href":"https:\/\/eucert.pl\/zh-hans\/wp-json\/wp\/v2\/media?parent=3180"}],"curies":[{"name":"wp","href":"https:\/\/api.w.org\/{rel}","templated":true}]}}