{"id":3168,"date":"2023-08-08T13:14:54","date_gmt":"2023-08-08T13:14:54","guid":{"rendered":"https:\/\/eucert.pl\/%e7%94%b3%e8%af%b7%e8%a1%a8\/%e6%a0%b9%e6%8d%aeen-15085-2%e7%94%b3%e8%af%b7%e7%84%8a%e6%8e%a5%e5%b7%a5%e8%89%ba%e8%af%84%e4%bc%b0\/"},"modified":"2023-11-15T14:31:25","modified_gmt":"2023-11-15T14:31:25","slug":"%e6%a0%b9%e6%8d%aeen-15085-2%e7%94%b3%e8%af%b7%e7%84%8a%e6%8e%a5%e5%b7%a5%e8%89%ba%e8%af%84%e4%bc%b0","status":"publish","type":"page","link":"https:\/\/eucert.pl\/zh-hans\/%e7%94%b3%e8%af%b7%e8%a1%a8\/%e6%a0%b9%e6%8d%aeen-15085-2%e7%94%b3%e8%af%b7%e7%84%8a%e6%8e%a5%e5%b7%a5%e8%89%ba%e8%af%84%e4%bc%b0\/","title":{"rendered":"\u6839\u636eEN 15085-2\u7533\u8bf7\u710a\u63a5\u5de5\u827a\u8bc4\u4f30"},"content":{"rendered":"","protected":false},"excerpt":{"rendered":"","protected":false},"author":1,"featured_media":0,"parent":3159,"menu_order":0,"comment_status":"closed","ping_status":"closed","template":"pages\/pn-en-15085-2.php","meta":{"footnotes":""},"acf":[],"yoast_head":"<!-- This site is optimized with the Yoast SEO plugin v21.3 - https:\/\/yoast.com\/wordpress\/plugins\/seo\/ -->\n<title>\u6839\u636eEN 15085-2\u7533\u8bf7\u710a\u63a5\u5de5\u827a\u8bc4\u4f30 - EU-Cert - Wspieramy Tw\u00f3j Sukces Zgodno\u015bci\u0105<\/title>\n<meta name=\"robots\" content=\"index, follow, max-snippet:-1, max-image-preview:large, max-video-preview:-1\" \/>\n<link rel=\"canonical\" href=\"https:\/\/eucert.pl\/zh-hans\/\u7533\u8bf7\u8868\/\u6839\u636een-15085-2\u7533\u8bf7\u710a\u63a5\u5de5\u827a\u8bc4\u4f30\/\" \/>\n<meta property=\"og:locale\" content=\"zh_CN\" \/>\n<meta property=\"og:type\" content=\"article\" \/>\n<meta property=\"og:title\" content=\"\u6839\u636eEN 15085-2\u7533\u8bf7\u710a\u63a5\u5de5\u827a\u8bc4\u4f30 - EU-Cert - Wspieramy Tw\u00f3j Sukces Zgodno\u015bci\u0105\" \/>\n<meta property=\"og:url\" content=\"https:\/\/eucert.pl\/zh-hans\/\u7533\u8bf7\u8868\/\u6839\u636een-15085-2\u7533\u8bf7\u710a\u63a5\u5de5\u827a\u8bc4\u4f30\/\" \/>\n<meta property=\"og:site_name\" content=\"EU-Cert - Wspieramy Tw\u00f3j Sukces Zgodno\u015bci\u0105\" \/>\n<meta property=\"article:modified_time\" content=\"2023-11-15T14:31:25+00:00\" \/>\n<meta name=\"twitter:card\" content=\"summary_large_image\" \/>\n<script type=\"application\/ld+json\" class=\"yoast-schema-graph\">{\"@context\":\"https:\/\/schema.org\",\"@graph\":[{\"@type\":\"WebPage\",\"@id\":\"https:\/\/eucert.pl\/zh-hans\/%e7%94%b3%e8%af%b7%e8%a1%a8\/%e6%a0%b9%e6%8d%aeen-15085-2%e7%94%b3%e8%af%b7%e7%84%8a%e6%8e%a5%e5%b7%a5%e8%89%ba%e8%af%84%e4%bc%b0\/\",\"url\":\"https:\/\/eucert.pl\/zh-hans\/%e7%94%b3%e8%af%b7%e8%a1%a8\/%e6%a0%b9%e6%8d%aeen-15085-2%e7%94%b3%e8%af%b7%e7%84%8a%e6%8e%a5%e5%b7%a5%e8%89%ba%e8%af%84%e4%bc%b0\/\",\"name\":\"\u6839\u636eEN 15085-2\u7533\u8bf7\u710a\u63a5\u5de5\u827a\u8bc4\u4f30 - EU-Cert - Wspieramy Tw\u00f3j Sukces Zgodno\u015bci\u0105\",\"isPartOf\":{\"@id\":\"https:\/\/eucert.pl\/#website\"},\"datePublished\":\"2023-08-08T13:14:54+00:00\",\"dateModified\":\"2023-11-15T14:31:25+00:00\",\"breadcrumb\":{\"@id\":\"https:\/\/eucert.pl\/zh-hans\/%e7%94%b3%e8%af%b7%e8%a1%a8\/%e6%a0%b9%e6%8d%aeen-15085-2%e7%94%b3%e8%af%b7%e7%84%8a%e6%8e%a5%e5%b7%a5%e8%89%ba%e8%af%84%e4%bc%b0\/#breadcrumb\"},\"inLanguage\":\"zh-CN\",\"potentialAction\":[{\"@type\":\"ReadAction\",\"target\":[\"https:\/\/eucert.pl\/zh-hans\/%e7%94%b3%e8%af%b7%e8%a1%a8\/%e6%a0%b9%e6%8d%aeen-15085-2%e7%94%b3%e8%af%b7%e7%84%8a%e6%8e%a5%e5%b7%a5%e8%89%ba%e8%af%84%e4%bc%b0\/\"]}]},{\"@type\":\"BreadcrumbList\",\"@id\":\"https:\/\/eucert.pl\/zh-hans\/%e7%94%b3%e8%af%b7%e8%a1%a8\/%e6%a0%b9%e6%8d%aeen-15085-2%e7%94%b3%e8%af%b7%e7%84%8a%e6%8e%a5%e5%b7%a5%e8%89%ba%e8%af%84%e4%bc%b0\/#breadcrumb\",\"itemListElement\":[{\"@type\":\"ListItem\",\"position\":1,\"name\":\"Strona g\u0142\u00f3wna\",\"item\":\"https:\/\/eucert.pl\/zh-hans\/\"},{\"@type\":\"ListItem\",\"position\":2,\"name\":\"\u7533\u8bf7\u8868\",\"item\":\"https:\/\/eucert.pl\/zh-hans\/%e7%94%b3%e8%af%b7%e8%a1%a8\/\"},{\"@type\":\"ListItem\",\"position\":3,\"name\":\"\u6839\u636eEN 15085-2\u7533\u8bf7\u710a\u63a5\u5de5\u827a\u8bc4\u4f30\"}]},{\"@type\":\"WebSite\",\"@id\":\"https:\/\/eucert.pl\/#website\",\"url\":\"https:\/\/eucert.pl\/\",\"name\":\"EU-Cert - Wspieramy Tw\u00f3j Sukces Zgodno\u015bci\u0105\",\"description\":\"\",\"potentialAction\":[{\"@type\":\"SearchAction\",\"target\":{\"@type\":\"EntryPoint\",\"urlTemplate\":\"https:\/\/eucert.pl\/?s={search_term_string}\"},\"query-input\":\"required name=search_term_string\"}],\"inLanguage\":\"zh-CN\"}]}<\/script>\n<!-- \/ Yoast SEO plugin. -->","yoast_head_json":{"title":"\u6839\u636eEN 15085-2\u7533\u8bf7\u710a\u63a5\u5de5\u827a\u8bc4\u4f30 - EU-Cert - Wspieramy Tw\u00f3j Sukces Zgodno\u015bci\u0105","robots":{"index":"index","follow":"follow","max-snippet":"max-snippet:-1","max-image-preview":"max-image-preview:large","max-video-preview":"max-video-preview:-1"},"canonical":"https:\/\/eucert.pl\/zh-hans\/\u7533\u8bf7\u8868\/\u6839\u636een-15085-2\u7533\u8bf7\u710a\u63a5\u5de5\u827a\u8bc4\u4f30\/","og_locale":"zh_CN","og_type":"article","og_title":"\u6839\u636eEN 15085-2\u7533\u8bf7\u710a\u63a5\u5de5\u827a\u8bc4\u4f30 - EU-Cert - Wspieramy Tw\u00f3j Sukces Zgodno\u015bci\u0105","og_url":"https:\/\/eucert.pl\/zh-hans\/\u7533\u8bf7\u8868\/\u6839\u636een-15085-2\u7533\u8bf7\u710a\u63a5\u5de5\u827a\u8bc4\u4f30\/","og_site_name":"EU-Cert - Wspieramy Tw\u00f3j Sukces Zgodno\u015bci\u0105","article_modified_time":"2023-11-15T14:31:25+00:00","twitter_card":"summary_large_image","schema":{"@context":"https:\/\/schema.org","@graph":[{"@type":"WebPage","@id":"https:\/\/eucert.pl\/zh-hans\/%e7%94%b3%e8%af%b7%e8%a1%a8\/%e6%a0%b9%e6%8d%aeen-15085-2%e7%94%b3%e8%af%b7%e7%84%8a%e6%8e%a5%e5%b7%a5%e8%89%ba%e8%af%84%e4%bc%b0\/","url":"https:\/\/eucert.pl\/zh-hans\/%e7%94%b3%e8%af%b7%e8%a1%a8\/%e6%a0%b9%e6%8d%aeen-15085-2%e7%94%b3%e8%af%b7%e7%84%8a%e6%8e%a5%e5%b7%a5%e8%89%ba%e8%af%84%e4%bc%b0\/","name":"\u6839\u636eEN 15085-2\u7533\u8bf7\u710a\u63a5\u5de5\u827a\u8bc4\u4f30 - EU-Cert - Wspieramy Tw\u00f3j Sukces Zgodno\u015bci\u0105","isPartOf":{"@id":"https:\/\/eucert.pl\/#website"},"datePublished":"2023-08-08T13:14:54+00:00","dateModified":"2023-11-15T14:31:25+00:00","breadcrumb":{"@id":"https:\/\/eucert.pl\/zh-hans\/%e7%94%b3%e8%af%b7%e8%a1%a8\/%e6%a0%b9%e6%8d%aeen-15085-2%e7%94%b3%e8%af%b7%e7%84%8a%e6%8e%a5%e5%b7%a5%e8%89%ba%e8%af%84%e4%bc%b0\/#breadcrumb"},"inLanguage":"zh-CN","potentialAction":[{"@type":"ReadAction","target":["https:\/\/eucert.pl\/zh-hans\/%e7%94%b3%e8%af%b7%e8%a1%a8\/%e6%a0%b9%e6%8d%aeen-15085-2%e7%94%b3%e8%af%b7%e7%84%8a%e6%8e%a5%e5%b7%a5%e8%89%ba%e8%af%84%e4%bc%b0\/"]}]},{"@type":"BreadcrumbList","@id":"https:\/\/eucert.pl\/zh-hans\/%e7%94%b3%e8%af%b7%e8%a1%a8\/%e6%a0%b9%e6%8d%aeen-15085-2%e7%94%b3%e8%af%b7%e7%84%8a%e6%8e%a5%e5%b7%a5%e8%89%ba%e8%af%84%e4%bc%b0\/#breadcrumb","itemListElement":[{"@type":"ListItem","position":1,"name":"Strona g\u0142\u00f3wna","item":"https:\/\/eucert.pl\/zh-hans\/"},{"@type":"ListItem","position":2,"name":"\u7533\u8bf7\u8868","item":"https:\/\/eucert.pl\/zh-hans\/%e7%94%b3%e8%af%b7%e8%a1%a8\/"},{"@type":"ListItem","position":3,"name":"\u6839\u636eEN 15085-2\u7533\u8bf7\u710a\u63a5\u5de5\u827a\u8bc4\u4f30"}]},{"@type":"WebSite","@id":"https:\/\/eucert.pl\/#website","url":"https:\/\/eucert.pl\/","name":"EU-Cert - Wspieramy Tw\u00f3j Sukces Zgodno\u015bci\u0105","description":"","potentialAction":[{"@type":"SearchAction","target":{"@type":"EntryPoint","urlTemplate":"https:\/\/eucert.pl\/?s={search_term_string}"},"query-input":"required name=search_term_string"}],"inLanguage":"zh-CN"}]}},"_links":{"self":[{"href":"https:\/\/eucert.pl\/zh-hans\/wp-json\/wp\/v2\/pages\/3168"}],"collection":[{"href":"https:\/\/eucert.pl\/zh-hans\/wp-json\/wp\/v2\/pages"}],"about":[{"href":"https:\/\/eucert.pl\/zh-hans\/wp-json\/wp\/v2\/types\/page"}],"author":[{"embeddable":true,"href":"https:\/\/eucert.pl\/zh-hans\/wp-json\/wp\/v2\/users\/1"}],"replies":[{"embeddable":true,"href":"https:\/\/eucert.pl\/zh-hans\/wp-json\/wp\/v2\/comments?post=3168"}],"version-history":[{"count":1,"href":"https:\/\/eucert.pl\/zh-hans\/wp-json\/wp\/v2\/pages\/3168\/revisions"}],"predecessor-version":[{"id":3169,"href":"https:\/\/eucert.pl\/zh-hans\/wp-json\/wp\/v2\/pages\/3168\/revisions\/3169"}],"up":[{"embeddable":true,"href":"https:\/\/eucert.pl\/zh-hans\/wp-json\/wp\/v2\/pages\/3159"}],"wp:attachment":[{"href":"https:\/\/eucert.pl\/zh-hans\/wp-json\/wp\/v2\/media?parent=3168"}],"curies":[{"name":"wp","href":"https:\/\/api.w.org\/{rel}","templated":true}]}}