{"id":3159,"date":"2023-08-01T06:34:51","date_gmt":"2023-08-01T06:34:51","guid":{"rendered":"https:\/\/eucert.pl\/%e7%94%b3%e8%af%b7%e8%a1%a8\/"},"modified":"2025-06-05T06:15:20","modified_gmt":"2025-06-05T06:15:20","slug":"%e7%94%b3%e8%af%b7%e8%a1%a8","status":"publish","type":"page","link":"https:\/\/eucert.pl\/zh-hans\/%e7%94%b3%e8%af%b7%e8%a1%a8\/","title":{"rendered":"\u7533\u8bf7\u8868"},"content":{"rendered":"<section id=\"\" class=\"applications acf-block acf-block-id-block_4c24c30d7bb4aaa368126a4a70dc08b9 \">\n\n  <div class=\"container\">\n\n      <div class=\"applications__text\">\n\n        <h1 class=\"title title--medium title--1 title--primary500\"><strong>EU-Cert<\/strong> \u7533\u8bf7\u8868<\/h1>\n        <p class=\"text text--xl text--light\">\u5728\u6b64\u9875\u9762\u4e0a\uff0c\u60a8\u5c06\u627e\u5230\u9488\u5bf9\u6211\u4eec\u516c\u53f8\u63d0\u4f9b\u7684\u5404\u79cd\u670d\u52a1\u91cf\u8eab\u5b9a\u5236\u7684\u9002\u5f53\u7533\u8bf7\u8868\u3002\u586b\u5199\u7533\u8bf7\u8868\u65e2\u7b80\u5355\u53c8\u76f4\u89c2\u3002\u6e05\u695a\u5730\u63cf\u8ff0\u4e86\u6240\u6709\u5fc5\u8981\u7684\u4fe1\u606f\uff0c\u5176\u4e2d\u6807\u6709\u661f\u53f7\u7684\u9879\u76ee\u5fc5\u586b\u3002   <br \/><\/p>\n\n      <\/div>\n\n      <div class=\"applications__content\">\n\n        \n          <div class=\"applications__content__item\">\n            <div class=\"applications__content__item__background\">\n              <img decoding=\"async\" src=\"https:\/\/eucert.pl\/app\/uploads\/2023\/08\/miguel-a-amutio-efc_wvilRs4-unsplash-scaled.jpg\" alt=\"\" srcset=\"\">\n            <\/div>\n\n            <p class=\"text text--xl text--semibold\">PED\u3001MED\u3001PPE \u9879\u76ee\u5408\u683c\u8bc4\u5b9a\u7533\u8bf7<\/p>\n            <div class=\"applications__content__item__buttons\">\n              \n                              <a href=\"https:\/\/eucert.pl\/app\/uploads\/2025\/01\/Form.1_KPW-Application-for-product-EN-20250108_ed.5.dotm\" download class=\"btn__application\">\u4e0b\u8f7d\u7533\u8bf7\u8868<\/a>\n                          <\/div>\n          <\/div>\n\n        \n          <div class=\"applications__content__item\">\n            <div class=\"applications__content__item__background\">\n              <img decoding=\"async\" src=\"https:\/\/eucert.pl\/app\/uploads\/2023\/08\/Property-12.png\" alt=\"\" srcset=\"\">\n            <\/div>\n\n            <p class=\"text text--xl text--semibold\">\u6839\u636eEN 15085-2\u7533\u8bf7\u710a\u63a5\u5de5\u827a\u8bc4\u4f30<br \/><\/p>\n            <div class=\"applications__content__item__buttons\">\n              \n                              <a href=\"https:\/\/eucert.pl\/app\/uploads\/2023\/10\/Form.1_EUCERT-PR-RAIL-Wniosek_20230330-ed.2-gotowy-EN-.doc\" download class=\"btn__application\">\u4e0b\u8f7d\u7533\u8bf7\u8868<\/a>\n                          <\/div>\n          <\/div>\n\n        \n          <div class=\"applications__content__item\">\n            <div class=\"applications__content__item__background\">\n              <img decoding=\"async\" src=\"https:\/\/eucert.pl\/app\/uploads\/2023\/08\/Property-13.jpg\" alt=\"\" srcset=\"\">\n            <\/div>\n\n            <p class=\"text text--xl text--semibold\">\u65e0\u635f\u68c0\u6d4b\u4eba\u5458\u8d44\u683c\u8ba4\u8bc1\u7533\u8bf7<\/p>\n            <div class=\"applications__content__item__buttons\">\n              \n                              <a href=\"https:\/\/eucert.pl\/app\/uploads\/2025\/01\/Form.1_EUCERT-PR-CPS-Wniosek_20250124-ed.3-gotowy-EN-.doc\" download class=\"btn__application\">\u4e0b\u8f7d\u7533\u8bf7\u8868<\/a>\n                          <\/div>\n          <\/div>\n\n        \n          <div class=\"applications__content__item\">\n            <div class=\"applications__content__item__background\">\n              <img decoding=\"async\" src=\"https:\/\/eucert.pl\/app\/uploads\/2023\/08\/Property-14.jpg\" alt=\"\" srcset=\"\">\n            <\/div>\n\n            <p class=\"text text--xl text--semibold\">\u6839\u636eEN ISO 3834\u8bc4\u4f30\u710a\u63a5\u5de5\u827a\u7684\u7533\u8bf7<br \/><\/p>\n            <div class=\"applications__content__item__buttons\">\n              \n                              <a href=\"https:\/\/eucert.pl\/app\/uploads\/2023\/10\/Form.1_EUCERT-PR-WELD-Wniosek_20230330-ed.2-gotowy-EN-.docx\" download class=\"btn__application\">\u4e0b\u8f7d\u7533\u8bf7\u8868<\/a>\n                          <\/div>\n          <\/div>\n\n        \n          <div class=\"applications__content__item\">\n            <div class=\"applications__content__item__background\">\n              <img decoding=\"async\" src=\"https:\/\/eucert.pl\/app\/uploads\/2023\/08\/Property-16.jpg\" alt=\"\" srcset=\"\">\n            <\/div>\n\n            <p class=\"text text--xl text--semibold\">\u7533\u8bf7\u6279\u51c6\u65e0\u635f\u68c0\u6d4b\u64cd\u4f5c\u89c4\u7a0b<br \/><\/p>\n            <div class=\"applications__content__item__buttons\">\n              \n                              <a href=\"https:\/\/eucert.pl\/app\/uploads\/2023\/10\/Form.26_EUCERT_PR_PED-Wniosek-o-zatwierdzanie-procedur-operacyjnych-polaczen-nierozlacznych_20230330_ed.3-gotowy-EN-.docx\" download class=\"btn__application\">\u4e0b\u8f7d\u7533\u8bf7\u8868<\/a>\n                          <\/div>\n          <\/div>\n\n        \n          <div class=\"applications__content__item\">\n            <div class=\"applications__content__item__background\">\n              <img decoding=\"async\" src=\"https:\/\/eucert.pl\/app\/uploads\/2023\/08\/Property-17.jpg\" alt=\"\" srcset=\"\">\n            <\/div>\n\n            <p class=\"text text--xl text--semibold\">\u7ba1\u7406\u4f53\u7cfb\u8ba4\u8bc1\u7533\u8bf7<br \/><\/p>\n            <div class=\"applications__content__item__buttons\">\n              \n                              <a href=\"https:\/\/eucert.pl\/app\/uploads\/2024\/01\/Form.1_QMS-Application-for-certification-EN.dotx\" download class=\"btn__application\">\u4e0b\u8f7d\u7533\u8bf7\u8868<\/a>\n                          <\/div>\n          <\/div>\n\n        \n      <\/div>\n\n  <\/div>\n\n<\/section>\n\n\n<section id=\"\" class=\"cta acf-block acf-block-id-block_1780026babd78e4838535491cf7ad383 \">\n  <div class=\"cta__video\">\n    <video src=\"https:\/\/eucert.pl\/app\/uploads\/2023\/08\/video_compressed.mp4\" autoplay muted loop loading=\"lazy\"><\/video>\n  <\/div>\n  <div class=\"cta__container\">\n\n    <h2 class=\"title title--2 title--regular title--white\">\u4e86\u89e3\u6211\u4eec\u7684\u5168\u90e8\u62a5\u4ef7\uff0c\u7acb\u5373\u5f00\u59cb\u5408\u4f5c\uff01<\/h2>\n\n    \n      <a href=\"https:\/\/eucert.pl\/zh-hans\/oferta\/\" target=\"\" class=\"btn btn--white btn--l\">\u8df3\u8f6c\u5230\u62a5\u4ef7\uff08\u6309\u94ae\uff09<\/a>\n\n    \n  <\/div>\n<\/section>","protected":false},"excerpt":{"rendered":"","protected":false},"author":1,"featured_media":0,"parent":0,"menu_order":0,"comment_status":"closed","ping_status":"closed","template":"","meta":{"footnotes":""},"acf":[],"yoast_head":"<!-- This site is optimized with the Yoast SEO plugin v21.3 - https:\/\/yoast.com\/wordpress\/plugins\/seo\/ -->\n<title>\u7533\u8bf7\u8868 - EU-Cert - Wspieramy Tw\u00f3j Sukces Zgodno\u015bci\u0105<\/title>\n<meta name=\"robots\" content=\"index, follow, max-snippet:-1, max-image-preview:large, max-video-preview:-1\" \/>\n<link rel=\"canonical\" href=\"https:\/\/eucert.pl\/zh-hans\/\u7533\u8bf7\u8868\/\" \/>\n<meta property=\"og:locale\" content=\"zh_CN\" \/>\n<meta property=\"og:type\" content=\"article\" \/>\n<meta property=\"og:title\" content=\"\u7533\u8bf7\u8868 - EU-Cert - Wspieramy Tw\u00f3j Sukces Zgodno\u015bci\u0105\" \/>\n<meta property=\"og:url\" content=\"https:\/\/eucert.pl\/zh-hans\/\u7533\u8bf7\u8868\/\" \/>\n<meta property=\"og:site_name\" content=\"EU-Cert - Wspieramy Tw\u00f3j Sukces Zgodno\u015bci\u0105\" \/>\n<meta property=\"article:modified_time\" content=\"2025-06-05T06:15:20+00:00\" \/>\n<meta name=\"twitter:card\" content=\"summary_large_image\" \/>\n<script type=\"application\/ld+json\" class=\"yoast-schema-graph\">{\"@context\":\"https:\/\/schema.org\",\"@graph\":[{\"@type\":\"WebPage\",\"@id\":\"https:\/\/eucert.pl\/zh-hans\/%e7%94%b3%e8%af%b7%e8%a1%a8\/\",\"url\":\"https:\/\/eucert.pl\/zh-hans\/%e7%94%b3%e8%af%b7%e8%a1%a8\/\",\"name\":\"\u7533\u8bf7\u8868 - EU-Cert - Wspieramy Tw\u00f3j Sukces Zgodno\u015bci\u0105\",\"isPartOf\":{\"@id\":\"https:\/\/eucert.pl\/#website\"},\"datePublished\":\"2023-08-01T06:34:51+00:00\",\"dateModified\":\"2025-06-05T06:15:20+00:00\",\"breadcrumb\":{\"@id\":\"https:\/\/eucert.pl\/zh-hans\/%e7%94%b3%e8%af%b7%e8%a1%a8\/#breadcrumb\"},\"inLanguage\":\"zh-CN\",\"potentialAction\":[{\"@type\":\"ReadAction\",\"target\":[\"https:\/\/eucert.pl\/zh-hans\/%e7%94%b3%e8%af%b7%e8%a1%a8\/\"]}]},{\"@type\":\"BreadcrumbList\",\"@id\":\"https:\/\/eucert.pl\/zh-hans\/%e7%94%b3%e8%af%b7%e8%a1%a8\/#breadcrumb\",\"itemListElement\":[{\"@type\":\"ListItem\",\"position\":1,\"name\":\"Strona g\u0142\u00f3wna\",\"item\":\"https:\/\/eucert.pl\/zh-hans\/\"},{\"@type\":\"ListItem\",\"position\":2,\"name\":\"\u7533\u8bf7\u8868\"}]},{\"@type\":\"WebSite\",\"@id\":\"https:\/\/eucert.pl\/#website\",\"url\":\"https:\/\/eucert.pl\/\",\"name\":\"EU-Cert - Wspieramy Tw\u00f3j Sukces Zgodno\u015bci\u0105\",\"description\":\"\",\"potentialAction\":[{\"@type\":\"SearchAction\",\"target\":{\"@type\":\"EntryPoint\",\"urlTemplate\":\"https:\/\/eucert.pl\/?s={search_term_string}\"},\"query-input\":\"required name=search_term_string\"}],\"inLanguage\":\"zh-CN\"}]}<\/script>\n<!-- \/ Yoast SEO plugin. -->","yoast_head_json":{"title":"\u7533\u8bf7\u8868 - EU-Cert - Wspieramy Tw\u00f3j Sukces Zgodno\u015bci\u0105","robots":{"index":"index","follow":"follow","max-snippet":"max-snippet:-1","max-image-preview":"max-image-preview:large","max-video-preview":"max-video-preview:-1"},"canonical":"https:\/\/eucert.pl\/zh-hans\/\u7533\u8bf7\u8868\/","og_locale":"zh_CN","og_type":"article","og_title":"\u7533\u8bf7\u8868 - EU-Cert - Wspieramy Tw\u00f3j Sukces Zgodno\u015bci\u0105","og_url":"https:\/\/eucert.pl\/zh-hans\/\u7533\u8bf7\u8868\/","og_site_name":"EU-Cert - Wspieramy Tw\u00f3j Sukces Zgodno\u015bci\u0105","article_modified_time":"2025-06-05T06:15:20+00:00","twitter_card":"summary_large_image","schema":{"@context":"https:\/\/schema.org","@graph":[{"@type":"WebPage","@id":"https:\/\/eucert.pl\/zh-hans\/%e7%94%b3%e8%af%b7%e8%a1%a8\/","url":"https:\/\/eucert.pl\/zh-hans\/%e7%94%b3%e8%af%b7%e8%a1%a8\/","name":"\u7533\u8bf7\u8868 - EU-Cert - Wspieramy Tw\u00f3j Sukces Zgodno\u015bci\u0105","isPartOf":{"@id":"https:\/\/eucert.pl\/#website"},"datePublished":"2023-08-01T06:34:51+00:00","dateModified":"2025-06-05T06:15:20+00:00","breadcrumb":{"@id":"https:\/\/eucert.pl\/zh-hans\/%e7%94%b3%e8%af%b7%e8%a1%a8\/#breadcrumb"},"inLanguage":"zh-CN","potentialAction":[{"@type":"ReadAction","target":["https:\/\/eucert.pl\/zh-hans\/%e7%94%b3%e8%af%b7%e8%a1%a8\/"]}]},{"@type":"BreadcrumbList","@id":"https:\/\/eucert.pl\/zh-hans\/%e7%94%b3%e8%af%b7%e8%a1%a8\/#breadcrumb","itemListElement":[{"@type":"ListItem","position":1,"name":"Strona g\u0142\u00f3wna","item":"https:\/\/eucert.pl\/zh-hans\/"},{"@type":"ListItem","position":2,"name":"\u7533\u8bf7\u8868"}]},{"@type":"WebSite","@id":"https:\/\/eucert.pl\/#website","url":"https:\/\/eucert.pl\/","name":"EU-Cert - Wspieramy Tw\u00f3j Sukces Zgodno\u015bci\u0105","description":"","potentialAction":[{"@type":"SearchAction","target":{"@type":"EntryPoint","urlTemplate":"https:\/\/eucert.pl\/?s={search_term_string}"},"query-input":"required name=search_term_string"}],"inLanguage":"zh-CN"}]}},"_links":{"self":[{"href":"https:\/\/eucert.pl\/zh-hans\/wp-json\/wp\/v2\/pages\/3159"}],"collection":[{"href":"https:\/\/eucert.pl\/zh-hans\/wp-json\/wp\/v2\/pages"}],"about":[{"href":"https:\/\/eucert.pl\/zh-hans\/wp-json\/wp\/v2\/types\/page"}],"author":[{"embeddable":true,"href":"https:\/\/eucert.pl\/zh-hans\/wp-json\/wp\/v2\/users\/1"}],"replies":[{"embeddable":true,"href":"https:\/\/eucert.pl\/zh-hans\/wp-json\/wp\/v2\/comments?post=3159"}],"version-history":[{"count":3,"href":"https:\/\/eucert.pl\/zh-hans\/wp-json\/wp\/v2\/pages\/3159\/revisions"}],"predecessor-version":[{"id":4982,"href":"https:\/\/eucert.pl\/zh-hans\/wp-json\/wp\/v2\/pages\/3159\/revisions\/4982"}],"wp:attachment":[{"href":"https:\/\/eucert.pl\/zh-hans\/wp-json\/wp\/v2\/media?parent=3159"}],"curies":[{"name":"wp","href":"https:\/\/api.w.org\/{rel}","templated":true}]}}