{"id":3155,"date":"2023-07-07T07:14:36","date_gmt":"2023-07-07T07:14:36","guid":{"rendered":"https:\/\/eucert.pl\/%e9%9a%90%e7%a7%81%e6%94%bf%e7%ad%96\/"},"modified":"2023-11-15T14:20:42","modified_gmt":"2023-11-15T14:20:42","slug":"%e9%9a%90%e7%a7%81%e6%94%bf%e7%ad%96-2","status":"publish","type":"page","link":"https:\/\/eucert.pl\/zh-hans\/%e9%9a%90%e7%a7%81%e6%94%bf%e7%ad%96-2\/","title":{"rendered":"\u9690\u79c1\u653f\u7b56"},"content":{"rendered":"\n<p><\/p>\n<section id=\"\" class=\"text-block text-block--smaller-heading  acf-block acf-block-id-block_22fd4400abb8e475587512a7ff0574b6 \">\n\n  <div class=\"container\">\n    <h1 class=\"title title--1 title--medium title--primary500\">\u9690\u79c1\u653f\u7b56<\/h1>\n\n    <div class=\"wysiwyg\">\n      <ol>\n<li>\u5bf9\u4e8e\u672c\u7f51\u7ad9\u7684\u6240\u6709\u8005\u6765\u8bf4\uff0c\u4fdd\u62a4\u7528\u6237\u7684\u4e2a\u4eba\u6570\u636e\u81f3\u5173\u91cd\u8981\u3002\u6211\u4eec\u5c3d\u4e00\u5207\u52aa\u529b\u786e\u4fdd\u7528\u6237\u5728\u4f7f\u7528\u7f51\u7ad9\u65f6\u5b89\u5fc3\u5730\u59d4\u6258\u5176\u4e2a\u4eba\u4fe1\u606f <\/li>\n<li>\u7528\u6237\u662f\u6307\u6cd5\u5f8b\u8d4b\u4e88\u5176\u6cd5\u5f8b\u884c\u4e3a\u80fd\u529b\u5e76\u4f7f\u7528\u672c\u7f51\u7ad9\u63d0\u4f9b\u7684\u7535\u5b50\u670d\u52a1\u7684\u81ea\u7136\u4eba\u3001\u6cd5\u4eba\u6216\u4e0d\u5177\u6709\u6cd5\u4eba\u8d44\u683c\u7684\u7ec4\u7ec7\u5355\u4f4d\u3002<\/li>\n<li>\u672c\u9690\u79c1\u653f\u7b56\u89e3\u91ca\u4e86\u5904\u7406\u7528\u6237\u4e2a\u4eba\u6570\u636e\u7684\u539f\u5219\u548c\u8303\u56f4\u3001\u7528\u6237\u7684\u6743\u5229\u4ee5\u53ca\u6570\u636e\u63a7\u5236\u8005\u7684\u8d23\u4efb\uff0c\u5e76\u63d0\u4f9b\u4e86\u6709\u5173 cookie \u4f7f\u7528\u7684\u4fe1\u606f\u3002<\/li>\n<li>\u7ba1\u7406\u5458\u91c7\u7528\u6700\u5148\u8fdb\u7684\u6280\u672f\u624b\u6bb5\u548c\u7ec4\u7ec7\u89e3\u51b3\u65b9\u6848\u6765\u786e\u4fdd\u5bf9\u5904\u7406\u7684\u4e2a\u4eba\u6570\u636e\u8fdb\u884c\u9ad8\u6c34\u5e73\u7684\u4fdd\u62a4\u5e76\u9632\u6b62\u672a\u7ecf\u6388\u6743\u7684\u8bbf\u95ee\u3002\u6839\u636e2016\u5e744\u670827\u65e5\u300a\u901a\u7528\u6570\u636e\u4fdd\u62a4\u6761\u4f8b\u300b\u7b2c\u5341\u4e09\u6761\u7b2c\u4e00\u6b3e\u548c\u7b2c\u4e8c\u6b3e\u89c4\u5b9a\uff0c\u6211\u4eec\u901a\u77e5\u60a8 :<\/li>\n<\/ol>\n<h5><\/h5>\n<p>&nbsp;<\/p>\n<p>&nbsp;<\/p>\n<h5>I. \u4e2a\u4eba\u6570\u636e\u63a7\u5236\u8005<\/h5>\n<p>&nbsp;<\/p>\n<p>\u4e2a\u4eba\u6570\u636e\u7684\u7ba1\u7406\u5458\u662f EU-Cert\uff0c\u5176\u6ce8\u518c\u5730\u5740\u5728\u683c\u4f46\u65af\u514bKarola Szymanowskiego\u885712\/U6\uff0c\u90ae\u7f1680-280\u3002 c. \u5728\u683c\u4f46\u65af\u514b\u5317\u90e8\u5730\u65b9\u6cd5\u9662\u7684\u5546\u4e1a\u767b\u8bb0\u5904\u5373\u56fd\u5bb6\u6cd5\u9662\u767b\u8bb0\u5904\u7b2c\u516b\u7ecf\u6d4e\u5ead\u6ce8\u518c\uff0c\u56fd\u5bb6\u6cd5\u9662\u767b\u8bb0\u53f7KRS\uff1a0000980050\uff0c\u7a0e\u53f7NIP\uff1a5851497842\uff08\u4ee5\u4e0b\u7b80\u79f0\u201c\u6240\u6709\u8005\u201d\uff09\u3002  <\/p>\n<h5><\/h5>\n<h5><\/h5>\n<p>&nbsp;<\/p>\n<p>&nbsp;<\/p>\n<h5>II. \u5904\u7406\u4e2a\u4eba\u6570\u636e\u7684\u76ee\u7684 <\/h5>\n<p>&nbsp;<\/p>\n<ol>\n<li>\u7ba1\u7406\u5458\u6839\u636e\u300a\u7535\u4fe1\u6cd5\u300b\u3001\u300a\u7535\u5b50\u670d\u52a1\u63d0\u4f9b\u6cd5\u300b\u6216\u5176\u4ed6\u76f8\u5173\u6cd5\u89c4\u7684\u89c4\u5b9a\uff0c\u901a\u8fc7\u7535\u5b50\u901a\u4fe1\u65b9\u5f0f\uff08\u7279\u522b\u662f\u7535\u5b50\u90ae\u4ef6\u3001\u7535\u8bdd\u3001\u77ed\u4fe1\u3001\u5f69\u4fe1\uff09\u63d0\u4f9b\u670d\u52a1\u6216\u8fdb\u884c\u8425\u9500\/\u5546\u4e1a\u901a\u4fe1\u7684\u76ee\u7684\u5904\u7406\u7528\u6237\u7684\u4e2a\u4eba\u6570\u636e\u3002<\/li>\n<li>\u7528\u6237\u8fd8\u53ef\u4ee5\u540c\u610f\u63a5\u6536\u6709\u5173\u65b0\u95fb\u4fe1\u606f\uff0c\u8fd9\u5c06\u5bfc\u81f4\u7ba1\u7406\u5458\u4e3a\u4e86\u5411\u7528\u6237\u53d1\u9001\u5546\u4e1a\u4fe1\u606f\u800c\u4f7f\u7528\u4e2a\u4eba\u6570\u636e\uff0c\u5176\u4e2d\u5305\u62ec. <\/li>\n<li>\u5904\u7406\u4e2a\u4eba\u6570\u636e\u4e5f\u662f\u4e3a\u4e86\u5c65\u884c\u6570\u636e\u63a7\u5236\u8005\u6240\u627f\u62c5\u7684\u6cd5\u5f8b\u4e49\u52a1\u5e76\u6267\u884c\u7b26\u5408\u516c\u5171\u5229\u76ca\u7684\u4efb\u52a1\uff0c\u5305\u62ec\u4f46\u4e0d\u9650\u4e8e\uff1a\u6267\u884c\u4e0e\u5b89\u5168\u548c\u9632\u5fa1\u76f8\u5173\u7684\u4efb\u52a1\u6216\u5b58\u50a8\u7a0e\u52a1\u6587\u4ef6\u3002 <\/li>\n<li>\u5904\u7406\u4e2a\u4eba\u6570\u636e\u7684\u76ee\u7684\u8fd8\u53ef\u80fd\u662f\u76f4\u63a5\u8425\u9500\u4ea7\u54c1\u3001\u786e\u4fdd\u548c\u8ffd\u7a76\u7d22\u8d54\u3001\u9632\u6b62\u7528\u6237\u6216\u7b2c\u4e09\u65b9\u7d22\u8d54\uff0c\u4ee5\u53ca\u8425\u9500\u7b2c\u4e09\u65b9\u7684\u670d\u52a1\u548c\u4ea7\u54c1\u6216\u81ea\u6211\u8425\u9500\uff0c\u4f46\u4e0d\u6784\u6210\u76f4\u63a5\u8425\u9500 \u3002<\/li>\n<\/ol>\n<h5><\/h5>\n<h5><\/h5>\n<p>&nbsp;<\/p>\n<p>&nbsp;<\/p>\n<h5>III. \u6570\u636e\u7c7b\u578b <\/h5>\n<p>&nbsp;<\/p>\n<ol>\n<li>\u7ba1\u7406\u5458\u5904\u7406\u4ee5\u4e0b\u4e2a\u4eba\u6570\u636e\uff0c\u63d0\u4f9b\u8fd9\u4e9b\u6570\u636e\u662f\u5fc5\u8981\u7684\uff1a<\/li>\n<\/ol>\n<p>1.a. \u5728\u7f51\u7ad9\u4e0a\u6ce8\u518c\uff1a <\/p>\n<p>\u59d3\u540d;<\/p>\n<p>\u7535\u5b50\u90ae\u7bb1\u5730\u5740\uff1b<\/p>\n<p>&nbsp;<\/p>\n<p>1.b. \u5b9e\u65bd\u670d\u52a1: <\/p>\n<p>\u59d3\u540d;<\/p>\n<p>\u5730\u5740;<\/p>\n<p>\u7535\u8bdd\u53f7\u7801;<\/p>\n<p>\u7535\u5b50\u90ae\u7bb1\u5730\u5740;<\/p>\n<p>&nbsp;<\/p>\n<p>1.c. \u7528\u6237\u53ef\u9009\u62e9\u63d0\u4f9b\u7684\u6570\u636e: <\/p>\n<p>\u51fa\u751f\u65e5\u671f;<\/p>\n<p>PESEL\u53f7\u7801;<\/p>\n<p>\u7a0e\u53f7NIP\uff08\u65b9\u4fbf\u4f01\u4e1a\u5bb6\u7d22\u53d6\u53d1\u7968\uff09.<\/p>\n<p>&nbsp;<\/p>\n<p>&nbsp;<\/p>\n<p>&nbsp;<\/p>\n<h5>IV. \u5904\u7406\u4e2a\u4eba\u6570\u636e\u7684\u6cd5\u5f8b\u4f9d\u636e <\/h5>\n<p>&nbsp;<\/p>\n<ol>\n<li>\u5904\u7406\u4e2a\u4eba\u6570\u636e\u7684\u4f9d\u636e\u662f\u6b27\u6d32\u8bae\u4f1a\u548c\u7406\u4e8b\u4f1a2016\u5e744\u670827\u65e5\u5173\u4e8e\u4fdd\u62a4\u81ea\u7136\u4eba\u4e2a\u4eba\u6570\u636e\u5904\u7406\u548c\u6b64\u7c7b\u6570\u636e\u81ea\u7531\u6d41\u52a8\u7684\u6761\u4f8b(EU) 2016\/679 \u7684\u89c4\u5b9a\uff0c\u5e76\u5e9f\u9664\u6307\u4ee495\/46\/EC\uff08\u4e00\u822c\u6570\u636e\u4fdd\u62a4\u6761\u4f8b\uff09\uff0cOJ L 119\uff0c4\/05\/2016\uff0c\u7b2c1-88\u9875\uff0c\u4ee5\u4e0b\u7b80\u79f0\uff1a\u201cGDPR\u201d\u3002  <\/li>\n<li>\u7ba1\u7406\u5458\u4ec5\u5728\u83b7\u5f97\u7528\u6237\u540c\u610f\u540e\u5904\u7406\u4e2a\u4eba\u6570\u636e\u3002<\/li>\n<li>\u540c\u610f\u5904\u7406\u4e2a\u4eba\u6570\u636e\u5b8c\u5168\u662f\u81ea\u613f\u7684\u3002<\/li>\n<\/ol>\n<h5><\/h5>\n<h5><\/h5>\n<p>&nbsp;<\/p>\n<p>&nbsp;<\/p>\n<h5>V. \u7528\u6237\u6743\u5229<\/h5>\n<p>&nbsp;<\/p>\n<ol>\n<li>\u7528\u6237\u53ef\u4ee5\u968f\u65f6\u5411\u7ba1\u7406\u5458\u8bf7\u6c42\u6709\u5173\u4e2a\u4eba\u6570\u636e\u5904\u7406\u8303\u56f4\u7684\u4fe1\u606f\u3002<\/li>\n<li>\u7528\u6237\u53ef\u4ee5\u968f\u65f6\u8bf7\u6c42\u66f4\u6b63\u5176\u4e2a\u4eba\u6570\u636e.<\/li>\n<li>\u7528\u6237\u53ef\u4ee5\u968f\u65f6\u64a4\u56de\u5176\u5bf9\u5904\u7406\u5176\u4e2a\u4eba\u6570\u636e\u7684\u540c\u610f\uff0c\u800c\u65e0\u9700\u7ed9\u51fa\u7406\u7531\u3002\u4e0d\u5904\u7406\u6570\u636e\u7684\u8bf7\u6c42\u53ef\u80fd\u6d89\u53ca\u7528\u6237\u6307\u793a\u7684\u7279\u5b9a\u5904\u7406\u76ee\u7684\uff0c\u4f8b\u5982\u64a4\u56de\u63a5\u6536\u5546\u4e1a\u4fe1\u606f\u7684\u540c\u610f\uff0c\u6216\u6d89\u53ca\u6570\u636e\u5904\u7406\u7684\u6240\u6709\u76ee\u7684\u3002\u51fa\u4e8e\u6240\u6709\u5904\u7406\u76ee\u7684\u64a4\u56de\u540c\u610f\u5c06\u5bfc\u81f4\u7528\u6237\u7684\u5e10\u6237\u4ee5\u53ca\u4e4b\u524d\u7531\u7ba1\u7406\u5458\u5904\u7406\u7684\u6240\u6709\u7528\u6237\u4e2a\u4eba\u6570\u636e\u4ece\u7f51\u7ad9\u4e0a\u5220\u9664\u3002\u64a4\u56de\u540c\u610f\u4e0d\u4f1a\u5f71\u54cd\u5df2\u6267\u884c\u7684\u64cd\u4f5c\u3002   <\/li>\n<li>\u7528\u6237\u53ef\u4ee5\u968f\u65f6\u8bf7\u6c42\u7ba1\u7406\u5458\u5220\u9664\u5176\u6570\u636e\uff0c\u800c\u65e0\u9700\u7ed9\u51fa\u7406\u7531\u3002\u5220\u9664\u6570\u636e\u7684\u8bf7\u6c42\u4e0d\u4f1a\u5f71\u54cd\u8fc4\u4eca\u4e3a\u6b62\u5df2\u6267\u884c\u7684\u4efb\u4f55\u64cd\u4f5c\u3002\u5220\u9664\u6570\u636e\u610f\u5473\u7740\u540c\u65f6\u5220\u9664\u7528\u6237\u7684\u5e10\u6237\u4ee5\u53ca\u8fc4\u4eca\u4e3a\u6b62\u7531\u7ba1\u7406\u5458\u4fdd\u5b58\u548c\u5904\u7406\u7684\u6240\u6709\u4e2a\u4eba\u6570\u636e\u3002  <\/li>\n<li>\u7528\u6237\u53ef\u4ee5\u968f\u65f6\u53cd\u5bf9\u5904\u7406\u4e2a\u4eba\u6570\u636e\uff0c\u65e0\u8bba\u662f\u9488\u5bf9\u7ba1\u7406\u5458\u5904\u7406\u7684\u6240\u6709\u7528\u6237\u4e2a\u4eba\u6570\u636e\uff0c\u8fd8\u662f\u4ec5\u5728\u6709\u9650\u7684\u8303\u56f4\u5185\uff0c\u4f8b\u5982\u9488\u5bf9\u7279\u5b9a\u76ee\u7684\u7684\u6570\u636e\u5904\u7406\u3002\u53cd\u5bf9\u610f\u89c1\u4e0d\u4f1a\u5f71\u54cd\u8fc4\u4eca\u4e3a\u6b62\u5df2\u6267\u884c\u7684\u4efb\u4f55\u64cd\u4f5c\u3002\u63d0\u51fa\u53cd\u5bf9\u5c06\u5bfc\u81f4\u7528\u6237\u5e10\u6237\u4ee5\u53ca\u7ba1\u7406\u5458\u8fc4\u4eca\u4fdd\u5b58\u548c\u5904\u7406\u7684\u6240\u6709\u4e2a\u4eba\u6570\u636e\u88ab\u5220\u9664\u3002  <\/li>\n<li>\u7528\u6237\u53ef\u4ee5\u8bf7\u6c42\u9650\u5236\u4e2a\u4eba\u6570\u636e\u7684\u5904\u7406\uff0c\u65e0\u8bba\u662f\u5728\u6307\u5b9a\u7684\u65f6\u95f4\u5185\u8fd8\u662f\u6ca1\u6709\u65f6\u95f4\u9650\u5236\uff0c\u4f46\u5728\u7279\u5b9a\u7684\u8303\u56f4\u5185\uff0c\u7ba1\u7406\u5458\u6709\u4e49\u52a1\u9075\u5b88\u3002\u6b64\u8bf7\u6c42\u4e0d\u4f1a\u5f71\u54cd\u8fc4\u4eca\u4e3a\u6b62\u5df2\u6267\u884c\u7684\u4efb\u4f55\u64cd\u4f5c\u3002 <\/li>\n<li>\u7528\u6237\u53ef\u4ee5\u8bf7\u6c42\u7ba1\u7406\u5458\u5c06\u7528\u6237\u5904\u7406\u8fc7\u7684\u4e2a\u4eba\u6570\u636e\u8f6c\u79fb\u7ed9\u53e6\u4e00\u4e2a\u5b9e\u4f53\u3002\u4e3a\u6b64\uff0c\u7528\u6237\u5e94\u5411\u7ba1\u7406\u5458\u63d0\u51fa\u8bf7\u6c42\uff0c\u8868\u660e\u7528\u6237\u7684\u4e2a\u4eba\u6570\u636e\u5e94\u8f6c\u79fb\u5230\u54ea\u4e2a\u5b9e\u4f53\uff08\u540d\u79f0\u3001\u5730\u5740\uff09\u4ee5\u53ca\u7528\u6237\u5e0c\u671b\u7ba1\u7406\u5458\u63d0\u4f9b\u54ea\u4e9b\u5177\u4f53\u6570\u636e\u3002\u7528\u6237\u786e\u8ba4\u5176\u610f\u613f\u540e\uff0c\u7ba1\u7406\u5458\u5c06\u4ee5\u7535\u5b50\u5f62\u5f0f\u5411\u6307\u5b9a\u5b9e\u4f53\u63d0\u4f9b\u7528\u6237\u7684\u4e2a\u4eba\u6570\u636e\u3002\u7531\u4e8e\u7528\u6237\u4e2a\u4eba\u6570\u636e\u7684\u5b89\u5168\u6027\u5e76\u786e\u4fdd\u8bf7\u6c42\u6765\u81ea\u6388\u6743\u4eba\u5458\uff0c\u7528\u6237\u5fc5\u987b\u786e\u8ba4\u8bf7\u6c42\u3002   <\/li>\n<li>\u7ba1\u7406\u5458\u5c06\u5728\u6536\u5230\u4e0a\u8ff0\u51e0\u70b9\u4e2d\u5217\u51fa\u7684\u8bf7\u6c42\u4e4b\u4e00\u540e\u7684\u4e00\u4e2a\u6708\u5185\u901a\u77e5\u7528\u6237\u6240\u91c7\u53d6\u7684\u64cd\u4f5c\u3002<\/li>\n<\/ol>\n    <\/div>\n  <\/div>\n\n<\/section>","protected":false},"excerpt":{"rendered":"","protected":false},"author":1,"featured_media":0,"parent":0,"menu_order":0,"comment_status":"closed","ping_status":"open","template":"","meta":{"footnotes":""},"acf":[],"yoast_head":"<!-- This site is optimized with the Yoast SEO plugin v21.3 - https:\/\/yoast.com\/wordpress\/plugins\/seo\/ -->\n<title>\u9690\u79c1\u653f\u7b56 - EU-Cert - Wspieramy Tw\u00f3j Sukces Zgodno\u015bci\u0105<\/title>\n<meta name=\"robots\" content=\"index, follow, max-snippet:-1, max-image-preview:large, max-video-preview:-1\" \/>\n<link rel=\"canonical\" href=\"https:\/\/eucert.pl\/zh-hans\/\u9690\u79c1\u653f\u7b56-2\/\" \/>\n<meta property=\"og:locale\" content=\"zh_CN\" \/>\n<meta property=\"og:type\" content=\"article\" \/>\n<meta property=\"og:title\" content=\"\u9690\u79c1\u653f\u7b56 - EU-Cert - Wspieramy Tw\u00f3j Sukces Zgodno\u015bci\u0105\" \/>\n<meta property=\"og:url\" content=\"https:\/\/eucert.pl\/zh-hans\/\u9690\u79c1\u653f\u7b56-2\/\" \/>\n<meta property=\"og:site_name\" content=\"EU-Cert - Wspieramy Tw\u00f3j Sukces Zgodno\u015bci\u0105\" \/>\n<meta property=\"article:modified_time\" content=\"2023-11-15T14:20:42+00:00\" \/>\n<meta name=\"twitter:card\" content=\"summary_large_image\" \/>\n<script type=\"application\/ld+json\" class=\"yoast-schema-graph\">{\"@context\":\"https:\/\/schema.org\",\"@graph\":[{\"@type\":\"WebPage\",\"@id\":\"https:\/\/eucert.pl\/zh-hans\/%e9%9a%90%e7%a7%81%e6%94%bf%e7%ad%96-2\/\",\"url\":\"https:\/\/eucert.pl\/zh-hans\/%e9%9a%90%e7%a7%81%e6%94%bf%e7%ad%96-2\/\",\"name\":\"\u9690\u79c1\u653f\u7b56 - EU-Cert - Wspieramy Tw\u00f3j Sukces Zgodno\u015bci\u0105\",\"isPartOf\":{\"@id\":\"https:\/\/eucert.pl\/#website\"},\"datePublished\":\"2023-07-07T07:14:36+00:00\",\"dateModified\":\"2023-11-15T14:20:42+00:00\",\"breadcrumb\":{\"@id\":\"https:\/\/eucert.pl\/zh-hans\/%e9%9a%90%e7%a7%81%e6%94%bf%e7%ad%96-2\/#breadcrumb\"},\"inLanguage\":\"zh-CN\",\"potentialAction\":[{\"@type\":\"ReadAction\",\"target\":[\"https:\/\/eucert.pl\/zh-hans\/%e9%9a%90%e7%a7%81%e6%94%bf%e7%ad%96-2\/\"]}]},{\"@type\":\"BreadcrumbList\",\"@id\":\"https:\/\/eucert.pl\/zh-hans\/%e9%9a%90%e7%a7%81%e6%94%bf%e7%ad%96-2\/#breadcrumb\",\"itemListElement\":[{\"@type\":\"ListItem\",\"position\":1,\"name\":\"Strona g\u0142\u00f3wna\",\"item\":\"https:\/\/eucert.pl\/zh-hans\/\"},{\"@type\":\"ListItem\",\"position\":2,\"name\":\"\u9690\u79c1\u653f\u7b56\"}]},{\"@type\":\"WebSite\",\"@id\":\"https:\/\/eucert.pl\/#website\",\"url\":\"https:\/\/eucert.pl\/\",\"name\":\"EU-Cert - Wspieramy Tw\u00f3j Sukces Zgodno\u015bci\u0105\",\"description\":\"\",\"potentialAction\":[{\"@type\":\"SearchAction\",\"target\":{\"@type\":\"EntryPoint\",\"urlTemplate\":\"https:\/\/eucert.pl\/?s={search_term_string}\"},\"query-input\":\"required name=search_term_string\"}],\"inLanguage\":\"zh-CN\"}]}<\/script>\n<!-- \/ Yoast SEO plugin. -->","yoast_head_json":{"title":"\u9690\u79c1\u653f\u7b56 - EU-Cert - Wspieramy Tw\u00f3j Sukces Zgodno\u015bci\u0105","robots":{"index":"index","follow":"follow","max-snippet":"max-snippet:-1","max-image-preview":"max-image-preview:large","max-video-preview":"max-video-preview:-1"},"canonical":"https:\/\/eucert.pl\/zh-hans\/\u9690\u79c1\u653f\u7b56-2\/","og_locale":"zh_CN","og_type":"article","og_title":"\u9690\u79c1\u653f\u7b56 - EU-Cert - Wspieramy Tw\u00f3j Sukces Zgodno\u015bci\u0105","og_url":"https:\/\/eucert.pl\/zh-hans\/\u9690\u79c1\u653f\u7b56-2\/","og_site_name":"EU-Cert - Wspieramy Tw\u00f3j Sukces Zgodno\u015bci\u0105","article_modified_time":"2023-11-15T14:20:42+00:00","twitter_card":"summary_large_image","schema":{"@context":"https:\/\/schema.org","@graph":[{"@type":"WebPage","@id":"https:\/\/eucert.pl\/zh-hans\/%e9%9a%90%e7%a7%81%e6%94%bf%e7%ad%96-2\/","url":"https:\/\/eucert.pl\/zh-hans\/%e9%9a%90%e7%a7%81%e6%94%bf%e7%ad%96-2\/","name":"\u9690\u79c1\u653f\u7b56 - EU-Cert - Wspieramy Tw\u00f3j Sukces Zgodno\u015bci\u0105","isPartOf":{"@id":"https:\/\/eucert.pl\/#website"},"datePublished":"2023-07-07T07:14:36+00:00","dateModified":"2023-11-15T14:20:42+00:00","breadcrumb":{"@id":"https:\/\/eucert.pl\/zh-hans\/%e9%9a%90%e7%a7%81%e6%94%bf%e7%ad%96-2\/#breadcrumb"},"inLanguage":"zh-CN","potentialAction":[{"@type":"ReadAction","target":["https:\/\/eucert.pl\/zh-hans\/%e9%9a%90%e7%a7%81%e6%94%bf%e7%ad%96-2\/"]}]},{"@type":"BreadcrumbList","@id":"https:\/\/eucert.pl\/zh-hans\/%e9%9a%90%e7%a7%81%e6%94%bf%e7%ad%96-2\/#breadcrumb","itemListElement":[{"@type":"ListItem","position":1,"name":"Strona g\u0142\u00f3wna","item":"https:\/\/eucert.pl\/zh-hans\/"},{"@type":"ListItem","position":2,"name":"\u9690\u79c1\u653f\u7b56"}]},{"@type":"WebSite","@id":"https:\/\/eucert.pl\/#website","url":"https:\/\/eucert.pl\/","name":"EU-Cert - Wspieramy Tw\u00f3j Sukces Zgodno\u015bci\u0105","description":"","potentialAction":[{"@type":"SearchAction","target":{"@type":"EntryPoint","urlTemplate":"https:\/\/eucert.pl\/?s={search_term_string}"},"query-input":"required name=search_term_string"}],"inLanguage":"zh-CN"}]}},"_links":{"self":[{"href":"https:\/\/eucert.pl\/zh-hans\/wp-json\/wp\/v2\/pages\/3155"}],"collection":[{"href":"https:\/\/eucert.pl\/zh-hans\/wp-json\/wp\/v2\/pages"}],"about":[{"href":"https:\/\/eucert.pl\/zh-hans\/wp-json\/wp\/v2\/types\/page"}],"author":[{"embeddable":true,"href":"https:\/\/eucert.pl\/zh-hans\/wp-json\/wp\/v2\/users\/1"}],"replies":[{"embeddable":true,"href":"https:\/\/eucert.pl\/zh-hans\/wp-json\/wp\/v2\/comments?post=3155"}],"version-history":[{"count":3,"href":"https:\/\/eucert.pl\/zh-hans\/wp-json\/wp\/v2\/pages\/3155\/revisions"}],"predecessor-version":[{"id":3158,"href":"https:\/\/eucert.pl\/zh-hans\/wp-json\/wp\/v2\/pages\/3155\/revisions\/3158"}],"wp:attachment":[{"href":"https:\/\/eucert.pl\/zh-hans\/wp-json\/wp\/v2\/media?parent=3155"}],"curies":[{"name":"wp","href":"https:\/\/api.w.org\/{rel}","templated":true}]}}