{"id":3150,"date":"2023-08-30T06:25:36","date_gmt":"2023-08-30T06:25:36","guid":{"rendered":"https:\/\/eucert.pl\/%e6%8b%9b%e8%81%98\/"},"modified":"2025-06-05T06:14:29","modified_gmt":"2025-06-05T06:14:29","slug":"%e6%8b%9b%e8%81%98","status":"publish","type":"page","link":"https:\/\/eucert.pl\/zh-hans\/%e6%8b%9b%e8%81%98\/","title":{"rendered":"\u62db\u8058"},"content":{"rendered":"<section id=\"\" class=\"heading-with-text acf-block acf-block-id-block_895b03e099417de6fb654d8b0ef17608 \">\n  <div class=\"container\">\n\n    \n      <div class=\"heading-with-text__centered\">\n        <h1 class=\"title title--1 title--medium\"><strong style=\"white-space: nowrap\">EU-Cert<\/strong> \u62db\u8058<\/h1>\n\n        <div class=\"wysiwyg\">\n          <p>\u6b22\u8fce\u6765\u5230\u6211\u4eec\u7684\u62db\u8058\u9875\u9762\uff0c\u4e13\u95e8\u63d0\u4f9b\u516c\u53f8\u5185\u90e8\u7684\u673a\u4f1a\u3002\u6211\u4eec\u5f88\u9ad8\u5174\u60a8\u6709\u5174\u8da3\u52a0\u5165\u6211\u4eec\u7684\u56e2\u961f\u3002\u6211\u4eec\u662f\u4e00\u4e2a\u5145\u6ee1\u6d3b\u529b\u4e14\u5feb\u901f\u53d1\u5c55\u7684\u7ec4\u7ec7\uff0c\u4e3a\u4e13\u4e1a\u548c\u4e2a\u4eba\u53d1\u5c55\u63d0\u4f9b\u5927\u91cf\u673a\u4f1a\u3002\u6211\u4eec\u9080\u8bf7\u60a8\u63a2\u7d22\u6211\u4eec\u7684\u62db\u8058\u6d41\u7a0b\u4ee5\u53ca\u6211\u4eec\u4e3a\u5458\u5de5\u63d0\u4f9b\u7684\u798f\u5229\uff1a   <\/p>\n        <\/div>\n\n        <div class=\"heading-with-text__centered__buttons\">\n\n          \n        <\/div>\n      <\/div>\n\n    \n  <\/div>\n<\/section>\n\n<section id=\"\" class=\"carrer acf-block acf-block-id-block_8ef0259cbb1624fac74f9da703be3846 \">\n  <div class=\"carrer__image\">\n    <img decoding=\"async\" src=\"https:\/\/eucert.pl\/app\/uploads\/2023\/08\/career-scaled-1620x520-c-default.webp\" alt=\"\" loading=\"lazy\" srcset=\"https:\/\/eucert.pl\/app\/uploads\/2023\/08\/career-scaled-1620x520-c-default.webp 1x, https:\/\/eucert.pl\/app\/uploads\/2023\/08\/career-scaled-3240x1040-c-default.webp 2x\">\n    <div class=\"glass\"><\/div>\n  <\/div>\n\n  <div class=\"carrer__content\">\n    <div class=\"container\">\n\n      <div class=\"carrer__content__text\">\n        <h3 class=\"text text--s text--semibold text--white text--uppercase\">EU-Cert \u7684\u804c\u4e1a\u751f\u6daf<\/h3>\n        <h2 class=\"title title--2 title--regular title--white\">\u4e3a\u4ec0\u4e48\u662f\u6211\u4eec?<\/h2>\n      <\/div>\n\n      <div class=\"carrer__content__list\">\n\n        \n          <div class=\"perk\">\n\n            <div class=\"perk__icon\">\n              <img decoding=\"async\" src=\"https:\/\/eucert.pl\/app\/uploads\/2023\/08\/iconcar1.svg\" alt=\"\">\n            <\/div>\n\n            <div class=\"perk__text\">\n              <h4 class=\"perk__text__title title title--5 title--medium title--white\">\n                <img decoding=\"async\" src=\"https:\/\/eucert.pl\/app\/uploads\/2023\/08\/iconcar1.svg\" class=\"perk__text__title__icon\" alt=\"\">\n                <span>\u6211\u4eec\u516c\u53f8<\/span>\n              <\/h4>\n              <p class=\"text text--xl text--light text--white text--justify\">\u6211\u4eec\u662f\u4e13\u95e8\u4ece\u4e8b\u8ba4\u8bc1\u3001\u5408\u683c\u8bc4\u5b9a\u548c\u5b9e\u9a8c\u5ba4\u6d4b\u8bd5\u7684\u884c\u4e1a\u9886\u5bfc\u8005\u3002\u51ed\u501f\u591a\u5e74\u7684\u7ecf\u9a8c\u548c\u826f\u597d\u7684\u58f0\u8a89\uff0c\u6211\u4eec\u4e3a\u5458\u5de5\u63d0\u4f9b\u7a33\u5b9a\u4e14\u5145\u6ee1\u6d3b\u529b\u7684\u5de5\u4f5c\u73af\u5883\u3002<\/p>\n            <\/div>\n          <\/div>\n\n        \n          <div class=\"perk\">\n\n            <div class=\"perk__icon\">\n              <img decoding=\"async\" src=\"https:\/\/eucert.pl\/app\/uploads\/2023\/08\/iconcar2.svg\" alt=\"\">\n            <\/div>\n\n            <div class=\"perk__text\">\n              <h4 class=\"perk__text__title title title--5 title--medium title--white\">\n                <img decoding=\"async\" src=\"https:\/\/eucert.pl\/app\/uploads\/2023\/08\/iconcar2.svg\" class=\"perk__text__title__icon\" alt=\"\">\n                <span>\u6587\u5316\u4e0e\u4ef7\u503c\u89c2<\/span>\n              <\/h4>\n              <p class=\"text text--xl text--light text--white text--justify\">\u5728\u6211\u4eec\u516c\u53f8\uff0c\u6211\u4eec\u4f18\u5148\u8003\u8651\u4e13\u4e1a\u3001\u521b\u65b0\u548c\u5353\u8d8a\u7684\u54c1\u8d28\u3002\u6211\u4eec\u652f\u6301\u6211\u4eec\u7684\u56e2\u961f\uff0c\u4fc3\u8fdb\u53d1\u5c55\uff0c\u5e76\u9f13\u52b1\u5206\u4eab\u60f3\u6cd5\u3002\u6211\u4eec\u8425\u9020\u4e00\u79cd\u4fc3\u8fdb\u521b\u9020\u529b\u548c\u534f\u4f5c\u7684\u6c1b\u56f4\uff0c\u8fd9\u8f6c\u5316\u4e3a\u6211\u4eec\u7684\u6210\u529f<\/p>\n            <\/div>\n          <\/div>\n\n        \n          <div class=\"perk\">\n\n            <div class=\"perk__icon\">\n              <img decoding=\"async\" src=\"https:\/\/eucert.pl\/app\/uploads\/2023\/08\/iconcar3.svg\" alt=\"\">\n            <\/div>\n\n            <div class=\"perk__text\">\n              <h4 class=\"perk__text__title title title--5 title--medium title--white\">\n                <img decoding=\"async\" src=\"https:\/\/eucert.pl\/app\/uploads\/2023\/08\/iconcar3.svg\" class=\"perk__text__title__icon\" alt=\"\">\n                <span>\u5458\u5de5\u798f\u5229<\/span>\n              <\/h4>\n              <p class=\"text text--xl text--light text--white text--justify\">\u6211\u4eec\u5173\u5fc3\u5458\u5de5\u5e76\u63d0\u4f9b\u4e00\u7cfb\u5217\u798f\u5229\uff0c\u5305\u62ec\u6709\u7ade\u4e89\u529b\u7684\u85aa\u916c\u3001\u5168\u9762\u7684\u798f\u5229\u5f85\u9047\u3001\u79c1\u4eba\u533b\u7597\u4fdd\u5065\u3001\u57f9\u8bad\u548c\u804c\u4e1a\u53d1\u5c55\u673a\u4f1a\u3002\u6211\u4eec\u8fd8\u63d0\u4f9b\u7075\u6d3b\u7684\u5de5\u4f5c\u65f6\u95f4\u548c\u53cb\u597d\u7684\u5de5\u4f5c\u73af\u5883\u3002<\/p>\n            <\/div>\n          <\/div>\n\n        \n          <div class=\"perk\">\n\n            <div class=\"perk__icon\">\n              <img decoding=\"async\" src=\"https:\/\/eucert.pl\/app\/uploads\/2023\/08\/iconcar4.svg\" alt=\"\">\n            <\/div>\n\n            <div class=\"perk__text\">\n              <h4 class=\"perk__text__title title title--5 title--medium title--white\">\n                <img decoding=\"async\" src=\"https:\/\/eucert.pl\/app\/uploads\/2023\/08\/iconcar4.svg\" class=\"perk__text__title__icon\" alt=\"\">\n                <span>\u53d1\u5c55\u673a\u4f1a\uff1a<\/span>\n              <\/h4>\n              <p class=\"text text--xl text--light text--white text--justify\">\u5728\u6211\u4eec\u516c\u53f8\uff0c\u6709\u5927\u91cf\u7684\u804c\u4e1a\u53d1\u5c55\u673a\u4f1a\u3002\u6211\u4eec\u63d0\u4f9b\u57f9\u8bad\u3001\u6307\u5bfc\u548c\u652f\u6301\uff0c\u4f7f\u6211\u4eec\u7684\u5458\u5de5\u80fd\u591f\u63d0\u9ad8\u6280\u80fd\u5e76\u664b\u5347\u5230\u66f4\u9ad8\u7684\u804c\u4f4d\u3002<\/p>\n            <\/div>\n          <\/div>\n\n        \n      <\/div>\n\n    <\/div>\n  <\/div>\n\n<\/section>\n\n<section id=\"\" class=\"job-offers acf-block acf-block-id-block_d1058829a51a59a696aafeeecc40d00f \">\n  <div class=\"container\">\n\n    <div class=\"job-offers__text\">\n      <h3 class=\"text text--primary500 text--s text--semibold text--uppercase\">\u6211\u4eec\u7684\u5de5\u4f5c\u673a\u4f1a<\/h3>\n      <h2 class=\"title title--2 title--regular text--primary500\">\u5f53\u524d\u7a7a\u7f3a<strong>\u804c\u4f4d<\/strong><\/h2>\n      <p class=\"text text--xl text--light job-offers__text__long-text\">\u5728EU-Cert\u6211\u4eec\u57f9\u517b\u4e00\u652f\u6709\u51dd\u805a\u529b\u7684\u56e2\u961f\uff0c\u4ed6\u4eec\u4ee5\u70ed\u60c5\u548c\u5949\u732e\u7cbe\u795e\u5f00\u5c55\u5de5\u4f5c\u3002\u60a8\u53ef\u4ee5\u6210\u4e3a\u5176\u4e2d\u7684\u4e00\u90e8\u5206\uff0c\u5e76\u4e0e\u6211\u4eec\u4e00\u8d77\u63a8\u8fdb\u60a8\u7684\u804c\u4e1a\u751f\u6daf  <br \/><\/p>\n    <\/div>\n\n    <div class=\"job-offers__container\">\n\n      <div class=\"job-offers__container__menu\">\n        <ul class=\"job-offers__container__menu__list\">\n\n          <li data-job-menu-item=\"all\" class=\"job-offers__container__menu__list__item active\">\u6240\u6709\u4f18\u60e0<\/li>\n\n          \n            <li class=\"job-offers__container__menu__list__item\" data-job-menu-item=\"\u5de5\u7a0b\u4e0e\u6280\u672f\">\u5de5\u7a0b\u4e0e\u6280\u672f<\/li>\n\n          \n            <li class=\"job-offers__container__menu__list__item\" data-job-menu-item=\"\u8d28\u91cf\u7ba1\u7406\">\u8d28\u91cf\u7ba1\u7406<\/li>\n\n          \n            <li class=\"job-offers__container__menu__list__item\" data-job-menu-item=\"\u710a\u63a5\u5de5\u827a\">\u710a\u63a5\u5de5\u827a<\/li>\n\n          \n        <\/ul>\n      <\/div>\n\n      <div class=\"job-offers__container__content\">\n\n        \n          <div class=\"job-offers__container__content__item\" data-job-offer-item=\"\u5de5\u7a0b\u4e0e\u6280\u672f\">\n\n            <button class=\"job-offers__container__content__item__top\" data-job-offer-item-top>\n\n              <div class=\"job-offers__container__content__item__top__icon\">\n                <div><\/div>\n                <i class=\"fa far fa-plus plus\"><\/i>\n                <i class=\"fa far fa-minus minus\"><\/i>\n              <\/div>\n\n              <h3 class=\"title title--5 title--medium title--primary500\">\n                \u5ba1\u67e5\u5458\n              <\/h3>\n\n            <\/button>\n\n            <div class=\"job-offers__container__content__item__content\">\n              <div class=\"wysiwyg\">\n                <p><strong><span style=\"color: #214d9b;\">\u5de5\u4f5c\u5730\u70b9\uff1a<\/span><\/strong> \u683c\u4f46\u65af\u514b<\/p>\n<p>&nbsp;<\/p>\n<p><span style=\"color: #214d9b;\"><strong>\u8981<span style=\"color: #333399;\">\u6c42<\/span><\/strong><\/span><\/p>\n<p>&nbsp;<\/p>\n<ul>\n<li>\u719f\u6089\u4e0e\u8ba4\u8bc1\u673a\u6784\u8fd0\u8425\u76f8\u5173\u7684\u4e00\u4e2a\u6216\u591a\u4e2a\u9886\u57df<\/li>\n<li>(MED) 2014\/90\/EU\u6307\u4ee4\uff1a<\/li>\n<li>(PED) 2014\/68\/EU\u6307\u4ee4<\/li>\n<li>\u6b27\u76df\u59d4\u5458\u4f1a\u6388\u6743\u6cd5\u89c4 (EU) 2016\/425 (PPE)<\/li>\n<li>\u7b26\u5408ISO 3834\u3001PN-EN 15085-2\u7684\u710a\u63a5\u5de5\u827a<\/li>\n<li>\u7406\u5de5\u7c7b\u9ad8\u7b49\u6559\u80b2\u80cc\u666f<\/li>\n<li>\u8fdb\u884c\u68c0\u67e5\/\u5ba1\u8ba1\u7684\u7ecf\u9a8c<\/li>\n<li>\u719f\u7ec3\u7684\u82f1\u8bed\u53e3\u8bed\u548c\u4e66\u9762\u8bed\u8a00\u6280\u80fd<\/li>\n<li>\u81f3\u5c11 3 \u5e74\u4e13\u4e1a\u7ecf\u9a8c<\/li>\n<li>\u6ce2\u5170B\u7c7b\u9a7e\u9a76\u6267\u7167<\/li>\n<\/ul>\n<p>&nbsp;<\/p>\n<p><span style=\"color: #214d9b;\"><strong>\u4f18\u5148<span style=\"color: #214d9b;\">\u9009\u62e9\uff1a<\/span><\/strong><\/span><\/p>\n<p>&nbsp;<\/p>\n<ul>\n<li>\u4e86\u89e3PN-EN ISO\/IEC 17020\u6807\u51c6\u7684\u8981\u6c42<\/li>\n<li>\u4e86\u89e3PN-EN ISO\/IEC 17021-1\u6807\u51c6\u7684\u8981\u6c42\uff1a<\/li>\n<li>\u4e86\u89e3PN-EN ISO\/IEC 17024\u6807\u51c6\u7684\u8981\u6c42<\/li>\n<li>\u4e86\u89e3PN-EN ISO\/IEC 17025\u6807\u51c6\u7684\u8981\u6c42<\/li>\n<li>\u4e86\u89e3PN-EN ISO\/IEC 17065\u6807\u51c6\u8981\u6c42<\/li>\n<\/ul>\n<p>&nbsp;<\/p>\n<p><span style=\"color: #214d9b;\"><strong>\u8be5\u804c\u4f4d\u6240\u6267\u884c\u7684\u4efb\u52a1\u8303\u56f4\uff1a<\/strong><\/span><\/p>\n<p>&nbsp;<\/p>\n<ul>\n<li>\u5728\u62e5\u6709\u7684\u80fd\u529b\u8303\u56f4\u5185\u5b9e\u65bd\u8ba4\u8bc1\/\u5408\u683c\u8bc4\u5b9a\u6d41\u7a0b;<\/li>\n<li>\u8ba4\u8bc1\/\u5408\u683c\u8bc4\u5b9a\u6d41\u7a0b\u5b9e\u65bd\u8fc7\u7a0b\u4e2d\u4e0e\u56fd\u5185\u5916\u5ba2\u6237\u6c9f\u901a<\/li>\n<li>\u4e0e\u8fdb\u884c\u8bc4\u4f30\/\u6d4b\u8bd5\u7684\u5b9e\u9a8c\u5ba4\u548c\u5916\u90e8\u4e13\u5bb6\u8fdb\u884c\u6c9f\u901a\uff0c\u7ec4\u7ec7\u548c\u76d1\u7763\u4ed6\u4eec\u7684\u5de5\u4f5c<\/li>\n<li>\u5728\u4ea7\u54c1\u5236\u9020\/\u8fc7\u7a0b\u4e2d\u5bf9\u7ba1\u7406\u4f53\u7cfb\u8fdb\u884c\u68c0\u67e5\u3001\u5ba1\u8ba1<\/li>\n<\/ul>\n<p>&nbsp;<\/p>\n<p><span style=\"color: #214d9b;\"><strong>\u5728EU-Cert\u5de5\u4f5c\uff0c\u5176\u4e2d\u5305\u62ec\uff1a <\/strong><\/span><\/p>\n<p>&nbsp;<\/p>\n<ul>\n<li>\u7a33\u5b9a\u5c31\u4e1a<\/li>\n<li>\u5e74\u8f7b\u3001\u5145\u6ee1\u6fc0\u60c5\u3001\u76f8\u4e92\u652f\u6301\u3001\u4e0d\u65ad\u6210\u957f\u7684\u56e2\u961f<\/li>\n<li>\u7075\u6d3b\u7684\u5de5\u4f5c\u65f6\u95f4\uff0c\u8fdc\u7a0b\u5de5\u4f5c\u7684\u53ef\u80fd\u6027<\/li>\n<li>\u73b0\u4ee3\u5de5\u5177\u548c\u5de5\u4f5c\u65b9\u6cd5<\/li>\n<li>\u4e13\u4e1a\u53d1\u5c55\u673a\u4f1a<\/li>\n<li>\u79c1\u4eba\u533b\u7597\u670d\u52a1<\/li>\n<li>\u5168\u989d\u8d44\u52a9\u7684\u5065\u8eab\u5361<\/li>\n<\/ul>\n<p>&nbsp;<\/p>\n<p>\u5982\u679c\u60a8\u7b26\u5408\u4e0a\u8ff0\u8981\u6c42\u5e76\u6709\u610f\u613f\u52a0\u5165\u6211\u4eec\uff0c\u8bf7\u5c06\u60a8\u7684\u7b80\u5386\u53d1\u9001\u81f3 <strong><span style=\"color: #214d9b;\"><a style=\"color: #214d9b;\" href=\"mailto:office@eucert.pl\">office@eucert.pl<\/a><\/span><\/strong>. \u6211\u4eec\u671f\u5f85\u60a8\u7684\u6765\u4fe1\uff01<\/p>\n<p>&nbsp;<\/p>\n<p>\u8d85\u51fa\u300a\u52b3\u52a8\u6cd5\u300b\u89c4\u5b9a\u7684\u8303\u56f4\u5411EU-Cert\u63d0\u4ea4\u4e2a\u4eba\u6570\u636e\u5373\u8868\u793a\u540c\u610fEU-Cert\u51fa\u4e8e\u62db\u8058\u6d41\u7a0b\u7684\u76ee\u7684\u5904\u7406\u8fd9\u4e9b\u6570\u636e\u3002<\/p>\n              <\/div>\n            <\/div>\n\n          <\/div>\n\n        \n          <div class=\"job-offers__container__content__item\" data-job-offer-item=\"\u8d28\u91cf\u7ba1\u7406\">\n\n            <button class=\"job-offers__container__content__item__top\" data-job-offer-item-top>\n\n              <div class=\"job-offers__container__content__item__top__icon\">\n                <div><\/div>\n                <i class=\"fa far fa-plus plus\"><\/i>\n                <i class=\"fa far fa-minus minus\"><\/i>\n              <\/div>\n\n              <h3 class=\"title title--5 title--medium title--primary500\">\n                \u7ba1\u7406\u4f53\u7cfb\u5ba1\u8ba1\u5458\n              <\/h3>\n\n            <\/button>\n\n            <div class=\"job-offers__container__content__item__content\">\n              <div class=\"wysiwyg\">\n                <p><strong><span style=\"color: #214d9b;\">\u5de5\u4f5c\u5730\u70b9\uff1a<\/span><\/strong> \u5168\u56fd\uff08\u6ce2\u5170\uff09\uff1a<\/p>\n<p>&nbsp;<\/p>\n<p><span style=\"color: #214d9b;\"><strong>\u8981<span style=\"color: #333399;\">\u6c42<\/span>\uff1a<\/strong><\/span><\/p>\n<p>&nbsp;<\/p>\n<ul>\n<li>\u5177\u6709\u5bf9\u7ba1\u7406\u4f53\u7cfb\uff08\u4f8b\u5982 ISO 9001\u3001ISO 14001\u3001ISO 45001 \u6216 ISO 13485\uff09\u8fdb\u884c\u5ba1\u8ba1\u7684\u8bb0\u5f55\u7ecf\u9a8c &#8211; \u5176\u4ed6\u6807\u51c6\u5c06\u662f\u4e00\u4e2a\u989d\u5916\u7684\u4f18\u52bf<\/li>\n<li>\u4e0a\u8ff0\u7ba1\u7406\u4f53\u7cfb\u7684\u4e3b\u4efb\u5ba1\u8ba1\u5458\u8bc1\u4e66<\/li>\n<li>\u7406\u5de5\u7c7b\u9ad8\u7b49\u6559\u80b2\u80cc\u666f<\/li>\n<li>\u826f\u597d\u7684\u82f1\u8bed\u53e3\u8bed\u548c\u5199\u4f5c\u80fd\u529b\u5c06\u662f\u52a0\u5206\u9879<\/li>\n<li>\u81f3\u5c11 3 \u5e74\u4e13\u4e1a\u7ecf\u9a8c <\/li>\n<li>\u6ce2\u5170B\u7c7b\u9a7e\u9a76\u6267\u7167 <\/li>\n<\/ul>\n<p>&nbsp;<\/p>\n<p><span style=\"color: #214d9b;\"><strong>\u7406\u60f3\u5019\u9009\u5458\u5de5\uff1a<\/strong><\/span><\/p>\n<p>&nbsp;<\/p>\n<ul>\n<li>\u719f\u6089PN-EN ISO\/IEC 17020\u6807\u51c6\u7684\u8981\u6c42\uff1a<\/li>\n<li>\u719f\u6089PN-EN ISO\/IEC 17021-1\u6807\u51c6\u7684\u8981\u6c42\uff1a<\/li>\n<li>\u719f\u6089PN-EN ISO\/IEC 17024\u6807\u51c6\u7684\u8981\u6c42\uff1a<\/li>\n<li>\u719f\u6089PN-EN ISO\/IEC 17025\u6807\u51c6\u7684\u8981\u6c42\uff1a<\/li>\n<li>\u719f\u6089PN-EN ISO\/IEC 17065\u6807\u51c6\u7684\u8981\u6c42\uff1a<\/li>\n<\/ul>\n<p>&nbsp;<\/p>\n<p><span style=\"color: #214d9b;\"><strong>\u8be5\u804c\u4f4d\u6240\u6267\u884c\u7684\u4efb\u52a1\u8303\u56f4\uff1a<\/strong><\/span><\/p>\n<p>&nbsp;<\/p>\n<ul>\n<li>\u5728\u83b7\u5f97\u7684\u80fd\u529b\u8303\u56f4\u5185\u8fdb\u884c\u5ba1\u8ba1<\/li>\n<li>\u83b7\u53d6\u8ba4\u8bc1\u670d\u52a1\u5ba2\u6237<\/li>\n<\/ul>\n<p>&nbsp;<\/p>\n<p><span style=\"color: #214d9b;\"><strong>EU-Cert Sp. z&nbsp;o.o.\u7684\u5de5\u4f5c\u5305\u62ec  <\/strong><\/span><\/p>\n<p>&nbsp;<\/p>\n<ul>\n<li>\u7a33\u5b9a\u5c31\u4e1a<\/li>\n<li>\u4e00\u652f\u5e74\u8f7b\u3001\u5145\u6ee1\u6fc0\u60c5\u3001\u76f8\u4e92\u652f\u6301\u3001\u84ec\u52c3\u53d1\u5c55\u7684\u56e2\u961f<\/li>\n<li>\u5de5\u4f5c\u65f6\u95f4\u7075\u6d3b\uff0c\u53ef\u8fdc\u7a0b\u529e\u516c<\/li>\n<li>\u73b0\u4ee3\u5de5\u5177\u548c\u5de5\u4f5c\u65b9\u6cd5<\/li>\n<li>\u4e13\u4e1a\u53d1\u5c55\u673a\u4f1a<\/li>\n<li>\u79c1\u4eba\u533b\u7597\u670d\u52a1<\/li>\n<li>\u5168\u989d\u8d44\u52a9\u7684\u4f53\u80b2\u5361<\/li>\n<\/ul>\n<p>&nbsp;<\/p>\n<p>\u5982\u679c\u60a8\u7b26\u5408\u4e0a\u8ff0\u8981\u6c42\u5e76\u6709\u5fd7\u4e8e\u52a0\u5165\u6211\u4eec\uff0c\u8bf7\u5c06\u60a8\u7684\u7b80\u5386\u53d1\u9001\u81f3 <strong><span style=\"color: #214d9b;\"><a style=\"color: #214d9b;\" href=\"mailto:office@eucert.pl\">office@eucert.pl<\/a><\/span><\/strong>. \u6211\u4eec\u671f\u5f85\u7740\u4e0e\u60a8\u89c1\u9762\uff01<\/p>\n<p>&nbsp;<\/p>\n<p>z&nbsp;o.o.\u5411 EU-Cert Sp. z&nbsp;o.o.\u53d1\u9001\u4e2a\u4eba\u8d44\u6599\u7684\u8303\u56f4\u6bd4\u300a\u52b3\u52a8\u6cd5\u300b\u89c4\u5b9a\u7684\u8303\u56f4\u66f4\u5e7f\uff0c\u5373\u8868\u793a\u540c\u610f EU-Cert Sp. z&nbsp;o.o.\u4e3a\u62db\u8058\u7a0b\u5e8f\u4e4b\u76ee\u7684\u5904\u7406\u8be5\u7b49\u8d44\u6599\u3002  <\/p>\n              <\/div>\n            <\/div>\n\n          <\/div>\n\n        \n      <\/div>\n\n    <\/div>\n\n  <\/div>\n<\/section>\n\n<section id=\" \" class=\"two-images acf-block acf-block-id-block_294e455145904e4b482eef03e0a554ca two-images--recruitments\">\n\n  <div class=\"two-images__container\">\n\n    <div class=\"two-images__container__item small\">\n      <img decoding=\"async\" src=\"https:\/\/eucert.pl\/app\/uploads\/2023\/08\/rec1-992x456-c-default.webp\" alt=\"\" srcset=\"https:\/\/eucert.pl\/app\/uploads\/2023\/08\/rec1-992x456-c-default.webp 1x, https:\/\/eucert.pl\/app\/uploads\/2023\/08\/rec1-1984x912-c-default.webp 2x\" loading=\"lazy\">\n    <\/div>\n\n    <div class=\"two-images__container__item big\">\n      <img decoding=\"async\" src=\"https:\/\/eucert.pl\/app\/uploads\/2023\/08\/rec2-1824x456-c-default.webp\" alt=\"\" srcset=\"https:\/\/eucert.pl\/app\/uploads\/2023\/08\/rec2-1824x456-c-default.webp 1x, https:\/\/eucert.pl\/app\/uploads\/2023\/08\/rec2-3652x912-c-default.webp 2x\" loading=\"lazy\">\n    <\/div>\n\n  <\/div>\n\n<\/section>","protected":false},"excerpt":{"rendered":"","protected":false},"author":1,"featured_media":0,"parent":0,"menu_order":0,"comment_status":"closed","ping_status":"closed","template":"","meta":{"footnotes":""},"acf":[],"yoast_head":"<!-- This site is optimized with the Yoast SEO plugin v21.3 - https:\/\/yoast.com\/wordpress\/plugins\/seo\/ -->\n<title>\u62db\u8058 - EU-Cert - Wspieramy Tw\u00f3j Sukces Zgodno\u015bci\u0105<\/title>\n<meta name=\"robots\" content=\"index, follow, max-snippet:-1, max-image-preview:large, max-video-preview:-1\" \/>\n<link rel=\"canonical\" href=\"https:\/\/eucert.pl\/zh-hans\/\u62db\u8058\/\" \/>\n<meta property=\"og:locale\" content=\"zh_CN\" \/>\n<meta property=\"og:type\" content=\"article\" \/>\n<meta property=\"og:title\" content=\"\u62db\u8058 - EU-Cert - Wspieramy Tw\u00f3j Sukces Zgodno\u015bci\u0105\" \/>\n<meta property=\"og:url\" content=\"https:\/\/eucert.pl\/zh-hans\/\u62db\u8058\/\" \/>\n<meta property=\"og:site_name\" content=\"EU-Cert - Wspieramy Tw\u00f3j Sukces Zgodno\u015bci\u0105\" \/>\n<meta property=\"article:modified_time\" content=\"2025-06-05T06:14:29+00:00\" \/>\n<meta name=\"twitter:card\" content=\"summary_large_image\" \/>\n<script type=\"application\/ld+json\" class=\"yoast-schema-graph\">{\"@context\":\"https:\/\/schema.org\",\"@graph\":[{\"@type\":\"WebPage\",\"@id\":\"https:\/\/eucert.pl\/zh-hans\/%e6%8b%9b%e8%81%98\/\",\"url\":\"https:\/\/eucert.pl\/zh-hans\/%e6%8b%9b%e8%81%98\/\",\"name\":\"\u62db\u8058 - EU-Cert - Wspieramy Tw\u00f3j Sukces Zgodno\u015bci\u0105\",\"isPartOf\":{\"@id\":\"https:\/\/eucert.pl\/#website\"},\"datePublished\":\"2023-08-30T06:25:36+00:00\",\"dateModified\":\"2025-06-05T06:14:29+00:00\",\"breadcrumb\":{\"@id\":\"https:\/\/eucert.pl\/zh-hans\/%e6%8b%9b%e8%81%98\/#breadcrumb\"},\"inLanguage\":\"zh-CN\",\"potentialAction\":[{\"@type\":\"ReadAction\",\"target\":[\"https:\/\/eucert.pl\/zh-hans\/%e6%8b%9b%e8%81%98\/\"]}]},{\"@type\":\"BreadcrumbList\",\"@id\":\"https:\/\/eucert.pl\/zh-hans\/%e6%8b%9b%e8%81%98\/#breadcrumb\",\"itemListElement\":[{\"@type\":\"ListItem\",\"position\":1,\"name\":\"Strona g\u0142\u00f3wna\",\"item\":\"https:\/\/eucert.pl\/zh-hans\/\"},{\"@type\":\"ListItem\",\"position\":2,\"name\":\"\u62db\u8058\"}]},{\"@type\":\"WebSite\",\"@id\":\"https:\/\/eucert.pl\/#website\",\"url\":\"https:\/\/eucert.pl\/\",\"name\":\"EU-Cert - Wspieramy Tw\u00f3j Sukces Zgodno\u015bci\u0105\",\"description\":\"\",\"potentialAction\":[{\"@type\":\"SearchAction\",\"target\":{\"@type\":\"EntryPoint\",\"urlTemplate\":\"https:\/\/eucert.pl\/?s={search_term_string}\"},\"query-input\":\"required name=search_term_string\"}],\"inLanguage\":\"zh-CN\"}]}<\/script>\n<!-- \/ Yoast SEO plugin. -->","yoast_head_json":{"title":"\u62db\u8058 - EU-Cert - Wspieramy Tw\u00f3j Sukces Zgodno\u015bci\u0105","robots":{"index":"index","follow":"follow","max-snippet":"max-snippet:-1","max-image-preview":"max-image-preview:large","max-video-preview":"max-video-preview:-1"},"canonical":"https:\/\/eucert.pl\/zh-hans\/\u62db\u8058\/","og_locale":"zh_CN","og_type":"article","og_title":"\u62db\u8058 - EU-Cert - Wspieramy Tw\u00f3j Sukces Zgodno\u015bci\u0105","og_url":"https:\/\/eucert.pl\/zh-hans\/\u62db\u8058\/","og_site_name":"EU-Cert - Wspieramy Tw\u00f3j Sukces Zgodno\u015bci\u0105","article_modified_time":"2025-06-05T06:14:29+00:00","twitter_card":"summary_large_image","schema":{"@context":"https:\/\/schema.org","@graph":[{"@type":"WebPage","@id":"https:\/\/eucert.pl\/zh-hans\/%e6%8b%9b%e8%81%98\/","url":"https:\/\/eucert.pl\/zh-hans\/%e6%8b%9b%e8%81%98\/","name":"\u62db\u8058 - EU-Cert - Wspieramy Tw\u00f3j Sukces Zgodno\u015bci\u0105","isPartOf":{"@id":"https:\/\/eucert.pl\/#website"},"datePublished":"2023-08-30T06:25:36+00:00","dateModified":"2025-06-05T06:14:29+00:00","breadcrumb":{"@id":"https:\/\/eucert.pl\/zh-hans\/%e6%8b%9b%e8%81%98\/#breadcrumb"},"inLanguage":"zh-CN","potentialAction":[{"@type":"ReadAction","target":["https:\/\/eucert.pl\/zh-hans\/%e6%8b%9b%e8%81%98\/"]}]},{"@type":"BreadcrumbList","@id":"https:\/\/eucert.pl\/zh-hans\/%e6%8b%9b%e8%81%98\/#breadcrumb","itemListElement":[{"@type":"ListItem","position":1,"name":"Strona g\u0142\u00f3wna","item":"https:\/\/eucert.pl\/zh-hans\/"},{"@type":"ListItem","position":2,"name":"\u62db\u8058"}]},{"@type":"WebSite","@id":"https:\/\/eucert.pl\/#website","url":"https:\/\/eucert.pl\/","name":"EU-Cert - Wspieramy Tw\u00f3j Sukces Zgodno\u015bci\u0105","description":"","potentialAction":[{"@type":"SearchAction","target":{"@type":"EntryPoint","urlTemplate":"https:\/\/eucert.pl\/?s={search_term_string}"},"query-input":"required name=search_term_string"}],"inLanguage":"zh-CN"}]}},"_links":{"self":[{"href":"https:\/\/eucert.pl\/zh-hans\/wp-json\/wp\/v2\/pages\/3150"}],"collection":[{"href":"https:\/\/eucert.pl\/zh-hans\/wp-json\/wp\/v2\/pages"}],"about":[{"href":"https:\/\/eucert.pl\/zh-hans\/wp-json\/wp\/v2\/types\/page"}],"author":[{"embeddable":true,"href":"https:\/\/eucert.pl\/zh-hans\/wp-json\/wp\/v2\/users\/1"}],"replies":[{"embeddable":true,"href":"https:\/\/eucert.pl\/zh-hans\/wp-json\/wp\/v2\/comments?post=3150"}],"version-history":[{"count":3,"href":"https:\/\/eucert.pl\/zh-hans\/wp-json\/wp\/v2\/pages\/3150\/revisions"}],"predecessor-version":[{"id":4980,"href":"https:\/\/eucert.pl\/zh-hans\/wp-json\/wp\/v2\/pages\/3150\/revisions\/4980"}],"wp:attachment":[{"href":"https:\/\/eucert.pl\/zh-hans\/wp-json\/wp\/v2\/media?parent=3150"}],"curies":[{"name":"wp","href":"https:\/\/api.w.org\/{rel}","templated":true}]}}