{"id":3147,"date":"2023-10-13T11:19:58","date_gmt":"2023-10-13T11:19:58","guid":{"rendered":"https:\/\/eucert.pl\/%e9%9a%90%e7%a7%81%e6%94%bf%e7%ad%96\/"},"modified":"2023-11-29T11:24:51","modified_gmt":"2023-11-29T11:24:51","slug":"%e9%9a%90%e7%a7%81%e6%94%bf%e7%ad%96","status":"publish","type":"page","link":"https:\/\/eucert.pl\/zh-hans\/%e9%9a%90%e7%a7%81%e6%94%bf%e7%ad%96\/","title":{"rendered":"\u9690\u79c1\u653f\u7b56"},"content":{"rendered":"\n<p><\/p>\n<section id=\"\" class=\"text-block text-block--smaller-heading  acf-block acf-block-id-block_2a8a552ee9d5921a43a92cbea8abcd22 \">\n\n  <div class=\"container\">\n    <h1 class=\"title title--1 title--medium title--primary500\">\u9690\u79c1\u653f\u7b56<\/h1>\n\n    <div class=\"wysiwyg\">\n      <p>\u5bf9\u4e8e\u672c\u7f51\u7ad9\u6240\u6709\u8005\u800c\u8a00\uff0c\u4fdd\u62a4\u7528\u6237\u7684\u4e2a\u4eba\u6570\u636e\u81f3\u5173\u91cd\u8981\u3002 \u7528\u6237\u662f\u6307\u4f7f\u7528\u672c\u7f51\u7ad9\u63d0\u4f9b\u7684\u7535\u5b50\u670d\u52a1\u7684\u81ea\u7136\u4eba\u3001\u6cd5\u4eba\u6216\u4e0d\u5177\u6709\u6cd5\u4eba\u8d44\u683c\u7684\u7ec4\u7ec7\u5355\u4f4d\uff0c\u6cd5\u5f8b\u8d4b\u4e88\u5176\u6cd5\u5f8b\u884c\u4e3a\u80fd\u529b\u3002 \u672c\u9690\u79c1\u653f\u7b56\u89e3\u91ca\u4e86\u5904\u7406\u7528\u6237\u4e2a\u4eba\u6570\u636e\u7684\u539f\u5219\u548c\u8303\u56f4\u3001\u7528\u6237\u7684\u6743\u5229\u4ee5\u53ca\u8be5\u6570\u636e\u63a7\u5236\u8005\u7684\u4e49\u52a1\uff0c\u8fd8\u544a\u77e5\u4e86 cookie \u7684\u4f7f\u7528\u3002\u6839\u636e 2016 \u5e74 4 \u6708 27 \u65e5\u300a\u901a\u7528\u6570\u636e\u4fdd\u62a4\u6761\u4f8b\u300b* \u7b2c 13 \u6761\u7b2c 1 \u6b3e\u548c\u7b2c 2 \u6b3e\uff0c\u6211\u4eec\u901a\u77e5\u60a8\uff1a \u4e2a\u4eba\u6570\u636e\u7ba1\u7406\u4eba \u4e2a\u4eba\u6570\u636e\u7ba1\u7406\u4eba\u4e3a EU-Cert Sp. Karola Szymanowskiego 12\/U6 in&nbsp;Gda\u0144sk (80-280)\uff0c\u5728\u683c\u4f46\u65af\u514b\u5317\u90e8\u5730\u65b9\u6cd5\u9662\u7684\u5546\u4e1a\u767b\u8bb0\u5904\u5373\u56fd\u5bb6\u6cd5\u9662\u767b\u8bb0\u5904\u7b2c\u4e03\u7ecf\u6d4e\u5ead\u6ce8\u518c\uff0cKRS \u7f16\u53f7\uff1a0000980050\uff0cNIP\uff1a5851497842\uff08\u4ee5\u4e0b\u7b80\u79f0\uff09\u3002 \u5904\u7406\u4e2a\u4eba\u6570\u636e\u7684\u76ee\u7684 \u7ba1\u7406\u5458\u5904\u7406\u7528\u6237\u7684\u4e2a\u4eba\u6570\u636e\u662f\u4e3a\u4e86\uff1a 1\uff1a \u901a\u8fc7\u7535\u5b50\u901a\u4fe1\u65b9\u5f0f\uff08\u5c24\u5176\u662f\u7535\u5b50\u90ae\u4ef6\u3001\u7535\u8bdd\u3001SMS \u77ed\u4fe1\u3001MMS \u77ed\u4fe1\uff09\u63d0\u4f9b\u670d\u52a1\u6216\u8fdb\u884c\u8425\u9500\/\u5546\u4e1a\u901a\u4fe1\uff0c\u540c\u65f6\u8003\u8651\u5230\u300a\u7535\u4fe1\u6cd5\u300b\u548c\u300a\u901a\u8fc7\u7535\u5b50\u65b9\u5f0f\u63d0\u4f9b\u670d\u52a1\u6cd5\u300b\u7684\u89c4\u5b9a\u6216\u89c4\u8303\u6b64\u76ee\u7684\u53ca\u5176\u5b9e\u65bd\u65b9\u5f0f\u7684\u5176\u4ed6\u89c4\u5b9a\u3002 \u56fe\u4e2a\u4eba\u6570\u636e\u4e5f\u4f1a\u5728\u5c65\u884c\u63a7\u5236\u8005\u7684\u6cd5\u5f8b\u4e49\u52a1\u548c\u6267\u884c\u4efb\u52a1\u7684\u6846\u67b6\u5185\u8fdb\u884c\u5904\u7406\uff0c\u4ee5\u7ef4\u62a4\u516c\u5171\u5229\u76ca\uff0c\u7279\u522b\u662f\u6267\u884c\u4e0e\u5b89\u5168\u548c\u56fd\u9632\u6709\u5173\u7684\u4efb\u52a1\u6216\u5b58\u50a8\u7a0e\u52a1\u8bb0\u5f55\u3002 u&nbsp;\u4e2a\u4eba\u6570\u636e\u7684\u5904\u7406\u8fd8\u53ef\u80fd\u51fa\u4e8e\u4ee5\u4e0b\u76ee\u7684\uff1a\u76f4\u63a5\u8425\u9500\u4ea7\u54c1\u3001\u786e\u4fdd\u548c\u4e3b\u5f20\u7d22\u8d54\u6216\u4fdd\u62a4\u7528\u6237\u6216\u7b2c\u4e09\u65b9\u514d\u53d7\u7d22\u8d54\uff0c\u4ee5\u53ca\u8425\u9500\u7b2c\u4e09\u65b9\u7684\u670d\u52a1\u548c\u4ea7\u54c1\u6216\u6211\u4eec\u81ea\u5df1\u7684\u8425\u9500\uff08\u975e\u76f4\u63a5\u8425\u9500\uff09\u3002 \u63a7\u5236\u8005\u5904\u7406\u4ee5\u4e0b\u4e2a\u4eba\u6570\u636e\uff0c\u63d0\u4f9b\u8fd9\u4e9b\u6570\u636e\u662f\u5fc5\u8981\u7684\uff1a.a. \u5728\u7f51\u7ad9\u4e0a\u6ce8\u518c\uff1arnrnimnim\u59d3\u540d;rnrn\u7535\u5b50\u90ae\u4ef6\u5730\u5740;.b. \u63d0\u4f9b\u670d\u52a1\uff1a \u7528\u6237\u63d0\u4f9b\u7684\u53ef\u9009\u6570\u636e\uff1arnrn\u51fa\u751f\u65e5\u671f\uff1brnrnnPESEL \u53f7\u7801\uff1brnrnnNIP \u53f7\u7801\uff08\u5982\u679c\u8981\u6c42\u63d0\u4f9b\u4f01\u4e1a\u5bb6\u7684\u53d1\u7968\uff09IV. \u5904\u7406\u4e2a\u4eba\u6570\u636e\u7684\u6cd5\u5f8b\u4f9d\u636e \u4e2a\u4eba\u6570\u636e\u7684\u5904\u7406\u4f9d\u636e\u6b27\u6d32\u8bae\u4f1a\u548c\u6b27\u76df\u7406\u4e8b\u4f1a 2016 \u5e74 4 \u6708 27 \u65e5\u5173\u4e8e\u5728\u5904\u7406\u4e2a\u4eba\u6570\u636e\u65b9\u9762\u4fdd\u62a4\u81ea\u7136\u4eba\u4ee5\u53ca\u5173\u4e8e\u6b64\u7c7b\u6570\u636e\u7684\u81ea\u7531\u6d41\u52a8\u5e76\u5e9f\u9664\u7b2c 95\/46\/EC \u53f7\u6307\u4ee4\uff08\u300a\u901a\u7528\u6570\u636e\u4fdd\u62a4\u6761\u4f8b\u300b\uff09\u7684\u7b2c 2016\/679 \u53f7\u6761\u4f8b\u7684\u89c4\u5b9a\uff0cOJ L 119, 4. \u63a7\u5236\u8005\u4ec5\u5728\u7528\u6237\u4e8b\u5148\u540c\u610f\u7684\u60c5\u51b5\u4e0b\u5904\u7406\u4e2a\u4eba\u6570\u636e\u3002 \u5bf9\u4e2a\u4eba\u6570\u636e\u5904\u7406\u7684\u540c\u610f\u5b8c\u5168\u51fa\u4e8e\u81ea\u613f\u3002 \u7528\u6237\u6743\u5229 \u7528\u6237\u53ef\u968f\u65f6\u8981\u6c42\u63a7\u5236\u8005\u63d0\u4f9b\u6709\u5173\u4e2a\u4eba\u6570\u636e\u5904\u7406\u8303\u56f4\u7684\u4fe1\u606f\u3002 \u7528\u6237\u53ef\u968f\u65f6\u8981\u6c42\u66f4\u6b63\u6216\u7ea0\u6b63\u5176\u4e2a\u4eba\u6570\u636e\u3002 \u7528\u6237\u53ef\u968f\u65f6\u64a4\u9500\u5bf9\u5176\u4e2a\u4eba\u6570\u636e\u5904\u7406\u7684\u540c\u610f\uff0c\u65e0\u9700\u8bf4\u660e\u7406\u7531\u3002\u4e0d\u5904\u7406\u6570\u636e\u7684\u8981\u6c42\u53ef\u80fd\u6d89\u53ca\u7528\u6237\u6307\u5b9a\u7684\u7279\u5b9a\u5904\u7406\u76ee\u7684\uff0c\u4f8b\u5982\u64a4\u9500\u5bf9\u63a5\u6536\u5546\u4e1a\u4fe1\u606f\u7684\u540c\u610f\uff0c\u4e5f\u53ef\u80fd\u6d89\u53ca\u6240\u6709\u6570\u636e\u5904\u7406\u76ee\u7684\u3002\u64a4\u9500\u5bf9\u6240\u6709\u5904\u7406\u76ee\u7684\u7684\u540c\u610f\u5c06\u5bfc\u81f4\u7528\u6237\u8d26\u6237\u4ece\u7f51\u7ad9\u4e0a\u5220\u9664\uff0c\u540c\u65f6\u5220\u9664\u7684\u8fd8\u6709\u7ba1\u7406\u5458\u4e4b\u524d\u5904\u7406\u8fc7\u7684\u6240\u6709\u7528\u6237\u4e2a\u4eba\u6570\u636e\u3002\u7528\u6237\u53ef\u968f\u65f6\u8981\u6c42\u7ba1\u7406\u5458\u5220\u9664\u5176\u6570\u636e\uff0c\u65e0\u9700\u8bf4\u660e\u7406\u7531\u3002 \u8bf7\u6c42\u5220\u9664\u6570\u636e\u4e0d\u4f1a\u5f71\u54cd\u5df2\u6267\u884c\u7684\u64cd\u4f5c\u3002\u7528\u6237\u53ef\u4ee5\u5728\u4efb\u4f55\u65f6\u5019\u5bf9\u4e2a\u4eba\u6570\u636e\u7684\u5904\u7406\u63d0\u51fa\u5f02\u8bae\uff0c\u65e2\u53ef\u4ee5\u5bf9\u7528\u6237\u7ba1\u7406\u5458\u5904\u7406\u7684\u6240\u6709\u4e2a\u4eba\u6570\u636e\u63d0\u51fa\u5f02\u8bae\uff0c\u4e5f\u53ef\u4ee5\u5728\u6709\u9650\u7684\u8303\u56f4\u5185\u63d0\u51fa\u5f02\u8bae\uff0c\u4f8b\u5982\uff0c\u5bf9\u51fa\u4e8e\u7279\u5b9a\u76ee\u7684\u7684\u6570\u636e\u5904\u7406\u63d0\u51fa\u5f02\u8bae\u3002\u63d0\u51fa\u5f02\u8bae\u4e0d\u4f1a\u5f71\u54cd\u76ee\u524d\u5df2\u6267\u884c\u7684\u6d3b\u52a8\u3002\u7528\u6237\u53ef\u8981\u6c42\u9650\u5236\u5bf9\u4e2a\u4eba\u6570\u636e\u7684\u5904\u7406\uff0c\u65e0\u8bba\u662f\u5728\u7279\u5b9a\u65f6\u95f4\u6bb5\u5185\uff0c\u8fd8\u662f\u5728\u6ca1\u6709\u65f6\u95f4\u9650\u5236\u7684\u60c5\u51b5\u4e0b\uff0c\u4f46\u5728\u7279\u5b9a\u8303\u56f4\u5185\uff0c\u63a7\u5236\u8005\u6709\u4e49\u52a1\u9075\u5b88\u3002\u7528\u6237\u53ef\u8981\u6c42\u63a7\u5236\u8005\u5c06\u5904\u7406\u8fc7\u7684\u7528\u6237\u4e2a\u4eba\u6570\u636e\u8f6c\u4ea4\u7ed9\u53e6\u4e00\u5bb6\u5b9e\u4f53\u3002 \u4e3a\u6b64\uff0c\u4ed6\/\u5979\u5e94\u5411\u7ba1\u7406\u5458\u63d0\u51fa\u7533\u8bf7\uff0c\u8bf4\u660e\u7528\u6237\u7684\u4e2a\u4eba\u8d44\u6599\u5e94\u8f6c\u7ed9\u54ea\u4e2a\u5b9e\u4f53\uff08\u540d\u79f0\u3001\u5730\u5740\uff09\uff0c\u4ee5\u53ca\u7528\u6237\u5e0c\u671b\u7ba1\u7406\u5458\u8f6c\u7ed9\u54ea\u4e9b\u5177\u4f53\u8d44\u6599\u3002\u5728\u7528\u6237\u786e\u8ba4\u5176\u8bf7\u6c42\u540e\uff0c\u7ba1\u7406\u5458\u5c06\u4ee5\u7535\u5b50\u5f62\u5f0f\u5c06\u7528\u6237\u7684\u4e2a\u4eba\u6570\u636e\u4f20\u8f93\u7ed9\u6307\u5b9a\u7684\u5b9e\u4f53\u3002\u4e3a\u4e86\u786e\u4fdd\u7528\u6237\u4e2a\u4eba\u6570\u636e\u7684\u5b89\u5168\uff0c\u5e76\u786e\u5b9a\u8be5\u8bf7\u6c42\u662f\u7531\u6388\u6743\u4eba\u53d1\u51fa\u7684\uff0c\u7528\u6237\u6709\u5fc5\u8981\u786e\u8ba4\u8be5\u8bf7\u6c42\u3002\u7ba1\u7406\u5458\u5e94\u5728\u6536\u5230\u524d\u8ff0\u8bf7\u6c42\u540e\u4e00\u4e2a\u6708\u5185\u5c06\u6240\u91c7\u53d6\u7684\u884c\u52a8\u901a\u77e5\u7528\u6237\u3002<\/p>\n    <\/div>\n  <\/div>\n\n<\/section>","protected":false},"excerpt":{"rendered":"","protected":false},"author":1,"featured_media":0,"parent":0,"menu_order":0,"comment_status":"closed","ping_status":"open","template":"","meta":{"footnotes":""},"acf":[],"yoast_head":"<!-- This site is optimized with the Yoast SEO plugin v21.3 - https:\/\/yoast.com\/wordpress\/plugins\/seo\/ -->\n<title>\u9690\u79c1\u653f\u7b56 - EU-Cert - Wspieramy Tw\u00f3j Sukces Zgodno\u015bci\u0105<\/title>\n<meta name=\"robots\" content=\"index, follow, max-snippet:-1, max-image-preview:large, max-video-preview:-1\" \/>\n<link rel=\"canonical\" href=\"https:\/\/eucert.pl\/zh-hans\/\u9690\u79c1\u653f\u7b56\/\" \/>\n<meta property=\"og:locale\" content=\"zh_CN\" \/>\n<meta property=\"og:type\" content=\"article\" \/>\n<meta property=\"og:title\" content=\"\u9690\u79c1\u653f\u7b56 - EU-Cert - Wspieramy Tw\u00f3j Sukces Zgodno\u015bci\u0105\" \/>\n<meta property=\"og:url\" content=\"https:\/\/eucert.pl\/zh-hans\/\u9690\u79c1\u653f\u7b56\/\" \/>\n<meta property=\"og:site_name\" content=\"EU-Cert - Wspieramy Tw\u00f3j Sukces Zgodno\u015bci\u0105\" \/>\n<meta property=\"article:modified_time\" content=\"2023-11-29T11:24:51+00:00\" \/>\n<meta name=\"twitter:card\" content=\"summary_large_image\" \/>\n<script type=\"application\/ld+json\" class=\"yoast-schema-graph\">{\"@context\":\"https:\/\/schema.org\",\"@graph\":[{\"@type\":\"WebPage\",\"@id\":\"https:\/\/eucert.pl\/zh-hans\/%e9%9a%90%e7%a7%81%e6%94%bf%e7%ad%96\/\",\"url\":\"https:\/\/eucert.pl\/zh-hans\/%e9%9a%90%e7%a7%81%e6%94%bf%e7%ad%96\/\",\"name\":\"\u9690\u79c1\u653f\u7b56 - EU-Cert - Wspieramy Tw\u00f3j Sukces Zgodno\u015bci\u0105\",\"isPartOf\":{\"@id\":\"https:\/\/eucert.pl\/#website\"},\"datePublished\":\"2023-10-13T11:19:58+00:00\",\"dateModified\":\"2023-11-29T11:24:51+00:00\",\"breadcrumb\":{\"@id\":\"https:\/\/eucert.pl\/zh-hans\/%e9%9a%90%e7%a7%81%e6%94%bf%e7%ad%96\/#breadcrumb\"},\"inLanguage\":\"zh-CN\",\"potentialAction\":[{\"@type\":\"ReadAction\",\"target\":[\"https:\/\/eucert.pl\/zh-hans\/%e9%9a%90%e7%a7%81%e6%94%bf%e7%ad%96\/\"]}]},{\"@type\":\"BreadcrumbList\",\"@id\":\"https:\/\/eucert.pl\/zh-hans\/%e9%9a%90%e7%a7%81%e6%94%bf%e7%ad%96\/#breadcrumb\",\"itemListElement\":[{\"@type\":\"ListItem\",\"position\":1,\"name\":\"Strona g\u0142\u00f3wna\",\"item\":\"https:\/\/eucert.pl\/zh-hans\/\"},{\"@type\":\"ListItem\",\"position\":2,\"name\":\"\u9690\u79c1\u653f\u7b56\"}]},{\"@type\":\"WebSite\",\"@id\":\"https:\/\/eucert.pl\/#website\",\"url\":\"https:\/\/eucert.pl\/\",\"name\":\"EU-Cert - Wspieramy Tw\u00f3j Sukces Zgodno\u015bci\u0105\",\"description\":\"\",\"potentialAction\":[{\"@type\":\"SearchAction\",\"target\":{\"@type\":\"EntryPoint\",\"urlTemplate\":\"https:\/\/eucert.pl\/?s={search_term_string}\"},\"query-input\":\"required name=search_term_string\"}],\"inLanguage\":\"zh-CN\"}]}<\/script>\n<!-- \/ Yoast SEO plugin. -->","yoast_head_json":{"title":"\u9690\u79c1\u653f\u7b56 - EU-Cert - Wspieramy Tw\u00f3j Sukces Zgodno\u015bci\u0105","robots":{"index":"index","follow":"follow","max-snippet":"max-snippet:-1","max-image-preview":"max-image-preview:large","max-video-preview":"max-video-preview:-1"},"canonical":"https:\/\/eucert.pl\/zh-hans\/\u9690\u79c1\u653f\u7b56\/","og_locale":"zh_CN","og_type":"article","og_title":"\u9690\u79c1\u653f\u7b56 - EU-Cert - Wspieramy Tw\u00f3j Sukces Zgodno\u015bci\u0105","og_url":"https:\/\/eucert.pl\/zh-hans\/\u9690\u79c1\u653f\u7b56\/","og_site_name":"EU-Cert - Wspieramy Tw\u00f3j Sukces Zgodno\u015bci\u0105","article_modified_time":"2023-11-29T11:24:51+00:00","twitter_card":"summary_large_image","schema":{"@context":"https:\/\/schema.org","@graph":[{"@type":"WebPage","@id":"https:\/\/eucert.pl\/zh-hans\/%e9%9a%90%e7%a7%81%e6%94%bf%e7%ad%96\/","url":"https:\/\/eucert.pl\/zh-hans\/%e9%9a%90%e7%a7%81%e6%94%bf%e7%ad%96\/","name":"\u9690\u79c1\u653f\u7b56 - EU-Cert - Wspieramy Tw\u00f3j Sukces Zgodno\u015bci\u0105","isPartOf":{"@id":"https:\/\/eucert.pl\/#website"},"datePublished":"2023-10-13T11:19:58+00:00","dateModified":"2023-11-29T11:24:51+00:00","breadcrumb":{"@id":"https:\/\/eucert.pl\/zh-hans\/%e9%9a%90%e7%a7%81%e6%94%bf%e7%ad%96\/#breadcrumb"},"inLanguage":"zh-CN","potentialAction":[{"@type":"ReadAction","target":["https:\/\/eucert.pl\/zh-hans\/%e9%9a%90%e7%a7%81%e6%94%bf%e7%ad%96\/"]}]},{"@type":"BreadcrumbList","@id":"https:\/\/eucert.pl\/zh-hans\/%e9%9a%90%e7%a7%81%e6%94%bf%e7%ad%96\/#breadcrumb","itemListElement":[{"@type":"ListItem","position":1,"name":"Strona g\u0142\u00f3wna","item":"https:\/\/eucert.pl\/zh-hans\/"},{"@type":"ListItem","position":2,"name":"\u9690\u79c1\u653f\u7b56"}]},{"@type":"WebSite","@id":"https:\/\/eucert.pl\/#website","url":"https:\/\/eucert.pl\/","name":"EU-Cert - Wspieramy Tw\u00f3j Sukces Zgodno\u015bci\u0105","description":"","potentialAction":[{"@type":"SearchAction","target":{"@type":"EntryPoint","urlTemplate":"https:\/\/eucert.pl\/?s={search_term_string}"},"query-input":"required name=search_term_string"}],"inLanguage":"zh-CN"}]}},"_links":{"self":[{"href":"https:\/\/eucert.pl\/zh-hans\/wp-json\/wp\/v2\/pages\/3147"}],"collection":[{"href":"https:\/\/eucert.pl\/zh-hans\/wp-json\/wp\/v2\/pages"}],"about":[{"href":"https:\/\/eucert.pl\/zh-hans\/wp-json\/wp\/v2\/types\/page"}],"author":[{"embeddable":true,"href":"https:\/\/eucert.pl\/zh-hans\/wp-json\/wp\/v2\/users\/1"}],"replies":[{"embeddable":true,"href":"https:\/\/eucert.pl\/zh-hans\/wp-json\/wp\/v2\/comments?post=3147"}],"version-history":[{"count":8,"href":"https:\/\/eucert.pl\/zh-hans\/wp-json\/wp\/v2\/pages\/3147\/revisions"}],"predecessor-version":[{"id":3543,"href":"https:\/\/eucert.pl\/zh-hans\/wp-json\/wp\/v2\/pages\/3147\/revisions\/3543"}],"wp:attachment":[{"href":"https:\/\/eucert.pl\/zh-hans\/wp-json\/wp\/v2\/media?parent=3147"}],"curies":[{"name":"wp","href":"https:\/\/api.w.org\/{rel}","templated":true}]}}