{"id":3141,"date":"2023-08-30T12:10:35","date_gmt":"2023-08-30T12:10:35","guid":{"rendered":"https:\/\/eucert.pl\/%e6%ac%a7%e7%9b%9f%e8%ae%a4%e8%af%81%e6%94%bf%e7%ad%96\/"},"modified":"2025-07-29T09:43:07","modified_gmt":"2025-07-29T09:43:07","slug":"%e6%ac%a7%e7%9b%9f%e8%ae%a4%e8%af%81%e6%94%bf%e7%ad%96","status":"publish","type":"page","link":"https:\/\/eucert.pl\/zh-hans\/%e6%ac%a7%e7%9b%9f%e8%ae%a4%e8%af%81%e6%94%bf%e7%ad%96\/","title":{"rendered":"\u6b27\u76df\u8ba4\u8bc1\u653f\u7b56"},"content":{"rendered":"\n<p><\/p>\n\n\n<section id=\"\" class=\"text-block text-block--smaller-heading  acf-block acf-block-id-block_94a779f8b6dcedbcd0d7168753e09d33 \">\n\n  <div class=\"container\">\n    <h1 class=\"title title--1 title--medium title--primary500\">EU-Cert\u6839\u636eISO 17024\u6807\u51c6\u5ba1\u6279\u710a\u63a5\u4eba\u5458\u7684\u653f\u7b56  <br \/><\/h1>\n\n    <div class=\"wysiwyg\">\n      <p>EU-Cert\u662f\u4e00\u5bb6\u6309\u7167EN ISO IEC 17024\u6807\u51c6\u548c2014\/68\/EU\u6307\u4ee4\u7684\u8981\u6c42\u5728\u710a\u63a5\u4eba\u5458\u5ba1\u6279\u9886\u57df\u5f00\u5c55\u4e1a\u52a1\u7684\u8ba4\u8bc1\u673a\u6784\u3002EU-Cert\u65e8\u5728\u5b9e\u73b0\u4e3b\u8981\u76ee\u6807\uff0c\u5305\u62ec\uff1a<\/p>\n<p>&nbsp;<\/p>\n<ul>\n<li>\u6309\u7167\u76f8\u5173\u6807\u51c6\u6cd5\u89c4\u8981\u6c42\u63d0\u4f9b\u4eba\u4e8b\u5ba1\u6279\u670d\u52a1,<\/li>\n<li>\u8d62\u5f97\u5ba2\u6237\u4fe1\u4efb\u5e76\u786e\u4fdd\u4ed6\u4eec\u6ee1\u610f,<\/li>\n<li>\u5728\u5bf9\u8ba4\u8bc1\u611f\u5174\u8da3\u7684\u5176\u4ed6\u5229\u76ca\u76f8\u5173\u8005\u4e4b\u95f4\u5efa\u7acb\u4fe1\u4efb,<\/li>\n<li>\u5efa\u7acb\u5f3a\u5927\u7684\u5e02\u573a\u5730\u4f4d.<\/li>\n<\/ul>\n<p>&nbsp;<\/p>\n<p>\u53ef\u4ee5\u901a\u8fc7\u4ee5\u4e0b\u65b9\u5f0f\u5b9e\u73b0\u8fd9\u4e9b\u76ee\u6807:<\/p>\n<p>&nbsp;<\/p>\n<ul>\n<li>\u96c7\u7528\u6709\u80fd\u529b\u7684\u4eba\u5458,<\/li>\n<li>\u4fdd\u6301\u4eba\u5458\u548c\u6240\u5f00\u5c55\u6d3b\u52a8\u7684\u516c\u6b63\u6027\u548c\u72ec\u7acb\u6027,<\/li>\n<li>\u63d0\u4f9b\u53ef\u9760\u3001\u53ca\u65f6\u7684\u670d\u52a1,<\/li>\n<li>\u786e\u4fdd\u4fdd\u5bc6\u6027,<\/li>\n<li>\u6301\u7eed\u6539\u8fdb\u5df2\u5b9e\u65bd\u7684\u6d41\u7a0b.<\/li>\n<\/ul>\n<p>&nbsp;<\/p>\n<p>EU-Cert\u5411\u6240\u6709\u7533\u8bf7\u4eba\u63d0\u4f9b\u670d\u52a1\uff0c\u5e76\u4e14\u6240\u63d0\u4f9b\u7684\u670d\u52a1\u4e0d\u4f9d\u8d56\u4e8e\u5df2\u9881\u53d1\u7684\u8bc1\u4e66\u6570\u91cf\u3002\u7ec4\u7ec7\u4e0d\u65bd\u52a0\u8fc7\u591a\u7684\u8d22\u52a1\u6216\u5176\u4ed6\u6761\u4ef6\uff0c\u5176\u8981\u6c42\u548c\u884c\u52a8\u4ec5\u9650\u4e8e\u4e0e\u8ba4\u8bc1\u4e3b\u9898\u548c\u8303\u56f4\u76f8\u5173\u7684\u4e8b\u9879\u3002<\/p>\n<p>&nbsp;<\/p>\n<p>EU-Cert\u5bf9\u7533\u8bf7\u4eba\u3001\u5019\u9009\u4eba\u548c\u8ba4\u8bc1\u4e2a\u4eba\u8fdb\u884c\u516c\u6b63\u7684\u8bc4\u4f30\u3002\u5b83\u8bc6\u522b\u6b63\u5728\u8fdb\u884c\u7684\u6d3b\u52a8\u4e2d\u5bf9\u516c\u6b63\u6027\u7684\u5a01\u80c1\uff0c\u5e76\u5728\u51fa\u73b0\u5229\u76ca\u51b2\u7a81\u65f6\u91c7\u53d6\u9002\u5f53\u7684\u884c\u52a8\u3002\u8be5\u7ec4\u7ec7\u7684\u4eba\u5458\u4e0d\u53d7\u5546\u4e1a\u3001\u8d22\u52a1\u6216\u5176\u4ed6\u538b\u529b\u3002<\/p>\n<p>&nbsp;<\/p>\n<p>\u4ed6\u4eec\u4e0d\u53c2\u4e0e\u6d41\u7a0b\u7684\u8bbe\u8ba1\u3001\u751f\u4ea7\u548c\u7ef4\u62a4\uff0c\u4e5f\u4e0d\u4ee3\u8868\u53c2\u4e0e\u6b64\u7c7b\u6d3b\u52a8\u6216\u710a\u63a5\u4eba\u5458\u57f9\u8bad\u7684\u5404\u65b9\u3002\u4ed6\u4eec\u4e0d\u4ece\u4e8b\u53ef\u80fd\u5371\u53ca\u5224\u65ad\u72ec\u7acb\u6027\u548c\u53ef\u4fe1\u5ea6\u7684\u6d3b\u52a8\u3002<\/p>\n<p>&nbsp;<\/p>\n<p>\u4ed6\u4eec\u4e5f\u4e0d\u5411\u5ba2\u6237\u63d0\u4f9b\u54a8\u8be2\u3002<\/p>\n<p>&nbsp;<\/p>\n<p>\u683c\u4f46\u65af\u514b, 2025-06-17<\/p>\n    <\/div>\n  <\/div>\n\n<\/section>\n\n<section id=\"\" class=\"text-block text-block--smaller-heading text-block--no-padding-top acf-block acf-block-id-block_3afb5a311e61d1677879dfc5c65aff51 \">\n\n  <div class=\"container\">\n    <h2 class=\"title title--1 title--medium title--primary500\">EU-Cert\u6839\u636eISO 17065\u6807\u51c6\u8fdb\u884c\u4ea7\u54c1\u548c\u6d41\u7a0b\u8ba4\u8bc1\u4ee5\u53ca\u6839\u636eISO 17020\u6807\u51c6\u8fdb\u884c\u68c0\u9a8c\u7684\u653f\u7b56\uff1a <br \/><\/h2>\n\n    <div class=\"wysiwyg\">\n      <p>EU-Cer\u662f\u4e00\u5bb6\u8ba4\u8bc1\u548c\u68c0\u9a8c\u673a\u6784\uff0c\u6839\u636eEN ISO\/IEC 17065\u6807\u51c6\u7684\u8981\u6c42\u5bf9\u4ea7\u54c1\u548c\u8fc7\u7a0b\u8fdb\u884c\u5408\u683c\u8bc4\u5b9a\uff0c\u5e76\u5728\u538b\u529b\u8bbe\u5907\u9886\u57df\u8fdb\u884c\u68c0\u9a8c\u5e76\u6279\u51c6\u6c38\u4e45\u6027\u63a5\u5934\u7684\u7a0b\u5e8f\u7b26\u5408EN ISO\/IEC 17020\u6807\u51c6\u7684\u8981\u6c42\u3002\u8be5\u7ec4\u7ec7\u65e8\u5728\u5b9e\u73b0\u4e3b\u8981\u76ee\u6807\uff0c\u5305\u62ec\uff1a<\/p>\n<p>&nbsp;<\/p>\n<ul>\n<li>\u6309\u7167\u76f8\u5173\u6807\u51c6\u6cd5\u89c4\u8981\u6c42\u63d0\u4f9b\u5408\u683c\u8bc4\u5b9a\u670d\u52a1,<\/li>\n<li>\u8d62\u5f97\u5ba2\u6237\u4fe1\u4efb\u5e76\u786e\u4fdd\u4ed6\u4eec\u6ee1\u610f,<\/li>\n<li>\u5728\u5bf9\u8ba4\u8bc1\u6216\u68c0\u9a8c\u611f\u5174\u8da3\u7684\u5176\u4ed6\u5229\u76ca\u76f8\u5173\u8005\u4e4b\u95f4\u5efa\u7acb\u4fe1\u4efb,<\/li>\n<li>\u5efa\u7acb\u5f3a\u5927\u7684\u5e02\u573a\u5730\u4f4d.<\/li>\n<\/ul>\n<p>&nbsp;<\/p>\n<p>\u53ef\u4ee5\u901a\u8fc7\u4ee5\u4e0b\u65b9\u5f0f\u5b9e\u73b0\u8fd9\u4e9b\u76ee\u6807\uff1a<\/p>\n<p>&nbsp;<\/p>\n<ul>\n<li>\u96c7\u7528\u6709\u80fd\u529b\u7684\u4eba\u5458,<\/li>\n<li>\u4fdd\u6301\u4eba\u5458\u548c\u6240\u5f00\u5c55\u6d3b\u52a8\u7684\u516c\u6b63\u6027\u548c\u72ec\u7acb\u6027,<\/li>\n<li>\u53ef\u9760\u3001\u53ca\u65f6\u5730\u63d0\u4f9b\u670d\u52a1,<\/li>\n<li>\u4fdd\u5bc6,<\/li>\n<li>\u6301\u7eed\u6539\u8fdb\u5df2\u5b9e\u65bd\u7684\u6d41\u7a0b,<\/li>\n<\/ul>\n<p>&nbsp;<\/p>\n<p>EU-Cert\u5411\u6240\u6709\u5b9e\u4f53\u63d0\u4f9b\u670d\u52a1\uff0c\u65e0\u8bba\u5176\u89c4\u6a21\u3001\u8d44\u672c\u5173\u7cfb\u6216\u4efb\u4f55\u534f\u4f1a\u7684\u6210\u5458\u8d44\u683c\u3002\u6240\u63d0\u4f9b\u7684\u670d\u52a1\u4e5f\u4e0d\u4f9d\u8d56\u4e8e\u5df2\u9881\u53d1\u7684\u8bc1\u4e66\u6570\u91cf\u3002\u7ec4\u7ec7\u4e0d\u65bd\u52a0\u8fc7\u591a\u7684\u8d22\u52a1\u6216\u5176\u4ed6\u6761\u4ef6\uff0c\u5176\u8981\u6c42\u548c\u884c\u52a8\u4ec5\u9650\u4e8e\u4e0e\u8ba4\u8bc1\u6216\u68c0\u9a8c\u7684\u4e3b\u9898\u548c\u8303\u56f4\u6709\u5173\u7684\u4e8b\u9879\u3002<\/p>\n<p>&nbsp;<\/p>\n<p>EU-Cert\u5728\u8fdb\u884c\u8bc4\u4f30\u7684\u540c\u65f6\u4fdd\u6301\u516c\u6b63\u6027\u539f\u5219\u3002\u5b83\u8bc6\u522b\u6b63\u5728\u8fdb\u884c\u7684\u6d3b\u52a8\u4e2d\u5bf9\u516c\u6b63\u6027\u7684\u5a01\u80c1\uff0c\u5e76\u5728\u51fa\u73b0\u5229\u76ca\u51b2\u7a81\u65f6\u91c7\u53d6\u9002\u5f53\u7684\u884c\u52a8\u3002<\/p>\n<p>&nbsp;<\/p>\n<p>\u8be5\u7ec4\u7ec7\u7684\u4eba\u5458\u4e0d\u53d7\u5546\u4e1a\u3001\u8d22\u52a1\u6216\u5176\u4ed6\u538b\u529b\u3002<\/p>\n<p>&nbsp;<\/p>\n<p>\u4ed6\u4eec\u4e0d\u53c2\u4e0e\u88ab\u8bc4\u4f30\u4ea7\u54c1\u7684\u8bbe\u8ba1\u3001\u751f\u4ea7\uff0c\u4e5f\u4e0d\u4ee3\u8868\u53c2\u4e0e\u6b64\u7c7b\u6d3b\u52a8\u7684\u5404\u65b9\u3002\u4ed6\u4eec\u4e0d\u4ece\u4e8b\u53ef\u80fd\u5371\u53ca\u5224\u65ad\u72ec\u7acb\u6027\u548c\u53ef\u4fe1\u5ea6\u7684\u6d3b\u52a8\uff0c\u4e5f\u4e0d\u5411\u5ba2\u6237\u63d0\u4f9b\u54a8\u8be2\u3002<\/p>\n<p>&nbsp;<\/p>\n<p>\u683c\u4f46\u65af\u514b, 2025-06-17<\/p>\n    <\/div>\n  <\/div>\n\n<\/section>","protected":false},"excerpt":{"rendered":"","protected":false},"author":1,"featured_media":0,"parent":0,"menu_order":0,"comment_status":"closed","ping_status":"closed","template":"","meta":{"footnotes":""},"acf":[],"yoast_head":"<!-- This site is optimized with the Yoast SEO plugin v21.3 - https:\/\/yoast.com\/wordpress\/plugins\/seo\/ -->\n<title>\u6b27\u76df\u8ba4\u8bc1\u653f\u7b56 - EU-Cert - Wspieramy Tw\u00f3j Sukces Zgodno\u015bci\u0105<\/title>\n<meta name=\"robots\" content=\"index, follow, max-snippet:-1, max-image-preview:large, max-video-preview:-1\" \/>\n<link rel=\"canonical\" href=\"https:\/\/eucert.pl\/zh-hans\/\u6b27\u76df\u8ba4\u8bc1\u653f\u7b56\/\" \/>\n<meta property=\"og:locale\" content=\"zh_CN\" \/>\n<meta property=\"og:type\" content=\"article\" \/>\n<meta property=\"og:title\" content=\"\u6b27\u76df\u8ba4\u8bc1\u653f\u7b56 - EU-Cert - Wspieramy Tw\u00f3j Sukces Zgodno\u015bci\u0105\" \/>\n<meta property=\"og:url\" content=\"https:\/\/eucert.pl\/zh-hans\/\u6b27\u76df\u8ba4\u8bc1\u653f\u7b56\/\" \/>\n<meta property=\"og:site_name\" content=\"EU-Cert - Wspieramy Tw\u00f3j Sukces Zgodno\u015bci\u0105\" \/>\n<meta property=\"article:modified_time\" content=\"2025-07-29T09:43:07+00:00\" \/>\n<meta name=\"twitter:card\" content=\"summary_large_image\" \/>\n<script type=\"application\/ld+json\" class=\"yoast-schema-graph\">{\"@context\":\"https:\/\/schema.org\",\"@graph\":[{\"@type\":\"WebPage\",\"@id\":\"https:\/\/eucert.pl\/zh-hans\/%e6%ac%a7%e7%9b%9f%e8%ae%a4%e8%af%81%e6%94%bf%e7%ad%96\/\",\"url\":\"https:\/\/eucert.pl\/zh-hans\/%e6%ac%a7%e7%9b%9f%e8%ae%a4%e8%af%81%e6%94%bf%e7%ad%96\/\",\"name\":\"\u6b27\u76df\u8ba4\u8bc1\u653f\u7b56 - EU-Cert - Wspieramy Tw\u00f3j Sukces Zgodno\u015bci\u0105\",\"isPartOf\":{\"@id\":\"https:\/\/eucert.pl\/#website\"},\"datePublished\":\"2023-08-30T12:10:35+00:00\",\"dateModified\":\"2025-07-29T09:43:07+00:00\",\"breadcrumb\":{\"@id\":\"https:\/\/eucert.pl\/zh-hans\/%e6%ac%a7%e7%9b%9f%e8%ae%a4%e8%af%81%e6%94%bf%e7%ad%96\/#breadcrumb\"},\"inLanguage\":\"zh-CN\",\"potentialAction\":[{\"@type\":\"ReadAction\",\"target\":[\"https:\/\/eucert.pl\/zh-hans\/%e6%ac%a7%e7%9b%9f%e8%ae%a4%e8%af%81%e6%94%bf%e7%ad%96\/\"]}]},{\"@type\":\"BreadcrumbList\",\"@id\":\"https:\/\/eucert.pl\/zh-hans\/%e6%ac%a7%e7%9b%9f%e8%ae%a4%e8%af%81%e6%94%bf%e7%ad%96\/#breadcrumb\",\"itemListElement\":[{\"@type\":\"ListItem\",\"position\":1,\"name\":\"Strona g\u0142\u00f3wna\",\"item\":\"https:\/\/eucert.pl\/zh-hans\/\"},{\"@type\":\"ListItem\",\"position\":2,\"name\":\"\u6b27\u76df\u8ba4\u8bc1\u653f\u7b56\"}]},{\"@type\":\"WebSite\",\"@id\":\"https:\/\/eucert.pl\/#website\",\"url\":\"https:\/\/eucert.pl\/\",\"name\":\"EU-Cert - Wspieramy Tw\u00f3j Sukces Zgodno\u015bci\u0105\",\"description\":\"\",\"potentialAction\":[{\"@type\":\"SearchAction\",\"target\":{\"@type\":\"EntryPoint\",\"urlTemplate\":\"https:\/\/eucert.pl\/?s={search_term_string}\"},\"query-input\":\"required name=search_term_string\"}],\"inLanguage\":\"zh-CN\"}]}<\/script>\n<!-- \/ Yoast SEO plugin. -->","yoast_head_json":{"title":"\u6b27\u76df\u8ba4\u8bc1\u653f\u7b56 - EU-Cert - Wspieramy Tw\u00f3j Sukces Zgodno\u015bci\u0105","robots":{"index":"index","follow":"follow","max-snippet":"max-snippet:-1","max-image-preview":"max-image-preview:large","max-video-preview":"max-video-preview:-1"},"canonical":"https:\/\/eucert.pl\/zh-hans\/\u6b27\u76df\u8ba4\u8bc1\u653f\u7b56\/","og_locale":"zh_CN","og_type":"article","og_title":"\u6b27\u76df\u8ba4\u8bc1\u653f\u7b56 - EU-Cert - Wspieramy Tw\u00f3j Sukces Zgodno\u015bci\u0105","og_url":"https:\/\/eucert.pl\/zh-hans\/\u6b27\u76df\u8ba4\u8bc1\u653f\u7b56\/","og_site_name":"EU-Cert - Wspieramy Tw\u00f3j Sukces Zgodno\u015bci\u0105","article_modified_time":"2025-07-29T09:43:07+00:00","twitter_card":"summary_large_image","schema":{"@context":"https:\/\/schema.org","@graph":[{"@type":"WebPage","@id":"https:\/\/eucert.pl\/zh-hans\/%e6%ac%a7%e7%9b%9f%e8%ae%a4%e8%af%81%e6%94%bf%e7%ad%96\/","url":"https:\/\/eucert.pl\/zh-hans\/%e6%ac%a7%e7%9b%9f%e8%ae%a4%e8%af%81%e6%94%bf%e7%ad%96\/","name":"\u6b27\u76df\u8ba4\u8bc1\u653f\u7b56 - EU-Cert - Wspieramy Tw\u00f3j Sukces Zgodno\u015bci\u0105","isPartOf":{"@id":"https:\/\/eucert.pl\/#website"},"datePublished":"2023-08-30T12:10:35+00:00","dateModified":"2025-07-29T09:43:07+00:00","breadcrumb":{"@id":"https:\/\/eucert.pl\/zh-hans\/%e6%ac%a7%e7%9b%9f%e8%ae%a4%e8%af%81%e6%94%bf%e7%ad%96\/#breadcrumb"},"inLanguage":"zh-CN","potentialAction":[{"@type":"ReadAction","target":["https:\/\/eucert.pl\/zh-hans\/%e6%ac%a7%e7%9b%9f%e8%ae%a4%e8%af%81%e6%94%bf%e7%ad%96\/"]}]},{"@type":"BreadcrumbList","@id":"https:\/\/eucert.pl\/zh-hans\/%e6%ac%a7%e7%9b%9f%e8%ae%a4%e8%af%81%e6%94%bf%e7%ad%96\/#breadcrumb","itemListElement":[{"@type":"ListItem","position":1,"name":"Strona g\u0142\u00f3wna","item":"https:\/\/eucert.pl\/zh-hans\/"},{"@type":"ListItem","position":2,"name":"\u6b27\u76df\u8ba4\u8bc1\u653f\u7b56"}]},{"@type":"WebSite","@id":"https:\/\/eucert.pl\/#website","url":"https:\/\/eucert.pl\/","name":"EU-Cert - Wspieramy Tw\u00f3j Sukces Zgodno\u015bci\u0105","description":"","potentialAction":[{"@type":"SearchAction","target":{"@type":"EntryPoint","urlTemplate":"https:\/\/eucert.pl\/?s={search_term_string}"},"query-input":"required name=search_term_string"}],"inLanguage":"zh-CN"}]}},"_links":{"self":[{"href":"https:\/\/eucert.pl\/zh-hans\/wp-json\/wp\/v2\/pages\/3141"}],"collection":[{"href":"https:\/\/eucert.pl\/zh-hans\/wp-json\/wp\/v2\/pages"}],"about":[{"href":"https:\/\/eucert.pl\/zh-hans\/wp-json\/wp\/v2\/types\/page"}],"author":[{"embeddable":true,"href":"https:\/\/eucert.pl\/zh-hans\/wp-json\/wp\/v2\/users\/1"}],"replies":[{"embeddable":true,"href":"https:\/\/eucert.pl\/zh-hans\/wp-json\/wp\/v2\/comments?post=3141"}],"version-history":[{"count":3,"href":"https:\/\/eucert.pl\/zh-hans\/wp-json\/wp\/v2\/pages\/3141\/revisions"}],"predecessor-version":[{"id":5097,"href":"https:\/\/eucert.pl\/zh-hans\/wp-json\/wp\/v2\/pages\/3141\/revisions\/5097"}],"wp:attachment":[{"href":"https:\/\/eucert.pl\/zh-hans\/wp-json\/wp\/v2\/media?parent=3141"}],"curies":[{"name":"wp","href":"https:\/\/api.w.org\/{rel}","templated":true}]}}