{"id":3137,"date":"2023-08-23T10:08:04","date_gmt":"2023-08-23T10:08:04","guid":{"rendered":"https:\/\/eucert.pl\/%e6%8a%95%e8%af%89\/%e6%8a%95%e8%af%89%e5%a4%84%e7%90%86\/"},"modified":"2024-03-18T10:49:53","modified_gmt":"2024-03-18T10:49:53","slug":"%e6%8a%95%e8%af%89%e5%a4%84%e7%90%86","status":"publish","type":"page","link":"https:\/\/eucert.pl\/zh-hans\/%e6%8a%95%e8%af%89\/%e6%8a%95%e8%af%89%e5%a4%84%e7%90%86\/","title":{"rendered":"\u6295\u8bc9\u5904\u7406"},"content":{"rendered":"<section id=\"\" class=\"text-block   acf-block acf-block-id-block_33c682a71ea2c693b5c9a4159a1104d3 \">\n\n  <div class=\"container\">\n    <h1 class=\"title title--1 title--medium title--primary500\">\u6295\u8bc9<strong>\u5904\u7406<\/strong><\/h1>\n\n    <div class=\"wysiwyg\">\n      <ul>\n<li>\u6536\u5230\u6295\u8bc9\u540e \u4ee5\u4efb\u4f55\u5f62\u5f0f\uff08\u5982\u53e3\u5934\u3001\u4e66\u9762\u3001\u7f51\u7ad9\u4e0a\u63d0\u4f9b\u7684\u5f62\u5f0f\uff09\uff0c\u6307\u5b9a\u7684EU-Cert\u5458\u5de5\u4f1a\u786e\u8ba4\u6295\u8bc9\u662f\u5426\u4e0e\u5176\u8d1f\u8d23\u7684\u8ba4\u8bc1\u6d3b\u52a8\u6709\u5173\u3002\u5982\u679c\u786e\u5b9e\u5982\u6b64\uff0c\u4ed6\u4eec\u5c06\u7ee7\u7eed\u5ba1\u67e5\u6295\u8bc9\u5e76\u63d0\u4f9b\u76f8\u5173\u7b54\u590d\u3002<\/li>\n<li>\u5982\u679c\u53ef\u80fd\uff0cEU-Cert\u5728\u6536\u5230\u6295\u8bc9\u540e10\u5929\u5185\u4ee5\u4e66\u9762\u5f62\u5f0f\u786e\u8ba4\u6536\u5230\u6295\u8bc9\uff0c\u5e76\u5411\u6295\u8bc9\u4eba\u901a\u62a5\u5ba1\u67e5\u8fdb\u5ea6\u548c\u7ed3\u679c\u3002<\/li>\n<li>\u5728\u63a5\u53d7\u5e76\u767b\u8bb0\u6295\u8bc9\u540e\uff0c\u6307\u5b9a\u7684EU-Cert\u5458\u5de5\u8d1f\u8d23\u6536\u96c6\u548c\u9a8c\u8bc1\u6240\u6709\u5fc5\u8981\u7684\u4fe1\u606f\uff0c\u4ee5\u8bc4\u4f30\u6295\u8bc9\u5e76\u505a\u51fa\u9002\u5f53\u7684\u51b3\u5b9a\u3002<\/li>\n<li>\u5904\u7406\u6295\u8bc9\u540e\uff0c\u5982\u6709\u53ef\u80fd\uff0c\u603b\u7ecf\u7406\u5c06\u5728\u6536\u5230\u6295\u8bc9\u540e30\u5929\u5185\u5411\u6295\u8bc9\u4eba\u63d0\u4f9b\u6709\u5173\u6295\u8bc9\u6d41\u7a0b\u7684\u7ed3\u8bba\u53ca\u5176\u5ba1\u67e5\u7ed3\u679c\u7684\u4e66\u9762\u901a\u77e5\u3002\u5ef6\u957f\u6295\u8bc9\u5904\u7406\u671f\u9650\u7684\uff0c\u5355\u4f4d\u5e94\u5f53\u544a\u77e5\u6295\u8bc9\u4eba\u3002<\/li>\n<li>EU-Cert\u5e94\u53ca\u65f6\u5c06\u9488\u5bf9\u8ba4\u8bc1\u4eba\u5458\u6216\u7ec4\u7ec7\u7684\u4efb\u4f55\u7ecf\u8bc1\u5b9e\u7684\u6295\u8bc9\u8f6c\u53d1\u7ed9\u76f8\u5173\u8ba4\u8bc1\u4eba\u5458\u6216\u7ec4\u7ec7\u3002\u5904\u7406\u6295\u8bc9\u7684\u8fc7\u7a0b\u662f\u4fdd\u5bc6\u7684\u3002<\/li>\n<li>\u4f20\u8fbe\u7ed9\u6295\u8bc9\u4eba\u7684\u51b3\u5b9a\u7531\u4ee5\u524d\u672a\u53c2\u4e0e\u6295\u8bc9\u4e3b\u9898\u7684\u5de5\u4f5c\u4eba\u5458\u505a\u51fa\u6216\u5ba1\u67e5\u548c\u6279\u51c6\u3002<\/li>\n<\/ul>\n    <\/div>\n  <\/div>\n\n<\/section>","protected":false},"excerpt":{"rendered":"","protected":false},"author":1,"featured_media":0,"parent":3133,"menu_order":0,"comment_status":"closed","ping_status":"closed","template":"","meta":{"footnotes":""},"acf":[],"yoast_head":"<!-- This site is optimized with the Yoast SEO plugin v21.3 - https:\/\/yoast.com\/wordpress\/plugins\/seo\/ -->\n<title>\u6295\u8bc9\u5904\u7406 - EU-Cert - Wspieramy Tw\u00f3j Sukces Zgodno\u015bci\u0105<\/title>\n<meta name=\"robots\" content=\"index, follow, max-snippet:-1, max-image-preview:large, max-video-preview:-1\" \/>\n<link rel=\"canonical\" href=\"https:\/\/eucert.pl\/zh-hans\/\u6295\u8bc9\/\u6295\u8bc9\u5904\u7406\/\" \/>\n<meta property=\"og:locale\" content=\"zh_CN\" \/>\n<meta property=\"og:type\" content=\"article\" \/>\n<meta property=\"og:title\" content=\"\u6295\u8bc9\u5904\u7406 - EU-Cert - Wspieramy Tw\u00f3j Sukces Zgodno\u015bci\u0105\" \/>\n<meta property=\"og:url\" content=\"https:\/\/eucert.pl\/zh-hans\/\u6295\u8bc9\/\u6295\u8bc9\u5904\u7406\/\" \/>\n<meta property=\"og:site_name\" content=\"EU-Cert - Wspieramy Tw\u00f3j Sukces Zgodno\u015bci\u0105\" \/>\n<meta property=\"article:modified_time\" content=\"2024-03-18T10:49:53+00:00\" \/>\n<meta name=\"twitter:card\" content=\"summary_large_image\" \/>\n<script type=\"application\/ld+json\" class=\"yoast-schema-graph\">{\"@context\":\"https:\/\/schema.org\",\"@graph\":[{\"@type\":\"WebPage\",\"@id\":\"https:\/\/eucert.pl\/zh-hans\/%e6%8a%95%e8%af%89\/%e6%8a%95%e8%af%89%e5%a4%84%e7%90%86\/\",\"url\":\"https:\/\/eucert.pl\/zh-hans\/%e6%8a%95%e8%af%89\/%e6%8a%95%e8%af%89%e5%a4%84%e7%90%86\/\",\"name\":\"\u6295\u8bc9\u5904\u7406 - EU-Cert - Wspieramy Tw\u00f3j Sukces Zgodno\u015bci\u0105\",\"isPartOf\":{\"@id\":\"https:\/\/eucert.pl\/#website\"},\"datePublished\":\"2023-08-23T10:08:04+00:00\",\"dateModified\":\"2024-03-18T10:49:53+00:00\",\"breadcrumb\":{\"@id\":\"https:\/\/eucert.pl\/zh-hans\/%e6%8a%95%e8%af%89\/%e6%8a%95%e8%af%89%e5%a4%84%e7%90%86\/#breadcrumb\"},\"inLanguage\":\"zh-CN\",\"potentialAction\":[{\"@type\":\"ReadAction\",\"target\":[\"https:\/\/eucert.pl\/zh-hans\/%e6%8a%95%e8%af%89\/%e6%8a%95%e8%af%89%e5%a4%84%e7%90%86\/\"]}]},{\"@type\":\"BreadcrumbList\",\"@id\":\"https:\/\/eucert.pl\/zh-hans\/%e6%8a%95%e8%af%89\/%e6%8a%95%e8%af%89%e5%a4%84%e7%90%86\/#breadcrumb\",\"itemListElement\":[{\"@type\":\"ListItem\",\"position\":1,\"name\":\"Strona g\u0142\u00f3wna\",\"item\":\"https:\/\/eucert.pl\/zh-hans\/\"},{\"@type\":\"ListItem\",\"position\":2,\"name\":\"\u6295\u8bc9\",\"item\":\"https:\/\/eucert.pl\/zh-hans\/%e6%8a%95%e8%af%89\/\"},{\"@type\":\"ListItem\",\"position\":3,\"name\":\"\u6295\u8bc9\u5904\u7406\"}]},{\"@type\":\"WebSite\",\"@id\":\"https:\/\/eucert.pl\/#website\",\"url\":\"https:\/\/eucert.pl\/\",\"name\":\"EU-Cert - Wspieramy Tw\u00f3j Sukces Zgodno\u015bci\u0105\",\"description\":\"\",\"potentialAction\":[{\"@type\":\"SearchAction\",\"target\":{\"@type\":\"EntryPoint\",\"urlTemplate\":\"https:\/\/eucert.pl\/?s={search_term_string}\"},\"query-input\":\"required name=search_term_string\"}],\"inLanguage\":\"zh-CN\"}]}<\/script>\n<!-- \/ Yoast SEO plugin. -->","yoast_head_json":{"title":"\u6295\u8bc9\u5904\u7406 - EU-Cert - Wspieramy Tw\u00f3j Sukces Zgodno\u015bci\u0105","robots":{"index":"index","follow":"follow","max-snippet":"max-snippet:-1","max-image-preview":"max-image-preview:large","max-video-preview":"max-video-preview:-1"},"canonical":"https:\/\/eucert.pl\/zh-hans\/\u6295\u8bc9\/\u6295\u8bc9\u5904\u7406\/","og_locale":"zh_CN","og_type":"article","og_title":"\u6295\u8bc9\u5904\u7406 - EU-Cert - Wspieramy Tw\u00f3j Sukces Zgodno\u015bci\u0105","og_url":"https:\/\/eucert.pl\/zh-hans\/\u6295\u8bc9\/\u6295\u8bc9\u5904\u7406\/","og_site_name":"EU-Cert - Wspieramy Tw\u00f3j Sukces Zgodno\u015bci\u0105","article_modified_time":"2024-03-18T10:49:53+00:00","twitter_card":"summary_large_image","schema":{"@context":"https:\/\/schema.org","@graph":[{"@type":"WebPage","@id":"https:\/\/eucert.pl\/zh-hans\/%e6%8a%95%e8%af%89\/%e6%8a%95%e8%af%89%e5%a4%84%e7%90%86\/","url":"https:\/\/eucert.pl\/zh-hans\/%e6%8a%95%e8%af%89\/%e6%8a%95%e8%af%89%e5%a4%84%e7%90%86\/","name":"\u6295\u8bc9\u5904\u7406 - EU-Cert - Wspieramy Tw\u00f3j Sukces Zgodno\u015bci\u0105","isPartOf":{"@id":"https:\/\/eucert.pl\/#website"},"datePublished":"2023-08-23T10:08:04+00:00","dateModified":"2024-03-18T10:49:53+00:00","breadcrumb":{"@id":"https:\/\/eucert.pl\/zh-hans\/%e6%8a%95%e8%af%89\/%e6%8a%95%e8%af%89%e5%a4%84%e7%90%86\/#breadcrumb"},"inLanguage":"zh-CN","potentialAction":[{"@type":"ReadAction","target":["https:\/\/eucert.pl\/zh-hans\/%e6%8a%95%e8%af%89\/%e6%8a%95%e8%af%89%e5%a4%84%e7%90%86\/"]}]},{"@type":"BreadcrumbList","@id":"https:\/\/eucert.pl\/zh-hans\/%e6%8a%95%e8%af%89\/%e6%8a%95%e8%af%89%e5%a4%84%e7%90%86\/#breadcrumb","itemListElement":[{"@type":"ListItem","position":1,"name":"Strona g\u0142\u00f3wna","item":"https:\/\/eucert.pl\/zh-hans\/"},{"@type":"ListItem","position":2,"name":"\u6295\u8bc9","item":"https:\/\/eucert.pl\/zh-hans\/%e6%8a%95%e8%af%89\/"},{"@type":"ListItem","position":3,"name":"\u6295\u8bc9\u5904\u7406"}]},{"@type":"WebSite","@id":"https:\/\/eucert.pl\/#website","url":"https:\/\/eucert.pl\/","name":"EU-Cert - Wspieramy Tw\u00f3j Sukces Zgodno\u015bci\u0105","description":"","potentialAction":[{"@type":"SearchAction","target":{"@type":"EntryPoint","urlTemplate":"https:\/\/eucert.pl\/?s={search_term_string}"},"query-input":"required name=search_term_string"}],"inLanguage":"zh-CN"}]}},"_links":{"self":[{"href":"https:\/\/eucert.pl\/zh-hans\/wp-json\/wp\/v2\/pages\/3137"}],"collection":[{"href":"https:\/\/eucert.pl\/zh-hans\/wp-json\/wp\/v2\/pages"}],"about":[{"href":"https:\/\/eucert.pl\/zh-hans\/wp-json\/wp\/v2\/types\/page"}],"author":[{"embeddable":true,"href":"https:\/\/eucert.pl\/zh-hans\/wp-json\/wp\/v2\/users\/1"}],"replies":[{"embeddable":true,"href":"https:\/\/eucert.pl\/zh-hans\/wp-json\/wp\/v2\/comments?post=3137"}],"version-history":[{"count":3,"href":"https:\/\/eucert.pl\/zh-hans\/wp-json\/wp\/v2\/pages\/3137\/revisions"}],"predecessor-version":[{"id":4248,"href":"https:\/\/eucert.pl\/zh-hans\/wp-json\/wp\/v2\/pages\/3137\/revisions\/4248"}],"up":[{"embeddable":true,"href":"https:\/\/eucert.pl\/zh-hans\/wp-json\/wp\/v2\/pages\/3133"}],"wp:attachment":[{"href":"https:\/\/eucert.pl\/zh-hans\/wp-json\/wp\/v2\/media?parent=3137"}],"curies":[{"name":"wp","href":"https:\/\/api.w.org\/{rel}","templated":true}]}}