{"id":3130,"date":"2023-08-23T10:09:14","date_gmt":"2023-08-23T10:09:14","guid":{"rendered":"https:\/\/eucert.pl\/%e7%94%b3%e8%af%89%e5%a4%84%e7%90%86\/"},"modified":"2023-11-29T11:07:19","modified_gmt":"2023-11-29T11:07:19","slug":"%e7%94%b3%e8%af%89%e5%a4%84%e7%90%86","status":"publish","type":"page","link":"https:\/\/eucert.pl\/zh-hans\/%e6%8a%95%e8%af%89\/%e7%94%b3%e8%af%89%e5%a4%84%e7%90%86\/","title":{"rendered":"\u7533\u8bc9\u5904\u7406"},"content":{"rendered":"<section id=\"\" class=\"text-block   acf-block acf-block-id-block_6a1df7acb7a4ffe822b9a8ae0aba3b60 \">\n\n  <div class=\"container\">\n    <h1 class=\"title title--1 title--medium title--primary500\">\u7533\u8bc9<strong>\u5904\u7406<\/strong><\/h1>\n\n    <div class=\"wysiwyg\">\n      <ul>\n<li>\u7533\u8bf7\u4eba\u6709\u6743\u5bf9\u9881\u53d1\u8bc1\u4e66\u7684\u51b3\u5b9a\u63d0\u51fa\u7533\u8bc9\uff08\u7533\u8bc9\u53ef\u4ee5\u6d89\u53ca\u8ba4\u8bc1\u8303\u56f4\u6216\u4e0d\u9881\u53d1\u6216\u64a4\u9500\u76f8\u5173\u8bc1\u4e66\u7684\u51b3\u5b9a\uff09\u3002<\/li>\n<li>\u7533\u8bc9\u7684\u63d0\u4ea4\u3001\u5ba1\u8bae\u548c\u51b3\u5b9a\u4e0d\u5f97\u5bfc\u81f4\u5bf9\u7533\u8bc9\u4eba\u7684\u4efb\u4f55\u6b67\u89c6\u884c\u4e3a\u3002<\/li>\n<li>\u7533\u8bc9\u5fc5\u987b\u5728\u51b3\u5b9a\u4f20\u8fbe\u4e4b\u65e5\u8d7730\u5929\u5185\u4ee5\u4e66\u9762\u5f62\u5f0f\u63d0\u4ea4\u3002<\/li>\n<li>\u7533\u8bc9\u5e94\u5305\u542b\u7533\u8bf7\u4eba\u6216\u8bc1\u4e66\u6301\u6709\u8005\u7684\u59d3\u540d\u3001\u5730\u5740\u3001\u7533\u8bc9\u4e3b\u9898\u7684\u63cf\u8ff0\u4ee5\u53ca\u7406\u7531\u3002<\/li>\n<li>EU-Cert \u5e94\u5728\u6536\u5230\u7533\u8bc9\u540e10\u5929\u5185\u786e\u8ba4\u6536\u5230\u7533\u8bc9\uff0c\u767b\u8bb0\u7533\u8bc9\u5e76\u5411\u7533\u8bc9\u4eba\u901a\u77e5\u7533\u8bc9\u7684\u8fdb\u5c55\u548c\u7ed3\u679c\u3002<\/li>\n<li>\u6536\u5230\u7533\u8bc9\u540e\uff0cEU-Cert \u5e94\u6838\u5b9e\u8be5\u7533\u8bc9\u662f\u5426\u4e0e\u5176\u8d1f\u8d23\u7684\u8ba4\u8bc1\u6d3b\u52a8\u76f8\u5173\uff0c\u5982\u679c\u662f\uff0c\u5219\u5e94\u8003\u8651\u8be5\u7533\u8bc9\u5e76\u6536\u96c6\u5fc5\u8981\u7684\u4fe1\u606f\u4ee5\u5c31\u7533\u8bc9\u505a\u51fa\u51b3\u5b9a\u3002 <\/li>\n<li>\u7533\u8bc9\u5e94\u5f53\u516c\u6b63\u5904\u7406\uff0c\u53c2\u4e0e\u7533\u8bc9\u7a0b\u5e8f\u7684\u4eba\u5458\u4e2d\u6ca1\u6709\u505a\u51fa\u7533\u8bc9\u5bf9\u8c61\u51b3\u5b9a\u7684\u4eba\uff08\u56de\u907f\uff09\u3002<\/li>\n<li>\u7533\u8bc9\u5904\u7406\u5b8c\u6210\u540e\uff0c\u6267\u884c\u8463\u4e8b\u5e94\u5728\u6536\u5230\u540e 30 \u5929\u5185\u4ee5\u4e66\u9762\u5f62\u5f0f\u901a\u77e5\u7533\u8bc9\u4eba\u7533\u8bc9\u7a0b\u5e8f\u7684\u5b8c\u6210\u60c5\u51b5\u548c\u5ba1\u8bae\u7ed3\u679c\u3002\u5982\u679c\u7533\u8bc9\u5ba1\u8bae\u671f\u9650\u5ef6\u957f\uff0cEU-Cert \u5e94\u76f8\u5e94\u901a\u77e5\u7533\u8bc9\u4eba\u3002 <\/li>\n<\/ul>\n    <\/div>\n  <\/div>\n\n<\/section>","protected":false},"excerpt":{"rendered":"","protected":false},"author":1,"featured_media":0,"parent":3133,"menu_order":0,"comment_status":"closed","ping_status":"closed","template":"","meta":{"footnotes":""},"acf":[],"yoast_head":"<!-- This site is optimized with the Yoast SEO plugin v21.3 - https:\/\/yoast.com\/wordpress\/plugins\/seo\/ -->\n<title>\u7533\u8bc9\u5904\u7406 - EU-Cert - Wspieramy Tw\u00f3j Sukces Zgodno\u015bci\u0105<\/title>\n<meta name=\"robots\" content=\"index, follow, max-snippet:-1, max-image-preview:large, max-video-preview:-1\" \/>\n<link rel=\"canonical\" href=\"https:\/\/eucert.pl\/zh-hans\/\u6295\u8bc9\/\u7533\u8bc9\u5904\u7406\/\" \/>\n<meta property=\"og:locale\" content=\"zh_CN\" \/>\n<meta property=\"og:type\" content=\"article\" \/>\n<meta property=\"og:title\" content=\"\u7533\u8bc9\u5904\u7406 - EU-Cert - Wspieramy Tw\u00f3j Sukces Zgodno\u015bci\u0105\" \/>\n<meta property=\"og:url\" content=\"https:\/\/eucert.pl\/zh-hans\/\u6295\u8bc9\/\u7533\u8bc9\u5904\u7406\/\" \/>\n<meta property=\"og:site_name\" content=\"EU-Cert - Wspieramy Tw\u00f3j Sukces Zgodno\u015bci\u0105\" \/>\n<meta property=\"article:modified_time\" content=\"2023-11-29T11:07:19+00:00\" \/>\n<meta name=\"twitter:card\" content=\"summary_large_image\" \/>\n<script type=\"application\/ld+json\" class=\"yoast-schema-graph\">{\"@context\":\"https:\/\/schema.org\",\"@graph\":[{\"@type\":\"WebPage\",\"@id\":\"https:\/\/eucert.pl\/zh-hans\/%e6%8a%95%e8%af%89\/%e7%94%b3%e8%af%89%e5%a4%84%e7%90%86\/\",\"url\":\"https:\/\/eucert.pl\/zh-hans\/%e6%8a%95%e8%af%89\/%e7%94%b3%e8%af%89%e5%a4%84%e7%90%86\/\",\"name\":\"\u7533\u8bc9\u5904\u7406 - EU-Cert - Wspieramy Tw\u00f3j Sukces Zgodno\u015bci\u0105\",\"isPartOf\":{\"@id\":\"https:\/\/eucert.pl\/#website\"},\"datePublished\":\"2023-08-23T10:09:14+00:00\",\"dateModified\":\"2023-11-29T11:07:19+00:00\",\"breadcrumb\":{\"@id\":\"https:\/\/eucert.pl\/zh-hans\/%e6%8a%95%e8%af%89\/%e7%94%b3%e8%af%89%e5%a4%84%e7%90%86\/#breadcrumb\"},\"inLanguage\":\"zh-CN\",\"potentialAction\":[{\"@type\":\"ReadAction\",\"target\":[\"https:\/\/eucert.pl\/zh-hans\/%e6%8a%95%e8%af%89\/%e7%94%b3%e8%af%89%e5%a4%84%e7%90%86\/\"]}]},{\"@type\":\"BreadcrumbList\",\"@id\":\"https:\/\/eucert.pl\/zh-hans\/%e6%8a%95%e8%af%89\/%e7%94%b3%e8%af%89%e5%a4%84%e7%90%86\/#breadcrumb\",\"itemListElement\":[{\"@type\":\"ListItem\",\"position\":1,\"name\":\"Strona g\u0142\u00f3wna\",\"item\":\"https:\/\/eucert.pl\/zh-hans\/\"},{\"@type\":\"ListItem\",\"position\":2,\"name\":\"\u6295\u8bc9\",\"item\":\"https:\/\/eucert.pl\/zh-hans\/%e6%8a%95%e8%af%89\/\"},{\"@type\":\"ListItem\",\"position\":3,\"name\":\"\u7533\u8bc9\u5904\u7406\"}]},{\"@type\":\"WebSite\",\"@id\":\"https:\/\/eucert.pl\/#website\",\"url\":\"https:\/\/eucert.pl\/\",\"name\":\"EU-Cert - Wspieramy Tw\u00f3j Sukces Zgodno\u015bci\u0105\",\"description\":\"\",\"potentialAction\":[{\"@type\":\"SearchAction\",\"target\":{\"@type\":\"EntryPoint\",\"urlTemplate\":\"https:\/\/eucert.pl\/?s={search_term_string}\"},\"query-input\":\"required name=search_term_string\"}],\"inLanguage\":\"zh-CN\"}]}<\/script>\n<!-- \/ Yoast SEO plugin. -->","yoast_head_json":{"title":"\u7533\u8bc9\u5904\u7406 - EU-Cert - Wspieramy Tw\u00f3j Sukces Zgodno\u015bci\u0105","robots":{"index":"index","follow":"follow","max-snippet":"max-snippet:-1","max-image-preview":"max-image-preview:large","max-video-preview":"max-video-preview:-1"},"canonical":"https:\/\/eucert.pl\/zh-hans\/\u6295\u8bc9\/\u7533\u8bc9\u5904\u7406\/","og_locale":"zh_CN","og_type":"article","og_title":"\u7533\u8bc9\u5904\u7406 - EU-Cert - Wspieramy Tw\u00f3j Sukces Zgodno\u015bci\u0105","og_url":"https:\/\/eucert.pl\/zh-hans\/\u6295\u8bc9\/\u7533\u8bc9\u5904\u7406\/","og_site_name":"EU-Cert - Wspieramy Tw\u00f3j Sukces Zgodno\u015bci\u0105","article_modified_time":"2023-11-29T11:07:19+00:00","twitter_card":"summary_large_image","schema":{"@context":"https:\/\/schema.org","@graph":[{"@type":"WebPage","@id":"https:\/\/eucert.pl\/zh-hans\/%e6%8a%95%e8%af%89\/%e7%94%b3%e8%af%89%e5%a4%84%e7%90%86\/","url":"https:\/\/eucert.pl\/zh-hans\/%e6%8a%95%e8%af%89\/%e7%94%b3%e8%af%89%e5%a4%84%e7%90%86\/","name":"\u7533\u8bc9\u5904\u7406 - EU-Cert - Wspieramy Tw\u00f3j Sukces Zgodno\u015bci\u0105","isPartOf":{"@id":"https:\/\/eucert.pl\/#website"},"datePublished":"2023-08-23T10:09:14+00:00","dateModified":"2023-11-29T11:07:19+00:00","breadcrumb":{"@id":"https:\/\/eucert.pl\/zh-hans\/%e6%8a%95%e8%af%89\/%e7%94%b3%e8%af%89%e5%a4%84%e7%90%86\/#breadcrumb"},"inLanguage":"zh-CN","potentialAction":[{"@type":"ReadAction","target":["https:\/\/eucert.pl\/zh-hans\/%e6%8a%95%e8%af%89\/%e7%94%b3%e8%af%89%e5%a4%84%e7%90%86\/"]}]},{"@type":"BreadcrumbList","@id":"https:\/\/eucert.pl\/zh-hans\/%e6%8a%95%e8%af%89\/%e7%94%b3%e8%af%89%e5%a4%84%e7%90%86\/#breadcrumb","itemListElement":[{"@type":"ListItem","position":1,"name":"Strona g\u0142\u00f3wna","item":"https:\/\/eucert.pl\/zh-hans\/"},{"@type":"ListItem","position":2,"name":"\u6295\u8bc9","item":"https:\/\/eucert.pl\/zh-hans\/%e6%8a%95%e8%af%89\/"},{"@type":"ListItem","position":3,"name":"\u7533\u8bc9\u5904\u7406"}]},{"@type":"WebSite","@id":"https:\/\/eucert.pl\/#website","url":"https:\/\/eucert.pl\/","name":"EU-Cert - Wspieramy Tw\u00f3j Sukces Zgodno\u015bci\u0105","description":"","potentialAction":[{"@type":"SearchAction","target":{"@type":"EntryPoint","urlTemplate":"https:\/\/eucert.pl\/?s={search_term_string}"},"query-input":"required name=search_term_string"}],"inLanguage":"zh-CN"}]}},"_links":{"self":[{"href":"https:\/\/eucert.pl\/zh-hans\/wp-json\/wp\/v2\/pages\/3130"}],"collection":[{"href":"https:\/\/eucert.pl\/zh-hans\/wp-json\/wp\/v2\/pages"}],"about":[{"href":"https:\/\/eucert.pl\/zh-hans\/wp-json\/wp\/v2\/types\/page"}],"author":[{"embeddable":true,"href":"https:\/\/eucert.pl\/zh-hans\/wp-json\/wp\/v2\/users\/1"}],"replies":[{"embeddable":true,"href":"https:\/\/eucert.pl\/zh-hans\/wp-json\/wp\/v2\/comments?post=3130"}],"version-history":[{"count":2,"href":"https:\/\/eucert.pl\/zh-hans\/wp-json\/wp\/v2\/pages\/3130\/revisions"}],"predecessor-version":[{"id":3132,"href":"https:\/\/eucert.pl\/zh-hans\/wp-json\/wp\/v2\/pages\/3130\/revisions\/3132"}],"up":[{"embeddable":true,"href":"https:\/\/eucert.pl\/zh-hans\/wp-json\/wp\/v2\/pages\/3133"}],"wp:attachment":[{"href":"https:\/\/eucert.pl\/zh-hans\/wp-json\/wp\/v2\/media?parent=3130"}],"curies":[{"name":"wp","href":"https:\/\/api.w.org\/{rel}","templated":true}]}}