{"id":3095,"date":"2023-08-30T06:40:59","date_gmt":"2023-08-30T06:40:59","guid":{"rendered":"https:\/\/eucert.pl\/%e6%ac%a7%e7%9b%9f%e8%ae%a4%e8%af%81\/"},"modified":"2024-01-25T07:09:48","modified_gmt":"2024-01-25T07:09:48","slug":"%e6%ac%a7%e7%9b%9f%e8%ae%a4%e8%af%81","status":"publish","type":"page","link":"https:\/\/eucert.pl\/zh-hans\/%e6%ac%a7%e7%9b%9f%e8%ae%a4%e8%af%81\/","title":{"rendered":"\u6b27\u76df\u8ba4\u8bc1"},"content":{"rendered":"<section id=\"\" class=\"about acf-block acf-block-id-block_a2c7bab8459deefb30323072b3083f56 about--product\" style=\"background-color: \">\n\n  <div class=\"container\">\n\n    \n    <div class=\"row\">\n\n      <div class=\"col-12 col-lg-5 about__left\">\n        <h1 class=\"title title--regular title--2 mobile-no-br\">\u6b27\u76df\u8ba4\u8bc1, <br \/>\r\n<strong>\u76f8\u4fe1\u4e13\u5bb6<\/strong><\/h1>\n      <\/div>\n\n      <div class=\"col-12 col-lg-7 about__right\">\n\n        <p class=\"text text--xl text--light\">\u5728EU-Cert\uff0c\u6211\u4eec\u662f\u8ba4\u8bc1\u548c\u5408\u683c\u8bc4\u5b9a\u9886\u57df\u7684\u4e13\u5bb6\uff0c\u4e3a\u6211\u4eec\u7684\u5ba2\u6237\u63d0\u4f9b\u9ad8\u8d28\u91cf\u7684\u670d\u52a1 \u6211\u4eec\u7684\u670d\u52a1\u9488\u5bf9\u4e0d\u540c\u884c\u4e1a\u91cf\u8eab\u5b9a\u5236\uff0c\u6db5\u76d6\u4eba\u5458\u3001\u4ea7\u54c1\u3001\u7ba1\u7406\u4f53\u7cfb\u548c\u6027\u80fd\u6d4b\u8bd5\u7684\u5e7f\u6cdb\u8ba4\u8bc1\u548c\u5408\u683c\u8bc4\u5b9a<br \/>\r\n<br \/>\r\n\u51ed\u501f\u6211\u4eec\u7684\u77e5\u8bc6\u548c\u7ecf\u9a8c\uff0c\u60a8\u53ef\u4ee5\u8d62\u5f97\u5ba2\u6237\u7684\u4fe1\u4efb\uff0c\u63d0\u9ad8\u60a8\u7684\u7ade\u4e89\u529b\uff0c\u786e\u8ba4\u5408\u89c4\u6027\u7b26\u5408\u76d1\u7ba1\u8981\u6c42 \u4e86\u89e3\u6211\u4eec\u7684\u8ba4\u8bc1\u5982\u4f55\u8ba9\u60a8\u7684\u7ec4\u7ec7\u53d7\u76ca.\uff1a<\/p>\n\n        \n          <div class=\"about__right__buttons\">\n                          <a href=\"https:\/\/eucert.pl\/zh-hans\/%e6%ac%a7%e7%9b%9f%e8%ae%a4%e8%af%81\/#step-by-step-text\" class=\"btn btn--primary btn--m\" target=\"\">\u63a2\u7d22\u6211\u4eec\u7684\u6d41\u7a0b<\/a>\n                                      <a href=\"https:\/\/eucert.pl\/zh-hans\/%e6%ac%a7%e7%9b%9f%e8%ae%a4%e8%af%81\/#certificate-status\" class=\"btn btn--secondary btn--m\" target=\"\">\u67e5\u770b\u8bc1\u4e66\u6709\u6548\u6027<\/a>\n                      <\/div>\n\n        \n      <\/div>\n\n    <\/div>\n  <\/div>\n\n<\/section>\n\n\n<section id=\"step-by-step\" class=\"step-by-step acf-block acf-block-id-block_f4b057f62f0b241ff8054f572c58a4ca \">\n  <div class=\"step-by-step__image\">\n    <img decoding=\"async\" src=\"https:\/\/eucert.pl\/app\/uploads\/2023\/08\/rek1-scaled.webp\" loading=\"lazy\" alt=\"\">\n    <div class=\"glass\"><\/div>\n  <\/div>\n\n  <div class=\"container\">\n    <div class=\"step-by-step__content\">\n\n          <div class=\"step-by-step__content__text\" id=\"step-by-step-text\">\n            <h3 class=\"text text--s text--semibold text--primary500 text--uppercase\">\u4e00\u6b65\u4e00\u6b65<\/h3>\n            <h2 class=\"title title--2 title--regular title--primary500\">\u8ba4\u8bc1\u6d41\u7a0b<strong>\u5982\u4f55\u8fdb\u884c\uff1f<\/strong><\/h2>\n          <\/div>\n\n          <div class=\"process\">\n\n            \n              <div class=\"process__item\">\n\n                <div class=\"process__item__icon\">\n                  <img decoding=\"async\" src=\"https:\/\/eucert.pl\/app\/uploads\/2023\/08\/rei1.svg\" alt=\"\">\n                <\/div>\n\n                <h4 class=\"text text--xl text--medium text--primary500 text--lh120 mobile-no-br\">\u63d0\u4ea4\u7533\u8bf7\u53ca\u6240\u9700\u9644\u4ef6\uff1a<\/h4>\n\n                <p class=\"text text--m text--light\">\u7533\u8bf7\u4eba\u63d0\u4ea4\u6b63\u5f0f\u7533\u8bf7\u53ca\u6587\u4ef6.<\/p>\n\n              <\/div>\n\n                              <div class=\"process__arrow\">\n                  <svg xmlns=\"http:\/\/www.w3.org\/2000\/svg\" width=\"41\" height=\"16\" class=\"right\" viewBox=\"0 0 41 16\" fill=\"none\">\n                    <path d=\"M40.7071 8.70711C41.0976 8.31658 41.0976 7.68342 40.7071 7.29289L34.3431 0.928932C33.9526 0.538408 33.3195 0.538408 32.9289 0.928932C32.5384 1.31946 32.5384 1.95262 32.9289 2.34315L38.5858 8L32.9289 13.6569C32.5384 14.0474 32.5384 14.6805 32.9289 15.0711C33.3195 15.4616 33.9526 15.4616 34.3431 15.0711L40.7071 8.70711ZM0 9H40V7H0V9Z\" fill=\"#2CB5CB\"\/>\n                  <\/svg>\n\n                  <svg xmlns=\"http:\/\/www.w3.org\/2000\/svg\" width=\"16\" height=\"25\" class=\"down\" viewBox=\"0 0 16 25\" fill=\"none\">\n                    <path d=\"M7.29289 24.7071C7.68342 25.0976 8.31658 25.0976 8.70711 24.7071L15.0711 18.3431C15.4616 17.9526 15.4616 17.3195 15.0711 16.9289C14.6805 16.5384 14.0474 16.5384 13.6569 16.9289L8 22.5858L2.34315 16.9289C1.95262 16.5384 1.31946 16.5384 0.928932 16.9289C0.538408 17.3195 0.538408 17.9526 0.928932 18.3431L7.29289 24.7071ZM7 0L7 24H9L9 0L7 0Z\" fill=\"#2CB5CB\"\/>\n                  <\/svg>\n                <\/div>\n              \n            \n              <div class=\"process__item\">\n\n                <div class=\"process__item__icon\">\n                  <img decoding=\"async\" src=\"https:\/\/eucert.pl\/app\/uploads\/2023\/08\/rei2.svg\" alt=\"\">\n                <\/div>\n\n                <h4 class=\"text text--xl text--medium text--primary500 text--lh120 mobile-no-br\">\u5ba1\u6838\u7533\u8bf7\u5e76\u7b7e\u7f72\u8ba4\u8bc1\u534f\u8bae<br \/><\/h4>\n\n                <p class=\"text text--m text--light\">\u9a8c\u8bc1\u5408\u89c4\u6027\u5e76\u7b7e\u7f72\u8ba4\u8bc1\u534f\u8bae<\/p>\n\n              <\/div>\n\n                              <div class=\"process__arrow\">\n                  <svg xmlns=\"http:\/\/www.w3.org\/2000\/svg\" width=\"41\" height=\"16\" class=\"right\" viewBox=\"0 0 41 16\" fill=\"none\">\n                    <path d=\"M40.7071 8.70711C41.0976 8.31658 41.0976 7.68342 40.7071 7.29289L34.3431 0.928932C33.9526 0.538408 33.3195 0.538408 32.9289 0.928932C32.5384 1.31946 32.5384 1.95262 32.9289 2.34315L38.5858 8L32.9289 13.6569C32.5384 14.0474 32.5384 14.6805 32.9289 15.0711C33.3195 15.4616 33.9526 15.4616 34.3431 15.0711L40.7071 8.70711ZM0 9H40V7H0V9Z\" fill=\"#2CB5CB\"\/>\n                  <\/svg>\n\n                  <svg xmlns=\"http:\/\/www.w3.org\/2000\/svg\" width=\"16\" height=\"25\" class=\"down\" viewBox=\"0 0 16 25\" fill=\"none\">\n                    <path d=\"M7.29289 24.7071C7.68342 25.0976 8.31658 25.0976 8.70711 24.7071L15.0711 18.3431C15.4616 17.9526 15.4616 17.3195 15.0711 16.9289C14.6805 16.5384 14.0474 16.5384 13.6569 16.9289L8 22.5858L2.34315 16.9289C1.95262 16.5384 1.31946 16.5384 0.928932 16.9289C0.538408 17.3195 0.538408 17.9526 0.928932 18.3431L7.29289 24.7071ZM7 0L7 24H9L9 0L7 0Z\" fill=\"#2CB5CB\"\/>\n                  <\/svg>\n                <\/div>\n              \n            \n              <div class=\"process__item\">\n\n                <div class=\"process__item__icon\">\n                  <img decoding=\"async\" src=\"https:\/\/eucert.pl\/app\/uploads\/2023\/08\/rei3.svg\" alt=\"\">\n                <\/div>\n\n                <h4 class=\"text text--xl text--medium text--primary500 text--lh120 mobile-no-br\">\u6587\u4ef6\u8bc4\u4f30\u548c\u5ba1\u67e5\uff08\u5305\u62ec\u5fc5\u8981\u7684\u8bd5\u9a8c\u6d4b\u8bd5\uff09<\/h4>\n\n                <p class=\"text text--m text--light\">\u5206\u6790\u548c\u8bc4\u4f30\u5df2\u5b8c\u6210\u6587\u4ef6\u7684\u5b8c\u6574\u6027\u548c\u4e00\u81f4\u6027<\/p>\n\n              <\/div>\n\n                              <div class=\"process__arrow\">\n                  <svg xmlns=\"http:\/\/www.w3.org\/2000\/svg\" width=\"41\" height=\"16\" class=\"right\" viewBox=\"0 0 41 16\" fill=\"none\">\n                    <path d=\"M40.7071 8.70711C41.0976 8.31658 41.0976 7.68342 40.7071 7.29289L34.3431 0.928932C33.9526 0.538408 33.3195 0.538408 32.9289 0.928932C32.5384 1.31946 32.5384 1.95262 32.9289 2.34315L38.5858 8L32.9289 13.6569C32.5384 14.0474 32.5384 14.6805 32.9289 15.0711C33.3195 15.4616 33.9526 15.4616 34.3431 15.0711L40.7071 8.70711ZM0 9H40V7H0V9Z\" fill=\"#2CB5CB\"\/>\n                  <\/svg>\n\n                  <svg xmlns=\"http:\/\/www.w3.org\/2000\/svg\" width=\"16\" height=\"25\" class=\"down\" viewBox=\"0 0 16 25\" fill=\"none\">\n                    <path d=\"M7.29289 24.7071C7.68342 25.0976 8.31658 25.0976 8.70711 24.7071L15.0711 18.3431C15.4616 17.9526 15.4616 17.3195 15.0711 16.9289C14.6805 16.5384 14.0474 16.5384 13.6569 16.9289L8 22.5858L2.34315 16.9289C1.95262 16.5384 1.31946 16.5384 0.928932 16.9289C0.538408 17.3195 0.538408 17.9526 0.928932 18.3431L7.29289 24.7071ZM7 0L7 24H9L9 0L7 0Z\" fill=\"#2CB5CB\"\/>\n                  <\/svg>\n                <\/div>\n              \n            \n              <div class=\"process__item\">\n\n                <div class=\"process__item__icon\">\n                  <img decoding=\"async\" src=\"https:\/\/eucert.pl\/app\/uploads\/2023\/08\/rei4.svg\" alt=\"\">\n                <\/div>\n\n                <h4 class=\"text text--xl text--medium text--primary500 text--lh120 mobile-no-br\">\u8ba4\u8bc1\u51b3\u5b9a<br \/><\/h4>\n\n                <p class=\"text text--m text--light\">\u505a\u51fa\u6700\u7ec8\u8ba4\u8bc1\u51b3\u5b9a<\/p>\n\n              <\/div>\n\n                              <div class=\"process__arrow\">\n                  <svg xmlns=\"http:\/\/www.w3.org\/2000\/svg\" width=\"41\" height=\"16\" class=\"right\" viewBox=\"0 0 41 16\" fill=\"none\">\n                    <path d=\"M40.7071 8.70711C41.0976 8.31658 41.0976 7.68342 40.7071 7.29289L34.3431 0.928932C33.9526 0.538408 33.3195 0.538408 32.9289 0.928932C32.5384 1.31946 32.5384 1.95262 32.9289 2.34315L38.5858 8L32.9289 13.6569C32.5384 14.0474 32.5384 14.6805 32.9289 15.0711C33.3195 15.4616 33.9526 15.4616 34.3431 15.0711L40.7071 8.70711ZM0 9H40V7H0V9Z\" fill=\"#2CB5CB\"\/>\n                  <\/svg>\n\n                  <svg xmlns=\"http:\/\/www.w3.org\/2000\/svg\" width=\"16\" height=\"25\" class=\"down\" viewBox=\"0 0 16 25\" fill=\"none\">\n                    <path d=\"M7.29289 24.7071C7.68342 25.0976 8.31658 25.0976 8.70711 24.7071L15.0711 18.3431C15.4616 17.9526 15.4616 17.3195 15.0711 16.9289C14.6805 16.5384 14.0474 16.5384 13.6569 16.9289L8 22.5858L2.34315 16.9289C1.95262 16.5384 1.31946 16.5384 0.928932 16.9289C0.538408 17.3195 0.538408 17.9526 0.928932 18.3431L7.29289 24.7071ZM7 0L7 24H9L9 0L7 0Z\" fill=\"#2CB5CB\"\/>\n                  <\/svg>\n                <\/div>\n              \n            \n              <div class=\"process__item\">\n\n                <div class=\"process__item__icon\">\n                  <img decoding=\"async\" src=\"https:\/\/eucert.pl\/app\/uploads\/2023\/08\/rei5.svg\" alt=\"\">\n                <\/div>\n\n                <h4 class=\"text text--xl text--medium text--primary500 text--lh120 mobile-no-br\">\u8bc1\u4e66\u7684\u76d1\u7763<\/h4>\n\n                <p class=\"text text--m text--light\">\u786e\u4fdd\u5145\u5206\u7684\u8ba4\u8bc1\u540e\u76d1\u7763\u548c\u68c0\u6d4b<\/p>\n\n              <\/div>\n\n              \n            \n          <\/div>\n\n          <div class=\"step-by-step__content__boxes\">\n\n            \n              <a href=\"https:\/\/eucert.pl\/zh-hans\/oferta\/%e8%87%aa%e6%84%bf%e6%80%a7%e4%ba%a7%e5%93%81%e8%ae%a4%e8%af%81\/\" class=\"box box--white box--shadow box--steps\">\n                <div class=\"box__content\">\n                  <img decoding=\"async\" src=\"https:\/\/eucert.pl\/app\/uploads\/2023\/08\/boxic2.svg\" alt=\"\" loading=\"lazy\">\n                  <h3 class=\"title title--6 title--medium title--white\">\u81ea\u613f\u6027\u4ea7\u54c1\u8ba4\u8bc1<\/h3>\n                <\/div>\n                <div class=\"box__check\">\n                  <span>\u67e5\u770b<\/span>\n                  <i class=\"fa far fa-arrow-right-long\"><\/i>\n                <\/div>\n              <\/a>\n\n            \n              <a href=\"https:\/\/eucert.pl\/zh-hans\/oferta\/%e7%ae%a1%e7%90%86%e4%bd%93%e7%b3%bb%e8%ae%a4%e8%af%81\/\" class=\"box box--white box--shadow box--steps\">\n                <div class=\"box__content\">\n                  <img decoding=\"async\" src=\"https:\/\/eucert.pl\/app\/uploads\/2023\/10\/managementsvg.svg\" alt=\"\" loading=\"lazy\">\n                  <h3 class=\"title title--6 title--medium title--white\">\u7ba1\u7406\u4f53\u7cfb\u8ba4\u8bc1<\/h3>\n                <\/div>\n                <div class=\"box__check\">\n                  <span>\u67e5\u770b<\/span>\n                  <i class=\"fa far fa-arrow-right-long\"><\/i>\n                <\/div>\n              <\/a>\n\n            \n              <a href=\"https:\/\/eucert.pl\/zh-hans\/oferta\/%e5%ae%9e%e9%aa%8c%e5%ae%a4%e6%a3%80%e6%b5%8b\/\" class=\"box box--white box--shadow box--steps\">\n                <div class=\"box__content\">\n                  <img decoding=\"async\" src=\"https:\/\/eucert.pl\/app\/uploads\/2023\/10\/lab.svg\" alt=\"\" loading=\"lazy\">\n                  <h3 class=\"title title--6 title--medium title--white\">\u5b9e\u9a8c\u5ba4\u68c0\u6d4b<\/h3>\n                <\/div>\n                <div class=\"box__check\">\n                  <span>\u67e5\u770b<\/span>\n                  <i class=\"fa far fa-arrow-right-long\"><\/i>\n                <\/div>\n              <\/a>\n\n            \n              <a href=\"https:\/\/eucert.pl\/zh-hans\/oferta\/%e7%84%8a%e6%8e%a5%e5%b7%a5%e8%89%ba%e8%ae%a4%e8%af%81\/\" class=\"box box--white box--shadow box--steps\">\n                <div class=\"box__content\">\n                  <img decoding=\"async\" src=\"https:\/\/eucert.pl\/app\/uploads\/2023\/10\/welding2.svg\" alt=\"\" loading=\"lazy\">\n                  <h3 class=\"title title--6 title--medium title--white\">\u710a\u63a5\u5de5\u827a\u8ba4\u8bc1<\/h3>\n                <\/div>\n                <div class=\"box__check\">\n                  <span>\u67e5\u770b<\/span>\n                  <i class=\"fa far fa-arrow-right-long\"><\/i>\n                <\/div>\n              <\/a>\n\n            \n              <a href=\"https:\/\/eucert.pl\/zh-hans\/oferta\/%e5%ae%a1%e6%89%b9%e4%b8%8d%e5%8f%af%e5%88%86%e7%a6%bb%e8%bf%9e%e6%8e%a5%e7%9a%84%e6%93%8d%e4%bd%9c%e7%a8%8b%e5%ba%8f\/\" class=\"box box--white box--shadow box--steps\">\n                <div class=\"box__content\">\n                  <img decoding=\"async\" src=\"https:\/\/eucert.pl\/app\/uploads\/2023\/10\/welding.svg\" alt=\"\" loading=\"lazy\">\n                  <h3 class=\"title title--6 title--medium title--white\">\u6279\u51c6\u4e0d\u53ef\u5206\u79bb\u8fde\u63a5\u7684\u64cd\u4f5c\u7a0b\u5e8f<\/h3>\n                <\/div>\n                <div class=\"box__check\">\n                  <span>\u67e5\u770b<\/span>\n                  <i class=\"fa far fa-arrow-right-long\"><\/i>\n                <\/div>\n              <\/a>\n\n            \n              <a href=\"https:\/\/eucert.pl\/zh-hans\/oferta\/%e7%84%8a%e6%8e%a5%e4%ba%ba%e5%91%98%e8%ae%a4%e8%af%81\/\" class=\"box box--white box--shadow box--steps\">\n                <div class=\"box__content\">\n                  <img decoding=\"async\" src=\"https:\/\/eucert.pl\/app\/uploads\/2023\/10\/staff-1.svg\" alt=\"\" loading=\"lazy\">\n                  <h3 class=\"title title--6 title--medium title--white\">\u710a\u63a5\u4eba\u5458\u8ba4\u8bc1<\/h3>\n                <\/div>\n                <div class=\"box__check\">\n                  <span>\u67e5\u770b<\/span>\n                  <i class=\"fa far fa-arrow-right-long\"><\/i>\n                <\/div>\n              <\/a>\n\n            \n              <a href=\"https:\/\/eucert.pl\/zh-hans\/oferta\/%e4%ba%a7%e5%93%81%e5%90%88%e6%a0%bc%e8%af%84%e5%ae%9a\/\" class=\"box box--white box--shadow box--steps\">\n                <div class=\"box__content\">\n                  <img decoding=\"async\" src=\"https:\/\/eucert.pl\/app\/uploads\/2023\/10\/products.svg\" alt=\"\" loading=\"lazy\">\n                  <h3 class=\"title title--6 title--medium title--white\">\u4ea7\u54c1\u5408\u683c\u8bc4\u5b9a<\/h3>\n                <\/div>\n                <div class=\"box__check\">\n                  <span>\u67e5\u770b<\/span>\n                  <i class=\"fa far fa-arrow-right-long\"><\/i>\n                <\/div>\n              <\/a>\n\n            \n          <\/div>\n\n    <\/div>\n  <\/div>\n<\/section>\n\n<section id=\"\" class=\"benefits acf-block acf-block-id-block_161edd9e12d3b9cd79a93583bc6245bc \">\n  <div class=\"container\">\n\n    <div class=\"benefits__text\">\n      <h3 class=\"text text--s text--semibold text--uppercase text--white\">\u60a8\u503c\u5f97\u4fe1\u8d56\u7684\u5408\u4f5c\u4f19\u4f34<\/h3>\n      <h2 class=\"title title--2 title--regular title--white\">\u6211\u4eec\u5df2\u51c6\u5907\u597d\u52a9\u60a8\u6210\u529f<\/h2>\n      <p class=\"text text--xl text--light text--white\">\u8ba4\u8bc1\u4e0d\u4ec5\u662f\u5bf9\u7b26\u5408\u7279\u5b9a\u6807\u51c6\u7684\u786e\u8ba4\uff0c\u4e5f\u662f\u4e3a\u60a8\u7684\u54c1\u724c\u5efa\u7acb\u4fe1\u4efb\u548c\u4fe1\u8a89\u7684\u5de5\u5177\u3002 \u83b7\u5f97\u8ba4\u8bc1\u662f\u5bf9\u60a8\u7684\u4ea7\u54c1\u6216\u670d\u52a1\u7684\u9ad8\u8d28\u91cf\u7684\u8ba4\u53ef\uff0c\u8fd9\u610f\u5473\u7740\u66f4\u5927\u7684\u5ba2\u6237\u4fe1\u4efb\u4ee5\u53ca\u8d62\u5f97\u65b0\u5408\u540c\u548c\u4e1a\u52a1\u5408\u4f5c\u4f19\u4f34\u5173\u7cfb\u7684\u673a\u4f1a\u3002 EU-Cert \u63d0\u4f9b\u7684\u8ba4\u8bc1\u5e26\u6765\u8bb8\u591a\u597d\u5904\uff0c\u5305\u62ec\uff1a<\/p>\n    <\/div>\n\n    <ul class=\"benefits__list\">\n\n      \n        <li class=\"text text--xl text--light text--white\"><strong>\u589e\u5f3a\u5ba2\u6237\u4fe1\u5fc3\uff1a<\/strong>EU-Cert \u9881\u53d1\u7684\u8bc1\u4e66\u786e\u8ba4\u60a8\u7684\u4ea7\u54c1\u6216\u7ba1\u7406\u4f53\u7cfb\u7b26\u5408\u8d28\u91cf\u3001\u5b89\u5168\u548c\u6cd5\u89c4\u9075\u4ece\u6027\u7684\u9ad8\u6807\u51c6\u3002 \u8fd9\u53ef\u4ee5\u5efa\u7acb\u5ba2\u6237\u7684\u4fe1\u4efb\u5e76\u63d0\u9ad8\u60a8\u5728\u5e02\u573a\u4e0a\u7684\u4fe1\u8a89\u3002<\/li>\n\n      \n        <li class=\"text text--xl text--light text--white\"><strong>\u7b26\u5408\u5e02\u573a\u8981\u6c42\uff1a<\/strong>EU-Cert \u8ba4\u8bc1\u53ef\u786e\u4fdd\u60a8\u7684\u4ea7\u54c1\u6216\u7ba1\u7406\u4f53\u7cfb\u7b26\u5408\u9002\u7528\u7684\u6cd5\u89c4\u548c\u8981\u6c42 \u8fd9\u53ef\u4ee5\u5efa\u7acb\u5ba2\u6237\u7684\u4fe1\u4efb\u5e76\u63d0\u9ad8\u60a8\u5728\u5e02\u573a\u4e0a\u7684\u4fe1\u8a89\u3002<\/li>\n\n      \n        <li class=\"text text--xl text--light text--white\"><strong>\u63d0\u5347\u60a8\u7684\u7ade\u4e89\u4f18\u52bf<\/strong>\uff1a\u83b7\u5f97\u8ba4\u8bc1\u53ef\u4e3a\u60a8\u5e26\u6765\u7ade\u4e89\u4f18\u52bf\u3002 \u60a8\u53ef\u4ee5\u5ba3\u4f20\u60a8\u7684\u4ea7\u54c1\u6216\u7ba1\u7406\u4f53\u7cfb\u5df2\u901a\u8fc7\u8ba4\u8bc1\u5e76\u7b26\u5408\u6700\u9ad8\u6807\u51c6\uff0c\u4ece\u800c\u5438\u5f15\u5ba2\u6237\u5e76\u5de9\u56fa\u60a8\u5728\u5e02\u573a\u4e2d\u7684\u5730\u4f4d\u3002<\/li>\n\n      \n        <li class=\"text text--xl text--light text--white\"><strong>\u63d0\u9ad8\u8d28\u91cf\u548c\u6548\u7387\uff1a<\/strong>EU-Cert \u8ba4\u8bc1\u6d41\u7a0b\u4f1a\u63d0\u793a\u60a8\u5206\u6790\u548c\u6539\u8fdb\u7ec4\u7ec7\u7684\u6d41\u7a0b\u548c\u5b9e\u8df5 \u56e0\u6b64\uff0c\u60a8\u5c06\u83b7\u5f97\u6301\u7eed\u63d0\u9ad8\u8d28\u91cf\u3001\u6548\u7387\u548c\u521b\u65b0\u7684\u5de5\u5177<\/li>\n\n      \n    <\/ul>\n\n  <\/div>\n\n  <div class=\"benefits__images\">\n\n    <div class=\"benefits__images__item small\">\n      <img decoding=\"async\" src=\"https:\/\/eucert.pl\/app\/uploads\/2023\/08\/ben1-992x456-c-default.webp\" alt=\"\" srcset=\"https:\/\/eucert.pl\/app\/uploads\/2023\/08\/ben1-992x456-c-default.webp 1x, https:\/\/eucert.pl\/app\/uploads\/2023\/08\/ben1-1984x912-c-default.webp 2x\" loading=\"lazy\">\n    <\/div>\n\n    <div class=\"benefits__images__item big\">\n      <img decoding=\"async\" src=\"https:\/\/eucert.pl\/app\/uploads\/2023\/08\/ben2-1824x456-c-default.webp\" alt=\"\" srcset=\"https:\/\/eucert.pl\/app\/uploads\/2023\/08\/ben2-1824x456-c-default.webp 1x, https:\/\/eucert.pl\/app\/uploads\/2023\/08\/ben2-3652x912-c-default.webp 2x\" loading=\"lazy\">\n    <\/div>\n\n  <\/div>\n<\/section>\n\n\n\n\n<section id=\"certificate-status\" class=\"certificate-status acf-block acf-block-id-block_29ff33a0ff82bf95e29fee198181a111 \">\n  <div class=\"container\">\n\n    <div class=\"certificate-status__text\">\n      <h3 class=\"text text--s text--semibold text--uppercase text--primary500\">\u770b\u770b\u6709\u591a\u7b80\u5355<\/h3>\n      <h2 class=\"title title--2 title--regular title--primary500\">\u67e5\u770b\u8bc1\u4e66 <strong>\u6709\u6548\u6027<\/strong><\/h2>\n    <\/div>\n\n    <form class=\"form certificate-status__form\" method=\"GET\">\n      <div class=\"form__item  \" >\n  <input required value=\"\" type=\"text\" name=\"cert-number\" class=\"form__input form__input--dark \" data-validate-input   placeholder=\".\">\n  <label for=\"text\" class=\"form__input-label form__input-label--dark\">\n    <span class=\"content-name content-name--dark\">\n      \u8f93\u5165\u8bc1\u4e66\u7f16\u53f7\n    <\/span>\n    <p class=\"form__input-label__error\"><\/p>\n  <\/label>\n<\/div>\n            \n\n            \n      <button type=\"submit\" class=\"btn btn--primary btn--m\">\u67e5\u770b<\/button>\n    <\/form>\n\n  <\/div>\n<\/section>\n\n<section id=\"\" class=\"cta acf-block acf-block-id-block_d2d65d8bda865e03e39e1fd31171e3cd \">\n  <div class=\"cta__video\">\n    <video src=\"https:\/\/eucert.pl\/app\/uploads\/2023\/08\/video_compressed.mp4\" autoplay muted loop loading=\"lazy\"><\/video>\n  <\/div>\n  <div class=\"cta__container\">\n\n    <h2 class=\"title title--2 title--regular title--white\">\u4e86\u89e3\u6211\u4eec\u7684\u5b8c\u6574 <br \/>\r\n\u62a5\u4ef7\u5e76\u7acb\u5373\u5f00\u59cb\u5408\u4f5c\uff01<\/h2>\n\n    \n      <a href=\"https:\/\/eucert.pl\/zh-hans\/oferta\/\" target=\"\" class=\"btn btn--white btn--l\">\u8df3\u8f6c\u5230\u62a5\u4ef7<\/a>\n\n    \n  <\/div>\n<\/section>","protected":false},"excerpt":{"rendered":"","protected":false},"author":1,"featured_media":0,"parent":0,"menu_order":0,"comment_status":"closed","ping_status":"closed","template":"","meta":{"footnotes":""},"acf":[],"yoast_head":"<!-- This site is optimized with the Yoast SEO plugin v21.3 - https:\/\/yoast.com\/wordpress\/plugins\/seo\/ -->\n<title>\u6b27\u76df\u8ba4\u8bc1 - EU-Cert - Wspieramy Tw\u00f3j Sukces Zgodno\u015bci\u0105<\/title>\n<meta name=\"robots\" content=\"index, follow, max-snippet:-1, max-image-preview:large, max-video-preview:-1\" \/>\n<link rel=\"canonical\" href=\"https:\/\/eucert.pl\/zh-hans\/\u6b27\u76df\u8ba4\u8bc1\/\" \/>\n<meta property=\"og:locale\" content=\"zh_CN\" \/>\n<meta property=\"og:type\" content=\"article\" \/>\n<meta property=\"og:title\" content=\"\u6b27\u76df\u8ba4\u8bc1 - EU-Cert - Wspieramy Tw\u00f3j Sukces Zgodno\u015bci\u0105\" \/>\n<meta property=\"og:url\" content=\"https:\/\/eucert.pl\/zh-hans\/\u6b27\u76df\u8ba4\u8bc1\/\" \/>\n<meta property=\"og:site_name\" content=\"EU-Cert - Wspieramy Tw\u00f3j Sukces Zgodno\u015bci\u0105\" \/>\n<meta property=\"article:modified_time\" content=\"2024-01-25T07:09:48+00:00\" \/>\n<meta name=\"twitter:card\" content=\"summary_large_image\" \/>\n<script type=\"application\/ld+json\" class=\"yoast-schema-graph\">{\"@context\":\"https:\/\/schema.org\",\"@graph\":[{\"@type\":\"WebPage\",\"@id\":\"https:\/\/eucert.pl\/zh-hans\/%e6%ac%a7%e7%9b%9f%e8%ae%a4%e8%af%81\/\",\"url\":\"https:\/\/eucert.pl\/zh-hans\/%e6%ac%a7%e7%9b%9f%e8%ae%a4%e8%af%81\/\",\"name\":\"\u6b27\u76df\u8ba4\u8bc1 - EU-Cert - Wspieramy Tw\u00f3j Sukces Zgodno\u015bci\u0105\",\"isPartOf\":{\"@id\":\"https:\/\/eucert.pl\/#website\"},\"datePublished\":\"2023-08-30T06:40:59+00:00\",\"dateModified\":\"2024-01-25T07:09:48+00:00\",\"breadcrumb\":{\"@id\":\"https:\/\/eucert.pl\/zh-hans\/%e6%ac%a7%e7%9b%9f%e8%ae%a4%e8%af%81\/#breadcrumb\"},\"inLanguage\":\"zh-CN\",\"potentialAction\":[{\"@type\":\"ReadAction\",\"target\":[\"https:\/\/eucert.pl\/zh-hans\/%e6%ac%a7%e7%9b%9f%e8%ae%a4%e8%af%81\/\"]}]},{\"@type\":\"BreadcrumbList\",\"@id\":\"https:\/\/eucert.pl\/zh-hans\/%e6%ac%a7%e7%9b%9f%e8%ae%a4%e8%af%81\/#breadcrumb\",\"itemListElement\":[{\"@type\":\"ListItem\",\"position\":1,\"name\":\"Strona g\u0142\u00f3wna\",\"item\":\"https:\/\/eucert.pl\/zh-hans\/\"},{\"@type\":\"ListItem\",\"position\":2,\"name\":\"\u6b27\u76df\u8ba4\u8bc1\"}]},{\"@type\":\"WebSite\",\"@id\":\"https:\/\/eucert.pl\/#website\",\"url\":\"https:\/\/eucert.pl\/\",\"name\":\"EU-Cert - Wspieramy Tw\u00f3j Sukces Zgodno\u015bci\u0105\",\"description\":\"\",\"potentialAction\":[{\"@type\":\"SearchAction\",\"target\":{\"@type\":\"EntryPoint\",\"urlTemplate\":\"https:\/\/eucert.pl\/?s={search_term_string}\"},\"query-input\":\"required name=search_term_string\"}],\"inLanguage\":\"zh-CN\"}]}<\/script>\n<!-- \/ Yoast SEO plugin. -->","yoast_head_json":{"title":"\u6b27\u76df\u8ba4\u8bc1 - EU-Cert - Wspieramy Tw\u00f3j Sukces Zgodno\u015bci\u0105","robots":{"index":"index","follow":"follow","max-snippet":"max-snippet:-1","max-image-preview":"max-image-preview:large","max-video-preview":"max-video-preview:-1"},"canonical":"https:\/\/eucert.pl\/zh-hans\/\u6b27\u76df\u8ba4\u8bc1\/","og_locale":"zh_CN","og_type":"article","og_title":"\u6b27\u76df\u8ba4\u8bc1 - EU-Cert - Wspieramy Tw\u00f3j Sukces Zgodno\u015bci\u0105","og_url":"https:\/\/eucert.pl\/zh-hans\/\u6b27\u76df\u8ba4\u8bc1\/","og_site_name":"EU-Cert - Wspieramy Tw\u00f3j Sukces Zgodno\u015bci\u0105","article_modified_time":"2024-01-25T07:09:48+00:00","twitter_card":"summary_large_image","schema":{"@context":"https:\/\/schema.org","@graph":[{"@type":"WebPage","@id":"https:\/\/eucert.pl\/zh-hans\/%e6%ac%a7%e7%9b%9f%e8%ae%a4%e8%af%81\/","url":"https:\/\/eucert.pl\/zh-hans\/%e6%ac%a7%e7%9b%9f%e8%ae%a4%e8%af%81\/","name":"\u6b27\u76df\u8ba4\u8bc1 - EU-Cert - Wspieramy Tw\u00f3j Sukces Zgodno\u015bci\u0105","isPartOf":{"@id":"https:\/\/eucert.pl\/#website"},"datePublished":"2023-08-30T06:40:59+00:00","dateModified":"2024-01-25T07:09:48+00:00","breadcrumb":{"@id":"https:\/\/eucert.pl\/zh-hans\/%e6%ac%a7%e7%9b%9f%e8%ae%a4%e8%af%81\/#breadcrumb"},"inLanguage":"zh-CN","potentialAction":[{"@type":"ReadAction","target":["https:\/\/eucert.pl\/zh-hans\/%e6%ac%a7%e7%9b%9f%e8%ae%a4%e8%af%81\/"]}]},{"@type":"BreadcrumbList","@id":"https:\/\/eucert.pl\/zh-hans\/%e6%ac%a7%e7%9b%9f%e8%ae%a4%e8%af%81\/#breadcrumb","itemListElement":[{"@type":"ListItem","position":1,"name":"Strona g\u0142\u00f3wna","item":"https:\/\/eucert.pl\/zh-hans\/"},{"@type":"ListItem","position":2,"name":"\u6b27\u76df\u8ba4\u8bc1"}]},{"@type":"WebSite","@id":"https:\/\/eucert.pl\/#website","url":"https:\/\/eucert.pl\/","name":"EU-Cert - Wspieramy Tw\u00f3j Sukces Zgodno\u015bci\u0105","description":"","potentialAction":[{"@type":"SearchAction","target":{"@type":"EntryPoint","urlTemplate":"https:\/\/eucert.pl\/?s={search_term_string}"},"query-input":"required name=search_term_string"}],"inLanguage":"zh-CN"}]}},"_links":{"self":[{"href":"https:\/\/eucert.pl\/zh-hans\/wp-json\/wp\/v2\/pages\/3095"}],"collection":[{"href":"https:\/\/eucert.pl\/zh-hans\/wp-json\/wp\/v2\/pages"}],"about":[{"href":"https:\/\/eucert.pl\/zh-hans\/wp-json\/wp\/v2\/types\/page"}],"author":[{"embeddable":true,"href":"https:\/\/eucert.pl\/zh-hans\/wp-json\/wp\/v2\/users\/1"}],"replies":[{"embeddable":true,"href":"https:\/\/eucert.pl\/zh-hans\/wp-json\/wp\/v2\/comments?post=3095"}],"version-history":[{"count":16,"href":"https:\/\/eucert.pl\/zh-hans\/wp-json\/wp\/v2\/pages\/3095\/revisions"}],"predecessor-version":[{"id":5263,"href":"https:\/\/eucert.pl\/zh-hans\/wp-json\/wp\/v2\/pages\/3095\/revisions\/5263"}],"wp:attachment":[{"href":"https:\/\/eucert.pl\/zh-hans\/wp-json\/wp\/v2\/media?parent=3095"}],"curies":[{"name":"wp","href":"https:\/\/api.w.org\/{rel}","templated":true}]}}