{"id":3091,"date":"2023-08-08T12:59:48","date_gmt":"2023-08-08T12:59:48","guid":{"rendered":"https:\/\/eucert.pl\/%e8%ae%a4%e8%af%81\/"},"modified":"2026-04-14T21:42:32","modified_gmt":"2026-04-14T21:42:32","slug":"%e8%ae%a4%e8%af%81","status":"publish","type":"page","link":"https:\/\/eucert.pl\/zh-hans\/%e8%ae%a4%e8%af%81\/","title":{"rendered":"\u8ba4\u8bc1"},"content":{"rendered":"<section id=\"\" class=\"heading-with-text acf-block acf-block-id-block_a26e0cddca56e3afd14f5d55b82e0ad0 \">\n  <div class=\"container\">\n\n          <div class=\"row\">\n\n        <div class=\"col-12 col-lg-6\">\n          <h1 class=\"title title--1 title--medium\">\u6211\u4eec<strong>\u7684\u8ba4\u8bc1<\/strong><\/h1>\n        <\/div>\n\n        <div class=\"col-12 col-lg-6\">\n          <div class=\"wysiwyg\">\n            <p>\u6b22\u8fce\u8bbf\u95ee\u6211\u4eec\u7684\u8ba4\u8bc1\u9875\u9762\u3002 \u6211\u4eec\u4e3a\u81ea\u5df1\u7684\u56e2\u961f\u548c\u4ed8\u51fa\u7684\u52aa\u529b\u611f\u5230\u81ea\u8c6a<br \/>\n\u63d0\u4f9b\u6700\u9ad8\u8d28\u91cf\u7684\u8ba4\u8bc1\u548c\u5408\u683c\u8bc4\u5b9a\u670d\u52a1\u3002<\/p>\n<p>&nbsp;<\/p>\n<p>\u6211\u4eec\u5e0c\u671b\u4e0e\u60a8\u5206\u4eab\u6709\u5173\u6211\u4eec\u4e09\u9879\u91cd\u8981\u8ba4\u8bc1\u7684\u4fe1\u606f\uff1a AC&nbsp;230\u3001AC 231 \u548c AK 042\u3002<\/p>\n<p>&nbsp;<\/p>\n<p>\u6211\u4eec\u7684\u5355\u4f4d\u5df2\u5411\u6b27<a href=\"https:\/\/webgate.ec.europa.eu\/single-market-compliance-space\/#\/notified-bodies\/notifications?organizationRefeCd=NANDO_INPUT_266179&amp;filter=notificationStatusId:1\" target=\"_blank\" rel=\"noopener\">\u76df\u59d4\u5458\u4f1a\u53d1\u51fa\u901a\u77e5 &#8211; NB&nbsp;2984<\/a><\/p>\n<p>&nbsp;<\/p>\n          <\/div>\n        <\/div>\n\n      <\/div>\n\n    \n  <\/div>\n<\/section>\n\n<section id=\"\" class=\"two-images acf-block acf-block-id-block_7cfdeba299b8f54ce7ece6b393dc16c6 \">\n\n  <div class=\"two-images__container\">\n\n    <div class=\"two-images__container__item small\">\n      <img decoding=\"async\" src=\"https:\/\/eucert.pl\/app\/uploads\/2023\/08\/pt22-992x456-c-default.webp\" alt=\"\" srcset=\"https:\/\/eucert.pl\/app\/uploads\/2023\/08\/pt22-992x456-c-default.webp 1x, https:\/\/eucert.pl\/app\/uploads\/2023\/08\/pt22-1984x912-c-default.webp 2x\" loading=\"lazy\">\n    <\/div>\n\n    <div class=\"two-images__container__item big\">\n      <img decoding=\"async\" src=\"https:\/\/eucert.pl\/app\/uploads\/2023\/08\/pt1-1824x456-c-default.webp\" alt=\"\" srcset=\"https:\/\/eucert.pl\/app\/uploads\/2023\/08\/pt1-1824x456-c-default.webp 1x, https:\/\/eucert.pl\/app\/uploads\/2023\/08\/pt1-3652x912-c-default.webp 2x\" loading=\"lazy\">\n    <\/div>\n\n  <\/div>\n\n<\/section>\n\n\n<p><\/p>\n\n\n<section id=\"\" class=\"accreditations-slider acf-block acf-block-id-block_bf19413bb8a72043cd0f713a2dd4432f \">\n\n  <div class=\"container\">\n\n    <h2 class=\"text text--s text--semibold text--uppercase text--primary500 text-center\">\u4e00\u81f4\u6027\u8bc4\u4f30<\/h2>\n\n    <div class=\"accreditations-slider__content\">\n\n      <div class=\"accreditations-slider__content__navigation\">\n        <button class=\"accreditations-slider--prev\">\n          <i class=\"fa fal fa-arrow-left-long\"><\/i>\n        <\/button>\n\n        <button class=\"accreditations-slider--next\">\n          <i class=\"fa fal fa-arrow-right-long\"><\/i>\n        <\/button>\n      <\/div>\n\n      <div class=\"swiper-accreditations\">\n        <div class=\"swiper-wrapper\">\n\n          \n            <div class=\"swiper-slide\">\n              <div class=\"accreditations-slider__content__item\">\n\n                <div class=\"accreditations-slider__content__item__text\">\n                  <h2 class=\"title title--2 title--regular title--primary500 hide-mobile\">\u8ba4\u8bc1\u7f16\u53f7 AC&nbsp;230<\/h2>\n                  <h2 class=\"title title--2 title--regular title--primary500 hide-desktop\">Akredytacja <br \/>\r\nnr AC&nbsp;230<\/h2>\n                  <p class=\"text text--xl text--light\"><div style=\"text-align:justify\" class=\"text text--xl text--light\">AC&nbsp;230 \u8ba4\u8bc1\u662f\u5bf9\u6211\u4eec\u5728\u710a\u63a5\u4eba\u5458\u8ba4\u8bc1\u65b9\u9762\u80fd\u529b\u7684\u80af\u5b9a\u3002EU-Cert Sp. z&nbsp;o. o.\u901a\u8fc7\u4e86 PCA \u7684 AC&nbsp;230 \u53f7\u8ba4\u8bc1\uff0c\u7b26\u5408 2014 \u5e74 5 \u6708 15 \u65e5\u9881\u5e03\u7684\u5173\u4e8e\u534f\u8c03\u5404\u6210\u5458\u56fd\u6709\u5173\u5728\u5e02\u573a\u4e0a\u9500\u552e\u538b\u529b\u8bbe\u5907\u7684\u6cd5\u5f8b\uff08PED\uff09\u7684\u7b2c 2014\/68\/EU \u53f7\u6307\u4ee4\u3002     <\/div><\/p>\n                                      <a href=\"https:\/\/www.pca.gov.pl\/en\/accredited-organizations\/accredited-organizations\/persons-certification-bodies\/AC%20230,entity.html\" target=\"_blank\" class=\"btn btn--primary btn--m\">\u8ba4\u8bc1\u8303\u56f4\uff08\u6309\u94ae\uff09<\/a>\n                                  <\/div>\n\n                <a href=\"https:\/\/eucert.pl\/app\/uploads\/2026\/04\/Certyfikat_akredytacji_AC_230_20251210-1-scaled.jpg\" data-fancybox class=\"accreditations-slider__content__item__img\">\n                  <img decoding=\"async\" src=\"https:\/\/eucert.pl\/app\/uploads\/2026\/04\/Certyfikat_akredytacji_AC_230_20251210-1-scaled-768x1056-c-default.webp\" srcset=\"https:\/\/eucert.pl\/app\/uploads\/2026\/04\/Certyfikat_akredytacji_AC_230_20251210-1-scaled-768x1056-c-default.webp 1x, https:\/\/eucert.pl\/app\/uploads\/2026\/04\/Certyfikat_akredytacji_AC_230_20251210-1-scaled-1536x2112-c-default.webp 2x\"  alt=\"\">\n                <\/a>\n\n              <\/div>\n            <\/div>\n\n          \n            <div class=\"swiper-slide\">\n              <div class=\"accreditations-slider__content__item\">\n\n                <div class=\"accreditations-slider__content__item__text\">\n                  <h2 class=\"title title--2 title--regular title--primary500 hide-mobile\">\u8ba4\u53ef\u7f16\u53f7 AC&nbsp;231<\/h2>\n                  <h2 class=\"title title--2 title--regular title--primary500 hide-desktop\">Akredytacja <br \/>\r\nnr AC&nbsp;231<\/h2>\n                  <p class=\"text text--xl text--light\"><div style=\"text-align:justify\" class=\"text text--xl text--light\">AC&nbsp;231 \u8ba4\u8bc1\u786e\u8ba4\u4e86\u6211\u4eec\u5728\u4ea7\u54c1\u548c\u5de5\u827a\u7b26\u5408\u6027\u8bc4\u4f30\u65b9\u9762\u7684\u80fd\u529b\u3002 \u6211\u4eec\u62e5\u6709\u4e30\u5bcc\u7684\u77e5\u8bc6\u548c\u7ecf\u9a8c\uff0c\u80fd\u591f\u5bf9\u4ea7\u54c1\u8fdb\u884c\u7ec6\u81f4\u68c0\u67e5\uff0c\u8bc4\u4f30\u5176\u662f\u5426\u7b26\u5408\u6807\u51c6\u548c\u6cd5\u89c4\u7684\u8981\u6c42\u3002 \u901a\u8fc7 AC&nbsp;231 \u8ba4\u8bc1\uff0c\u6211\u4eec\u53ef\u4ee5\u5728\u8be5\u5730\u533a\u4e3a\u5ba2\u6237\u63d0\u4f9b\u72ec\u7acb\u3001\u53ef\u9760\u7684\u7b26\u5408\u6027\u8bc4\u4f30\uff1a<br \/>\r\n&#8211; \u6b27\u76df\u6307\u4ee4\/\u6cd5\u89c4\uff1a 2014\/90\/eu\u30012014\/68\/eu\u30012019\/945\u30012016\/425\u3001 <br \/>\r\n&#8211; \u710a\u63a5\u5de5\u827a\u8ba4\u8bc1\u3001<br \/>\r\n&#8211; \u5bf9\u8f68\u9053\u8f66\u8f86\u53ca\u5176\u90e8\u4ef6\u7684\u710a\u63a5\u5de5\u827a\u8fdb\u884c\u8ba4\u8bc1\u3002<\/div><\/p>\n                                      <a href=\"https:\/\/www.pca.gov.pl\/en\/accredited-organizations\/accredited-organizations\/product-certification-bodies\/AC%20231,entity.html\" target=\"_blank\" class=\"btn btn--primary btn--m\">\u8ba4\u8bc1\u8303\u56f4\uff08\u6309\u94ae\uff09<\/a>\n                                  <\/div>\n\n                <a href=\"https:\/\/eucert.pl\/app\/uploads\/2026\/04\/Certyfikat_akredytacji_AC_231_20251210-scaled.jpg\" data-fancybox class=\"accreditations-slider__content__item__img\">\n                  <img decoding=\"async\" src=\"https:\/\/eucert.pl\/app\/uploads\/2026\/04\/Certyfikat_akredytacji_AC_231_20251210-scaled-768x1056-c-default.webp\" srcset=\"https:\/\/eucert.pl\/app\/uploads\/2026\/04\/Certyfikat_akredytacji_AC_231_20251210-scaled-768x1056-c-default.webp 1x, https:\/\/eucert.pl\/app\/uploads\/2026\/04\/Certyfikat_akredytacji_AC_231_20251210-scaled-1536x2112-c-default.webp 2x\" loading=\"lazy\" alt=\"\">\n                <\/a>\n\n              <\/div>\n            <\/div>\n\n          \n            <div class=\"swiper-slide\">\n              <div class=\"accreditations-slider__content__item\">\n\n                <div class=\"accreditations-slider__content__item__text\">\n                  <h2 class=\"title title--2 title--regular title--primary500 hide-mobile\">\u8ba4\u53ef\u7f16\u53f7 AK 042<\/h2>\n                  <h2 class=\"title title--2 title--regular title--primary500 hide-desktop\">Akredytacja <br \/>\r\nnr AK 042<\/h2>\n                  <p class=\"text text--xl text--light\"><div style=\"text-align:justify\" class=\"text text--xl text--light\">AK 042 \u8ba4\u8bc1\u786e\u8ba4\u4e86\u6211\u4eec\u5728\u6307\u4ee4 2014\/68\/EU &#8211; \u975e\u5206\u79bb\u5f0f\u8fde\u63a5\u64cd\u4f5c\u7a0b\u5e8f\uff08WPQR\uff09\u6279\u51c6\u548c\u6a21\u5757 A2 \u5408\u683c\u6027\u8bc4\u4f30\u9886\u57df\u7684\u68c0\u9a8c\u80fd\u529b\u3002 \u6211\u4eec\u62e5\u6709\u9002\u5f53\u7684\u8d44\u6e90\u548c\u5408\u683c\u7684\u5458\u5de5\uff0c\u786e\u4fdd\u9ad8\u6548\u53ef\u9760\u5730\u5f00\u5c55\u68c0\u67e5\u5de5\u4f5c\u3002<\/div><\/p>\n                                      <a href=\"https:\/\/www.pca.gov.pl\/en\/accredited-organizations\/accredited-organizations\/inspection-bodies\/AK%20042,entity.html\" target=\"_blank\" class=\"btn btn--primary btn--m\">\u8ba4\u8bc1\u8303\u56f4\uff08\u6309\u94ae\uff09<\/a>\n                                  <\/div>\n\n                <a href=\"https:\/\/eucert.pl\/app\/uploads\/2026\/04\/Certyfikat_akredytacji_AK_042_20251210-scaled.jpg\" data-fancybox class=\"accreditations-slider__content__item__img\">\n                  <img decoding=\"async\" src=\"https:\/\/eucert.pl\/app\/uploads\/2026\/04\/Certyfikat_akredytacji_AK_042_20251210-scaled-768x1056-c-default.webp\" srcset=\"https:\/\/eucert.pl\/app\/uploads\/2026\/04\/Certyfikat_akredytacji_AK_042_20251210-scaled-768x1056-c-default.webp 1x, https:\/\/eucert.pl\/app\/uploads\/2026\/04\/Certyfikat_akredytacji_AK_042_20251210-scaled-1536x2112-c-default.webp 2x\" loading=\"lazy\" alt=\"\">\n                <\/a>\n\n              <\/div>\n            <\/div>\n\n          \n        <\/div>\n      <\/div>\n\n    <\/div>\n\n\n    <div class=\"swiper-accreditations-images\">\n      <div class=\"swiper-wrapper\">\n                  <a href=\"https:\/\/eucert.pl\/app\/uploads\/2026\/04\/Certyfikat_akredytacji_AC_230_20251210-1-scaled.jpg\" class=\"swiper-slide\" data-fancybox>\n            <img decoding=\"async\" src=\"https:\/\/eucert.pl\/app\/uploads\/2026\/04\/Certyfikat_akredytacji_AC_230_20251210-1-scaled-384x528-c-default.webp\" srcset=\"https:\/\/eucert.pl\/app\/uploads\/2026\/04\/Certyfikat_akredytacji_AC_230_20251210-1-scaled-384x528-c-default.webp 1x, https:\/\/eucert.pl\/app\/uploads\/2026\/04\/Certyfikat_akredytacji_AC_230_20251210-1-scaled-768x1056-c-default.webp 2x\"  alt=\"\">\n          <\/a>\n                  <a href=\"https:\/\/eucert.pl\/app\/uploads\/2026\/04\/Certyfikat_akredytacji_AC_231_20251210-scaled.jpg\" class=\"swiper-slide\" data-fancybox>\n            <img decoding=\"async\" src=\"https:\/\/eucert.pl\/app\/uploads\/2026\/04\/Certyfikat_akredytacji_AC_231_20251210-scaled-384x528-c-default.webp\" srcset=\"https:\/\/eucert.pl\/app\/uploads\/2026\/04\/Certyfikat_akredytacji_AC_231_20251210-scaled-384x528-c-default.webp 1x, https:\/\/eucert.pl\/app\/uploads\/2026\/04\/Certyfikat_akredytacji_AC_231_20251210-scaled-768x1056-c-default.webp 2x\" loading=\"lazy\" alt=\"\">\n          <\/a>\n                  <a href=\"https:\/\/eucert.pl\/app\/uploads\/2026\/04\/Certyfikat_akredytacji_AK_042_20251210-scaled.jpg\" class=\"swiper-slide\" data-fancybox>\n            <img decoding=\"async\" src=\"https:\/\/eucert.pl\/app\/uploads\/2026\/04\/Certyfikat_akredytacji_AK_042_20251210-scaled-384x528-c-default.webp\" srcset=\"https:\/\/eucert.pl\/app\/uploads\/2026\/04\/Certyfikat_akredytacji_AK_042_20251210-scaled-384x528-c-default.webp 1x, https:\/\/eucert.pl\/app\/uploads\/2026\/04\/Certyfikat_akredytacji_AK_042_20251210-scaled-768x1056-c-default.webp 2x\" loading=\"lazy\" alt=\"\">\n          <\/a>\n                          <a href=\"https:\/\/eucert.pl\/app\/uploads\/2026\/04\/Certyfikat_akredytacji_AC_230_20251210-1-scaled.jpg\" class=\"swiper-slide\" data-fancybox>\n            <img decoding=\"async\" src=\"https:\/\/eucert.pl\/app\/uploads\/2026\/04\/Certyfikat_akredytacji_AC_230_20251210-1-scaled-384x528-c-default.webp\" srcset=\"https:\/\/eucert.pl\/app\/uploads\/2026\/04\/Certyfikat_akredytacji_AC_230_20251210-1-scaled-384x528-c-default.webp 1x, https:\/\/eucert.pl\/app\/uploads\/2026\/04\/Certyfikat_akredytacji_AC_230_20251210-1-scaled-768x1056-c-default.webp 2x\"  alt=\"\">\n          <\/a>\n                  <a href=\"https:\/\/eucert.pl\/app\/uploads\/2026\/04\/Certyfikat_akredytacji_AC_231_20251210-scaled.jpg\" class=\"swiper-slide\" data-fancybox>\n            <img decoding=\"async\" src=\"https:\/\/eucert.pl\/app\/uploads\/2026\/04\/Certyfikat_akredytacji_AC_231_20251210-scaled-384x528-c-default.webp\" srcset=\"https:\/\/eucert.pl\/app\/uploads\/2026\/04\/Certyfikat_akredytacji_AC_231_20251210-scaled-384x528-c-default.webp 1x, https:\/\/eucert.pl\/app\/uploads\/2026\/04\/Certyfikat_akredytacji_AC_231_20251210-scaled-768x1056-c-default.webp 2x\" loading=\"lazy\" alt=\"\">\n          <\/a>\n                  <a href=\"https:\/\/eucert.pl\/app\/uploads\/2026\/04\/Certyfikat_akredytacji_AK_042_20251210-scaled.jpg\" class=\"swiper-slide\" data-fancybox>\n            <img decoding=\"async\" src=\"https:\/\/eucert.pl\/app\/uploads\/2026\/04\/Certyfikat_akredytacji_AK_042_20251210-scaled-384x528-c-default.webp\" srcset=\"https:\/\/eucert.pl\/app\/uploads\/2026\/04\/Certyfikat_akredytacji_AK_042_20251210-scaled-384x528-c-default.webp 1x, https:\/\/eucert.pl\/app\/uploads\/2026\/04\/Certyfikat_akredytacji_AK_042_20251210-scaled-768x1056-c-default.webp 2x\" loading=\"lazy\" alt=\"\">\n          <\/a>\n              <\/div>\n    <\/div>\n\n\n  <\/div>\n\n<\/section>\n\n\n\n<section id=\"\" class=\"heading-with-text acf-block acf-block-id-block_ec5f2b49f82b39b68fe981d1a4008d01 \">\n  <div class=\"container\">\n\n          <div class=\"row\">\n\n        <div class=\"col-12 col-lg-6\">\n          <h1 class=\"title title--1 title--medium\"><\/h1>\n        <\/div>\n\n        <div class=\"col-12 col-lg-6\">\n          <div class=\"wysiwyg\">\n            <p>\u5728 AC&nbsp;231 \u53f7\u7075\u6d3b\u8ba4\u8bc1\u8303\u56f4\u5185\u5f00\u5c55\u7684\u4ee5\u4e0b\u8ba4\u8bc1\u6d3b\u52a8\u6e05\u5355\uff1a<\/p>\n<p>&nbsp;<\/p>\n<p><a href=\"https:\/\/eucert.pl\/app\/uploads\/2025\/02\/Zal.-2_EUCERT_PR_PED_20241230_do-stosowania-na-www.pdf\">\u7b2c 2014\/68\/EU \u53f7\u6307\u4ee4 <\/a><\/p>\n<p><a href=\"https:\/\/eucert.pl\/app\/uploads\/2025\/02\/Zal-1-EUCERT-PR-MED-Lista-dzialan-prowadzonych-w-obszarze-Dyrektywy-MED_20241007_do-stosowania_www.pdf\">\u7b2c 2014\/90\/EU \u53f7\u6307\u4ee4<\/a><\/p>\n<p><a href=\"https:\/\/eucert.pl\/app\/uploads\/2025\/07\/zal.4_PR_PPER-Lista-dzialan-elastyczny_20250708_ed.-14_czarny-na-strone-www.pdf\">\u6761\u4f8b\uff08\u6b27\u76df\uff092016\/425<\/a><\/p>\n          <\/div>\n        <\/div>\n\n      <\/div>\n\n    \n  <\/div>\n<\/section>\n\n\n<figure class=\"wp-block-gallery-custom\" style=\"margin:0;\">\n  <div class=\"img-grid\">\n\n    <div class=\"img-item\">\n      <img decoding=\"async\" src=\"https:\/\/eucert.pl\/app\/uploads\/2026\/04\/zal_1_KSZ-Polityka-dot-wyrobow-procesow-i-inspekcji_20250617-ed.5.pdf.png\"\n           alt=\"\"\n           onclick=\"document.getElementById('wpModal').style.display='flex';document.getElementById('wpModalImg').src=this.src;\">\n    <\/div>\n\n    <div class=\"img-item\">\n      <img decoding=\"async\" src=\"https:\/\/eucert.pl\/app\/uploads\/2026\/04\/zal_2_KSZ-Polityka-dot-zatwierdzania-personelu-list_20250617.pdf.png\"\n           alt=\"\"\n           onclick=\"document.getElementById('wpModal').style.display='flex';document.getElementById('wpModalImg').src=this.src;\">\n    <\/div>\n\n    <div class=\"img-item\">\n      <img decoding=\"async\" src=\"https:\/\/eucert.pl\/app\/uploads\/2026\/04\/zal_4_KSZ-Polityka-dot-ocen-zagranicznych_20240612-ed.2.pdf.png\"\n           alt=\"\"\n           onclick=\"document.getElementById('wpModal').style.display='flex';document.getElementById('wpModalImg').src=this.src;\">\n    <\/div>\n\n    <div class=\"img-item\">\n      <img decoding=\"async\" src=\"https:\/\/eucert.pl\/app\/uploads\/2026\/04\/zal_5_KSZ-Polityka-laboratorium-ISO-17025_20250618.pdf.png\"\n           alt=\"\"\n           onclick=\"document.getElementById('wpModal').style.display='flex';document.getElementById('wpModalImg').src=this.src;\">\n    <\/div>\n\n  <\/div>\n<\/figure>\n\n<style>\n  .img-grid {\n    display: grid;\n    grid-template-columns: repeat(4, minmax(0, 1fr));\n    gap: 20px;\n    align-items: start;\n    width: 100%;\n  }\n\n  .img-item {\n    display: flex;\n    justify-content: center;\n    align-items: center;\n  }\n\n  .img-item img {\n    display: block;\n    width: 100%;\n    max-width: 400px;\n    height: auto;\n    cursor: pointer;\n    margin: 0 auto;\n  }\n\n  \/* \u5e73\u677f *\/\n  @media (max-width: 1024px) {\n    .img-grid {\n      grid-template-columns: repeat(2, minmax(0, 1fr));\n    }\n  }\n\n  \/* \u624b\u673a *\/\n  @media (max-width: 640px) {\n    .img-grid {\n      grid-template-columns: 1fr;\n      gap: 16px;\n    }\n\n    .img-item img {\n      max-width: 100%;\n    }\n  }\n<\/style>\n\n<div id=\"wpModal\"\n     onclick=\"this.style.display='none';document.getElementById('wpModalImg').src='';document.body.style.overflow='';\"\n     style=\"\n       display:none;\n       position:fixed;\n       z-index:99999;\n       left:0;\n       top:0;\n       width:100%;\n       height:100%;\n       background:rgba(0,0,0,0.9);\n       justify-content:center;\n       align-items:center;\n       padding:20px;\n       box-sizing:border-box;\n     \">\n\n  <span onclick=\"document.getElementById('wpModal').style.display='none';document.getElementById('wpModalImg').src='';document.body.style.overflow='';event.stopPropagation();\"\n        style=\"\n          position:absolute;\n          top:20px;\n          right:30px;\n          color:#fff;\n          font-size:42px;\n          cursor:pointer;\n          line-height:1;\n        \">\n    \u00d7\n  <\/span>\n\n  <img id=\"wpModalImg\"\n       onclick=\"event.stopPropagation();\"\n       style=\"\n         display:block;\n         max-width:95%;\n         max-height:95%;\n         width:auto;\n         height:auto;\n         margin:auto;\n       \">\n<\/div>\n\n\n<section id=\"\" class=\"cta acf-block acf-block-id-block_22db14ae19f61b9a8a9618fb7c6fb292 \">\n  <div class=\"cta__video\">\n    <video src=\"https:\/\/eucert.pl\/app\/uploads\/2023\/08\/video_compressed.mp4\" autoplay muted loop loading=\"lazy\"><\/video>\n  <\/div>\n  <div class=\"cta__container\">\n\n    <h2 class=\"title title--2 title--regular title--white\">\u60a8\u611f\u5174\u8da3\u5417\uff1f<br \/>\r\n\u8bf7\u8054\u7cfb\u6211\u4eec\uff01<\/h2>\n\n    \n      <a href=\"https:\/\/eucert.pl\/zh-hans\/%e8%81%94%e7%b3%bb\/#%E8%81%94%E7%B3%BB%E8%A1%A8\" target=\"\" class=\"btn btn--white btn--l\">\u8054\u7cfb\u8868<\/a>\n\n    \n  <\/div>\n<\/section>","protected":false},"excerpt":{"rendered":"<p>\u00d7<\/p>\n","protected":false},"author":1,"featured_media":0,"parent":0,"menu_order":0,"comment_status":"closed","ping_status":"closed","template":"","meta":{"footnotes":""},"acf":[],"yoast_head":"<!-- This site is optimized with the Yoast SEO plugin v21.3 - https:\/\/yoast.com\/wordpress\/plugins\/seo\/ -->\n<title>\u8ba4\u8bc1 - EU-Cert - Wspieramy Tw\u00f3j Sukces Zgodno\u015bci\u0105<\/title>\n<meta name=\"robots\" content=\"index, follow, max-snippet:-1, max-image-preview:large, max-video-preview:-1\" \/>\n<link rel=\"canonical\" href=\"https:\/\/eucert.pl\/zh-hans\/\u8ba4\u8bc1\/\" \/>\n<meta property=\"og:locale\" content=\"zh_CN\" \/>\n<meta property=\"og:type\" content=\"article\" \/>\n<meta property=\"og:title\" content=\"\u8ba4\u8bc1 - EU-Cert - Wspieramy Tw\u00f3j Sukces Zgodno\u015bci\u0105\" \/>\n<meta property=\"og:description\" content=\"\u00d7\" \/>\n<meta property=\"og:url\" content=\"https:\/\/eucert.pl\/zh-hans\/\u8ba4\u8bc1\/\" \/>\n<meta property=\"og:site_name\" content=\"EU-Cert - Wspieramy Tw\u00f3j Sukces Zgodno\u015bci\u0105\" \/>\n<meta property=\"article:modified_time\" content=\"2026-04-14T21:42:32+00:00\" \/>\n<meta property=\"og:image\" content=\"https:\/\/eucert.pl\/app\/uploads\/2026\/04\/zal_1_KSZ-Polityka-dot-wyrobow-procesow-i-inspekcji_20250617-ed.5.pdf.png\" \/>\n<meta name=\"twitter:card\" content=\"summary_large_image\" \/>\n<meta name=\"twitter:label1\" content=\"Est. reading time\" \/>\n\t<meta name=\"twitter:data1\" content=\"1 minute\" \/>\n<script type=\"application\/ld+json\" class=\"yoast-schema-graph\">{\"@context\":\"https:\/\/schema.org\",\"@graph\":[{\"@type\":\"WebPage\",\"@id\":\"https:\/\/eucert.pl\/zh-hans\/%e8%ae%a4%e8%af%81\/\",\"url\":\"https:\/\/eucert.pl\/zh-hans\/%e8%ae%a4%e8%af%81\/\",\"name\":\"\u8ba4\u8bc1 - EU-Cert - Wspieramy Tw\u00f3j Sukces Zgodno\u015bci\u0105\",\"isPartOf\":{\"@id\":\"https:\/\/eucert.pl\/#website\"},\"datePublished\":\"2023-08-08T12:59:48+00:00\",\"dateModified\":\"2026-04-14T21:42:32+00:00\",\"breadcrumb\":{\"@id\":\"https:\/\/eucert.pl\/zh-hans\/%e8%ae%a4%e8%af%81\/#breadcrumb\"},\"inLanguage\":\"zh-CN\",\"potentialAction\":[{\"@type\":\"ReadAction\",\"target\":[\"https:\/\/eucert.pl\/zh-hans\/%e8%ae%a4%e8%af%81\/\"]}]},{\"@type\":\"BreadcrumbList\",\"@id\":\"https:\/\/eucert.pl\/zh-hans\/%e8%ae%a4%e8%af%81\/#breadcrumb\",\"itemListElement\":[{\"@type\":\"ListItem\",\"position\":1,\"name\":\"Strona g\u0142\u00f3wna\",\"item\":\"https:\/\/eucert.pl\/zh-hans\/\"},{\"@type\":\"ListItem\",\"position\":2,\"name\":\"\u8ba4\u8bc1\"}]},{\"@type\":\"WebSite\",\"@id\":\"https:\/\/eucert.pl\/#website\",\"url\":\"https:\/\/eucert.pl\/\",\"name\":\"EU-Cert - Wspieramy Tw\u00f3j Sukces Zgodno\u015bci\u0105\",\"description\":\"\",\"potentialAction\":[{\"@type\":\"SearchAction\",\"target\":{\"@type\":\"EntryPoint\",\"urlTemplate\":\"https:\/\/eucert.pl\/?s={search_term_string}\"},\"query-input\":\"required name=search_term_string\"}],\"inLanguage\":\"zh-CN\"}]}<\/script>\n<!-- \/ Yoast SEO plugin. -->","yoast_head_json":{"title":"\u8ba4\u8bc1 - EU-Cert - Wspieramy Tw\u00f3j Sukces Zgodno\u015bci\u0105","robots":{"index":"index","follow":"follow","max-snippet":"max-snippet:-1","max-image-preview":"max-image-preview:large","max-video-preview":"max-video-preview:-1"},"canonical":"https:\/\/eucert.pl\/zh-hans\/\u8ba4\u8bc1\/","og_locale":"zh_CN","og_type":"article","og_title":"\u8ba4\u8bc1 - EU-Cert - Wspieramy Tw\u00f3j Sukces Zgodno\u015bci\u0105","og_description":"\u00d7","og_url":"https:\/\/eucert.pl\/zh-hans\/\u8ba4\u8bc1\/","og_site_name":"EU-Cert - Wspieramy Tw\u00f3j Sukces Zgodno\u015bci\u0105","article_modified_time":"2026-04-14T21:42:32+00:00","og_image":[{"url":"https:\/\/eucert.pl\/app\/uploads\/2026\/04\/zal_1_KSZ-Polityka-dot-wyrobow-procesow-i-inspekcji_20250617-ed.5.pdf.png"}],"twitter_card":"summary_large_image","twitter_misc":{"Est. reading time":"1 minute"},"schema":{"@context":"https:\/\/schema.org","@graph":[{"@type":"WebPage","@id":"https:\/\/eucert.pl\/zh-hans\/%e8%ae%a4%e8%af%81\/","url":"https:\/\/eucert.pl\/zh-hans\/%e8%ae%a4%e8%af%81\/","name":"\u8ba4\u8bc1 - EU-Cert - Wspieramy Tw\u00f3j Sukces Zgodno\u015bci\u0105","isPartOf":{"@id":"https:\/\/eucert.pl\/#website"},"datePublished":"2023-08-08T12:59:48+00:00","dateModified":"2026-04-14T21:42:32+00:00","breadcrumb":{"@id":"https:\/\/eucert.pl\/zh-hans\/%e8%ae%a4%e8%af%81\/#breadcrumb"},"inLanguage":"zh-CN","potentialAction":[{"@type":"ReadAction","target":["https:\/\/eucert.pl\/zh-hans\/%e8%ae%a4%e8%af%81\/"]}]},{"@type":"BreadcrumbList","@id":"https:\/\/eucert.pl\/zh-hans\/%e8%ae%a4%e8%af%81\/#breadcrumb","itemListElement":[{"@type":"ListItem","position":1,"name":"Strona g\u0142\u00f3wna","item":"https:\/\/eucert.pl\/zh-hans\/"},{"@type":"ListItem","position":2,"name":"\u8ba4\u8bc1"}]},{"@type":"WebSite","@id":"https:\/\/eucert.pl\/#website","url":"https:\/\/eucert.pl\/","name":"EU-Cert - Wspieramy Tw\u00f3j Sukces Zgodno\u015bci\u0105","description":"","potentialAction":[{"@type":"SearchAction","target":{"@type":"EntryPoint","urlTemplate":"https:\/\/eucert.pl\/?s={search_term_string}"},"query-input":"required name=search_term_string"}],"inLanguage":"zh-CN"}]}},"_links":{"self":[{"href":"https:\/\/eucert.pl\/zh-hans\/wp-json\/wp\/v2\/pages\/3091"}],"collection":[{"href":"https:\/\/eucert.pl\/zh-hans\/wp-json\/wp\/v2\/pages"}],"about":[{"href":"https:\/\/eucert.pl\/zh-hans\/wp-json\/wp\/v2\/types\/page"}],"author":[{"embeddable":true,"href":"https:\/\/eucert.pl\/zh-hans\/wp-json\/wp\/v2\/users\/1"}],"replies":[{"embeddable":true,"href":"https:\/\/eucert.pl\/zh-hans\/wp-json\/wp\/v2\/comments?post=3091"}],"version-history":[{"count":2,"href":"https:\/\/eucert.pl\/zh-hans\/wp-json\/wp\/v2\/pages\/3091\/revisions"}],"predecessor-version":[{"id":5269,"href":"https:\/\/eucert.pl\/zh-hans\/wp-json\/wp\/v2\/pages\/3091\/revisions\/5269"}],"wp:attachment":[{"href":"https:\/\/eucert.pl\/zh-hans\/wp-json\/wp\/v2\/media?parent=3091"}],"curies":[{"name":"wp","href":"https:\/\/api.w.org\/{rel}","templated":true}]}}