{"id":3770,"date":"2023-08-30T06:25:36","date_gmt":"2023-08-30T06:25:36","guid":{"rendered":"https:\/\/eucert.pl\/ise-alim\/"},"modified":"2025-01-24T07:46:35","modified_gmt":"2025-01-24T07:46:35","slug":"ise-alim","status":"publish","type":"page","link":"https:\/\/eucert.pl\/tr\/ise-alim\/","title":{"rendered":"\u0130\u015fe Al\u0131m"},"content":{"rendered":"<section id=\"\" class=\"heading-with-text acf-block acf-block-id-block_c769891d8074304bd9f7a2ac271dfa4d \">\n  <div class=\"container\">\n\n    \n      <div class=\"heading-with-text__centered\">\n        <h1 class=\"title title--1 title--medium\">\u0130\u015fe Al\u0131m <strong style=\"white-space: nowrap\">EU-Cert<\/strong><\/h1>\n\n        <div class=\"wysiwyg\">\n          <p>\u015eirketimiz i\u00e7in i\u015fe al\u0131m sayfam\u0131za ho\u015f geldiniz. Ekibimize kat\u0131lmakla ilgilendi\u011finiz i\u00e7in \u00e7ok mutluyuz. Profesyonel ve ki\u015fisel geli\u015fim i\u00e7in bir\u00e7ok f\u0131rsat sunan dinamik ve h\u0131zla b\u00fcy\u00fcyen bir kurulu\u015fuz. Sizi i\u015fe al\u0131m s\u00fcrecimiz ve \u00e7al\u0131\u015fanlar\u0131m\u0131za sundu\u011fumuz avantajlar hakk\u0131nda daha fazla bilgi edinmeye davet ediyoruz.   <\/p>\n        <\/div>\n\n        <div class=\"heading-with-text__centered__buttons\">\n\n          \n        <\/div>\n      <\/div>\n\n    \n  <\/div>\n<\/section>\n\n<section id=\"\" class=\"carrer acf-block acf-block-id-block_7d455e34f3031036f9008f2e8683775f \">\n  <div class=\"carrer__image\">\n    <img decoding=\"async\" src=\"https:\/\/eucert.pl\/app\/uploads\/2023\/08\/career-scaled-1620x520-c-default.webp\" alt=\"\" loading=\"lazy\" srcset=\"https:\/\/eucert.pl\/app\/uploads\/2023\/08\/career-scaled-1620x520-c-default.webp 1x, https:\/\/eucert.pl\/app\/uploads\/2023\/08\/career-scaled-3240x1040-c-default.webp 2x\">\n    <div class=\"glass\"><\/div>\n  <\/div>\n\n  <div class=\"carrer__content\">\n    <div class=\"container\">\n\n      <div class=\"carrer__content__text\">\n        <h3 class=\"text text--s text--semibold text--white text--uppercase\">eu-cert&#8217;te bi\u0307r kari\u0307yer<\/h3>\n        <h2 class=\"title title--2 title--regular title--white\">Neden biz?<\/h2>\n      <\/div>\n\n      <div class=\"carrer__content__list\">\n\n        \n          <div class=\"perk\">\n\n            <div class=\"perk__icon\">\n              <img decoding=\"async\" src=\"https:\/\/eucert.pl\/app\/uploads\/2023\/08\/iconcar1.svg\" alt=\"\">\n            <\/div>\n\n            <div class=\"perk__text\">\n              <h4 class=\"perk__text__title title title--5 title--medium title--white\">\n                <img decoding=\"async\" src=\"https:\/\/eucert.pl\/app\/uploads\/2023\/08\/iconcar1.svg\" class=\"perk__text__title__icon\" alt=\"\">\n                <span>\u015eirketimiz<\/span>\n              <\/h4>\n              <p class=\"text text--xl text--light text--white text--justify\">Sekt\u00f6r lideriyiz ve belgelendirme, uygunluk de\u011ferlendirmesi ve laboratuvar testleri alanlar\u0131nda uzman\u0131z. \u00c7al\u0131\u015fanlar\u0131m\u0131za istikrarl\u0131 ve dinamik bir \u00e7al\u0131\u015fma ortam\u0131 sa\u011flayan uzun y\u0131llara dayanan deneyime ve itibara sahibiz.<\/p>\n            <\/div>\n          <\/div>\n\n        \n          <div class=\"perk\">\n\n            <div class=\"perk__icon\">\n              <img decoding=\"async\" src=\"https:\/\/eucert.pl\/app\/uploads\/2023\/08\/iconcar2.svg\" alt=\"\">\n            <\/div>\n\n            <div class=\"perk__text\">\n              <h4 class=\"perk__text__title title title--5 title--medium title--white\">\n                <img decoding=\"async\" src=\"https:\/\/eucert.pl\/app\/uploads\/2023\/08\/iconcar2.svg\" class=\"perk__text__title__icon\" alt=\"\">\n                <span>K\u00fclt\u00fcr ve de\u011ferler<\/span>\n              <\/h4>\n              <p class=\"text text--xl text--light text--white text--justify\">\u015eirketimizde profesyonelli\u011fe, yenili\u011fe ve m\u00fckemmel kaliteye odaklan\u0131yoruz. Ekibi destekliyor, geli\u015fimi te\u015fvik ediyor ve fikirlerin payla\u015f\u0131lmas\u0131n\u0131 te\u015fvik ediyoruz. Yarat\u0131c\u0131l\u0131\u011fa ve i\u015fbirli\u011fine elveri\u015fli bir atmosfer yarat\u0131yoruz ve bu&nbsp;da ba\u015far\u0131lar\u0131m\u0131za d\u00f6n\u00fc\u015f\u00fcyor.<\/p>\n            <\/div>\n          <\/div>\n\n        \n          <div class=\"perk\">\n\n            <div class=\"perk__icon\">\n              <img decoding=\"async\" src=\"https:\/\/eucert.pl\/app\/uploads\/2023\/08\/iconcar3.svg\" alt=\"\">\n            <\/div>\n\n            <div class=\"perk__text\">\n              <h4 class=\"perk__text__title title title--5 title--medium title--white\">\n                <img decoding=\"async\" src=\"https:\/\/eucert.pl\/app\/uploads\/2023\/08\/iconcar3.svg\" class=\"perk__text__title__icon\" alt=\"\">\n                <span>\u00c7al\u0131\u015fanlar i\u00e7in avantajlar<\/span>\n              <\/h4>\n              <p class=\"text text--xl text--light text--white text--justify\">\u00c7al\u0131\u015fanlar\u0131m\u0131z\u0131 \u00f6nemsiyoruz ve rekabet\u00e7i bir maa\u015f, sosyal paket, \u00f6zel sa\u011fl\u0131k hizmetleri, e\u011fitim ve mesleki geli\u015fim f\u0131rsatlar\u0131n\u0131 i\u00e7eren bir dizi avantaj sunuyoruz. Ayr\u0131ca esnek \u00e7al\u0131\u015fma saatleri ve dostane bir \u00e7al\u0131\u015fma ortam\u0131 sa\u011fl\u0131yoruz.<\/p>\n            <\/div>\n          <\/div>\n\n        \n          <div class=\"perk\">\n\n            <div class=\"perk__icon\">\n              <img decoding=\"async\" src=\"https:\/\/eucert.pl\/app\/uploads\/2023\/08\/iconcar4.svg\" alt=\"\">\n            <\/div>\n\n            <div class=\"perk__text\">\n              <h4 class=\"perk__text__title title title--5 title--medium title--white\">\n                <img decoding=\"async\" src=\"https:\/\/eucert.pl\/app\/uploads\/2023\/08\/iconcar4.svg\" class=\"perk__text__title__icon\" alt=\"\">\n                <span>Geli\u015ftirme f\u0131rsatlar\u0131<\/span>\n              <\/h4>\n              <p class=\"text text--xl text--light text--white text--justify\">\u015eirketimizde kariyer geli\u015fimi i\u00e7in bir\u00e7ok f\u0131rsat bulunmaktad\u0131r. \u00c7al\u0131\u015fanlar\u0131m\u0131z\u0131n becerilerini geli\u015ftirebilmeleri ve \u00fcst kademelere y\u00fckselebilmeleri i\u00e7in e\u011fitim, mentorluk ve destek sa\u011fl\u0131yoruz.<\/p>\n            <\/div>\n          <\/div>\n\n        \n      <\/div>\n\n    <\/div>\n  <\/div>\n\n<\/section>\n\n<section id=\"\" class=\"job-offers acf-block acf-block-id-block_1deb105f6910046cb3f7dc08203f1b02 \">\n  <div class=\"container\">\n\n    <div class=\"job-offers__text\">\n      <h3 class=\"text text--primary500 text--s text--semibold text--uppercase\">i\u015f tekliflerimiz<\/h3>\n      <h2 class=\"title title--2 title--regular text--primary500\">\u015eu anda aranan <strong>pozisyonlar<\/strong><\/h2>\n      <p class=\"text text--xl text--light job-offers__text__long-text\">EU-Cert Sp. z&nbsp;o.o.&#8217;da i\u015flerini tutku ve ba\u011fl\u0131l\u0131kla yapan insanlardan olu\u015fan birbirine s\u0131k\u0131 s\u0131k\u0131ya ba\u011fl\u0131 bir ekip olu\u015fturuyoruz. Siz de&nbsp;bu&nbsp;ekibin bir par\u00e7as\u0131 olabilir ve kariyerinizi bizimle birlikte geli\u015ftirebilirsiniz:  <br \/><\/p>\n    <\/div>\n\n    <div class=\"job-offers__container\">\n\n      <div class=\"job-offers__container__menu\">\n        <ul class=\"job-offers__container__menu__list\">\n\n          <li data-job-menu-item=\"all\" class=\"job-offers__container__menu__list__item active\">T\u00fcm teklifler<\/li>\n\n          \n            <li class=\"job-offers__container__menu__list__item\" data-job-menu-item=\"M\u00fchendislik ve teknoloji\">M\u00fchendislik ve teknoloji<\/li>\n\n          \n            <li class=\"job-offers__container__menu__list__item\" data-job-menu-item=\"Zarz\u0105dzanie jako\u015bci\u0105\">Zarz\u0105dzanie jako\u015bci\u0105<\/li>\n\n          \n            <li class=\"job-offers__container__menu__list__item\" data-job-menu-item=\"Kaynak i\u015flemleri\">Kaynak i\u015flemleri<\/li>\n\n          \n        <\/ul>\n      <\/div>\n\n      <div class=\"job-offers__container__content\">\n\n        \n      <\/div>\n\n    <\/div>\n\n  <\/div>\n<\/section>\n\n<section id=\" \" class=\"two-images acf-block acf-block-id-block_5c35027c211885a9a98075a3881e633e two-images--recruitments\">\n\n  <div class=\"two-images__container\">\n\n    <div class=\"two-images__container__item small\">\n      <img decoding=\"async\" src=\"https:\/\/eucert.pl\/app\/uploads\/2023\/08\/rec1-992x456-c-default.webp\" alt=\"\" srcset=\"https:\/\/eucert.pl\/app\/uploads\/2023\/08\/rec1-992x456-c-default.webp 1x, https:\/\/eucert.pl\/app\/uploads\/2023\/08\/rec1-1984x912-c-default.webp 2x\" loading=\"lazy\">\n    <\/div>\n\n    <div class=\"two-images__container__item big\">\n      <img decoding=\"async\" src=\"https:\/\/eucert.pl\/app\/uploads\/2023\/08\/rec2-1824x456-c-default.webp\" alt=\"\" srcset=\"https:\/\/eucert.pl\/app\/uploads\/2023\/08\/rec2-1824x456-c-default.webp 1x, https:\/\/eucert.pl\/app\/uploads\/2023\/08\/rec2-3652x912-c-default.webp 2x\" loading=\"lazy\">\n    <\/div>\n\n  <\/div>\n\n<\/section>","protected":false},"excerpt":{"rendered":"","protected":false},"author":1,"featured_media":0,"parent":0,"menu_order":0,"comment_status":"closed","ping_status":"closed","template":"","meta":{"footnotes":""},"acf":[],"yoast_head":"<!-- This site is optimized with the Yoast SEO plugin v21.3 - https:\/\/yoast.com\/wordpress\/plugins\/seo\/ -->\n<title>\u0130\u015fe Al\u0131m - EU-Cert - Wspieramy Tw\u00f3j Sukces Zgodno\u015bci\u0105<\/title>\n<meta name=\"robots\" content=\"index, follow, max-snippet:-1, max-image-preview:large, max-video-preview:-1\" \/>\n<link rel=\"canonical\" href=\"https:\/\/eucert.pl\/tr\/ise-alim\/\" \/>\n<meta property=\"og:locale\" content=\"tr_TR\" \/>\n<meta property=\"og:type\" content=\"article\" \/>\n<meta property=\"og:title\" content=\"\u0130\u015fe Al\u0131m - EU-Cert - Wspieramy Tw\u00f3j Sukces Zgodno\u015bci\u0105\" \/>\n<meta property=\"og:url\" content=\"https:\/\/eucert.pl\/tr\/ise-alim\/\" \/>\n<meta property=\"og:site_name\" content=\"EU-Cert - Wspieramy Tw\u00f3j Sukces Zgodno\u015bci\u0105\" \/>\n<meta property=\"article:modified_time\" content=\"2025-01-24T07:46:35+00:00\" \/>\n<meta name=\"twitter:card\" content=\"summary_large_image\" \/>\n<script type=\"application\/ld+json\" class=\"yoast-schema-graph\">{\"@context\":\"https:\/\/schema.org\",\"@graph\":[{\"@type\":\"WebPage\",\"@id\":\"https:\/\/eucert.pl\/tr\/ise-alim\/\",\"url\":\"https:\/\/eucert.pl\/tr\/ise-alim\/\",\"name\":\"\u0130\u015fe Al\u0131m - EU-Cert - Wspieramy Tw\u00f3j Sukces Zgodno\u015bci\u0105\",\"isPartOf\":{\"@id\":\"https:\/\/eucert.pl\/#website\"},\"datePublished\":\"2023-08-30T06:25:36+00:00\",\"dateModified\":\"2025-01-24T07:46:35+00:00\",\"breadcrumb\":{\"@id\":\"https:\/\/eucert.pl\/tr\/ise-alim\/#breadcrumb\"},\"inLanguage\":\"tr-TR\",\"potentialAction\":[{\"@type\":\"ReadAction\",\"target\":[\"https:\/\/eucert.pl\/tr\/ise-alim\/\"]}]},{\"@type\":\"BreadcrumbList\",\"@id\":\"https:\/\/eucert.pl\/tr\/ise-alim\/#breadcrumb\",\"itemListElement\":[{\"@type\":\"ListItem\",\"position\":1,\"name\":\"Strona g\u0142\u00f3wna\",\"item\":\"https:\/\/eucert.pl\/tr\/\"},{\"@type\":\"ListItem\",\"position\":2,\"name\":\"\u0130\u015fe Al\u0131m\"}]},{\"@type\":\"WebSite\",\"@id\":\"https:\/\/eucert.pl\/#website\",\"url\":\"https:\/\/eucert.pl\/\",\"name\":\"EU-Cert - Wspieramy Tw\u00f3j Sukces Zgodno\u015bci\u0105\",\"description\":\"\",\"potentialAction\":[{\"@type\":\"SearchAction\",\"target\":{\"@type\":\"EntryPoint\",\"urlTemplate\":\"https:\/\/eucert.pl\/?s={search_term_string}\"},\"query-input\":\"required name=search_term_string\"}],\"inLanguage\":\"tr-TR\"}]}<\/script>\n<!-- \/ Yoast SEO plugin. -->","yoast_head_json":{"title":"\u0130\u015fe Al\u0131m - EU-Cert - Wspieramy Tw\u00f3j Sukces Zgodno\u015bci\u0105","robots":{"index":"index","follow":"follow","max-snippet":"max-snippet:-1","max-image-preview":"max-image-preview:large","max-video-preview":"max-video-preview:-1"},"canonical":"https:\/\/eucert.pl\/tr\/ise-alim\/","og_locale":"tr_TR","og_type":"article","og_title":"\u0130\u015fe Al\u0131m - EU-Cert - Wspieramy Tw\u00f3j Sukces Zgodno\u015bci\u0105","og_url":"https:\/\/eucert.pl\/tr\/ise-alim\/","og_site_name":"EU-Cert - Wspieramy Tw\u00f3j Sukces Zgodno\u015bci\u0105","article_modified_time":"2025-01-24T07:46:35+00:00","twitter_card":"summary_large_image","schema":{"@context":"https:\/\/schema.org","@graph":[{"@type":"WebPage","@id":"https:\/\/eucert.pl\/tr\/ise-alim\/","url":"https:\/\/eucert.pl\/tr\/ise-alim\/","name":"\u0130\u015fe Al\u0131m - EU-Cert - Wspieramy Tw\u00f3j Sukces Zgodno\u015bci\u0105","isPartOf":{"@id":"https:\/\/eucert.pl\/#website"},"datePublished":"2023-08-30T06:25:36+00:00","dateModified":"2025-01-24T07:46:35+00:00","breadcrumb":{"@id":"https:\/\/eucert.pl\/tr\/ise-alim\/#breadcrumb"},"inLanguage":"tr-TR","potentialAction":[{"@type":"ReadAction","target":["https:\/\/eucert.pl\/tr\/ise-alim\/"]}]},{"@type":"BreadcrumbList","@id":"https:\/\/eucert.pl\/tr\/ise-alim\/#breadcrumb","itemListElement":[{"@type":"ListItem","position":1,"name":"Strona g\u0142\u00f3wna","item":"https:\/\/eucert.pl\/tr\/"},{"@type":"ListItem","position":2,"name":"\u0130\u015fe Al\u0131m"}]},{"@type":"WebSite","@id":"https:\/\/eucert.pl\/#website","url":"https:\/\/eucert.pl\/","name":"EU-Cert - Wspieramy Tw\u00f3j Sukces Zgodno\u015bci\u0105","description":"","potentialAction":[{"@type":"SearchAction","target":{"@type":"EntryPoint","urlTemplate":"https:\/\/eucert.pl\/?s={search_term_string}"},"query-input":"required name=search_term_string"}],"inLanguage":"tr-TR"}]}},"_links":{"self":[{"href":"https:\/\/eucert.pl\/tr\/wp-json\/wp\/v2\/pages\/3770"}],"collection":[{"href":"https:\/\/eucert.pl\/tr\/wp-json\/wp\/v2\/pages"}],"about":[{"href":"https:\/\/eucert.pl\/tr\/wp-json\/wp\/v2\/types\/page"}],"author":[{"embeddable":true,"href":"https:\/\/eucert.pl\/tr\/wp-json\/wp\/v2\/users\/1"}],"replies":[{"embeddable":true,"href":"https:\/\/eucert.pl\/tr\/wp-json\/wp\/v2\/comments?post=3770"}],"version-history":[{"count":3,"href":"https:\/\/eucert.pl\/tr\/wp-json\/wp\/v2\/pages\/3770\/revisions"}],"predecessor-version":[{"id":4751,"href":"https:\/\/eucert.pl\/tr\/wp-json\/wp\/v2\/pages\/3770\/revisions\/4751"}],"wp:attachment":[{"href":"https:\/\/eucert.pl\/tr\/wp-json\/wp\/v2\/media?parent=3770"}],"curies":[{"name":"wp","href":"https:\/\/api.w.org\/{rel}","templated":true}]}}