{"id":3676,"date":"2023-08-23T10:09:14","date_gmt":"2023-08-23T10:09:14","guid":{"rendered":"https:\/\/eucert.pl\/itirazlarin-ele-alinmasi\/"},"modified":"2023-12-14T13:46:15","modified_gmt":"2023-12-14T13:46:15","slug":"itirazlarin-ele-alinmasi","status":"publish","type":"page","link":"https:\/\/eucert.pl\/tr\/sikayetler\/itirazlarin-ele-alinmasi\/","title":{"rendered":"\u0130tirazlar\u0131n ele al\u0131nmas\u0131"},"content":{"rendered":"<section id=\"\" class=\"text-block   acf-block acf-block-id-block_0e1dbeeab11e204c6459a7ebb60608ff \">\n\n  <div class=\"container\">\n    <h1 class=\"title title--1 title--medium title--primary500\">\u0130tirazlar\u0131n ele <strong>al\u0131nmas\u0131<\/strong><\/h1>\n\n    <div class=\"wysiwyg\">\n      <ul>\n<li>Ba\u015fvuru sahibinin sertifika verme karar\u0131na itiraz etme hakk\u0131 vard\u0131r (itiraz, sertifikan\u0131n kapsam\u0131 veya ilgili sertifikan\u0131n verilmemesi veya iptal edilmesi karar\u0131yla ilgili olabilir).<\/li>\n<li>\u0130tirazlar\u0131n sunulmas\u0131, de\u011ferlendirilmesi ve karara ba\u011flanmas\u0131, itiraz sahibine kar\u015f\u0131 herhangi bir ayr\u0131mc\u0131 eylemle sonu\u00e7lanmayacakt\u0131r.<\/li>\n<li>\u0130tirazlar, karar\u0131n iletildi\u011fi tarihten itibaren 30 g\u00fcn i\u00e7inde yaz\u0131l\u0131 olarak sunulmal\u0131d\u0131r.<\/li>\n<li>\u0130tiraz dilek\u00e7esinde ba\u015fvuru sahibinin veya sertifika sahibinin ad\u0131, adresi ve itiraz konusunun tan\u0131m\u0131 ile birlikte itiraz gerek\u00e7eleri yer almal\u0131d\u0131r.<\/li>\n<li>EU-Cert, itiraz\u0131n al\u0131nmas\u0131n\u0131 takip eden 10 g\u00fcn i\u00e7inde itiraz\u0131n al\u0131nd\u0131\u011f\u0131n\u0131 kabul edecek, itiraz\u0131 kaydedecek ve itiraz sahibini itiraz\u0131n ilerleyi\u015fi ve sonucu hakk\u0131nda bilgilendirecektir.<\/li>\n<li>Bir itiraz\u0131n al\u0131nmas\u0131 \u00fczerine EU-Cert, itiraz\u0131n sorumlu oldu\u011fu belgelendirme faaliyetiyle ilgili olup olmad\u0131\u011f\u0131n\u0131 do\u011frular ve e\u011fer \u00f6yleyse, itiraz\u0131 de\u011ferlendirir ve itiraz hakk\u0131nda bir karar vermek i\u00e7in gerekli bilgileri toplar. <\/li>\n<li>\u0130tirazlar tarafs\u0131z bir \u015fekilde ele al\u0131n\u0131r, itiraz s\u00fcrecine dahil olanlar itiraz edilen karar\u0131 verenler de\u011fildir.<\/li>\n<li>\u0130tiraz\u0131n de\u011ferlendirilmesinin tamamlanmas\u0131n\u0131n ard\u0131ndan, al\u0131nmas\u0131ndan itibaren 30 g\u00fcn i\u00e7inde, Genel M\u00fcd\u00fcr itiraz sahibini itiraz s\u00fcrecinin sonucu ve de\u011ferlendirmenin sonucu hakk\u0131nda yaz\u0131l\u0131 olarak bilgilendirecektir. \u0130tiraz\u0131n de\u011ferlendirilmesi i\u00e7in s\u00fcre s\u0131n\u0131r\u0131 uzat\u0131l\u0131rsa, EU-Cert itiraz sahibini buna g\u00f6re bilgilendirecektir. <\/li>\n<\/ul>\n    <\/div>\n  <\/div>\n\n<\/section>","protected":false},"excerpt":{"rendered":"","protected":false},"author":1,"featured_media":0,"parent":3679,"menu_order":0,"comment_status":"closed","ping_status":"closed","template":"","meta":{"footnotes":""},"acf":[],"yoast_head":"<!-- This site is optimized with the Yoast SEO plugin v21.3 - https:\/\/yoast.com\/wordpress\/plugins\/seo\/ -->\n<title>\u0130tirazlar\u0131n ele al\u0131nmas\u0131 - EU-Cert - Wspieramy Tw\u00f3j Sukces Zgodno\u015bci\u0105<\/title>\n<meta name=\"robots\" content=\"index, follow, max-snippet:-1, max-image-preview:large, max-video-preview:-1\" \/>\n<link rel=\"canonical\" href=\"https:\/\/eucert.pl\/tr\/itirazlarin-ele-alinmasi\/\" \/>\n<meta property=\"og:locale\" content=\"tr_TR\" \/>\n<meta property=\"og:type\" content=\"article\" \/>\n<meta property=\"og:title\" content=\"\u0130tirazlar\u0131n ele al\u0131nmas\u0131 - EU-Cert - Wspieramy Tw\u00f3j Sukces Zgodno\u015bci\u0105\" \/>\n<meta property=\"og:url\" content=\"https:\/\/eucert.pl\/tr\/itirazlarin-ele-alinmasi\/\" \/>\n<meta property=\"og:site_name\" content=\"EU-Cert - Wspieramy Tw\u00f3j Sukces Zgodno\u015bci\u0105\" \/>\n<meta property=\"article:modified_time\" content=\"2023-12-14T13:46:15+00:00\" \/>\n<meta name=\"twitter:card\" content=\"summary_large_image\" \/>\n<script type=\"application\/ld+json\" class=\"yoast-schema-graph\">{\"@context\":\"https:\/\/schema.org\",\"@graph\":[{\"@type\":\"WebPage\",\"@id\":\"https:\/\/eucert.pl\/tr\/itirazlarin-ele-alinmasi\/\",\"url\":\"https:\/\/eucert.pl\/tr\/itirazlarin-ele-alinmasi\/\",\"name\":\"\u0130tirazlar\u0131n ele al\u0131nmas\u0131 - EU-Cert - Wspieramy Tw\u00f3j Sukces Zgodno\u015bci\u0105\",\"isPartOf\":{\"@id\":\"https:\/\/eucert.pl\/#website\"},\"datePublished\":\"2023-08-23T10:09:14+00:00\",\"dateModified\":\"2023-12-14T13:46:15+00:00\",\"breadcrumb\":{\"@id\":\"https:\/\/eucert.pl\/tr\/itirazlarin-ele-alinmasi\/#breadcrumb\"},\"inLanguage\":\"tr-TR\",\"potentialAction\":[{\"@type\":\"ReadAction\",\"target\":[\"https:\/\/eucert.pl\/tr\/itirazlarin-ele-alinmasi\/\"]}]},{\"@type\":\"BreadcrumbList\",\"@id\":\"https:\/\/eucert.pl\/tr\/itirazlarin-ele-alinmasi\/#breadcrumb\",\"itemListElement\":[{\"@type\":\"ListItem\",\"position\":1,\"name\":\"Strona g\u0142\u00f3wna\",\"item\":\"https:\/\/eucert.pl\/tr\/\"},{\"@type\":\"ListItem\",\"position\":2,\"name\":\"\u0130tirazlar\u0131n ele al\u0131nmas\u0131\"}]},{\"@type\":\"WebSite\",\"@id\":\"https:\/\/eucert.pl\/#website\",\"url\":\"https:\/\/eucert.pl\/\",\"name\":\"EU-Cert - Wspieramy Tw\u00f3j Sukces Zgodno\u015bci\u0105\",\"description\":\"\",\"potentialAction\":[{\"@type\":\"SearchAction\",\"target\":{\"@type\":\"EntryPoint\",\"urlTemplate\":\"https:\/\/eucert.pl\/?s={search_term_string}\"},\"query-input\":\"required name=search_term_string\"}],\"inLanguage\":\"tr-TR\"}]}<\/script>\n<!-- \/ Yoast SEO plugin. -->","yoast_head_json":{"title":"\u0130tirazlar\u0131n ele al\u0131nmas\u0131 - EU-Cert - Wspieramy Tw\u00f3j Sukces Zgodno\u015bci\u0105","robots":{"index":"index","follow":"follow","max-snippet":"max-snippet:-1","max-image-preview":"max-image-preview:large","max-video-preview":"max-video-preview:-1"},"canonical":"https:\/\/eucert.pl\/tr\/itirazlarin-ele-alinmasi\/","og_locale":"tr_TR","og_type":"article","og_title":"\u0130tirazlar\u0131n ele al\u0131nmas\u0131 - EU-Cert - Wspieramy Tw\u00f3j Sukces Zgodno\u015bci\u0105","og_url":"https:\/\/eucert.pl\/tr\/itirazlarin-ele-alinmasi\/","og_site_name":"EU-Cert - Wspieramy Tw\u00f3j Sukces Zgodno\u015bci\u0105","article_modified_time":"2023-12-14T13:46:15+00:00","twitter_card":"summary_large_image","schema":{"@context":"https:\/\/schema.org","@graph":[{"@type":"WebPage","@id":"https:\/\/eucert.pl\/tr\/itirazlarin-ele-alinmasi\/","url":"https:\/\/eucert.pl\/tr\/itirazlarin-ele-alinmasi\/","name":"\u0130tirazlar\u0131n ele al\u0131nmas\u0131 - EU-Cert - Wspieramy Tw\u00f3j Sukces Zgodno\u015bci\u0105","isPartOf":{"@id":"https:\/\/eucert.pl\/#website"},"datePublished":"2023-08-23T10:09:14+00:00","dateModified":"2023-12-14T13:46:15+00:00","breadcrumb":{"@id":"https:\/\/eucert.pl\/tr\/itirazlarin-ele-alinmasi\/#breadcrumb"},"inLanguage":"tr-TR","potentialAction":[{"@type":"ReadAction","target":["https:\/\/eucert.pl\/tr\/itirazlarin-ele-alinmasi\/"]}]},{"@type":"BreadcrumbList","@id":"https:\/\/eucert.pl\/tr\/itirazlarin-ele-alinmasi\/#breadcrumb","itemListElement":[{"@type":"ListItem","position":1,"name":"Strona g\u0142\u00f3wna","item":"https:\/\/eucert.pl\/tr\/"},{"@type":"ListItem","position":2,"name":"\u0130tirazlar\u0131n ele al\u0131nmas\u0131"}]},{"@type":"WebSite","@id":"https:\/\/eucert.pl\/#website","url":"https:\/\/eucert.pl\/","name":"EU-Cert - Wspieramy Tw\u00f3j Sukces Zgodno\u015bci\u0105","description":"","potentialAction":[{"@type":"SearchAction","target":{"@type":"EntryPoint","urlTemplate":"https:\/\/eucert.pl\/?s={search_term_string}"},"query-input":"required name=search_term_string"}],"inLanguage":"tr-TR"}]}},"_links":{"self":[{"href":"https:\/\/eucert.pl\/tr\/wp-json\/wp\/v2\/pages\/3676"}],"collection":[{"href":"https:\/\/eucert.pl\/tr\/wp-json\/wp\/v2\/pages"}],"about":[{"href":"https:\/\/eucert.pl\/tr\/wp-json\/wp\/v2\/types\/page"}],"author":[{"embeddable":true,"href":"https:\/\/eucert.pl\/tr\/wp-json\/wp\/v2\/users\/1"}],"replies":[{"embeddable":true,"href":"https:\/\/eucert.pl\/tr\/wp-json\/wp\/v2\/comments?post=3676"}],"version-history":[{"count":2,"href":"https:\/\/eucert.pl\/tr\/wp-json\/wp\/v2\/pages\/3676\/revisions"}],"predecessor-version":[{"id":3678,"href":"https:\/\/eucert.pl\/tr\/wp-json\/wp\/v2\/pages\/3676\/revisions\/3678"}],"up":[{"embeddable":true,"href":"https:\/\/eucert.pl\/tr\/wp-json\/wp\/v2\/pages\/3679"}],"wp:attachment":[{"href":"https:\/\/eucert.pl\/tr\/wp-json\/wp\/v2\/media?parent=3676"}],"curies":[{"name":"wp","href":"https:\/\/api.w.org\/{rel}","templated":true}]}}