{"id":3657,"date":"2023-08-01T06:36:22","date_gmt":"2023-08-01T06:36:22","guid":{"rendered":"https:\/\/eucert.pl\/sonuclar\/kaynak-proseslerinin-degerlendirilmesi-icin-uygulama-en-iso-3834\/"},"modified":"2023-12-14T11:45:06","modified_gmt":"2023-12-14T11:45:06","slug":"kaynak-proseslerinin-degerlendirilmesi-icin-uygulama-en-iso-3834","status":"publish","type":"page","link":"https:\/\/eucert.pl\/tr\/sonuclar\/kaynak-proseslerinin-degerlendirilmesi-icin-uygulama-en-iso-3834\/","title":{"rendered":"Kaynak proseslerinin de\u011ferlendirilmesi i\u00e7in uygulama EN ISO 3834"},"content":{"rendered":"","protected":false},"excerpt":{"rendered":"","protected":false},"author":1,"featured_media":0,"parent":3646,"menu_order":0,"comment_status":"closed","ping_status":"closed","template":"pages\/iso-3834.php","meta":{"footnotes":""},"acf":[],"yoast_head":"<!-- This site is optimized with the Yoast SEO plugin v21.3 - https:\/\/yoast.com\/wordpress\/plugins\/seo\/ -->\n<title>Kaynak proseslerinin de\u011ferlendirilmesi i\u00e7in uygulama EN ISO 3834 - EU-Cert - Wspieramy Tw\u00f3j Sukces Zgodno\u015bci\u0105<\/title>\n<meta name=\"robots\" content=\"index, follow, max-snippet:-1, max-image-preview:large, max-video-preview:-1\" \/>\n<link rel=\"canonical\" href=\"https:\/\/eucert.pl\/tr\/sonuclar\/kaynak-proseslerinin-degerlendirilmesi-icin-uygulama-en-iso-3834\/\" \/>\n<meta property=\"og:locale\" content=\"tr_TR\" \/>\n<meta property=\"og:type\" content=\"article\" \/>\n<meta property=\"og:title\" content=\"Kaynak proseslerinin de\u011ferlendirilmesi i\u00e7in uygulama EN ISO 3834 - EU-Cert - Wspieramy Tw\u00f3j Sukces Zgodno\u015bci\u0105\" \/>\n<meta property=\"og:url\" content=\"https:\/\/eucert.pl\/tr\/sonuclar\/kaynak-proseslerinin-degerlendirilmesi-icin-uygulama-en-iso-3834\/\" \/>\n<meta property=\"og:site_name\" content=\"EU-Cert - Wspieramy Tw\u00f3j Sukces Zgodno\u015bci\u0105\" \/>\n<meta property=\"article:modified_time\" content=\"2023-12-14T11:45:06+00:00\" \/>\n<meta name=\"twitter:card\" content=\"summary_large_image\" \/>\n<script type=\"application\/ld+json\" class=\"yoast-schema-graph\">{\"@context\":\"https:\/\/schema.org\",\"@graph\":[{\"@type\":\"WebPage\",\"@id\":\"https:\/\/eucert.pl\/tr\/sonuclar\/kaynak-proseslerinin-degerlendirilmesi-icin-uygulama-en-iso-3834\/\",\"url\":\"https:\/\/eucert.pl\/tr\/sonuclar\/kaynak-proseslerinin-degerlendirilmesi-icin-uygulama-en-iso-3834\/\",\"name\":\"Kaynak proseslerinin de\u011ferlendirilmesi i\u00e7in uygulama EN ISO 3834 - EU-Cert - Wspieramy Tw\u00f3j Sukces Zgodno\u015bci\u0105\",\"isPartOf\":{\"@id\":\"https:\/\/eucert.pl\/#website\"},\"datePublished\":\"2023-08-01T06:36:22+00:00\",\"dateModified\":\"2023-12-14T11:45:06+00:00\",\"breadcrumb\":{\"@id\":\"https:\/\/eucert.pl\/tr\/sonuclar\/kaynak-proseslerinin-degerlendirilmesi-icin-uygulama-en-iso-3834\/#breadcrumb\"},\"inLanguage\":\"tr-TR\",\"potentialAction\":[{\"@type\":\"ReadAction\",\"target\":[\"https:\/\/eucert.pl\/tr\/sonuclar\/kaynak-proseslerinin-degerlendirilmesi-icin-uygulama-en-iso-3834\/\"]}]},{\"@type\":\"BreadcrumbList\",\"@id\":\"https:\/\/eucert.pl\/tr\/sonuclar\/kaynak-proseslerinin-degerlendirilmesi-icin-uygulama-en-iso-3834\/#breadcrumb\",\"itemListElement\":[{\"@type\":\"ListItem\",\"position\":1,\"name\":\"Strona g\u0142\u00f3wna\",\"item\":\"https:\/\/eucert.pl\/tr\/\"},{\"@type\":\"ListItem\",\"position\":2,\"name\":\"Sonu\u00e7lar\",\"item\":\"https:\/\/eucert.pl\/tr\/sonuclar\/\"},{\"@type\":\"ListItem\",\"position\":3,\"name\":\"Kaynak proseslerinin de\u011ferlendirilmesi i\u00e7in uygulama EN ISO 3834\"}]},{\"@type\":\"WebSite\",\"@id\":\"https:\/\/eucert.pl\/#website\",\"url\":\"https:\/\/eucert.pl\/\",\"name\":\"EU-Cert - Wspieramy Tw\u00f3j Sukces Zgodno\u015bci\u0105\",\"description\":\"\",\"potentialAction\":[{\"@type\":\"SearchAction\",\"target\":{\"@type\":\"EntryPoint\",\"urlTemplate\":\"https:\/\/eucert.pl\/?s={search_term_string}\"},\"query-input\":\"required name=search_term_string\"}],\"inLanguage\":\"tr-TR\"}]}<\/script>\n<!-- \/ Yoast SEO plugin. -->","yoast_head_json":{"title":"Kaynak proseslerinin de\u011ferlendirilmesi i\u00e7in uygulama EN ISO 3834 - EU-Cert - Wspieramy Tw\u00f3j Sukces Zgodno\u015bci\u0105","robots":{"index":"index","follow":"follow","max-snippet":"max-snippet:-1","max-image-preview":"max-image-preview:large","max-video-preview":"max-video-preview:-1"},"canonical":"https:\/\/eucert.pl\/tr\/sonuclar\/kaynak-proseslerinin-degerlendirilmesi-icin-uygulama-en-iso-3834\/","og_locale":"tr_TR","og_type":"article","og_title":"Kaynak proseslerinin de\u011ferlendirilmesi i\u00e7in uygulama EN ISO 3834 - EU-Cert - Wspieramy Tw\u00f3j Sukces Zgodno\u015bci\u0105","og_url":"https:\/\/eucert.pl\/tr\/sonuclar\/kaynak-proseslerinin-degerlendirilmesi-icin-uygulama-en-iso-3834\/","og_site_name":"EU-Cert - Wspieramy Tw\u00f3j Sukces Zgodno\u015bci\u0105","article_modified_time":"2023-12-14T11:45:06+00:00","twitter_card":"summary_large_image","schema":{"@context":"https:\/\/schema.org","@graph":[{"@type":"WebPage","@id":"https:\/\/eucert.pl\/tr\/sonuclar\/kaynak-proseslerinin-degerlendirilmesi-icin-uygulama-en-iso-3834\/","url":"https:\/\/eucert.pl\/tr\/sonuclar\/kaynak-proseslerinin-degerlendirilmesi-icin-uygulama-en-iso-3834\/","name":"Kaynak proseslerinin de\u011ferlendirilmesi i\u00e7in uygulama EN ISO 3834 - EU-Cert - Wspieramy Tw\u00f3j Sukces Zgodno\u015bci\u0105","isPartOf":{"@id":"https:\/\/eucert.pl\/#website"},"datePublished":"2023-08-01T06:36:22+00:00","dateModified":"2023-12-14T11:45:06+00:00","breadcrumb":{"@id":"https:\/\/eucert.pl\/tr\/sonuclar\/kaynak-proseslerinin-degerlendirilmesi-icin-uygulama-en-iso-3834\/#breadcrumb"},"inLanguage":"tr-TR","potentialAction":[{"@type":"ReadAction","target":["https:\/\/eucert.pl\/tr\/sonuclar\/kaynak-proseslerinin-degerlendirilmesi-icin-uygulama-en-iso-3834\/"]}]},{"@type":"BreadcrumbList","@id":"https:\/\/eucert.pl\/tr\/sonuclar\/kaynak-proseslerinin-degerlendirilmesi-icin-uygulama-en-iso-3834\/#breadcrumb","itemListElement":[{"@type":"ListItem","position":1,"name":"Strona g\u0142\u00f3wna","item":"https:\/\/eucert.pl\/tr\/"},{"@type":"ListItem","position":2,"name":"Sonu\u00e7lar","item":"https:\/\/eucert.pl\/tr\/sonuclar\/"},{"@type":"ListItem","position":3,"name":"Kaynak proseslerinin de\u011ferlendirilmesi i\u00e7in uygulama EN ISO 3834"}]},{"@type":"WebSite","@id":"https:\/\/eucert.pl\/#website","url":"https:\/\/eucert.pl\/","name":"EU-Cert - Wspieramy Tw\u00f3j Sukces Zgodno\u015bci\u0105","description":"","potentialAction":[{"@type":"SearchAction","target":{"@type":"EntryPoint","urlTemplate":"https:\/\/eucert.pl\/?s={search_term_string}"},"query-input":"required name=search_term_string"}],"inLanguage":"tr-TR"}]}},"_links":{"self":[{"href":"https:\/\/eucert.pl\/tr\/wp-json\/wp\/v2\/pages\/3657"}],"collection":[{"href":"https:\/\/eucert.pl\/tr\/wp-json\/wp\/v2\/pages"}],"about":[{"href":"https:\/\/eucert.pl\/tr\/wp-json\/wp\/v2\/types\/page"}],"author":[{"embeddable":true,"href":"https:\/\/eucert.pl\/tr\/wp-json\/wp\/v2\/users\/1"}],"replies":[{"embeddable":true,"href":"https:\/\/eucert.pl\/tr\/wp-json\/wp\/v2\/comments?post=3657"}],"version-history":[{"count":1,"href":"https:\/\/eucert.pl\/tr\/wp-json\/wp\/v2\/pages\/3657\/revisions"}],"predecessor-version":[{"id":3658,"href":"https:\/\/eucert.pl\/tr\/wp-json\/wp\/v2\/pages\/3657\/revisions\/3658"}],"up":[{"embeddable":true,"href":"https:\/\/eucert.pl\/tr\/wp-json\/wp\/v2\/pages\/3646"}],"wp:attachment":[{"href":"https:\/\/eucert.pl\/tr\/wp-json\/wp\/v2\/media?parent=3657"}],"curies":[{"name":"wp","href":"https:\/\/api.w.org\/{rel}","templated":true}]}}