{"id":3646,"date":"2023-08-01T06:34:51","date_gmt":"2023-08-01T06:34:51","guid":{"rendered":"https:\/\/eucert.pl\/sonuclar\/"},"modified":"2025-06-05T06:06:25","modified_gmt":"2025-06-05T06:06:25","slug":"sonuclar","status":"publish","type":"page","link":"https:\/\/eucert.pl\/tr\/sonuclar\/","title":{"rendered":"Sonu\u00e7lar"},"content":{"rendered":"<section id=\"\" class=\"applications acf-block acf-block-id-block_373bd4a2766f628ead45523e3c3186bd \">\n\n  <div class=\"container\">\n\n      <div class=\"applications__text\">\n\n        <h1 class=\"title title--medium title--1 title--primary500\"><strong>EU-Cert<\/strong> uygulamalar\u0131<\/h1>\n        <p class=\"text text--xl text--light\">Bu&nbsp;sayfada \u015firketimiz taraf\u0131ndan sunulan \u00e7e\u015fitli hizmetlere g\u00f6re haz\u0131rlanm\u0131\u015f ilgili ba\u015fvuru formlar\u0131n\u0131 bulacaks\u0131n\u0131z. Ba\u015fvuruyu tamamlamak kolay ve sezgiseldir. Gerekli t\u00fcm bilgiler a\u00e7\u0131k\u00e7a belirtilmi\u015f ve iste\u011fe ba\u011fl\u0131 alanlar y\u0131ld\u0131z i\u015faretiyle i\u015faretlenmi\u015ftir.   <br \/><\/p>\n\n      <\/div>\n\n      <div class=\"applications__content\">\n\n        \n          <div class=\"applications__content__item\">\n            <div class=\"applications__content__item__background\">\n              <img decoding=\"async\" src=\"https:\/\/eucert.pl\/app\/uploads\/2023\/08\/miguel-a-amutio-efc_wvilRs4-unsplash-scaled.jpg\" alt=\"\" srcset=\"\">\n            <\/div>\n\n            <p class=\"text text--xl text--semibold\">PED, MED, PPE programlar\u0131 i\u00e7in uygunluk de\u011ferlendirmesi talebi<\/p>\n            <div class=\"applications__content__item__buttons\">\n              \n                              <a href=\"https:\/\/eucert.pl\/app\/uploads\/2025\/01\/Form.1_KPW-Application-for-product-EN-20250108_ed.5.dotm\" download class=\"btn__application\">Ba\u015fvuruyu indirin<\/a>\n                          <\/div>\n          <\/div>\n\n        \n          <div class=\"applications__content__item\">\n            <div class=\"applications__content__item__background\">\n              <img decoding=\"async\" src=\"https:\/\/eucert.pl\/app\/uploads\/2023\/08\/Property-12.png\" alt=\"\" srcset=\"\">\n            <\/div>\n\n            <p class=\"text text--xl text--semibold\">Kaynak proseslerinin de\u011ferlendirilmesi i\u00e7in uygulama EN&nbsp;15085-2<br \/><\/p>\n            <div class=\"applications__content__item__buttons\">\n              \n                              <a href=\"https:\/\/eucert.pl\/app\/uploads\/2023\/10\/Form.1_EUCERT-PR-RAIL-Wniosek_20230330-ed.2-gotowy-EN-.doc\" download class=\"btn__application\">Ba\u015fvuruyu indirin<\/a>\n                          <\/div>\n          <\/div>\n\n        \n          <div class=\"applications__content__item\">\n            <div class=\"applications__content__item__background\">\n              <img decoding=\"async\" src=\"https:\/\/eucert.pl\/app\/uploads\/2023\/08\/Property-13.jpg\" alt=\"\" srcset=\"\">\n            <\/div>\n\n            <p class=\"text text--xl text--semibold\">Ayr\u0131lamayan ba\u011flant\u0131lar\u0131 ger\u00e7ekle\u015ftiren personelin belgelendirilmesi i\u00e7in ba\u015fvuru<\/p>\n            <div class=\"applications__content__item__buttons\">\n              \n                              <a href=\"https:\/\/eucert.pl\/app\/uploads\/2025\/01\/Form.1_EUCERT-PR-CPS-Wniosek_20250124-ed.3-gotowy-EN-.doc\" download class=\"btn__application\">Ba\u015fvuruyu indirin<\/a>\n                          <\/div>\n          <\/div>\n\n        \n          <div class=\"applications__content__item\">\n            <div class=\"applications__content__item__background\">\n              <img decoding=\"async\" src=\"https:\/\/eucert.pl\/app\/uploads\/2023\/08\/Property-14.jpg\" alt=\"\" srcset=\"\">\n            <\/div>\n\n            <p class=\"text text--xl text--semibold\">Kaynak proseslerinin de\u011ferlendirilmesi i\u00e7in uygulama EN&nbsp;ISO 3834<br \/><\/p>\n            <div class=\"applications__content__item__buttons\">\n              \n                              <a href=\"https:\/\/eucert.pl\/app\/uploads\/2023\/10\/Form.1_EUCERT-PR-WELD-Wniosek_20230330-ed.2-gotowy-EN-.docx\" download class=\"btn__application\">Ba\u015fvuruyu indirin<\/a>\n                          <\/div>\n          <\/div>\n\n        \n          <div class=\"applications__content__item\">\n            <div class=\"applications__content__item__background\">\n              <img decoding=\"async\" src=\"https:\/\/eucert.pl\/app\/uploads\/2023\/08\/Property-16.jpg\" alt=\"\" srcset=\"\">\n            <\/div>\n\n            <p class=\"text text--xl text--semibold\">Ayr\u0131lamayan bir birle\u015fme i\u00e7in operasyonel prosed\u00fcr\u00fcn onaylanmas\u0131 talebi<br \/><\/p>\n            <div class=\"applications__content__item__buttons\">\n              \n                              <a href=\"https:\/\/eucert.pl\/app\/uploads\/2023\/10\/Form.26_EUCERT_PR_PED-Wniosek-o-zatwierdzanie-procedur-operacyjnych-polaczen-nierozlacznych_20230330_ed.3-gotowy-EN-.docx\" download class=\"btn__application\">Ba\u015fvuruyu indirin<\/a>\n                          <\/div>\n          <\/div>\n\n        \n          <div class=\"applications__content__item\">\n            <div class=\"applications__content__item__background\">\n              <img decoding=\"async\" src=\"https:\/\/eucert.pl\/app\/uploads\/2023\/08\/Property-17.jpg\" alt=\"\" srcset=\"\">\n            <\/div>\n\n            <p class=\"text text--xl text--semibold\">Y\u00f6netim sisteminin belgelendirilmesi i\u00e7in ba\u015fvuru<br \/><\/p>\n            <div class=\"applications__content__item__buttons\">\n              \n                              <a href=\"https:\/\/eucert.pl\/app\/uploads\/2024\/01\/Form.1_QMS-Application-for-certification-EN.dotx\" download class=\"btn__application\">Ba\u015fvuruyu indirin<\/a>\n                          <\/div>\n          <\/div>\n\n        \n      <\/div>\n\n  <\/div>\n\n<\/section>\n\n\n<section id=\"\" class=\"cta acf-block acf-block-id-block_a3e69270d92826c15a50b76fe303b6fe \">\n  <div class=\"cta__video\">\n    <video src=\"https:\/\/eucert.pl\/app\/uploads\/2023\/08\/video_compressed.mp4\" autoplay muted loop loading=\"lazy\"><\/video>\n  <\/div>\n  <div class=\"cta__container\">\n\n    <h2 class=\"title title--2 title--regular title--white\">Teklifimizin tamam\u0131n\u0131 ke\u015ffedin ve bug\u00fcn birlikte \u00e7al\u0131\u015fmaya ba\u015flay\u0131n!<\/h2>\n\n    \n      <a href=\"https:\/\/eucert.pl\/tr\/oferta\/\" target=\"\" class=\"btn btn--white btn--l\">Teklife git<\/a>\n\n    \n  <\/div>\n<\/section>","protected":false},"excerpt":{"rendered":"","protected":false},"author":1,"featured_media":0,"parent":0,"menu_order":0,"comment_status":"closed","ping_status":"closed","template":"","meta":{"footnotes":""},"acf":[],"yoast_head":"<!-- This site is optimized with the Yoast SEO plugin v21.3 - https:\/\/yoast.com\/wordpress\/plugins\/seo\/ -->\n<title>Sonu\u00e7lar - EU-Cert - Wspieramy Tw\u00f3j Sukces Zgodno\u015bci\u0105<\/title>\n<meta name=\"robots\" content=\"index, follow, max-snippet:-1, max-image-preview:large, max-video-preview:-1\" \/>\n<link rel=\"canonical\" href=\"https:\/\/eucert.pl\/tr\/sonuclar\/\" \/>\n<meta property=\"og:locale\" content=\"tr_TR\" \/>\n<meta property=\"og:type\" content=\"article\" \/>\n<meta property=\"og:title\" content=\"Sonu\u00e7lar - EU-Cert - Wspieramy Tw\u00f3j Sukces Zgodno\u015bci\u0105\" \/>\n<meta property=\"og:url\" content=\"https:\/\/eucert.pl\/tr\/sonuclar\/\" \/>\n<meta property=\"og:site_name\" content=\"EU-Cert - Wspieramy Tw\u00f3j Sukces Zgodno\u015bci\u0105\" \/>\n<meta property=\"article:modified_time\" content=\"2025-06-05T06:06:25+00:00\" \/>\n<meta name=\"twitter:card\" content=\"summary_large_image\" \/>\n<script type=\"application\/ld+json\" class=\"yoast-schema-graph\">{\"@context\":\"https:\/\/schema.org\",\"@graph\":[{\"@type\":\"WebPage\",\"@id\":\"https:\/\/eucert.pl\/tr\/sonuclar\/\",\"url\":\"https:\/\/eucert.pl\/tr\/sonuclar\/\",\"name\":\"Sonu\u00e7lar - EU-Cert - Wspieramy Tw\u00f3j Sukces Zgodno\u015bci\u0105\",\"isPartOf\":{\"@id\":\"https:\/\/eucert.pl\/#website\"},\"datePublished\":\"2023-08-01T06:34:51+00:00\",\"dateModified\":\"2025-06-05T06:06:25+00:00\",\"breadcrumb\":{\"@id\":\"https:\/\/eucert.pl\/tr\/sonuclar\/#breadcrumb\"},\"inLanguage\":\"tr-TR\",\"potentialAction\":[{\"@type\":\"ReadAction\",\"target\":[\"https:\/\/eucert.pl\/tr\/sonuclar\/\"]}]},{\"@type\":\"BreadcrumbList\",\"@id\":\"https:\/\/eucert.pl\/tr\/sonuclar\/#breadcrumb\",\"itemListElement\":[{\"@type\":\"ListItem\",\"position\":1,\"name\":\"Strona g\u0142\u00f3wna\",\"item\":\"https:\/\/eucert.pl\/tr\/\"},{\"@type\":\"ListItem\",\"position\":2,\"name\":\"Sonu\u00e7lar\"}]},{\"@type\":\"WebSite\",\"@id\":\"https:\/\/eucert.pl\/#website\",\"url\":\"https:\/\/eucert.pl\/\",\"name\":\"EU-Cert - Wspieramy Tw\u00f3j Sukces Zgodno\u015bci\u0105\",\"description\":\"\",\"potentialAction\":[{\"@type\":\"SearchAction\",\"target\":{\"@type\":\"EntryPoint\",\"urlTemplate\":\"https:\/\/eucert.pl\/?s={search_term_string}\"},\"query-input\":\"required name=search_term_string\"}],\"inLanguage\":\"tr-TR\"}]}<\/script>\n<!-- \/ Yoast SEO plugin. -->","yoast_head_json":{"title":"Sonu\u00e7lar - EU-Cert - Wspieramy Tw\u00f3j Sukces Zgodno\u015bci\u0105","robots":{"index":"index","follow":"follow","max-snippet":"max-snippet:-1","max-image-preview":"max-image-preview:large","max-video-preview":"max-video-preview:-1"},"canonical":"https:\/\/eucert.pl\/tr\/sonuclar\/","og_locale":"tr_TR","og_type":"article","og_title":"Sonu\u00e7lar - EU-Cert - Wspieramy Tw\u00f3j Sukces Zgodno\u015bci\u0105","og_url":"https:\/\/eucert.pl\/tr\/sonuclar\/","og_site_name":"EU-Cert - Wspieramy Tw\u00f3j Sukces Zgodno\u015bci\u0105","article_modified_time":"2025-06-05T06:06:25+00:00","twitter_card":"summary_large_image","schema":{"@context":"https:\/\/schema.org","@graph":[{"@type":"WebPage","@id":"https:\/\/eucert.pl\/tr\/sonuclar\/","url":"https:\/\/eucert.pl\/tr\/sonuclar\/","name":"Sonu\u00e7lar - EU-Cert - Wspieramy Tw\u00f3j Sukces Zgodno\u015bci\u0105","isPartOf":{"@id":"https:\/\/eucert.pl\/#website"},"datePublished":"2023-08-01T06:34:51+00:00","dateModified":"2025-06-05T06:06:25+00:00","breadcrumb":{"@id":"https:\/\/eucert.pl\/tr\/sonuclar\/#breadcrumb"},"inLanguage":"tr-TR","potentialAction":[{"@type":"ReadAction","target":["https:\/\/eucert.pl\/tr\/sonuclar\/"]}]},{"@type":"BreadcrumbList","@id":"https:\/\/eucert.pl\/tr\/sonuclar\/#breadcrumb","itemListElement":[{"@type":"ListItem","position":1,"name":"Strona g\u0142\u00f3wna","item":"https:\/\/eucert.pl\/tr\/"},{"@type":"ListItem","position":2,"name":"Sonu\u00e7lar"}]},{"@type":"WebSite","@id":"https:\/\/eucert.pl\/#website","url":"https:\/\/eucert.pl\/","name":"EU-Cert - Wspieramy Tw\u00f3j Sukces Zgodno\u015bci\u0105","description":"","potentialAction":[{"@type":"SearchAction","target":{"@type":"EntryPoint","urlTemplate":"https:\/\/eucert.pl\/?s={search_term_string}"},"query-input":"required name=search_term_string"}],"inLanguage":"tr-TR"}]}},"_links":{"self":[{"href":"https:\/\/eucert.pl\/tr\/wp-json\/wp\/v2\/pages\/3646"}],"collection":[{"href":"https:\/\/eucert.pl\/tr\/wp-json\/wp\/v2\/pages"}],"about":[{"href":"https:\/\/eucert.pl\/tr\/wp-json\/wp\/v2\/types\/page"}],"author":[{"embeddable":true,"href":"https:\/\/eucert.pl\/tr\/wp-json\/wp\/v2\/users\/1"}],"replies":[{"embeddable":true,"href":"https:\/\/eucert.pl\/tr\/wp-json\/wp\/v2\/comments?post=3646"}],"version-history":[{"count":3,"href":"https:\/\/eucert.pl\/tr\/wp-json\/wp\/v2\/pages\/3646\/revisions"}],"predecessor-version":[{"id":4976,"href":"https:\/\/eucert.pl\/tr\/wp-json\/wp\/v2\/pages\/3646\/revisions\/4976"}],"wp:attachment":[{"href":"https:\/\/eucert.pl\/tr\/wp-json\/wp\/v2\/media?parent=3646"}],"curies":[{"name":"wp","href":"https:\/\/api.w.org\/{rel}","templated":true}]}}