{"id":3636,"date":"2023-10-06T14:10:47","date_gmt":"2023-10-06T14:10:47","guid":{"rendered":"https:\/\/eucert.pl\/yonetmelikler\/"},"modified":"2023-12-14T10:10:31","modified_gmt":"2023-12-14T10:10:31","slug":"yonetmelikler","status":"publish","type":"page","link":"https:\/\/eucert.pl\/tr\/yonetmelikler\/","title":{"rendered":"Y\u00f6netmelikler"},"content":{"rendered":"<section id=\"\" class=\"text-block text-block--smaller-heading  acf-block acf-block-id-block_c67d454ea021698cc6f7f6845bc5a287 \">\n\n  <div class=\"container\">\n    <h1 class=\"title title--1 title--medium title--primary500\">Y\u00f6netmelikler<\/h1>\n\n    <div class=\"wysiwyg\">\n      <p><strong>I. VE WEB SI\u0307TESI\u0307NI\u0307N GENEL KULLANIM \u015eARTLARI<\/strong><\/p>\n<p><strong>(USUL KURALLARI)<\/strong><br \/>\n&nbsp;<\/p>\n<ol>\n<li>Bu&nbsp;belge, bundan b\u00f6yle &#8220;Genel H\u00fck\u00fcm ve Ko\u015fullar&#8221; olarak an\u0131lacak olan web sitesine eri\u015fim ve web sitesinin kullan\u0131m\u0131na ili\u015fkin h\u00fck\u00fcm ve ko\u015fullar\u0131 belirlemektedir.<\/li>\n<li>Her Kullan\u0131c\u0131, web sitesini kullanmaya ba\u015flar ba\u015flamaz, Genel H\u00fck\u00fcm ve Ko\u015fullar\u0131 okumak, bunlara uymak ve herhangi bir s\u0131n\u0131rlama veya nitelendirme olmaks\u0131z\u0131n kabul etmekle y\u00fck\u00fcml\u00fcd\u00fcr.<\/li>\n<li>T\u00fcm Genel H\u00fck\u00fcm ve Ko\u015fullar\u0131 kabul etmiyorsan\u0131z, web sitesini kullanmay\u0131 b\u0131rakmal\u0131 ve derhal terk etmelisiniz.<\/li>\n<li>Web sitesinde kullan\u0131lan t\u00fcm ticari isimler, \u015firket isimleri ve logolar\u0131 ilgili sahiplerine aittir ve yaln\u0131zca tan\u0131mlama amac\u0131yla kullan\u0131lmaktad\u0131r. Tescilli ticari markalar olabilirler ve sadece tan\u0131mlama amac\u0131yla kullan\u0131l\u0131rlar. <\/li>\n<li>Web sitesinin i\u00e7eri\u011finin, \u00e7al\u0131\u015fmalar\u0131n\u0131n veya bilgilerinin izinsiz kullan\u0131m\u0131 veya web sitesinin herhangi bir unsurunun izinsiz \u00e7o\u011falt\u0131lmas\u0131, yeniden iletilmesi veya ba\u015fka bir \u015fekilde kullan\u0131lmas\u0131, bu&nbsp;t\u00fcr eylemler di\u011ferlerinin yan\u0131 s\u0131ra telif hakk\u0131 veya korunan ticari markalar\u0131 ihlal edebilece\u011finden yasakt\u0131r. <\/li>\n<li>Web sitesi ile ilgili soru veya g\u00f6r\u00fc\u015flerinizi a\u015fa\u011f\u0131daki e-posta adresine iletebilirsiniz: office@eucert.pl.<\/li>\n<\/ol>\n<p>&nbsp;<\/p>\n<p>&nbsp;<\/p>\n<p>&nbsp;<\/p>\n<p><strong>II. TANIMLAR 1. WEB S\u0130TES\u0130 &#8211; \u0130nternet a\u011f\u0131 \u00fczerinde www.eucert.pl ad\u0131yla kullan\u0131ma sunulan i\u00e7erik;  <\/strong><\/p>\n<p>&nbsp;<\/p>\n<p>2 KULLANICI &#8211; web sitesinde bulunan i\u00e7eri\u011fi kullanan ger\u00e7ek bir ki\u015fi, t\u00fczel bir ki\u015fi veya t\u00fczel ki\u015fili\u011fi olmayan, kanunla yasal ehliyet verilmi\u015f bir organizasyonel birim;<br \/>\n&nbsp;<br \/>\n3 \u015eARTLAR ve KO\u015eULLAR &#8211; di\u011ferlerinin yan\u0131 s\u0131ra, bu&nbsp;Genel \u015eartlar ve Ko\u015fullar, Gizlilik Politikas\u0131, \u00e7erezler ve web sitesinde bulunan ve belirli i\u015flevler, \u00f6zellikler ve m\u00fc\u015fteri hizmetleri ile ilgili di\u011fer \u015fartlar ve ko\u015fullar\u0131n t\u00fcm h\u00fck\u00fcmlerinin b\u00fct\u00fcn\u00fc;<br \/>\n&nbsp;<br \/>\n4 SAH\u0130B\u0130 &#8211; Bu&nbsp;web sitesini sa\u011flayan kurulu\u015f: EU-Cert Sp. z&nbsp;o.o., ul.&nbsp;Karola Szymanowskiego 12\/U6, 80-280 Gda\u0144sk, Gda\u0144sk&#8217;taki Gda\u0144sk-P\u00f3\u0142noc B\u00f6lge Mahkemesinde, Ulusal Mahkeme Sicilinin VII Ekonomi B\u00f6l\u00fcm\u00fcnde KRS numaras\u0131 0000980050 alt\u0131nda kay\u0131tl\u0131 Limited \u015firket. NIP: 5851497842, REGON: 522458663.<br \/>\n&nbsp;<br \/>\n&nbsp;<br \/>\n&nbsp;<\/p>\n<p><strong>II. KO\u015eULLARIN KAPSAMI <\/strong><\/p>\n<p>&nbsp;<\/p>\n<ol>\n<li>Sahibi, a\u015fa\u011f\u0131daki Genel Ko\u015fullara uygun olarak web sitesinin i\u00e7eri\u011fine eri\u015fim sa\u011flayacakt\u0131r.<\/li>\n<li>Web sitesinde yay\u0131nlanan i\u00e7erik ve veriler yaln\u0131zca bilgilendirme ama\u00e7l\u0131d\u0131r.<\/li>\n<li>Kullan\u0131c\u0131lar, Genel H\u00fck\u00fcm ve Ko\u015fullar\u0131 \u00f6nceden kabul etmelerine ve ilgili s\u00f6zle\u015fmeleri imzalamalar\u0131na ba\u011fl\u0131 olarak web sitesinde sunulan eri\u015fim ve hizmetleri kullanabilirler.<\/li>\n<\/ol>\n<p>&nbsp;<br \/>\n&nbsp;<br \/>\n&nbsp;<\/p>\n<p><strong>III. WEB SI\u0307TESI\u0307NI\u0307N KULLANIMINA I\u0307LI\u0307\u015eKI\u0307N KURALLAR <\/strong><\/p>\n<p>&nbsp;<\/p>\n<p>1. Web sitesi her t\u00fcrl\u00fc \u0130nternet taray\u0131c\u0131s\u0131 taraf\u0131ndan desteklenmektedir. Kullan\u0131c\u0131n\u0131n terminal cihaz\u0131n\u0131n \u00f6zel bir \u00f6zelli\u011fi olmas\u0131 gerekmez. <\/p>\n<p>2. H\u00fck\u00fcm ve Ko\u015fullar\u0131 kabul ettikten sonra, bu&nbsp;web sitesinin i\u00e7eri\u011fini, i\u00e7eri\u011fini de\u011fi\u015ftirmeden g\u00f6r\u00fcnt\u00fcleme, kopyalama, yazd\u0131rma ve da\u011f\u0131tma hakk\u0131na sahipsiniz:<\/p>\n<p>a. i\u00e7erik yaln\u0131zca bilgilendirme ama\u00e7l\u0131, ticari olmayan ama\u00e7larla kullan\u0131lacakt\u0131r; <\/p>\n<p>b.&nbsp;yap\u0131lan her kopyada telif hakk\u0131 bilgileri veya i\u00e7eri\u011fin yazar\u0131n\u0131n ayr\u0131nt\u0131lar\u0131 yer alacakt\u0131r. <\/p>\n<p>3. Web sitesinin bir par\u00e7as\u0131n\u0131 olu\u015fturan yaz\u0131l\u0131m, s\u00fcre\u00e7 ve teknolojilerin kullan\u0131m\u0131 ve kopyalanmas\u0131 yasakt\u0131r.<\/p>\n<p>4. Kullan\u0131c\u0131lar web sitesini yaln\u0131zca Telekom\u00fcnikasyon Yasas\u0131, Elektronik Hizmetlerin Sa\u011flanmas\u0131 Yasas\u0131 ve medeni hukukun ilgili h\u00fck\u00fcmlerine uygun olarak kullanabilirler.<\/p>\n<p>5. Web si\u0307tesi\u0307ni\u0307n kullanimi yasaktir:<\/p>\n<p>a. y\u00fcr\u00fcrl\u00fckteki yasalar\u0131n ihlaline yol a\u00e7acak \u015fekilde; <\/p>\n<p>b.&nbsp;hukuka ayk\u0131r\u0131 veya hileli bir \u015fekilde veya hukuka ayk\u0131r\u0131 veya hileli bir amaca ula\u015fmak niyetiyle; <\/p>\n<p>c. Genel H\u00fck\u00fcm ve Ko\u015fullara uygun olmayan i\u00e7erik g\u00f6ndermek, bilerek almak, y\u00fcklemek veya kullanmak; <\/p>\n<p>d. istenmeyen veya izinsiz reklam veya tan\u0131t\u0131m materyalleri ya da SPAM toplu kategorisine giren benzer materyallerin ba\u015fka herhangi bir bi\u00e7imini iletmek veya g\u00f6nderilmesine neden olmak; <\/p>\n<p>e. bilerek herhangi bir veri iletmek, vir\u00fcs, Truva at\u0131, casus yaz\u0131l\u0131m i\u00e7eren herhangi bir materyal g\u00f6ndermek veya y\u00fcklemek. <\/p>\n<p>&nbsp;<br \/>\n&nbsp;<br \/>\n&nbsp;<br \/>\n<strong>IV. \u00c7EREZLER <\/strong><\/p>\n<p>&nbsp;<\/p>\n<ol>\n<li>Web sitesi, Kullan\u0131c\u0131n\u0131n web sitesine eri\u015fimi (\u00f6rn. bilgisayar veya ak\u0131ll\u0131 telefon arac\u0131l\u0131\u011f\u0131yla) ve tercihleri hakk\u0131nda bilgi toplamak i\u00e7in \u00e7erezler veya benzer teknolojiler (bundan b\u00f6yle toplu olarak &#8220;\u00e7erezler&#8221; olarak an\u0131lacakt\u0131r) kullan\u0131r. Bunlar, di\u011fer \u015feylerin yan\u0131 s\u0131ra, reklam ve istatistiksel ama\u00e7lar i\u00e7in ve web sitesini Kullan\u0131c\u0131n\u0131n bireysel ihtiya\u00e7lar\u0131na uyarlamak i\u00e7in kullan\u0131l\u0131r.  <\/li>\n<li>\u00c7erezler, kullan\u0131lan cihazla ilgili bilgileri saklamak ve bazen izlemek amac\u0131yla bir web sitesinin Kullan\u0131c\u0131n\u0131n cihaz\u0131na g\u00f6nderdi\u011fi benzersiz bir referans kodu i\u00e7eren bilgi par\u00e7alar\u0131d\u0131r. Genellikle Kullan\u0131c\u0131y\u0131 ki\u015fisel olarak tan\u0131mlamazlar. Temel ama\u00e7lar\u0131, web sitesini Kullan\u0131c\u0131ya daha iyi uyarlamakt\u0131r.  <\/li>\n<li>Web sitesinde bulunan \u00e7erezlerin baz\u0131lar\u0131 yaln\u0131zca belirli bir web oturumu s\u00fcresince kullan\u0131labilir ve taray\u0131c\u0131 kapat\u0131ld\u0131\u011f\u0131nda sona erer. Di\u011fer \u00e7erezler, kullan\u0131c\u0131y\u0131 web sitesine geri d\u00f6nd\u00fc\u011f\u00fcnde hat\u0131rlamak i\u00e7in kullan\u0131l\u0131r. Daha sonra daha uzun bir s\u00fcre boyunca saklan\u0131rlar.  <\/li>\n<li>Web sitesinde bulunan t\u00fcm \u00e7erezler Sahibi taraf\u0131ndan ayarlan\u0131r.<\/li>\n<li>Bu&nbsp;web sitesi taraf\u0131ndan kullan\u0131lan t\u00fcm \u00e7erezler mevcut Avrupa Birli\u011fi yasalar\u0131na uygundur.<\/li>\n<li>\u00c7o\u011fu Kullan\u0131c\u0131 ve baz\u0131 mobil taray\u0131c\u0131lar \u00e7erezleri otomatik olarak kabul eder. Bu&nbsp;ayarlar\u0131 de\u011fi\u015ftirmeden b\u0131rak\u0131rsan\u0131z, \u00e7erezler cihaz\u0131n\u0131zda saklanacakt\u0131r. <\/li>\n<li>\u00c7erezlerin kabul edilmesine ili\u015fkin tercihlerinizi de\u011fi\u015ftirebilir veya taray\u0131c\u0131n\u0131z\u0131, \u00e7erez i\u015flevi her ayarland\u0131\u011f\u0131nda uygun bir bildirim alabilece\u011finiz \u015fekilde de\u011fi\u015ftirebilirsiniz. \u00c7erez kabul ayarlar\u0131n\u0131z\u0131 de\u011fi\u015ftirmek i\u00e7in taray\u0131c\u0131n\u0131zdaki ayarlar\u0131 d\u00fczenleyin. <\/li>\n<li>\u00c7erezleri engellemenin veya silmenin web sitesinden tam olarak yararlanman\u0131z\u0131 engelleyebilece\u011fini unutmamak gerekir.<\/li>\n<li>\u00c7erezler, a\u015fa\u011f\u0131dakiler dahil olmak \u00fczere temel oturum y\u00f6netimi i\u00e7in kullan\u0131lacakt\u0131r:<\/li>\n<\/ol>\n<p>a. Web Sitesi Kullan\u0131c\u0131s\u0131 i\u00e7in \u00f6zel bir giri\u015f oturumu olu\u015fturmak, b\u00f6ylece Web Sitesi Kullan\u0131c\u0131n\u0131n giri\u015f yapt\u0131\u011f\u0131n\u0131 hat\u0131rlar ve talepleri verimli, g\u00fcvenli ve tutarl\u0131 bir \u015fekilde iletilir; <\/p>\n<p>b.&nbsp;Web sitesini daha \u00f6nce ziyaret etmi\u015f olan bir kullan\u0131c\u0131y\u0131 tan\u0131mak, bu&nbsp;da web sitesini kullanan benzersiz kullan\u0131c\u0131lar\u0131n say\u0131s\u0131n\u0131 belirlememize ve web sitesinin yeni kullan\u0131c\u0131 say\u0131s\u0131 i\u00e7in kapasitesini tespit etmemize olanak tan\u0131r; <\/p>\n<p>c. Bir web sitesi ziyaret\u00e7isinin web sitesine kay\u0131tl\u0131 olup olmad\u0131\u011f\u0131n\u0131n tan\u0131nmas\u0131; <\/p>\n<p>d. Sorunlar\u0131 te\u015fhis edebilmek, web sitesinin kullan\u0131m\u0131n\u0131 y\u00f6netmek ve izlemek i\u00e7in \u00e7erezler, IP adresi ve kullan\u0131lan taray\u0131c\u0131 hakk\u0131nda bilgiler dahil olmak \u00fczere Kullan\u0131c\u0131n\u0131n cihaz\u0131ndan bilgi kaydetmek; <\/p>\n<p>e. Web sitesinin d\u00fczeninin veya i\u00e7eri\u011finin unsurlar\u0131n\u0131 \u00f6zelle\u015ftirmek i\u00e7in; <\/p>\n<p>f. Siteyi iyile\u015ftirebilmek ve sitenin hangi alanlar\u0131n\u0131n Kullan\u0131c\u0131lar aras\u0131nda en&nbsp;pop\u00fcler oldu\u011funu belirlemek i\u00e7in Kullan\u0131c\u0131n\u0131n siteyi nas\u0131l kulland\u0131\u011f\u0131 hakk\u0131nda istatistiksel bilgi toplamak. <\/p>\n<p>&nbsp;<br \/>\n&nbsp;<br \/>\n&nbsp;<\/p>\n<p><strong>V. DI\u015e BA\u011eLANTILAR<\/strong><br \/>\n&nbsp;<\/p>\n<ol>\n<li>Bu&nbsp;web sitesinde di\u011fer web sitelerine verilen ba\u011flant\u0131lar yaln\u0131zca bilgi ama\u00e7l\u0131d\u0131r.<\/li>\n<li>Web sitesinin sahibi, di\u011fer web sitelerindeki i\u00e7erikten veya bunlar\u0131n kullan\u0131m\u0131ndan kaynaklanan herhangi bir zarardan sorumlu de\u011fildir.<\/li>\n<\/ol>\n<p>&nbsp;<br \/>\n&nbsp;<br \/>\n&nbsp;<br \/>\n<strong>VI. FI\u0307KRI\u0307 M\u00dcLKI\u0307YETE SAYGI <\/strong><\/p>\n<ol>\n<li>Web sitesi ve i\u00e7eri\u011fi telif hakk\u0131, ticari marka ve fikri m\u00fclkiyetin korunmas\u0131na ili\u015fkin di\u011fer yasalarla korunuyor olabilir.<\/li>\n<li>Web sitesinde g\u00f6r\u00fcnen Sahibinin markalar\u0131, logolar\u0131 ve di\u011fer ki\u015fiselle\u015ftirilmi\u015f amblemleri (topluca: &#8220;Markalar&#8221;) Sahibinin ticari markalar\u0131d\u0131r.<\/li>\n<\/ol>\n<p>Ayr\u0131, m\u00fcnferit yaz\u0131l\u0131 izinler haricinde, kullan\u0131c\u0131, sahibine ait ticari markalar\u0131: \u00f6zellikle bas\u0131n b\u00fcltenlerinde, reklamlarda, tan\u0131t\u0131m veya pazarlama materyallerinde, medyada, yaz\u0131l\u0131 veya s\u00f6zl\u00fc materyallerde, elektronik formda, g\u00f6rsel formda veya ba\u015fka herhangi bir bi\u00e7imde ayr\u0131 ayr\u0131 veya di\u011fer s\u00f6zl\u00fc veya grafik unsurlarla birlikte kullanamaz.<\/p>\n<p>&nbsp;<br \/>\n&nbsp;<br \/>\n&nbsp;<br \/>\n<strong>VII. KULLANICI VERI\u0307LERI\u0307NI\u0307N KORUNMASI <\/strong><\/p>\n<p>&nbsp;<\/p>\n<p>Sahip, Kullan\u0131c\u0131lar\u0131n gizlili\u011fine tamamen sayg\u0131 duyar. Kullan\u0131c\u0131n\u0131n ki\u015fisel verilerinin veya di\u011fer bilgilerinin nas\u0131l topland\u0131\u011f\u0131 ve i\u015flendi\u011finin yan\u0131 s\u0131ra Sahibinin bunlar\u0131 if\u015fa edebilece\u011fi durumlar hakk\u0131nda ayr\u0131nt\u0131lar i\u00e7in l\u00fctfen Gizlilik Politikas\u0131na bak\u0131n. <\/p>\n<p>&nbsp;<br \/>\n&nbsp;<br \/>\n&nbsp;<\/p>\n<p><strong>VII. SORUMLULU\u011eUN SINIRLANDIRILMASI <\/strong><br \/>\n&nbsp;<\/p>\n<ol>\n<li>Bu&nbsp;web sitesi genel nitelikte bilgiler i\u00e7ermektedir. Herhangi bir profesyonel tavsiyeye arac\u0131l\u0131k etmesi ama\u00e7lanmam\u0131\u015ft\u0131r. <\/li>\n<li>Web sitesi, \u00f6zellikle g\u00fcvenlik, hatas\u0131zl\u0131k, vir\u00fcs veya k\u00f6t\u00fc ama\u00e7l\u0131 kodlar\u0131n bulunmamas\u0131, do\u011fru \u00e7al\u0131\u015fma veya kalite garantileri olmak \u00fczere i\u00e7eri\u011fiyle ilgili herhangi bir garanti vermez.<\/li>\n<li>Web sitesi, sat\u0131labilirlik veya belirli bir amaca uygunluk, ihlal etmeme, \u00f6zelle\u015ftirme, g\u00fcvenlik ve bilgilerin g\u00fcvenilirli\u011fi garantileri de&nbsp;dahil olmak \u00fczere, a\u00e7\u0131k veya z\u0131mni hi\u00e7bir garanti vermez.<\/li>\n<li>Web sitesinin kullan\u0131m\u0131 kullan\u0131c\u0131n\u0131n kendi sorumlulu\u011fundad\u0131r ve kullan\u0131c\u0131, do\u011frudan veya dolayl\u0131, ar\u0131zi, sonu\u00e7 olarak ortaya \u00e7\u0131kan, cezai veya veri veya hizmet kayb\u0131 dahil ancak bunlarla s\u0131n\u0131rl\u0131 olmamak \u00fczere s\u00f6zle\u015fme, haks\u0131z fiil, ihmalden kaynaklanan di\u011fer zararlar olsun, kullan\u0131m\u0131yla ilgili veya kullan\u0131m\u0131ndan kaynaklanan zararlar i\u00e7in t\u00fcm sorumlulu\u011fu kabul eder. <\/li>\n<li>Web sitesi, \u00f6zellikle \u00fc\u00e7\u00fcnc\u00fc \u015fah\u0131slar taraf\u0131ndan i\u015fletilen sitelere, kaynaklara veya ara\u00e7lara y\u00f6nlendiriyorsa, web sitesinde sa\u011flanan ba\u011flant\u0131lar i\u00e7in hi\u00e7bir sorumluluk kabul etmez.<\/li>\n<li>Web sitesinin herhangi bir nedenle ge\u00e7ici veya kal\u0131c\u0131 olarak kullan\u0131lamamas\u0131 durumunda sahibi sorumlu olmayacakt\u0131r.<\/li>\n<li>Web sitesinde verilen bilgilerden i\u015fletme sahibi sorumlu de\u011fildir.<\/li>\n<li>Sahibinin web sitesinin do\u011fru ve g\u00fcncel olmas\u0131n\u0131 sa\u011flamak i\u00e7in en&nbsp;iyi \u00e7abay\u0131 g\u00f6stermesine ra\u011fmen, Sahibinin istemedi\u011fi hatalar meydana gelebilir ve Kullan\u0131c\u0131n\u0131n bunlar\u0131 ke\u015ffettikten sonra Sahibine bildirmesi istenir.<\/li>\n<li>Yukar\u0131da belirtilen t\u00fcm sorumluluk istisnalar\u0131 ve s\u0131n\u0131rlamalar\u0131, s\u00f6zle\u015fmeden do\u011fan sorumluluk, haks\u0131z fiil sorumlulu\u011fu ve Polonya veya yabanc\u0131 yasalar kapsam\u0131nda \u00f6ng\u00f6r\u00fclen di\u011fer sorumluluklar dahil olmak \u00fczere mevcut her t\u00fcrl\u00fc sorumlulu\u011fu kapsayacak \u015fekilde yasalar\u0131n izin verdi\u011fi en&nbsp;geni\u015f \u00f6l\u00e7\u00fcde ge\u00e7erlidir. <\/li>\n<\/ol>\n<p>&nbsp;<br \/>\n&nbsp;<br \/>\n&nbsp;<br \/>\n<strong>VIII. AKDEDI\u0307LEN ANLA\u015eMALARLA I\u0307LI\u0307\u015eKI\u0307 <\/strong><br \/>\n&nbsp;<\/p>\n<p>Aksi belirtilmedik\u00e7e, Genel H\u00fck\u00fcm ve Ko\u015fullar, web sitesinin kullan\u0131m\u0131na ili\u015fkin olarak Kullan\u0131c\u0131 ve Sahibi aras\u0131nda, burada yer alan i\u00e7erikle ilgili olarak tam ve kapsaml\u0131 bir anla\u015fma te\u015fkil eder ve bu&nbsp;Genel H\u00fck\u00fcm ve Ko\u015fullar\u0131n konusu (i\u00e7eri\u011fi) ile ilgili di\u011fer t\u00fcm anla\u015fmalar\u0131n, anlay\u0131\u015flar\u0131n ve s\u00f6zle\u015fmelerin yerine ge\u00e7er.<br \/>\n&nbsp;<br \/>\n&nbsp;<br \/>\n&nbsp;<\/p>\n<p><strong>IX. WEB SI\u0307TESI\u0307NI\u0307N H\u00dcK\u00dcM VE KO\u015eULLARINDA DE\u011eI\u0307\u015eI\u0307KLI\u0307K <\/strong><br \/>\n&nbsp;<\/p>\n<p>1. Web Sitesi Sahibi, bu&nbsp;Genel H\u00fck\u00fcm ve Ko\u015fullar\u0131, ge\u00e7erlilikleri s\u00fcresince herhangi bir zamanda, g\u00fcncellenmi\u015f versiyonunu h\u00fck\u00fcm ve ko\u015fullar sayfas\u0131nda yay\u0131nlayarak de\u011fi\u015ftirme hakk\u0131n\u0131 sakl\u0131 tutar; de\u011fi\u015ftirilmi\u015f Genel H\u00fck\u00fcm ve Ko\u015fullarda aksi belirtilmedik\u00e7e, g\u00fcncellenmi\u015f versiyonu h\u00fck\u00fcm ve ko\u015fullar sayfas\u0131nda yay\u0131nlayarak, yay\u0131nland\u0131klar\u0131 tarihten itibaren Kullan\u0131c\u0131lar i\u00e7in ge\u00e7erli olacakt\u0131r.<\/p>\n<p>&nbsp;<br \/>\n&nbsp;<br \/>\n&nbsp;<\/p>\n<p><strong>X. ANLA\u015eMAZLIKLARIN \u00c7\u00d6Z\u00dcM\u00dc<\/strong><br \/>\n&nbsp;<\/p>\n<p>1. Taraflar, ilk etapta ortaya \u00e7\u0131kan anla\u015fmazl\u0131klar\u0131 yetkili bir tahkim mahkemesi nezdinde dostane \u00e7\u00f6z\u00fcm yoluyla \u00e7\u00f6zmeyi kabul ederler (tahkim \u015fart\u0131).<\/p>\n<p>2. Dostane bir \u00e7\u00f6z\u00fcm\u00fcn imkans\u0131z oldu\u011fu ortaya \u00e7\u0131karsa, bu&nbsp;s\u00f6zle\u015fmeden kaynaklanan bir anla\u015fmazl\u0131k, Mal Sahibinin kay\u0131tl\u0131 ofisinin bulundu\u011fu b\u00f6lgedeki mahkeme taraf\u0131ndan \u00e7\u00f6z\u00fcl\u00fcr.<\/p>\n<p>&nbsp;<br \/>\n&nbsp;<br \/>\n&nbsp;<\/p>\n<p><strong>XI. YASAL DAYANAK <\/strong><br \/>\n&nbsp;<\/p>\n<p>1. Bu&nbsp;Genel H\u00fck\u00fcm ve Ko\u015fullarda yer almayan hususlarda, Web Sitesi Sahibinin bulundu\u011fu \u00fclkenin telekom\u00fcnikasyon hukukuna ili\u015fkin ilgili kanun h\u00fck\u00fcmleri mutatis mutandis uygulanacakt\u0131r.<\/p>\n    <\/div>\n  <\/div>\n\n<\/section>","protected":false},"excerpt":{"rendered":"","protected":false},"author":1,"featured_media":0,"parent":0,"menu_order":0,"comment_status":"closed","ping_status":"closed","template":"","meta":{"footnotes":""},"acf":[],"yoast_head":"<!-- This site is optimized with the Yoast SEO plugin v21.3 - https:\/\/yoast.com\/wordpress\/plugins\/seo\/ -->\n<title>Y\u00f6netmelikler - EU-Cert - Wspieramy Tw\u00f3j Sukces Zgodno\u015bci\u0105<\/title>\n<meta name=\"robots\" content=\"index, follow, max-snippet:-1, max-image-preview:large, max-video-preview:-1\" \/>\n<link rel=\"canonical\" href=\"https:\/\/eucert.pl\/tr\/yonetmelikler\/\" \/>\n<meta property=\"og:locale\" content=\"tr_TR\" \/>\n<meta property=\"og:type\" content=\"article\" \/>\n<meta property=\"og:title\" content=\"Y\u00f6netmelikler - EU-Cert - Wspieramy Tw\u00f3j Sukces Zgodno\u015bci\u0105\" \/>\n<meta property=\"og:url\" content=\"https:\/\/eucert.pl\/tr\/yonetmelikler\/\" \/>\n<meta property=\"og:site_name\" content=\"EU-Cert - Wspieramy Tw\u00f3j Sukces Zgodno\u015bci\u0105\" \/>\n<meta property=\"article:modified_time\" content=\"2023-12-14T10:10:31+00:00\" \/>\n<meta name=\"twitter:card\" content=\"summary_large_image\" \/>\n<script type=\"application\/ld+json\" class=\"yoast-schema-graph\">{\"@context\":\"https:\/\/schema.org\",\"@graph\":[{\"@type\":\"WebPage\",\"@id\":\"https:\/\/eucert.pl\/tr\/yonetmelikler\/\",\"url\":\"https:\/\/eucert.pl\/tr\/yonetmelikler\/\",\"name\":\"Y\u00f6netmelikler - EU-Cert - Wspieramy Tw\u00f3j Sukces Zgodno\u015bci\u0105\",\"isPartOf\":{\"@id\":\"https:\/\/eucert.pl\/#website\"},\"datePublished\":\"2023-10-06T14:10:47+00:00\",\"dateModified\":\"2023-12-14T10:10:31+00:00\",\"breadcrumb\":{\"@id\":\"https:\/\/eucert.pl\/tr\/yonetmelikler\/#breadcrumb\"},\"inLanguage\":\"tr-TR\",\"potentialAction\":[{\"@type\":\"ReadAction\",\"target\":[\"https:\/\/eucert.pl\/tr\/yonetmelikler\/\"]}]},{\"@type\":\"BreadcrumbList\",\"@id\":\"https:\/\/eucert.pl\/tr\/yonetmelikler\/#breadcrumb\",\"itemListElement\":[{\"@type\":\"ListItem\",\"position\":1,\"name\":\"Strona g\u0142\u00f3wna\",\"item\":\"https:\/\/eucert.pl\/tr\/\"},{\"@type\":\"ListItem\",\"position\":2,\"name\":\"Y\u00f6netmelikler\"}]},{\"@type\":\"WebSite\",\"@id\":\"https:\/\/eucert.pl\/#website\",\"url\":\"https:\/\/eucert.pl\/\",\"name\":\"EU-Cert - Wspieramy Tw\u00f3j Sukces Zgodno\u015bci\u0105\",\"description\":\"\",\"potentialAction\":[{\"@type\":\"SearchAction\",\"target\":{\"@type\":\"EntryPoint\",\"urlTemplate\":\"https:\/\/eucert.pl\/?s={search_term_string}\"},\"query-input\":\"required name=search_term_string\"}],\"inLanguage\":\"tr-TR\"}]}<\/script>\n<!-- \/ Yoast SEO plugin. -->","yoast_head_json":{"title":"Y\u00f6netmelikler - EU-Cert - Wspieramy Tw\u00f3j Sukces Zgodno\u015bci\u0105","robots":{"index":"index","follow":"follow","max-snippet":"max-snippet:-1","max-image-preview":"max-image-preview:large","max-video-preview":"max-video-preview:-1"},"canonical":"https:\/\/eucert.pl\/tr\/yonetmelikler\/","og_locale":"tr_TR","og_type":"article","og_title":"Y\u00f6netmelikler - EU-Cert - Wspieramy Tw\u00f3j Sukces Zgodno\u015bci\u0105","og_url":"https:\/\/eucert.pl\/tr\/yonetmelikler\/","og_site_name":"EU-Cert - Wspieramy Tw\u00f3j Sukces Zgodno\u015bci\u0105","article_modified_time":"2023-12-14T10:10:31+00:00","twitter_card":"summary_large_image","schema":{"@context":"https:\/\/schema.org","@graph":[{"@type":"WebPage","@id":"https:\/\/eucert.pl\/tr\/yonetmelikler\/","url":"https:\/\/eucert.pl\/tr\/yonetmelikler\/","name":"Y\u00f6netmelikler - EU-Cert - Wspieramy Tw\u00f3j Sukces Zgodno\u015bci\u0105","isPartOf":{"@id":"https:\/\/eucert.pl\/#website"},"datePublished":"2023-10-06T14:10:47+00:00","dateModified":"2023-12-14T10:10:31+00:00","breadcrumb":{"@id":"https:\/\/eucert.pl\/tr\/yonetmelikler\/#breadcrumb"},"inLanguage":"tr-TR","potentialAction":[{"@type":"ReadAction","target":["https:\/\/eucert.pl\/tr\/yonetmelikler\/"]}]},{"@type":"BreadcrumbList","@id":"https:\/\/eucert.pl\/tr\/yonetmelikler\/#breadcrumb","itemListElement":[{"@type":"ListItem","position":1,"name":"Strona g\u0142\u00f3wna","item":"https:\/\/eucert.pl\/tr\/"},{"@type":"ListItem","position":2,"name":"Y\u00f6netmelikler"}]},{"@type":"WebSite","@id":"https:\/\/eucert.pl\/#website","url":"https:\/\/eucert.pl\/","name":"EU-Cert - Wspieramy Tw\u00f3j Sukces Zgodno\u015bci\u0105","description":"","potentialAction":[{"@type":"SearchAction","target":{"@type":"EntryPoint","urlTemplate":"https:\/\/eucert.pl\/?s={search_term_string}"},"query-input":"required name=search_term_string"}],"inLanguage":"tr-TR"}]}},"_links":{"self":[{"href":"https:\/\/eucert.pl\/tr\/wp-json\/wp\/v2\/pages\/3636"}],"collection":[{"href":"https:\/\/eucert.pl\/tr\/wp-json\/wp\/v2\/pages"}],"about":[{"href":"https:\/\/eucert.pl\/tr\/wp-json\/wp\/v2\/types\/page"}],"author":[{"embeddable":true,"href":"https:\/\/eucert.pl\/tr\/wp-json\/wp\/v2\/users\/1"}],"replies":[{"embeddable":true,"href":"https:\/\/eucert.pl\/tr\/wp-json\/wp\/v2\/comments?post=3636"}],"version-history":[{"count":5,"href":"https:\/\/eucert.pl\/tr\/wp-json\/wp\/v2\/pages\/3636\/revisions"}],"predecessor-version":[{"id":3641,"href":"https:\/\/eucert.pl\/tr\/wp-json\/wp\/v2\/pages\/3636\/revisions\/3641"}],"wp:attachment":[{"href":"https:\/\/eucert.pl\/tr\/wp-json\/wp\/v2\/media?parent=3636"}],"curies":[{"name":"wp","href":"https:\/\/api.w.org\/{rel}","templated":true}]}}