{"id":3634,"date":"2023-08-30T12:10:35","date_gmt":"2023-08-30T12:10:35","guid":{"rendered":"https:\/\/eucert.pl\/eu-cert-politikalari\/"},"modified":"2025-07-29T09:42:27","modified_gmt":"2025-07-29T09:42:27","slug":"eu-cert-politikalari","status":"publish","type":"page","link":"https:\/\/eucert.pl\/tr\/eu-cert-politikalari\/","title":{"rendered":"EU-Cert politikalar\u0131"},"content":{"rendered":"\n<p><\/p>\n\n\n<section id=\"\" class=\"text-block text-block--smaller-heading  acf-block acf-block-id-block_e721fcd22f1dff7a313495693c71bbf2 \">\n\n  <div class=\"container\">\n    <h1 class=\"title title--1 title--medium title--primary500\">EU-Cert LLC ISO 17024&#8217;e g\u00f6re kaynak personelinin onaylanmas\u0131na ili\u015fkin politika  <br \/><\/h1>\n\n    <div class=\"wysiwyg\">\n      <p>EU-Cert Sp. z&nbsp;o.o., PN-EN ISO IEC 17024 standard\u0131 ve 2014\/68\/EU say\u0131l\u0131 Direktifin gerekliliklerine uygun olarak kaynak personelinin onaylanmas\u0131 konusunda faaliyet g\u00f6steren bir belgelendirme kurulu\u015fudur. EU-Cert Sp. z&nbsp;o.o. a\u015fa\u011f\u0131daki ana hedefleri takip etmektedir:<\/p>\n<p>&nbsp;<\/p>\n<ul>\n<li>\u0130lgili standart ve y\u00f6netmeliklerin gerekliliklerine uygun olarak personel onay hizmetlerinin sa\u011flanmas\u0131,<\/li>\n<li>M\u00fc\u015fterilerin g\u00fcvenini kazanmak ve memnuniyetlerini sa\u011flamak,<\/li>\n<li>Di\u011fer sertifikasyon payda\u015flar\u0131n\u0131n g\u00fcvenini kazanmak,<\/li>\n<li>pazarda yerle\u015fik bir konum kazanmak.<\/li>\n<\/ul>\n<p>&nbsp;<\/p>\n<p>Bu&nbsp;hedeflere ula\u015f\u0131lmas\u0131 \u015fu yollarla m\u00fcmk\u00fcnd\u00fcr:<\/p>\n<p>&nbsp;<\/p>\n<ul>\n<li>zatrudnianie kompetentnego personelu,<\/li>\n<li>personelin ve faaliyetlerin tarafs\u0131zl\u0131\u011f\u0131n\u0131 ve ba\u011f\u0131ms\u0131zl\u0131\u011f\u0131n\u0131 korumak,<\/li>\n<li>g\u00fcvenilir ve zaman\u0131nda hizmet sunumu,<\/li>\n<li>gizlili\u011fin sa\u011flanmas\u0131,<\/li>\n<li>uygulanan s\u00fcre\u00e7lerin s\u00fcrekli iyile\u015ftirilmesi.<\/li>\n<\/ul>\n<p>&nbsp;<\/p>\n<p>EU-Cert Sp. z&nbsp;o.o. hizmetlerini t\u00fcm ba\u015fvuru sahiplerine sunar ve sunulan hizmetler halihaz\u0131rda verilen sertifika say\u0131s\u0131na ba\u011fl\u0131 de\u011fildir. Kurulu\u015f, a\u015f\u0131r\u0131 mali veya di\u011fer ko\u015fullar dayatmaz ve gereksinimlerini ve faaliyetlerini yaln\u0131zca sertifikasyonun konusu ve kapsam\u0131 ile ilgili konularla s\u0131n\u0131rlar.<\/p>\n<p>&nbsp;<\/p>\n<p>EU-Cert Sp. z&nbsp;o.o. ba\u015fvuru sahiplerine, adaylara ve belgelendirilmi\u015f ki\u015filere kar\u015f\u0131 tarafs\u0131zl\u0131kla de\u011ferlendirmeler yapar &#8211; devam eden faaliyetlerde tarafs\u0131zl\u0131\u011fa y\u00f6nelik tehditleri belirler ve \u00e7\u0131kar \u00e7at\u0131\u015fmas\u0131 durumunda uygun \u00f6nlemleri al\u0131r. Birim personeli ticari, mali veya di\u011fer bask\u0131lara boyun e\u011fmez, s\u00fcre\u00e7lerin tasar\u0131m\u0131na, \u00fcretimine, bak\u0131m\u0131na kat\u0131lmaz, bu&nbsp;t\u00fcr faaliyetlerde veya kaynak personelinin e\u011fitiminde yer alan taraflar\u0131 temsil etmez, yarg\u0131 ba\u011f\u0131ms\u0131zl\u0131\u011f\u0131n\u0131 ve g\u00fcvenilirli\u011fini tehlikeye atabilecek faaliyetlerde bulunmaz ve m\u00fc\u015fterilerine dan\u0131\u015fmaz.<\/p>\n<p>&nbsp;<\/p>\n<p>EU-Cert Ltd&#8217;de olu\u015fturulan s\u00fcre\u00e7ler, y\u00fcr\u00fcrl\u00fckteki gerekliliklere uygun olarak etkili operasyonlar\u0131n y\u00fcr\u00fct\u00fclmesini sa\u011flar. Bireylerin belgelendirilmesi i\u00e7in benimsenen politika ve prosed\u00fcrler t\u00fcm ba\u015fvuru sahipleri, adaylar ve belgelendirilmi\u015f bireyler i\u00e7in adildir.<\/p>\n<p>&nbsp;<\/p>\n<p>EU-Cert Sp. z&nbsp;o.o. y\u00f6netimi, faaliyetlerinin tarafs\u0131zl\u0131\u011f\u0131 konusunda kararl\u0131d\u0131r ve bu&nbsp;politikay\u0131 ve belirlenen hedefleri uygulamak i\u00e7in gerekli kaynaklar\u0131 sa\u011flar.<\/p>\n<p>&nbsp;<\/p>\n<p>Gda\u0144sk, 2025-06-17<\/p>\n    <\/div>\n  <\/div>\n\n<\/section>\n\n<section id=\"\" class=\"text-block text-block--smaller-heading text-block--no-padding-top acf-block acf-block-id-block_5bbeddd1ee97d1faf39400c931070dc5 \">\n\n  <div class=\"container\">\n    <h2 class=\"title title--1 title--medium title--primary500\">EU-Cert Sp. z&nbsp;o.o.&#8217;nun ISO 17065&#8217;e g\u00f6re \u00fcr\u00fcn ve s\u00fcre\u00e7 belgelendirme ve ISO 17020&#8217;ye g\u00f6re denetim politikas\u0131 <br \/><\/h2>\n\n    <div class=\"wysiwyg\">\n      <p>EU-Cert Sp. z&nbsp;o.o., PN-EN ISO\/IEC 17065 standard\u0131n\u0131n gerekliliklerine uygun olarak \u00fcr\u00fcn ve s\u00fcre\u00e7lerin uygunluk de\u011ferlendirmesini yapan ve PN-EN ISO\/IEC 17020 standard\u0131n\u0131n gerekliliklerine uygun olarak bas\u0131n\u00e7l\u0131 ekipman alan\u0131nda denetimler ve ayr\u0131lamayan ba\u011flant\u0131lar i\u00e7in i\u015fletim prosed\u00fcrlerinin onay\u0131n\u0131 ger\u00e7ekle\u015ftiren bir belgelendirme ve muayene kurulu\u015fudur:<\/p>\n<p>&nbsp;<\/p>\n<ul>\n<li>\u0130lgili standart ve y\u00f6netmeliklerin gerekliliklerine uygun olarak uygunluk de\u011ferlendirme hizmetleri sunmak,<\/li>\n<li>M\u00fc\u015fterilerin g\u00fcvenini kazanmak ve memnuniyetlerini sa\u011flamak,<\/li>\n<li>Belgelendirme veya denetim konusunda di\u011fer payda\u015flar\u0131n g\u00fcvenini kazanmak,<\/li>\n<li>pazarda yerle\u015fik bir konum kazanmak.<\/li>\n<\/ul>\n<p>&nbsp;<\/p>\n<p>Bu&nbsp;hedeflere ula\u015f\u0131lmas\u0131 \u015fu yollarla m\u00fcmk\u00fcnd\u00fcr:<\/p>\n<p>&nbsp;<\/p>\n<ul>\n<li>yetkin personel istihdam etmek,<\/li>\n<li>personelin ve faaliyetlerin tarafs\u0131zl\u0131\u011f\u0131n\u0131 ve ba\u011f\u0131ms\u0131zl\u0131\u011f\u0131n\u0131 korumak,<\/li>\n<li>g\u00fcvenilir ve zaman\u0131nda hizmet sunumu,<\/li>\n<li>gizlili\u011fin sa\u011flanmas\u0131,<\/li>\n<li>uygulanan s\u00fcre\u00e7lerin s\u00fcrekli iyile\u015ftirilmesi,<\/li>\n<\/ul>\n<p>&nbsp;<\/p>\n<p>EU-Cert Sp. z&nbsp;o.o. hizmetlerini, b\u00fcy\u00fckl\u00fcklerine, sermaye ba\u011flar\u0131na veya herhangi bir birli\u011fe \u00fcyeliklerine bak\u0131lmaks\u0131z\u0131n t\u00fcm kurulu\u015flara sunmaktad\u0131r. Sunulan hizmetler halihaz\u0131rda verilen sertifika say\u0131s\u0131na da ba\u011fl\u0131 de\u011fildir. Kurulu\u015f, a\u015f\u0131r\u0131 mali veya di\u011fer ko\u015fullar dayatmaz ve gereksinimlerini ve faaliyetlerini yaln\u0131zca sertifikasyon veya denetimin konusu ve kapsam\u0131 ile ilgili konularla s\u0131n\u0131rlar.<\/p>\n<p>&nbsp;<\/p>\n<p>EU-Cert Sp. z&nbsp;o.o. de\u011ferlendirmeleri tarafs\u0131zl\u0131kla y\u00fcr\u00fct\u00fcr &#8211; devam eden faaliyetlerde tarafs\u0131zl\u0131\u011fa y\u00f6nelik tehditleri tespit eder ve bir \u00e7\u0131kar \u00e7at\u0131\u015fmas\u0131 durumunda uygun \u00f6nlemleri al\u0131r. Birim personeli ticari, mali veya di\u011fer bask\u0131lara boyun e\u011fmez, de\u011ferlendirilen \u00fcr\u00fcnlerin tasar\u0131m\u0131na, \u00fcretimine dahil olmaz, bu&nbsp;t\u00fcr faaliyetlere dahil olan taraflar\u0131 temsil etmez, yarg\u0131 ba\u011f\u0131ms\u0131zl\u0131\u011f\u0131n\u0131 ve g\u00fcvenilirli\u011fini tehlikeye atabilecek faaliyetlerde bulunmaz ve m\u00fc\u015fterilerine dan\u0131\u015fmaz.<\/p>\n<p>&nbsp;<\/p>\n<p>EU-Cert Ltd&#8217;de olu\u015fturulan s\u00fcre\u00e7ler, y\u00fcr\u00fcrl\u00fckteki gerekliliklere uygun olarak etkili operasyonlar\u0131n y\u00fcr\u00fct\u00fclmesini sa\u011flar.<\/p>\n<p>&nbsp;<\/p>\n<p>EU-Cert Sp. z&nbsp;o.o. y\u00f6netimi, faaliyetlerinin tarafs\u0131zl\u0131\u011f\u0131 konusunda kararl\u0131d\u0131r ve bu&nbsp;politikay\u0131 ve belirlenen hedefleri uygulamak i\u00e7in gerekli kaynaklar\u0131 sa\u011flar.<\/p>\n<p>&nbsp;<\/p>\n<p>Gda\u0144sk, 2025-06-17<\/p>\n    <\/div>\n  <\/div>\n\n<\/section>","protected":false},"excerpt":{"rendered":"","protected":false},"author":1,"featured_media":0,"parent":0,"menu_order":0,"comment_status":"closed","ping_status":"closed","template":"","meta":{"footnotes":""},"acf":[],"yoast_head":"<!-- This site is optimized with the Yoast SEO plugin v21.3 - https:\/\/yoast.com\/wordpress\/plugins\/seo\/ -->\n<title>EU-Cert politikalar\u0131 - EU-Cert - Wspieramy Tw\u00f3j Sukces Zgodno\u015bci\u0105<\/title>\n<meta name=\"robots\" content=\"index, follow, max-snippet:-1, max-image-preview:large, max-video-preview:-1\" \/>\n<link rel=\"canonical\" href=\"https:\/\/eucert.pl\/tr\/eu-cert-politikalari\/\" \/>\n<meta property=\"og:locale\" content=\"tr_TR\" \/>\n<meta property=\"og:type\" content=\"article\" \/>\n<meta property=\"og:title\" content=\"EU-Cert politikalar\u0131 - EU-Cert - Wspieramy Tw\u00f3j Sukces Zgodno\u015bci\u0105\" \/>\n<meta property=\"og:url\" content=\"https:\/\/eucert.pl\/tr\/eu-cert-politikalari\/\" \/>\n<meta property=\"og:site_name\" content=\"EU-Cert - Wspieramy Tw\u00f3j Sukces Zgodno\u015bci\u0105\" \/>\n<meta property=\"article:modified_time\" content=\"2025-07-29T09:42:27+00:00\" \/>\n<meta name=\"twitter:card\" content=\"summary_large_image\" \/>\n<script type=\"application\/ld+json\" class=\"yoast-schema-graph\">{\"@context\":\"https:\/\/schema.org\",\"@graph\":[{\"@type\":\"WebPage\",\"@id\":\"https:\/\/eucert.pl\/tr\/eu-cert-politikalari\/\",\"url\":\"https:\/\/eucert.pl\/tr\/eu-cert-politikalari\/\",\"name\":\"EU-Cert politikalar\u0131 - EU-Cert - Wspieramy Tw\u00f3j Sukces Zgodno\u015bci\u0105\",\"isPartOf\":{\"@id\":\"https:\/\/eucert.pl\/#website\"},\"datePublished\":\"2023-08-30T12:10:35+00:00\",\"dateModified\":\"2025-07-29T09:42:27+00:00\",\"breadcrumb\":{\"@id\":\"https:\/\/eucert.pl\/tr\/eu-cert-politikalari\/#breadcrumb\"},\"inLanguage\":\"tr-TR\",\"potentialAction\":[{\"@type\":\"ReadAction\",\"target\":[\"https:\/\/eucert.pl\/tr\/eu-cert-politikalari\/\"]}]},{\"@type\":\"BreadcrumbList\",\"@id\":\"https:\/\/eucert.pl\/tr\/eu-cert-politikalari\/#breadcrumb\",\"itemListElement\":[{\"@type\":\"ListItem\",\"position\":1,\"name\":\"Strona g\u0142\u00f3wna\",\"item\":\"https:\/\/eucert.pl\/tr\/\"},{\"@type\":\"ListItem\",\"position\":2,\"name\":\"EU-Cert politikalar\u0131\"}]},{\"@type\":\"WebSite\",\"@id\":\"https:\/\/eucert.pl\/#website\",\"url\":\"https:\/\/eucert.pl\/\",\"name\":\"EU-Cert - Wspieramy Tw\u00f3j Sukces Zgodno\u015bci\u0105\",\"description\":\"\",\"potentialAction\":[{\"@type\":\"SearchAction\",\"target\":{\"@type\":\"EntryPoint\",\"urlTemplate\":\"https:\/\/eucert.pl\/?s={search_term_string}\"},\"query-input\":\"required name=search_term_string\"}],\"inLanguage\":\"tr-TR\"}]}<\/script>\n<!-- \/ Yoast SEO plugin. -->","yoast_head_json":{"title":"EU-Cert politikalar\u0131 - EU-Cert - Wspieramy Tw\u00f3j Sukces Zgodno\u015bci\u0105","robots":{"index":"index","follow":"follow","max-snippet":"max-snippet:-1","max-image-preview":"max-image-preview:large","max-video-preview":"max-video-preview:-1"},"canonical":"https:\/\/eucert.pl\/tr\/eu-cert-politikalari\/","og_locale":"tr_TR","og_type":"article","og_title":"EU-Cert politikalar\u0131 - EU-Cert - Wspieramy Tw\u00f3j Sukces Zgodno\u015bci\u0105","og_url":"https:\/\/eucert.pl\/tr\/eu-cert-politikalari\/","og_site_name":"EU-Cert - Wspieramy Tw\u00f3j Sukces Zgodno\u015bci\u0105","article_modified_time":"2025-07-29T09:42:27+00:00","twitter_card":"summary_large_image","schema":{"@context":"https:\/\/schema.org","@graph":[{"@type":"WebPage","@id":"https:\/\/eucert.pl\/tr\/eu-cert-politikalari\/","url":"https:\/\/eucert.pl\/tr\/eu-cert-politikalari\/","name":"EU-Cert politikalar\u0131 - EU-Cert - Wspieramy Tw\u00f3j Sukces Zgodno\u015bci\u0105","isPartOf":{"@id":"https:\/\/eucert.pl\/#website"},"datePublished":"2023-08-30T12:10:35+00:00","dateModified":"2025-07-29T09:42:27+00:00","breadcrumb":{"@id":"https:\/\/eucert.pl\/tr\/eu-cert-politikalari\/#breadcrumb"},"inLanguage":"tr-TR","potentialAction":[{"@type":"ReadAction","target":["https:\/\/eucert.pl\/tr\/eu-cert-politikalari\/"]}]},{"@type":"BreadcrumbList","@id":"https:\/\/eucert.pl\/tr\/eu-cert-politikalari\/#breadcrumb","itemListElement":[{"@type":"ListItem","position":1,"name":"Strona g\u0142\u00f3wna","item":"https:\/\/eucert.pl\/tr\/"},{"@type":"ListItem","position":2,"name":"EU-Cert politikalar\u0131"}]},{"@type":"WebSite","@id":"https:\/\/eucert.pl\/#website","url":"https:\/\/eucert.pl\/","name":"EU-Cert - Wspieramy Tw\u00f3j Sukces Zgodno\u015bci\u0105","description":"","potentialAction":[{"@type":"SearchAction","target":{"@type":"EntryPoint","urlTemplate":"https:\/\/eucert.pl\/?s={search_term_string}"},"query-input":"required name=search_term_string"}],"inLanguage":"tr-TR"}]}},"_links":{"self":[{"href":"https:\/\/eucert.pl\/tr\/wp-json\/wp\/v2\/pages\/3634"}],"collection":[{"href":"https:\/\/eucert.pl\/tr\/wp-json\/wp\/v2\/pages"}],"about":[{"href":"https:\/\/eucert.pl\/tr\/wp-json\/wp\/v2\/types\/page"}],"author":[{"embeddable":true,"href":"https:\/\/eucert.pl\/tr\/wp-json\/wp\/v2\/users\/1"}],"replies":[{"embeddable":true,"href":"https:\/\/eucert.pl\/tr\/wp-json\/wp\/v2\/comments?post=3634"}],"version-history":[{"count":3,"href":"https:\/\/eucert.pl\/tr\/wp-json\/wp\/v2\/pages\/3634\/revisions"}],"predecessor-version":[{"id":5095,"href":"https:\/\/eucert.pl\/tr\/wp-json\/wp\/v2\/pages\/3634\/revisions\/5095"}],"wp:attachment":[{"href":"https:\/\/eucert.pl\/tr\/wp-json\/wp\/v2\/media?parent=3634"}],"curies":[{"name":"wp","href":"https:\/\/api.w.org\/{rel}","templated":true}]}}