{"id":3630,"date":"2023-10-13T11:19:58","date_gmt":"2023-10-13T11:19:58","guid":{"rendered":"https:\/\/eucert.pl\/gizlilik-politikasi\/"},"modified":"2023-12-14T09:12:37","modified_gmt":"2023-12-14T09:12:37","slug":"gizlilik-politikasi-2","status":"publish","type":"page","link":"https:\/\/eucert.pl\/tr\/gizlilik-politikasi-2\/","title":{"rendered":"Gizlilik Politikas\u0131"},"content":{"rendered":"\n<p><\/p>\n<section id=\"\" class=\"text-block text-block--smaller-heading  acf-block acf-block-id-block_79440466948b96f9d176e28dfe721af1 \">\n\n  <div class=\"container\">\n    <h1 class=\"title title--1 title--medium title--primary500\">Gizlilik Politikas\u0131<\/h1>\n\n    <div class=\"wysiwyg\">\n      <p>u003colu003ern tu003cliu003eDla W\u0142a\u015bciciela niniejszej strony internetowej, ochrona danych osobowych U\u017cytkownik\u00f3w jest spraw\u0105 najwy\u017cszej wagi. Dok\u0142adamy ogrom stara\u0144, aby U\u017cytkownicy czuli si\u0119 bezpiecznie, powierzaj\u0105c swoje dane osobowe w&nbsp;trakcie korzystania ze&nbsp;strony internetowej.u003c\/liu003ern tu003cliu003eU\u017cytkownik to&nbsp;osoba fizyczna, osoba prawna albo&nbsp;jednostka organizacyjna, nieposiadaj\u0105ca osobowo\u015bci prawnej, kt\u00f3rej&nbsp;ustawa przyznaje zdolno\u015b\u0107 prawn\u0105, korzystaj\u0105ca z&nbsp;us\u0142ug elektronicznych, dost\u0119pnych w&nbsp;ramach strony internetowej.u003c\/liu003ern tu003cliu003eNiniejsza polityka prywatno\u015bci wyja\u015bnia zasady i&nbsp;zakres przetwarzania danych osobowych U\u017cytkownika, przys\u0142uguj\u0105ce mu&nbsp;prawa, jak te\u017c obowi\u0105zki administratora tych danych, a&nbsp;tak\u017ce informuje o&nbsp;u\u017cywaniu plik\u00f3w cookie.u003c\/liu003ern tu003cliu003eAdministrator stosuje najnowocze\u015bniejsze \u015brodki techniczne i&nbsp;rozwi\u0105zania organizacyjne, zapewniaj\u0105ce wysoki poziom ochrony przetwarzanych danych osobowych oraz&nbsp;zabezpieczenia przed&nbsp;dost\u0119pem os\u00f3b nieupowa\u017cnionych. Zgodnie z&nbsp;art. 13 ust. 1 i&nbsp;2 og\u00f3lnego rozporz\u0105dzenia o&nbsp;ochronie danych osobowych z&nbsp;dnia 27 kwietnia 2016&nbsp;r.* informujemy, \u017ce:u003c\/liu003ernu003c\/olu003ernu003ch5u003eu003c\/h5u003ernu0026nbsp;rnrnu0026nbsp;rnu003ch5u003eI. ADMINISTRATOR DANYCH OSOBOWYCHu003c\/h5u003ernu0026nbsp;rnrnAdministratorem danych osobowych jest EU-Cert Sp. z&nbsp;o.o. z&nbsp;siedzib\u0105 przy ul.&nbsp;Karola Szymanowskiego 12\/U6 w&nbsp;Gda\u0144sku (80-280) wpisany do&nbsp;rejestru przedsi\u0119biorc\u00f3w prowadzonego przez&nbsp;S\u0105d Rejonowy Gda\u0144sk &#8211; P\u00f3\u0142noc w&nbsp;Gda\u0144sku, VIII Wydzia\u0142 Gospodarczy Krajowego Rejestru S\u0105dowego, pod&nbsp;numerem KRS: 0000980050, NIP: 5851497842 (zwany dalej: W\u0142a\u015bcicielemu0022).rnu003ch5u003eu003c\/h5u003ernu003ch5u003eu003c\/h5u003ernu0026nbsp;rnrnu0026nbsp;rnu003ch5u003eII. CEL PRZETWARZANIA DANYCH OSOBOWYCHu003c\/h5u003ernu0026nbsp;rnu003colu003ern tu003cliu003eAdministrator przetwarza dane osobowe U\u017cytkownika w&nbsp;celu: realizacji us\u0142ug lub prowadzenia komunikacji marketingowej\/handlowej za&nbsp;pomoc\u0105 \u015brodk\u00f3w komunikacji elektronicznej (w&nbsp;szczeg\u00f3lno\u015bci poczty elektronicznej, po\u0142\u0105cze\u0144 telefonicznych, wiadomo\u015bci SMS, wiadomo\u015bci MMS), z&nbsp;uwzgl\u0119dnieniem przepis\u00f3w ustawy Prawo telekomunikacyjne oraz&nbsp;przepis\u00f3w Ustawy Prawo telekomunikacyjne oraz&nbsp;przepis\u00f3w Ustawy o&nbsp;\u015bwiadczeniu us\u0142ug drog\u0105 elektroniczn\u0105 lub innymi przepisami reguluj\u0105cymi ten cel i&nbsp;sposoby jego realizowania.u003c\/liu003ern tu003cliu003eU\u017cytkownik mo\u017ce r\u00f3wnie\u017c wyrazi\u0107 zgod\u0119 na&nbsp;otrzymywanie informacji o&nbsp;nowo\u015bciach, co&nbsp;spowoduje, \u017ce&nbsp;administrator b\u0119dzie r\u00f3wnie\u017c przetwarza\u0107 dane osobowe, w&nbsp;celu przesy\u0142ania U\u017cytkownikowi informacji handlowych, dotycz\u0105cych m.in.&nbsp;nowych us\u0142ug.u003c\/liu003ern tu003cliu003eDane osobowe s\u0105&nbsp;r\u00f3wnie\u017c przetwarzane w&nbsp;ramach wype\u0142nienia prawnych obowi\u0105zk\u00f3w, ci\u0105\u017c\u0105cych na&nbsp;administratorze danych oraz&nbsp;realizacji zada\u0144, w&nbsp;interesie publicznym m.in.&nbsp;do&nbsp;wykonywania zada\u0144, zwi\u0105zanych z&nbsp;bezpiecze\u0144stwem i&nbsp;obronno\u015bci\u0105 lub przechowywaniem dokumentacji podatkowej.u003c\/liu003ern tu003cliu003eDane osobowe mog\u0105 by\u0107 r\u00f3wnie\u017c przetwarzane w&nbsp;celach marketingu bezpo\u015bredniego produkt\u00f3w, zabezpieczenia i&nbsp;dochodzenia roszcze\u0144 lub ochrony przed&nbsp;roszczeniami U\u017cytkownika lub osoby trzeciej, jak r\u00f3wnie\u017c marketingu us\u0142ug i&nbsp;produkt\u00f3w podmiot\u00f3w trzecich lub marketingu w\u0142asnego, nieb\u0119d\u0105cego marketingiem bezpo\u015brednim.u003c\/liu003ernu003c\/olu003ernu003ch5u003eu003c\/h5u003ernu003ch5u003eu003c\/h5u003ernu0026nbsp;rnrnu0026nbsp;rnu003ch5u003eIII. RODZAJ DANYCHu003c\/h5u003ernu0026nbsp;rnu003colu003ern tu003cliu003eAdministrator przetwarza nast\u0119puj\u0105ce dane osobowe, kt\u00f3rych&nbsp;podanie jest niezb\u0119dne do:u003c\/liu003ernu003c\/olu003ern1.a. Zarejestrowania si\u0119 na&nbsp;stronie internetowej:rnrnimi\u0119 i&nbsp;nazwisko;rnrnadres e-mail;rnrnu0026nbsp;rnrn1.b. Realizacji us\u0142ug:rnrnimi\u0119 i&nbsp;nazwisko;rnrnadres;rnrnnumer telefonu;rnrnadres e-mail;rnrnu0026nbsp;rnrn1.c. Dane podawane przez&nbsp;U\u017cytkownika opcjonalnie:rnrndata urodzenia;rnrnnumer PESEL;rnrnnumer NIP (w&nbsp;przypadku \u017c\u0105dania wystawienia faktury dla przedsi\u0119biorcy).rnrnu0026nbsp;rnrnu0026nbsp;rnrnu0026nbsp;rnu003ch5u003eIV. PODSTAWA PRAWNA PRZETWARZANIA DANYCH OSOBOWYCHu003c\/h5u003ernu0026nbsp;rnu003colu003ern tu003cliu003eDane osobowe s\u0105&nbsp;przetwarzane zgodnie z&nbsp;przepisami Rozporz\u0105dzenia Parlamentu Europejskiego i&nbsp;Rady (UE) 2016\/679 z&nbsp;dnia 27 kwietnia 2016&nbsp;r. w&nbsp;sprawie ochrony os\u00f3b fizycznych w&nbsp;zwi\u0105zku z&nbsp;przetwarzaniem danych osobowych i&nbsp;w&nbsp;sprawie swobodnego przep\u0142ywu takich danych oraz&nbsp;uchylenia dyrektywy 95\/46\/WE (og\u00f3lne rozporz\u0105dzenie o&nbsp;ochronie danych), OJ&nbsp;L 119, 4.05.2016, p.&nbsp;1-88, dalej zwane: \u201erozporz\u0105dzenie RODOu0022.u003c\/liu003ern tu003cliu003eAdministrator przetwarza dane osobowe wy\u0142\u0105cznie po&nbsp;uprzednim uzyskaniu zgody U\u017cytkownika.u003c\/liu003ern tu003cliu003eWyra\u017cenie zgody na&nbsp;przetwarzanie danych osobowych jest ca\u0142kowicie dobrowolne.u003c\/liu003ernu003c\/olu003ernu003ch5u003eu003c\/h5u003ernu003ch5u003eu003c\/h5u003ernu0026nbsp;rnrnu0026nbsp;rnu003ch5u003eV. PRAWA PRZYS\u0141UGUJ\u0104CE U\u017bYTKOWNIKOWIu003c\/h5u003ernu0026nbsp;rnu003colu003ern tu003cliu003eU\u017cytkownik mo\u017ce w&nbsp;ka\u017cdej chwili za\u017c\u0105da\u0107 od&nbsp;administratora informacji o&nbsp;zakresie przetwarzania danych osobowych.u003c\/liu003ern tu003cliu003eU\u017cytkownik mo\u017ce w&nbsp;ka\u017cdej chwili za\u017c\u0105da\u0107 poprawienia b\u0105d\u017a sprostowania swoich danych osobowych.u003c\/liu003ern tu003cliu003eU\u017cytkownik mo\u017ce w&nbsp;ka\u017cdej chwili wycofa\u0107 swoj\u0105 zgod\u0119 na&nbsp;przetwarzanie jego danych osobowych, bez&nbsp;podawania przyczyny. \u017b\u0105danie nieprzetwarzania danych mo\u017ce dotyczy\u0107 wskazanego przez&nbsp;U\u017cytkownika konkretnego celu przetwarzania np.&nbsp;wycofanie zgody na&nbsp;otrzymywanie informacji handlowych b\u0105d\u017a dotyczy\u0107 wszystkich cel\u00f3w przetwarzania danych. Wycofanie zgody co&nbsp;do&nbsp;wszystkich cel\u00f3w przetwarzania spowoduje, \u017ce&nbsp;konto U\u017cytkownika zostanie usuni\u0119te ze&nbsp;strony internetowej, wraz ze&nbsp;wszystkimi wcze\u015bniej przetwarzanymi przez&nbsp;administratora danymi osobowymi U\u017cytkownika. Wycofanie zgody nie&nbsp;wp\u0142ynie na&nbsp;ju\u017c dokonane czynno\u015bci.u003c\/liu003ern tu003cliu003eU\u017cytkownik mo\u017ce w&nbsp;ka\u017cdej chwili \u017c\u0105da\u0107, bez&nbsp;podawania przyczyny, aby administrator usun\u0105\u0142 Jego dane. \u017b\u0105danie usuni\u0119cia danych nie&nbsp;wp\u0142ynie na&nbsp;dotychczas dokonane czynno\u015bci. Usuni\u0119cie danych oznacza jednoczesne usuni\u0119cie konta U\u017cytkownika, wraz ze&nbsp;wszystkimi zapisanymi i&nbsp;przetwarzanymi do&nbsp;tej&nbsp;pory przez&nbsp;administratora danymi osobowymi.u003c\/liu003ern tu003cliu003eU\u017cytkownik mo\u017ce w&nbsp;ka\u017cdej chwili wyrazi\u0107 sprzeciw przeciwko przetwarzaniu danych osobowych, zar\u00f3wno w&nbsp;zakresie wszystkich przetwarzanych przez&nbsp;administratora danych osobowych U\u017cytkownika, jak r\u00f3wnie\u017c jedynie w&nbsp;ograniczonym zakresie np.&nbsp;co&nbsp;do&nbsp;przetwarzania danych w&nbsp;konkretnie wskazanym celu. Sprzeciw nie&nbsp;wp\u0142ynie na&nbsp;dotychczas dokonane czynno\u015bci. Wniesienie sprzeciwu spowoduje usuni\u0119cie konta U\u017cytkownika, wraz ze&nbsp;wszystkimi zapisanymi i&nbsp;przetwarzanymi do&nbsp;tej&nbsp;pory, przez&nbsp;administratora, danymi osobowymi.u003c\/liu003ern tu003cliu003eU\u017cytkownik mo\u017ce za\u017c\u0105da\u0107 ograniczenia przetwarzania danych osobowych, czy&nbsp;to&nbsp;przez&nbsp;okre\u015blony czas, czy&nbsp;te\u017c bez&nbsp;ograniczenia czasowego, ale&nbsp;w&nbsp;okre\u015blonym zakresie, co&nbsp;administrator b\u0119dzie obowi\u0105zany spe\u0142ni\u0107. \u017b\u0105danie to&nbsp;nie&nbsp;wp\u0142ynie na&nbsp;dotychczas dokonane czynno\u015bci.u003c\/liu003ern tu003cliu003eU\u017cytkownik mo\u017ce za\u017c\u0105da\u0107, aby administrator przekaza\u0142 innemu podmiotowi, przetwarzane dane osobowe U\u017cytkownika. Powinien w&nbsp;tym celu napisa\u0107 pro\u015bb\u0119 do&nbsp;administratora, wskazuj\u0105c, jakiemu podmiotowi (nazwa, adres) nale\u017cy przekaza\u0107 dane osobowe U\u017cytkownika oraz&nbsp;jakie konkretnie dane U\u017cytkownik \u017cyczy sobie, \u017ceby&nbsp;administrator przekaza\u0142. Po&nbsp;potwierdzeniu przez&nbsp;U\u017cytkownika swojego \u017cyczenia, administrator przeka\u017ce, w&nbsp;formie elektronicznej, wskazanemu podmiotowi, dane osobowe U\u017cytkownika. Potwierdzenie przez&nbsp;U\u017cytkownika \u017c\u0105dania jest niezb\u0119dne z&nbsp;uwagi na&nbsp;bezpiecze\u0144stwo danych osobowych U\u017cytkownika oraz&nbsp;uzyskanie pewno\u015bci, \u017ce&nbsp;\u017c\u0105danie pochodzi od&nbsp;osoby uprawnionej.u003c\/liu003ern tu003cliu003eAdministrator informuje U\u017cytkownika o&nbsp;podj\u0119tych dzia\u0142aniach, przed&nbsp;up\u0142ywem miesi\u0105ca od&nbsp;otrzymania jednego z&nbsp;\u017c\u0105da\u0144 wymienionych w&nbsp;poprzednich punktach.u003c\/liu003ernu003c\/olu003e<\/p>\n    <\/div>\n  <\/div>\n\n<\/section>","protected":false},"excerpt":{"rendered":"","protected":false},"author":1,"featured_media":0,"parent":0,"menu_order":0,"comment_status":"closed","ping_status":"open","template":"","meta":{"footnotes":""},"acf":[],"yoast_head":"<!-- This site is optimized with the Yoast SEO plugin v21.3 - https:\/\/yoast.com\/wordpress\/plugins\/seo\/ -->\n<title>Gizlilik Politikas\u0131 - EU-Cert - Wspieramy Tw\u00f3j Sukces Zgodno\u015bci\u0105<\/title>\n<meta name=\"robots\" content=\"index, follow, max-snippet:-1, max-image-preview:large, max-video-preview:-1\" \/>\n<link rel=\"canonical\" href=\"https:\/\/eucert.pl\/tr\/gizlilik-politikasi-2\/\" \/>\n<meta property=\"og:locale\" content=\"tr_TR\" \/>\n<meta property=\"og:type\" content=\"article\" \/>\n<meta property=\"og:title\" content=\"Gizlilik Politikas\u0131 - EU-Cert - Wspieramy Tw\u00f3j Sukces Zgodno\u015bci\u0105\" \/>\n<meta property=\"og:url\" content=\"https:\/\/eucert.pl\/tr\/gizlilik-politikasi-2\/\" \/>\n<meta property=\"og:site_name\" content=\"EU-Cert - Wspieramy Tw\u00f3j Sukces Zgodno\u015bci\u0105\" \/>\n<meta property=\"article:modified_time\" content=\"2023-12-14T09:12:37+00:00\" \/>\n<meta name=\"twitter:card\" content=\"summary_large_image\" \/>\n<script type=\"application\/ld+json\" class=\"yoast-schema-graph\">{\"@context\":\"https:\/\/schema.org\",\"@graph\":[{\"@type\":\"WebPage\",\"@id\":\"https:\/\/eucert.pl\/tr\/gizlilik-politikasi-2\/\",\"url\":\"https:\/\/eucert.pl\/tr\/gizlilik-politikasi-2\/\",\"name\":\"Gizlilik Politikas\u0131 - EU-Cert - Wspieramy Tw\u00f3j Sukces Zgodno\u015bci\u0105\",\"isPartOf\":{\"@id\":\"https:\/\/eucert.pl\/#website\"},\"datePublished\":\"2023-10-13T11:19:58+00:00\",\"dateModified\":\"2023-12-14T09:12:37+00:00\",\"breadcrumb\":{\"@id\":\"https:\/\/eucert.pl\/tr\/gizlilik-politikasi-2\/#breadcrumb\"},\"inLanguage\":\"tr-TR\",\"potentialAction\":[{\"@type\":\"ReadAction\",\"target\":[\"https:\/\/eucert.pl\/tr\/gizlilik-politikasi-2\/\"]}]},{\"@type\":\"BreadcrumbList\",\"@id\":\"https:\/\/eucert.pl\/tr\/gizlilik-politikasi-2\/#breadcrumb\",\"itemListElement\":[{\"@type\":\"ListItem\",\"position\":1,\"name\":\"Strona g\u0142\u00f3wna\",\"item\":\"https:\/\/eucert.pl\/tr\/\"},{\"@type\":\"ListItem\",\"position\":2,\"name\":\"Gizlilik Politikas\u0131\"}]},{\"@type\":\"WebSite\",\"@id\":\"https:\/\/eucert.pl\/#website\",\"url\":\"https:\/\/eucert.pl\/\",\"name\":\"EU-Cert - Wspieramy Tw\u00f3j Sukces Zgodno\u015bci\u0105\",\"description\":\"\",\"potentialAction\":[{\"@type\":\"SearchAction\",\"target\":{\"@type\":\"EntryPoint\",\"urlTemplate\":\"https:\/\/eucert.pl\/?s={search_term_string}\"},\"query-input\":\"required name=search_term_string\"}],\"inLanguage\":\"tr-TR\"}]}<\/script>\n<!-- \/ Yoast SEO plugin. -->","yoast_head_json":{"title":"Gizlilik Politikas\u0131 - EU-Cert - Wspieramy Tw\u00f3j Sukces Zgodno\u015bci\u0105","robots":{"index":"index","follow":"follow","max-snippet":"max-snippet:-1","max-image-preview":"max-image-preview:large","max-video-preview":"max-video-preview:-1"},"canonical":"https:\/\/eucert.pl\/tr\/gizlilik-politikasi-2\/","og_locale":"tr_TR","og_type":"article","og_title":"Gizlilik Politikas\u0131 - EU-Cert - Wspieramy Tw\u00f3j Sukces Zgodno\u015bci\u0105","og_url":"https:\/\/eucert.pl\/tr\/gizlilik-politikasi-2\/","og_site_name":"EU-Cert - Wspieramy Tw\u00f3j Sukces Zgodno\u015bci\u0105","article_modified_time":"2023-12-14T09:12:37+00:00","twitter_card":"summary_large_image","schema":{"@context":"https:\/\/schema.org","@graph":[{"@type":"WebPage","@id":"https:\/\/eucert.pl\/tr\/gizlilik-politikasi-2\/","url":"https:\/\/eucert.pl\/tr\/gizlilik-politikasi-2\/","name":"Gizlilik Politikas\u0131 - EU-Cert - Wspieramy Tw\u00f3j Sukces Zgodno\u015bci\u0105","isPartOf":{"@id":"https:\/\/eucert.pl\/#website"},"datePublished":"2023-10-13T11:19:58+00:00","dateModified":"2023-12-14T09:12:37+00:00","breadcrumb":{"@id":"https:\/\/eucert.pl\/tr\/gizlilik-politikasi-2\/#breadcrumb"},"inLanguage":"tr-TR","potentialAction":[{"@type":"ReadAction","target":["https:\/\/eucert.pl\/tr\/gizlilik-politikasi-2\/"]}]},{"@type":"BreadcrumbList","@id":"https:\/\/eucert.pl\/tr\/gizlilik-politikasi-2\/#breadcrumb","itemListElement":[{"@type":"ListItem","position":1,"name":"Strona g\u0142\u00f3wna","item":"https:\/\/eucert.pl\/tr\/"},{"@type":"ListItem","position":2,"name":"Gizlilik Politikas\u0131"}]},{"@type":"WebSite","@id":"https:\/\/eucert.pl\/#website","url":"https:\/\/eucert.pl\/","name":"EU-Cert - Wspieramy Tw\u00f3j Sukces Zgodno\u015bci\u0105","description":"","potentialAction":[{"@type":"SearchAction","target":{"@type":"EntryPoint","urlTemplate":"https:\/\/eucert.pl\/?s={search_term_string}"},"query-input":"required name=search_term_string"}],"inLanguage":"tr-TR"}]}},"_links":{"self":[{"href":"https:\/\/eucert.pl\/tr\/wp-json\/wp\/v2\/pages\/3630"}],"collection":[{"href":"https:\/\/eucert.pl\/tr\/wp-json\/wp\/v2\/pages"}],"about":[{"href":"https:\/\/eucert.pl\/tr\/wp-json\/wp\/v2\/types\/page"}],"author":[{"embeddable":true,"href":"https:\/\/eucert.pl\/tr\/wp-json\/wp\/v2\/users\/1"}],"replies":[{"embeddable":true,"href":"https:\/\/eucert.pl\/tr\/wp-json\/wp\/v2\/comments?post=3630"}],"version-history":[{"count":3,"href":"https:\/\/eucert.pl\/tr\/wp-json\/wp\/v2\/pages\/3630\/revisions"}],"predecessor-version":[{"id":3633,"href":"https:\/\/eucert.pl\/tr\/wp-json\/wp\/v2\/pages\/3630\/revisions\/3633"}],"wp:attachment":[{"href":"https:\/\/eucert.pl\/tr\/wp-json\/wp\/v2\/media?parent=3630"}],"curies":[{"name":"wp","href":"https:\/\/api.w.org\/{rel}","templated":true}]}}