{"id":3628,"date":"2023-07-07T07:14:36","date_gmt":"2023-07-07T07:14:36","guid":{"rendered":"https:\/\/eucert.pl\/gizlilik-politikasi\/"},"modified":"2023-12-14T09:07:23","modified_gmt":"2023-12-14T09:07:23","slug":"gizlilik-politikasi","status":"publish","type":"page","link":"https:\/\/eucert.pl\/tr\/gizlilik-politikasi\/","title":{"rendered":"Gizlilik Politikas\u0131"},"content":{"rendered":"\n<p><\/p>\n<section id=\"\" class=\"text-block text-block--smaller-heading  acf-block acf-block-id-block_766c59879f0e9159ecadda3f5f16de62 \">\n\n  <div class=\"container\">\n    <h1 class=\"title title--1 title--medium title--primary500\">Gizlilik Politikas\u0131<\/h1>\n\n    <div class=\"wysiwyg\">\n      <ol>\n<li>Bu&nbsp;web sitesinin Sahibi i\u00e7in Kullan\u0131c\u0131lar\u0131n ki\u015fisel verilerinin korunmas\u0131 son derece \u00f6nemlidir. Kullan\u0131c\u0131lar\u0131n web sitesini kullan\u0131rken ki\u015fisel verilerini emanet ederken kendilerini g\u00fcvende hissetmelerini sa\u011flamak i\u00e7in b\u00fcy\u00fck \u00e7aba sarf ediyoruz. <\/li>\n<li>Kullan\u0131c\u0131, web sitesinde mevcut olan elektronik hizmetleri kullanan ger\u00e7ek ki\u015fi, t\u00fczel ki\u015fi veya t\u00fczel ki\u015fili\u011fi olmayan, kanunla kendisine hukuki ehliyet tan\u0131nm\u0131\u015f bir organizasyon birimidir.<\/li>\n<li>Bu&nbsp;gizlilik politikas\u0131, Kullan\u0131c\u0131&#8217;n\u0131n ki\u015fisel verilerinin i\u015flenmesinin ilkelerini ve kapsam\u0131n\u0131, Kullan\u0131c\u0131&#8217;n\u0131n haklar\u0131n\u0131 ve bu&nbsp;verilerin denetleyicisinin y\u00fck\u00fcml\u00fcl\u00fcklerini a\u00e7\u0131klar ve ayr\u0131ca \u00e7erezlerin kullan\u0131m\u0131 hakk\u0131nda bilgi verir.<\/li>\n<li>Kontrol\u00f6r, i\u015flenen ki\u015fisel verilerin y\u00fcksek d\u00fczeyde korunmas\u0131n\u0131 ve yetkisiz eri\u015fime kar\u015f\u0131 g\u00fcvence alt\u0131na al\u0131nmas\u0131n\u0131 sa\u011flamak i\u00e7in en&nbsp;geli\u015fmi\u015f teknik \u00f6nlemleri ve organizasyonel \u00e7\u00f6z\u00fcmleri kullan\u0131r. Sizi 27 Nisan 2016 tarihli Genel Veri Koruma Y\u00f6netmeli\u011fi&#8217;nin* 13(1) ve (2) maddeleri uyar\u0131nca bilgilendiriyoruz:<\/li>\n<\/ol>\n<h5><\/h5>\n<p>&nbsp;<\/p>\n<p>&nbsp;<\/p>\n<h5>I. KI\u0307\u015eI\u0307SEL VERI\u0307LERI\u0307N SORUMLUSU<\/h5>\n<p>&nbsp;<\/p>\n<p>Ki\u015fisel verilerin y\u00f6neticisi, Gda\u0144sk&#8217;ta ul.&nbsp;Karola Szymanowskiego 12\/U6 adresinde kay\u0131tl\u0131 ofisi bulunan EU-Cert Sp. z&nbsp;o.o.&#8217;dur (80-280), KRS numaras\u0131: 0000980050, NIP: 5851497842 alt\u0131nda Gda\u0144sk &#8211; Kuzey B\u00f6lge Mahkemesi, Ulusal Mahkeme Sicilinin VIII Ekonomi B\u00f6l\u00fcm\u00fc taraf\u0131ndan tutulan giri\u015fimciler siciline kay\u0131tl\u0131d\u0131r (bundan b\u00f6yle: Sahip&#8221;).  <\/p>\n<h5><\/h5>\n<h5><\/h5>\n<p>&nbsp;<\/p>\n<p>&nbsp;<\/p>\n<h5>II. KI\u0307\u015eI\u0307SEL VERI\u0307LERI\u0307N I\u0307\u015eLENME AMACI<\/h5>\n<p>&nbsp;<\/p>\n<ol>\n<li>Y\u00f6netici, Kullan\u0131c\u0131&#8217;n\u0131n ki\u015fisel verilerini a\u015fa\u011f\u0131daki ama\u00e7larla i\u015fler: Telekom\u00fcnikasyon Yasas\u0131 h\u00fck\u00fcmlerini ve elektronik yollarla hizmet sa\u011flanmas\u0131na ili\u015fkin Yasa h\u00fck\u00fcmlerini veya bu&nbsp;amac\u0131 ve bu&nbsp;amaca ula\u015fma yollar\u0131n\u0131 d\u00fczenleyen di\u011fer h\u00fck\u00fcmleri dikkate alarak elektronik ileti\u015fim yoluyla (\u00f6zellikle elektronik posta, telefon g\u00f6r\u00fc\u015fmeleri, SMS mesajlar\u0131, MMS mesajlar\u0131) hizmet sa\u011flamak veya pazarlama\/ticari ileti\u015fim ger\u00e7ekle\u015ftirmek.<\/li>\n<li>Kullan\u0131c\u0131 ayr\u0131ca haber bilgileri almay\u0131 da kabul edebilir, bu&nbsp;da kontrol\u00f6r\u00fcn Kullan\u0131c\u0131ya di\u011fer \u015feylerin yan\u0131 s\u0131ra yeni hizmetlerle ilgili ticari bilgiler g\u00f6ndermek i\u00e7in ki\u015fisel verileri i\u015flemesiyle sonu\u00e7lanacakt\u0131r. <\/li>\n<li>Ki\u015fisel veriler ayr\u0131ca veri sorumlusuna d\u00fc\u015fen yasal y\u00fck\u00fcml\u00fcl\u00fcklerin yerine getirilmesi ve kamu yarar\u0131na olan g\u00f6revlerin ifas\u0131 \u00e7er\u00e7evesinde, di\u011ferlerinin yan\u0131 s\u0131ra g\u00fcvenlik ve savunmaya ili\u015fkin g\u00f6revlerin ifas\u0131 veya vergi kay\u0131tlar\u0131n\u0131n saklanmas\u0131 amac\u0131yla da i\u015flenmektedir. <\/li>\n<li>Ki\u015fisel veriler ayr\u0131ca \u00fcr\u00fcnlerin do\u011frudan pazarlanmas\u0131, Kullan\u0131c\u0131 veya \u00fc\u00e7\u00fcnc\u00fc bir taraf\u0131n hak taleplerinin korunmas\u0131 ve ileri s\u00fcr\u00fclmesi veya hak taleplerine kar\u015f\u0131 korunman\u0131n yan\u0131 s\u0131ra \u00fc\u00e7\u00fcnc\u00fc taraflar\u0131n hizmet ve \u00fcr\u00fcnlerinin pazarlanmas\u0131 veya do\u011frudan pazarlama olmayan kendi pazarlamam\u0131z i\u00e7in de&nbsp;i\u015flenebilir.<\/li>\n<\/ol>\n<h5><\/h5>\n<h5><\/h5>\n<p>&nbsp;<\/p>\n<p>&nbsp;<\/p>\n<h5>III. VER\u0130 T\u00dcR\u00dc<\/h5>\n<p>&nbsp;<\/p>\n<ol>\n<li>Kontrol\u00f6r, sa\u011flanmas\u0131 gerekli olan a\u015fa\u011f\u0131daki ki\u015fisel verileri i\u015fler:<\/li>\n<\/ol>\n<p>1.a. Web sitesi \u00fczerinden kay\u0131t olun: <\/p>\n<p>isim,<\/p>\n<p>e-posta adresi;<\/p>\n<p>&nbsp;<\/p>\n<p>1.b. Hizmetlerin uygulanmas\u0131: <\/p>\n<p>isim;<\/p>\n<p>adres;<\/p>\n<p>telefon numaras\u0131;<\/p>\n<p>e-posta adresi;<\/p>\n<p>&nbsp;<\/p>\n<p>1.c. \u0130ste\u011fe ba\u011fl\u0131 olarak Kullan\u0131c\u0131 taraf\u0131ndan sa\u011flanan veriler: <\/p>\n<p>Do\u011fum tarihi;<\/p>\n<p>PESEL numaras\u0131;<\/p>\n<p>KDV numaras\u0131 (bir giri\u015fimci i\u00e7in fatura talep ediliyorsa).<\/p>\n<p>&nbsp;<\/p>\n<p>&nbsp;<\/p>\n<p>&nbsp;<\/p>\n<h5>IV. KI\u0307\u015eI\u0307SEL VERI\u0307LERI\u0307N I\u0307\u015eLENMESI\u0307NI\u0307N YASAL DAYANA\u011eI<\/h5>\n<p>&nbsp;<\/p>\n<ol>\n<li>Ki\u015fisel veriler, ki\u015fisel verilerin i\u015flenmesine ili\u015fkin olarak ger\u00e7ek ki\u015filerin korunmas\u0131 ve bu&nbsp;t\u00fcr verilerin serbest dola\u015f\u0131m\u0131na ili\u015fkin ve 95\/46\/EC say\u0131l\u0131 Direktifi (Genel Veri Koruma Y\u00f6netmeli\u011fi) y\u00fcr\u00fcrl\u00fckten kald\u0131ran 27 Nisan 2016 tarihli ve 2016\/679 say\u0131l\u0131 Avrupa Parlamentosu ve Konsey Y\u00f6netmeli\u011fi (AB) h\u00fck\u00fcmlerine uygun olarak i\u015flenmektedir, OJ&nbsp;L 119, 4.05.2016, s. 1-88, bundan b\u00f6yle &#8220;RODO Y\u00f6netmeli\u011fi&#8221; olarak an\u0131lacakt\u0131r.  <\/li>\n<li>Y\u00f6netici, ki\u015fisel verileri yaln\u0131zca Kullan\u0131c\u0131n\u0131n \u00f6nceden onay\u0131 ile i\u015fler.<\/li>\n<li>Ki\u015fisel verilerinizin i\u015flenmesine verdi\u011finiz onay tamamen g\u00f6n\u00fcll\u00fcl\u00fck esas\u0131na dayanmaktad\u0131r.<\/li>\n<\/ol>\n<h5><\/h5>\n<h5><\/h5>\n<p>&nbsp;<\/p>\n<p>&nbsp;<\/p>\n<h5>V. KULLANICI HAKLARI<\/h5>\n<p>&nbsp;<\/p>\n<ol>\n<li>Kullan\u0131c\u0131 istedi\u011fi zaman kontrol\u00f6rden ki\u015fisel verilerin i\u015flenme kapsam\u0131 hakk\u0131nda bilgi talep edebilir.<\/li>\n<li>Kullan\u0131c\u0131 istedi\u011fi zaman ki\u015fisel verilerinin d\u00fczeltilmesini veya d\u00fczeltilmesini talep edebilir.<\/li>\n<li>Kullan\u0131c\u0131, ki\u015fisel verilerinin i\u015flenmesine ili\u015fkin onay\u0131n\u0131 herhangi bir zamanda, sebep g\u00f6stermeksizin geri \u00e7ekebilir. Verilerin i\u015flenmemesi talebi, Kullan\u0131c\u0131 taraf\u0131ndan belirtilen belirli bir i\u015fleme amac\u0131 ile ilgili olabilir, \u00f6rne\u011fin ticari bilgi alma izninin geri \u00e7ekilmesi veya t\u00fcm veri i\u015fleme ama\u00e7lar\u0131 ile ilgili olabilir. T\u00fcm i\u015fleme ama\u00e7lar\u0131na ili\u015fkin r\u0131zan\u0131n geri \u00e7ekilmesi, Kullan\u0131c\u0131n\u0131n hesab\u0131n\u0131n, Kullan\u0131c\u0131n\u0131n daha \u00f6nce Y\u00f6netici taraf\u0131ndan i\u015flenen t\u00fcm ki\u015fisel verileriyle birlikte web sitesinden silinmesiyle sonu\u00e7lanacakt\u0131r. \u0130znin geri \u00e7ekilmesi halihaz\u0131rda y\u00fcr\u00fct\u00fclen faaliyetleri etkilemeyecektir.   <\/li>\n<li>Kullan\u0131c\u0131, herhangi bir sebep belirtmeksizin, y\u00f6neticiden verilerinin silinmesini her zaman talep edebilir. Verilerin silinmesine y\u00f6nelik bir talep, halihaz\u0131rda ger\u00e7ekle\u015ftirilmi\u015f olan herhangi bir i\u015flemi etkilemeyecektir. Verilerin silinmesi, y\u00f6netici taraf\u0131ndan bug\u00fcne kadar saklanan ve i\u015flenen t\u00fcm ki\u015fisel verilerle birlikte Kullan\u0131c\u0131 hesab\u0131n\u0131n e\u015fzamanl\u0131 olarak silinmesi anlam\u0131na gelir.  <\/li>\n<li>Kullan\u0131c\u0131, hem Kullan\u0131c\u0131n\u0131n ki\u015fisel verilerinin kontrol\u00f6r taraf\u0131ndan t\u00fcm\u00fcyle i\u015flenmesine ili\u015fkin olarak hem de&nbsp;yaln\u0131zca s\u0131n\u0131rl\u0131 bir \u00f6l\u00e7\u00fcde, \u00f6rne\u011fin verilerin \u00f6zel olarak belirtilen bir ama\u00e7 i\u00e7in i\u015flenmesine ili\u015fkin olarak, ki\u015fisel verilerin i\u015flenmesine her zaman itiraz edebilir. \u0130tiraz, \u015fimdiye kadar ger\u00e7ekle\u015ftirilen faaliyetleri etkilemeyecektir. Bir itirazda bulunmak, y\u00f6netici taraf\u0131ndan \u015fimdiye kadar saklanan ve i\u015flenen t\u00fcm ki\u015fisel verilerle birlikte Kullan\u0131c\u0131n\u0131n hesab\u0131n\u0131n silinmesine neden olacakt\u0131r.  <\/li>\n<li>Kullan\u0131c\u0131, belirli bir s\u00fcre i\u00e7in veya s\u00fcre s\u0131n\u0131rlamas\u0131 olmaks\u0131z\u0131n ancak kontrol\u00f6r\u00fcn uymakla y\u00fck\u00fcml\u00fc olaca\u011f\u0131 belirli bir kapsamda ki\u015fisel verilerin i\u015flenmesinin k\u0131s\u0131tlanmas\u0131n\u0131 talep edebilir. Bu&nbsp;talep halihaz\u0131rda y\u00fcr\u00fct\u00fclmekte olan faaliyetleri etkilemeyecektir. <\/li>\n<li>Kullan\u0131c\u0131, kontrol\u00f6r\u00fcn Kullan\u0131c\u0131n\u0131n i\u015flenen ki\u015fisel verilerini ba\u015fka bir kurulu\u015fa aktarmas\u0131n\u0131 talep edebilir. Bu&nbsp;ama\u00e7la, Kullan\u0131c\u0131 y\u00f6neticiye bir talep yazmal\u0131, Kullan\u0131c\u0131n\u0131n ki\u015fisel verilerinin hangi kurulu\u015fa (isim, adres) aktar\u0131lmas\u0131 gerekti\u011fini ve Kullan\u0131c\u0131n\u0131n y\u00f6neticinin hangi belirli verileri aktarmas\u0131n\u0131 istedi\u011fini belirtmelidir. Kullan\u0131c\u0131 talebini onaylad\u0131ktan sonra, y\u00f6netici Kullan\u0131c\u0131n\u0131n ki\u015fisel verilerini elektronik bi\u00e7imde belirtilen kurulu\u015fa aktaracakt\u0131r. Talebin Kullan\u0131c\u0131 taraf\u0131ndan onaylanmas\u0131, Kullan\u0131c\u0131n\u0131n ki\u015fisel verilerinin g\u00fcvenli\u011fi ve talebin yetkili bir ki\u015fiden geldi\u011finden emin olmak i\u00e7in gereklidir.   <\/li>\n<li>Y\u00f6netici, \u00f6nceki paragraflarda belirtilen taleplerden birinin al\u0131nmas\u0131ndan itibaren bir ay ge\u00e7meden \u00f6nce Kullan\u0131c\u0131ya al\u0131nan \u00f6nlem hakk\u0131nda bilgi verecektir.<\/li>\n<\/ol>\n    <\/div>\n  <\/div>\n\n<\/section>","protected":false},"excerpt":{"rendered":"","protected":false},"author":1,"featured_media":0,"parent":0,"menu_order":0,"comment_status":"closed","ping_status":"open","template":"","meta":{"footnotes":""},"acf":[],"yoast_head":"<!-- This site is optimized with the Yoast SEO plugin v21.3 - https:\/\/yoast.com\/wordpress\/plugins\/seo\/ -->\n<title>Gizlilik Politikas\u0131 - EU-Cert - Wspieramy Tw\u00f3j Sukces Zgodno\u015bci\u0105<\/title>\n<meta name=\"robots\" content=\"index, follow, max-snippet:-1, max-image-preview:large, max-video-preview:-1\" \/>\n<link rel=\"canonical\" href=\"https:\/\/eucert.pl\/tr\/gizlilik-politikasi\/\" \/>\n<meta property=\"og:locale\" content=\"tr_TR\" \/>\n<meta property=\"og:type\" content=\"article\" \/>\n<meta property=\"og:title\" content=\"Gizlilik Politikas\u0131 - EU-Cert - Wspieramy Tw\u00f3j Sukces Zgodno\u015bci\u0105\" \/>\n<meta property=\"og:url\" content=\"https:\/\/eucert.pl\/tr\/gizlilik-politikasi\/\" \/>\n<meta property=\"og:site_name\" content=\"EU-Cert - Wspieramy Tw\u00f3j Sukces Zgodno\u015bci\u0105\" \/>\n<meta property=\"article:modified_time\" content=\"2023-12-14T09:07:23+00:00\" \/>\n<meta name=\"twitter:card\" content=\"summary_large_image\" \/>\n<script type=\"application\/ld+json\" class=\"yoast-schema-graph\">{\"@context\":\"https:\/\/schema.org\",\"@graph\":[{\"@type\":\"WebPage\",\"@id\":\"https:\/\/eucert.pl\/tr\/gizlilik-politikasi\/\",\"url\":\"https:\/\/eucert.pl\/tr\/gizlilik-politikasi\/\",\"name\":\"Gizlilik Politikas\u0131 - EU-Cert - Wspieramy Tw\u00f3j Sukces Zgodno\u015bci\u0105\",\"isPartOf\":{\"@id\":\"https:\/\/eucert.pl\/#website\"},\"datePublished\":\"2023-07-07T07:14:36+00:00\",\"dateModified\":\"2023-12-14T09:07:23+00:00\",\"breadcrumb\":{\"@id\":\"https:\/\/eucert.pl\/tr\/gizlilik-politikasi\/#breadcrumb\"},\"inLanguage\":\"tr-TR\",\"potentialAction\":[{\"@type\":\"ReadAction\",\"target\":[\"https:\/\/eucert.pl\/tr\/gizlilik-politikasi\/\"]}]},{\"@type\":\"BreadcrumbList\",\"@id\":\"https:\/\/eucert.pl\/tr\/gizlilik-politikasi\/#breadcrumb\",\"itemListElement\":[{\"@type\":\"ListItem\",\"position\":1,\"name\":\"Strona g\u0142\u00f3wna\",\"item\":\"https:\/\/eucert.pl\/tr\/\"},{\"@type\":\"ListItem\",\"position\":2,\"name\":\"Gizlilik Politikas\u0131\"}]},{\"@type\":\"WebSite\",\"@id\":\"https:\/\/eucert.pl\/#website\",\"url\":\"https:\/\/eucert.pl\/\",\"name\":\"EU-Cert - Wspieramy Tw\u00f3j Sukces Zgodno\u015bci\u0105\",\"description\":\"\",\"potentialAction\":[{\"@type\":\"SearchAction\",\"target\":{\"@type\":\"EntryPoint\",\"urlTemplate\":\"https:\/\/eucert.pl\/?s={search_term_string}\"},\"query-input\":\"required name=search_term_string\"}],\"inLanguage\":\"tr-TR\"}]}<\/script>\n<!-- \/ Yoast SEO plugin. -->","yoast_head_json":{"title":"Gizlilik Politikas\u0131 - EU-Cert - Wspieramy Tw\u00f3j Sukces Zgodno\u015bci\u0105","robots":{"index":"index","follow":"follow","max-snippet":"max-snippet:-1","max-image-preview":"max-image-preview:large","max-video-preview":"max-video-preview:-1"},"canonical":"https:\/\/eucert.pl\/tr\/gizlilik-politikasi\/","og_locale":"tr_TR","og_type":"article","og_title":"Gizlilik Politikas\u0131 - EU-Cert - Wspieramy Tw\u00f3j Sukces Zgodno\u015bci\u0105","og_url":"https:\/\/eucert.pl\/tr\/gizlilik-politikasi\/","og_site_name":"EU-Cert - Wspieramy Tw\u00f3j Sukces Zgodno\u015bci\u0105","article_modified_time":"2023-12-14T09:07:23+00:00","twitter_card":"summary_large_image","schema":{"@context":"https:\/\/schema.org","@graph":[{"@type":"WebPage","@id":"https:\/\/eucert.pl\/tr\/gizlilik-politikasi\/","url":"https:\/\/eucert.pl\/tr\/gizlilik-politikasi\/","name":"Gizlilik Politikas\u0131 - EU-Cert - Wspieramy Tw\u00f3j Sukces Zgodno\u015bci\u0105","isPartOf":{"@id":"https:\/\/eucert.pl\/#website"},"datePublished":"2023-07-07T07:14:36+00:00","dateModified":"2023-12-14T09:07:23+00:00","breadcrumb":{"@id":"https:\/\/eucert.pl\/tr\/gizlilik-politikasi\/#breadcrumb"},"inLanguage":"tr-TR","potentialAction":[{"@type":"ReadAction","target":["https:\/\/eucert.pl\/tr\/gizlilik-politikasi\/"]}]},{"@type":"BreadcrumbList","@id":"https:\/\/eucert.pl\/tr\/gizlilik-politikasi\/#breadcrumb","itemListElement":[{"@type":"ListItem","position":1,"name":"Strona g\u0142\u00f3wna","item":"https:\/\/eucert.pl\/tr\/"},{"@type":"ListItem","position":2,"name":"Gizlilik Politikas\u0131"}]},{"@type":"WebSite","@id":"https:\/\/eucert.pl\/#website","url":"https:\/\/eucert.pl\/","name":"EU-Cert - Wspieramy Tw\u00f3j Sukces Zgodno\u015bci\u0105","description":"","potentialAction":[{"@type":"SearchAction","target":{"@type":"EntryPoint","urlTemplate":"https:\/\/eucert.pl\/?s={search_term_string}"},"query-input":"required name=search_term_string"}],"inLanguage":"tr-TR"}]}},"_links":{"self":[{"href":"https:\/\/eucert.pl\/tr\/wp-json\/wp\/v2\/pages\/3628"}],"collection":[{"href":"https:\/\/eucert.pl\/tr\/wp-json\/wp\/v2\/pages"}],"about":[{"href":"https:\/\/eucert.pl\/tr\/wp-json\/wp\/v2\/types\/page"}],"author":[{"embeddable":true,"href":"https:\/\/eucert.pl\/tr\/wp-json\/wp\/v2\/users\/1"}],"replies":[{"embeddable":true,"href":"https:\/\/eucert.pl\/tr\/wp-json\/wp\/v2\/comments?post=3628"}],"version-history":[{"count":1,"href":"https:\/\/eucert.pl\/tr\/wp-json\/wp\/v2\/pages\/3628\/revisions"}],"predecessor-version":[{"id":3629,"href":"https:\/\/eucert.pl\/tr\/wp-json\/wp\/v2\/pages\/3628\/revisions\/3629"}],"wp:attachment":[{"href":"https:\/\/eucert.pl\/tr\/wp-json\/wp\/v2\/media?parent=3628"}],"curies":[{"name":"wp","href":"https:\/\/api.w.org\/{rel}","templated":true}]}}