{"id":3621,"date":"2023-08-30T06:40:59","date_gmt":"2023-08-30T06:40:59","guid":{"rendered":"https:\/\/eucert.pl\/ab-sertifikasyonu\/"},"modified":"2024-01-03T12:57:50","modified_gmt":"2024-01-03T12:57:50","slug":"ab-sertifikasyonu","status":"publish","type":"page","link":"https:\/\/eucert.pl\/tr\/ab-sertifikasyonu\/","title":{"rendered":"AB Sertifikasyonu"},"content":{"rendered":"<section id=\"\" class=\"about acf-block acf-block-id-block_d8e30e456c89a3c485a6f5bb769ee7d4 about--product\" style=\"background-color: \">\n\n  <div class=\"container\">\n\n    \n    <div class=\"row\">\n\n      <div class=\"col-12 col-lg-5 about__left\">\n        <h1 class=\"title title--regular title--2 mobile-no-br\">AB Sertifikasyonu, <br \/>\n<strong>Uzmanlara G\u00fcvenin<\/strong><\/h1>\n      <\/div>\n\n      <div class=\"col-12 col-lg-7 about__right\">\n\n        <p class=\"text text--xl text--light\">EU-Cert olarak, belgelendirme ve uygunluk de\u011ferlendirmesi konusunda uzman\u0131z ve m\u00fc\u015fterilerimize y\u00fcksek kaliteli bir hizmet sunuyoruz. Hizmetlerimiz farkl\u0131 sekt\u00f6rlere g\u00f6re uyarlanm\u0131\u015ft\u0131r ve personelin, \u00fcr\u00fcnlerin, y\u00f6netim sistemlerinin ve testlerin performans\u0131n\u0131n belgelendirilmesi ve uygunluk de\u011ferlendirmesinin geni\u015f bir yelpazesini kapsamaktad\u0131r.<br \/>\n<br \/>\nBilgi ve deneyimimizle m\u00fc\u015fterilerinizin g\u00fcvenini kazanabilir, rekabet g\u00fcc\u00fcn\u00fcz\u00fc art\u0131rabilir, yasal gerekliliklere uygunlu\u011fu teyit edebilirsiniz. Sertifikasyonumuzun kurulu\u015funuza nas\u0131l fayda sa\u011flayabilece\u011fini \u00f6\u011frenin.<\/p>\n\n        \n          <div class=\"about__right__buttons\">\n                          <a href=\"#step-by-step-text\" class=\"btn btn--primary btn--m\" target=\"\">S\u00fcrecimiz hakk\u0131nda bilgi edinin<\/a>\n                                      <a href=\"#certificate-status\" class=\"btn btn--secondary btn--m\" target=\"\">Sertifika ge\u00e7erlili\u011fini kontrol edin<\/a>\n                      <\/div>\n\n        \n      <\/div>\n\n    <\/div>\n  <\/div>\n\n<\/section>\n\n\n<section id=\"step-by-step\" class=\"step-by-step acf-block acf-block-id-block_374d6396fd838f200156105c21442d6e \">\n  <div class=\"step-by-step__image\">\n    <img decoding=\"async\" src=\"https:\/\/eucert.pl\/app\/uploads\/2023\/08\/rek1-scaled.webp\" loading=\"lazy\" alt=\"\">\n    <div class=\"glass\"><\/div>\n  <\/div>\n\n  <div class=\"container\">\n    <div class=\"step-by-step__content\">\n\n          <div class=\"step-by-step__content__text\" id=\"step-by-step-text\">\n            <h3 class=\"text text--s text--semibold text--primary500 text--uppercase\">ad\u0131m ad\u0131m<\/h3>\n            <h2 class=\"title title--2 title--regular title--primary500\"><strong>Sertifikasyon s\u00fcreci<\/strong> nas\u0131l i\u015fliyor?<\/h2>\n          <\/div>\n\n          <div class=\"process\">\n\n            \n              <div class=\"process__item\">\n\n                <div class=\"process__item__icon\">\n                  <img decoding=\"async\" src=\"https:\/\/eucert.pl\/app\/uploads\/2023\/08\/rei1.svg\" alt=\"\">\n                <\/div>\n\n                <h4 class=\"text text--xl text--medium text--primary500 text--lh120 mobile-no-br\">Ba\u015fvurunun gerekli eklerle birlikte sunulmas\u0131<\/h4>\n\n                <p class=\"text text--m text--light\">Ba\u015fvuru sahibi gerekli belgelerle birlikte resmi bir ba\u015fvuru yapar.<\/p>\n\n              <\/div>\n\n                              <div class=\"process__arrow\">\n                  <svg xmlns=\"http:\/\/www.w3.org\/2000\/svg\" width=\"41\" height=\"16\" class=\"right\" viewBox=\"0 0 41 16\" fill=\"none\">\n                    <path d=\"M40.7071 8.70711C41.0976 8.31658 41.0976 7.68342 40.7071 7.29289L34.3431 0.928932C33.9526 0.538408 33.3195 0.538408 32.9289 0.928932C32.5384 1.31946 32.5384 1.95262 32.9289 2.34315L38.5858 8L32.9289 13.6569C32.5384 14.0474 32.5384 14.6805 32.9289 15.0711C33.3195 15.4616 33.9526 15.4616 34.3431 15.0711L40.7071 8.70711ZM0 9H40V7H0V9Z\" fill=\"#2CB5CB\"\/>\n                  <\/svg>\n\n                  <svg xmlns=\"http:\/\/www.w3.org\/2000\/svg\" width=\"16\" height=\"25\" class=\"down\" viewBox=\"0 0 16 25\" fill=\"none\">\n                    <path d=\"M7.29289 24.7071C7.68342 25.0976 8.31658 25.0976 8.70711 24.7071L15.0711 18.3431C15.4616 17.9526 15.4616 17.3195 15.0711 16.9289C14.6805 16.5384 14.0474 16.5384 13.6569 16.9289L8 22.5858L2.34315 16.9289C1.95262 16.5384 1.31946 16.5384 0.928932 16.9289C0.538408 17.3195 0.538408 17.9526 0.928932 18.3431L7.29289 24.7071ZM7 0L7 24H9L9 0L7 0Z\" fill=\"#2CB5CB\"\/>\n                  <\/svg>\n                <\/div>\n              \n            \n              <div class=\"process__item\">\n\n                <div class=\"process__item__icon\">\n                  <img decoding=\"async\" src=\"https:\/\/eucert.pl\/app\/uploads\/2023\/08\/rei2.svg\" alt=\"\">\n                <\/div>\n\n                <h4 class=\"text text--xl text--medium text--primary500 text--lh120 mobile-no-br\">Ba\u015fvurunun incelenmesi ve sertifika s\u00f6zle\u015fmesinin imzalanmas\u0131<br \/><\/h4>\n\n                <p class=\"text text--m text--light\">Gerekliliklerin yerine getirildi\u011finin do\u011frulanmas\u0131 ve sertifikasyon s\u00f6zle\u015fmesinin imzalanmas\u0131.<\/p>\n\n              <\/div>\n\n                              <div class=\"process__arrow\">\n                  <svg xmlns=\"http:\/\/www.w3.org\/2000\/svg\" width=\"41\" height=\"16\" class=\"right\" viewBox=\"0 0 41 16\" fill=\"none\">\n                    <path d=\"M40.7071 8.70711C41.0976 8.31658 41.0976 7.68342 40.7071 7.29289L34.3431 0.928932C33.9526 0.538408 33.3195 0.538408 32.9289 0.928932C32.5384 1.31946 32.5384 1.95262 32.9289 2.34315L38.5858 8L32.9289 13.6569C32.5384 14.0474 32.5384 14.6805 32.9289 15.0711C33.3195 15.4616 33.9526 15.4616 34.3431 15.0711L40.7071 8.70711ZM0 9H40V7H0V9Z\" fill=\"#2CB5CB\"\/>\n                  <\/svg>\n\n                  <svg xmlns=\"http:\/\/www.w3.org\/2000\/svg\" width=\"16\" height=\"25\" class=\"down\" viewBox=\"0 0 16 25\" fill=\"none\">\n                    <path d=\"M7.29289 24.7071C7.68342 25.0976 8.31658 25.0976 8.70711 24.7071L15.0711 18.3431C15.4616 17.9526 15.4616 17.3195 15.0711 16.9289C14.6805 16.5384 14.0474 16.5384 13.6569 16.9289L8 22.5858L2.34315 16.9289C1.95262 16.5384 1.31946 16.5384 0.928932 16.9289C0.538408 17.3195 0.538408 17.9526 0.928932 18.3431L7.29289 24.7071ZM7 0L7 24H9L9 0L7 0Z\" fill=\"#2CB5CB\"\/>\n                  <\/svg>\n                <\/div>\n              \n            \n              <div class=\"process__item\">\n\n                <div class=\"process__item__icon\">\n                  <img decoding=\"async\" src=\"https:\/\/eucert.pl\/app\/uploads\/2023\/08\/rei3.svg\" alt=\"\">\n                <\/div>\n\n                <h4 class=\"text text--xl text--medium text--primary500 text--lh120 mobile-no-br\">Belgelerin de\u011ferlendirilmesi ve g\u00f6zden ge\u00e7irilmesi (gerekirse anketler dahil)<\/h4>\n\n                <p class=\"text text--m text--light\">Toplanan belgelerin eksiksizli\u011finin ve uygunlu\u011funun analizi ve de\u011ferlendirilmesi.<\/p>\n\n              <\/div>\n\n                              <div class=\"process__arrow\">\n                  <svg xmlns=\"http:\/\/www.w3.org\/2000\/svg\" width=\"41\" height=\"16\" class=\"right\" viewBox=\"0 0 41 16\" fill=\"none\">\n                    <path d=\"M40.7071 8.70711C41.0976 8.31658 41.0976 7.68342 40.7071 7.29289L34.3431 0.928932C33.9526 0.538408 33.3195 0.538408 32.9289 0.928932C32.5384 1.31946 32.5384 1.95262 32.9289 2.34315L38.5858 8L32.9289 13.6569C32.5384 14.0474 32.5384 14.6805 32.9289 15.0711C33.3195 15.4616 33.9526 15.4616 34.3431 15.0711L40.7071 8.70711ZM0 9H40V7H0V9Z\" fill=\"#2CB5CB\"\/>\n                  <\/svg>\n\n                  <svg xmlns=\"http:\/\/www.w3.org\/2000\/svg\" width=\"16\" height=\"25\" class=\"down\" viewBox=\"0 0 16 25\" fill=\"none\">\n                    <path d=\"M7.29289 24.7071C7.68342 25.0976 8.31658 25.0976 8.70711 24.7071L15.0711 18.3431C15.4616 17.9526 15.4616 17.3195 15.0711 16.9289C14.6805 16.5384 14.0474 16.5384 13.6569 16.9289L8 22.5858L2.34315 16.9289C1.95262 16.5384 1.31946 16.5384 0.928932 16.9289C0.538408 17.3195 0.538408 17.9526 0.928932 18.3431L7.29289 24.7071ZM7 0L7 24H9L9 0L7 0Z\" fill=\"#2CB5CB\"\/>\n                  <\/svg>\n                <\/div>\n              \n            \n              <div class=\"process__item\">\n\n                <div class=\"process__item__icon\">\n                  <img decoding=\"async\" src=\"https:\/\/eucert.pl\/app\/uploads\/2023\/08\/rei4.svg\" alt=\"\">\n                <\/div>\n\n                <h4 class=\"text text--xl text--medium text--primary500 text--lh120 mobile-no-br\">Belgelendirme hakk\u0131nda karar<br \/><\/h4>\n\n                <p class=\"text text--m text--light\">Sertifikasyon konusunda nihai karar\u0131n verilmesi.<\/p>\n\n              <\/div>\n\n                              <div class=\"process__arrow\">\n                  <svg xmlns=\"http:\/\/www.w3.org\/2000\/svg\" width=\"41\" height=\"16\" class=\"right\" viewBox=\"0 0 41 16\" fill=\"none\">\n                    <path d=\"M40.7071 8.70711C41.0976 8.31658 41.0976 7.68342 40.7071 7.29289L34.3431 0.928932C33.9526 0.538408 33.3195 0.538408 32.9289 0.928932C32.5384 1.31946 32.5384 1.95262 32.9289 2.34315L38.5858 8L32.9289 13.6569C32.5384 14.0474 32.5384 14.6805 32.9289 15.0711C33.3195 15.4616 33.9526 15.4616 34.3431 15.0711L40.7071 8.70711ZM0 9H40V7H0V9Z\" fill=\"#2CB5CB\"\/>\n                  <\/svg>\n\n                  <svg xmlns=\"http:\/\/www.w3.org\/2000\/svg\" width=\"16\" height=\"25\" class=\"down\" viewBox=\"0 0 16 25\" fill=\"none\">\n                    <path d=\"M7.29289 24.7071C7.68342 25.0976 8.31658 25.0976 8.70711 24.7071L15.0711 18.3431C15.4616 17.9526 15.4616 17.3195 15.0711 16.9289C14.6805 16.5384 14.0474 16.5384 13.6569 16.9289L8 22.5858L2.34315 16.9289C1.95262 16.5384 1.31946 16.5384 0.928932 16.9289C0.538408 17.3195 0.538408 17.9526 0.928932 18.3431L7.29289 24.7071ZM7 0L7 24H9L9 0L7 0Z\" fill=\"#2CB5CB\"\/>\n                  <\/svg>\n                <\/div>\n              \n            \n              <div class=\"process__item\">\n\n                <div class=\"process__item__icon\">\n                  <img decoding=\"async\" src=\"https:\/\/eucert.pl\/app\/uploads\/2023\/08\/rei5.svg\" alt=\"\">\n                <\/div>\n\n                <h4 class=\"text text--xl text--medium text--primary500 text--lh120 mobile-no-br\">Sertifikan\u0131n g\u00f6zetimi<\/h4>\n\n                <p class=\"text text--m text--light\">Yeterli sertifikasyon sonras\u0131 denetim ve izlemenin sa\u011flanmas\u0131.<\/p>\n\n              <\/div>\n\n              \n            \n          <\/div>\n\n          <div class=\"step-by-step__content__boxes\">\n\n            \n              <a href=\"https:\/\/eucert.pl\/tr\/oferta\/gonullu-urun-sertifikasyonu\/\" class=\"box box--white box--shadow box--steps\">\n                <div class=\"box__content\">\n                  <img decoding=\"async\" src=\"https:\/\/eucert.pl\/app\/uploads\/2023\/08\/boxic2.svg\" alt=\"\" loading=\"lazy\">\n                  <h3 class=\"title title--6 title--medium title--white\">G\u00f6n\u00fcll\u00fc \u00fcr\u00fcn sertifikasyonu<\/h3>\n                <\/div>\n                <div class=\"box__check\">\n                  <span>Kontrol et<\/span>\n                  <i class=\"fa far fa-arrow-right-long\"><\/i>\n                <\/div>\n              <\/a>\n\n            \n              <a href=\"https:\/\/eucert.pl\/tr\/oferta\/yonetim-sistemlerinin-belgelendirilmesi\/\" class=\"box box--white box--shadow box--steps\">\n                <div class=\"box__content\">\n                  <img decoding=\"async\" src=\"https:\/\/eucert.pl\/app\/uploads\/2023\/10\/managementsvg.svg\" alt=\"\" loading=\"lazy\">\n                  <h3 class=\"title title--6 title--medium title--white\">Y\u00f6netim sistemlerinin belgelendirilmesi<\/h3>\n                <\/div>\n                <div class=\"box__check\">\n                  <span>Kontrol et<\/span>\n                  <i class=\"fa far fa-arrow-right-long\"><\/i>\n                <\/div>\n              <\/a>\n\n            \n              <a href=\"https:\/\/eucert.pl\/tr\/oferta\/laboratuvar-testleri\/\" class=\"box box--white box--shadow box--steps\">\n                <div class=\"box__content\">\n                  <img decoding=\"async\" src=\"https:\/\/eucert.pl\/app\/uploads\/2023\/10\/lab.svg\" alt=\"\" loading=\"lazy\">\n                  <h3 class=\"title title--6 title--medium title--white\">Laboratuvar testleri<\/h3>\n                <\/div>\n                <div class=\"box__check\">\n                  <span>Kontrol et<\/span>\n                  <i class=\"fa far fa-arrow-right-long\"><\/i>\n                <\/div>\n              <\/a>\n\n            \n              <a href=\"https:\/\/eucert.pl\/tr\/oferta\/kaynak-islemi-sertifikasi\/\" class=\"box box--white box--shadow box--steps\">\n                <div class=\"box__content\">\n                  <img decoding=\"async\" src=\"https:\/\/eucert.pl\/app\/uploads\/2023\/10\/welding2.svg\" alt=\"\" loading=\"lazy\">\n                  <h3 class=\"title title--6 title--medium title--white\">Kaynak i\u015flemi sertifikas\u0131<\/h3>\n                <\/div>\n                <div class=\"box__check\">\n                  <span>Kontrol et<\/span>\n                  <i class=\"fa far fa-arrow-right-long\"><\/i>\n                <\/div>\n              <\/a>\n\n            \n              <a href=\"https:\/\/eucert.pl\/tr\/oferta\/ayrilamayan-baglantilar-icin-isletme-prosedurlerinin-onaylanmasi\/\" class=\"box box--white box--shadow box--steps\">\n                <div class=\"box__content\">\n                  <img decoding=\"async\" src=\"https:\/\/eucert.pl\/app\/uploads\/2023\/10\/welding.svg\" alt=\"\" loading=\"lazy\">\n                  <h3 class=\"title title--6 title--medium title--white\">Ayr\u0131lamayan ba\u011flant\u0131lar i\u00e7in i\u015fletme prosed\u00fcrlerinin onaylanmas\u0131<\/h3>\n                <\/div>\n                <div class=\"box__check\">\n                  <span>Kontrol et<\/span>\n                  <i class=\"fa far fa-arrow-right-long\"><\/i>\n                <\/div>\n              <\/a>\n\n            \n              <a href=\"https:\/\/eucert.pl\/tr\/oferta\/kaynak-personelinin-belgelendirilmesi\/\" class=\"box box--white box--shadow box--steps\">\n                <div class=\"box__content\">\n                  <img decoding=\"async\" src=\"https:\/\/eucert.pl\/app\/uploads\/2023\/10\/staff-1.svg\" alt=\"\" loading=\"lazy\">\n                  <h3 class=\"title title--6 title--medium title--white\">Kaynak personelinin belgelendirilmesi<\/h3>\n                <\/div>\n                <div class=\"box__check\">\n                  <span>Kontrol et<\/span>\n                  <i class=\"fa far fa-arrow-right-long\"><\/i>\n                <\/div>\n              <\/a>\n\n            \n              <a href=\"https:\/\/eucert.pl\/tr\/oferta\/urun-uygunluk-degerlendirmesi\/\" class=\"box box--white box--shadow box--steps\">\n                <div class=\"box__content\">\n                  <img decoding=\"async\" src=\"https:\/\/eucert.pl\/app\/uploads\/2023\/10\/products.svg\" alt=\"\" loading=\"lazy\">\n                  <h3 class=\"title title--6 title--medium title--white\">\u00dcr\u00fcn uygunluk de\u011ferlendirmesi<\/h3>\n                <\/div>\n                <div class=\"box__check\">\n                  <span>Kontrol et<\/span>\n                  <i class=\"fa far fa-arrow-right-long\"><\/i>\n                <\/div>\n              <\/a>\n\n            \n          <\/div>\n\n    <\/div>\n  <\/div>\n<\/section>\n\n<section id=\"\" class=\"benefits acf-block acf-block-id-block_8cce8e7a84d8a516b7a6e2adcc6aa42c \">\n  <div class=\"container\">\n\n    <div class=\"benefits__text\">\n      <h3 class=\"text text--s text--semibold text--uppercase text--white\">G\u00dcVENILIR ORTA\u011eINIZ<\/h3>\n      <h2 class=\"title title--2 title--regular title--white\">Ba\u015far\u0131n\u0131z i\u00e7in \u00e7al\u0131\u015f\u0131yoruz<\/h2>\n      <p class=\"text text--xl text--light text--white\">Belgelendirme yaln\u0131zca belirli standartlara uygunlu\u011fun teyidi de\u011fil, ayn\u0131 zamanda markan\u0131z i\u00e7in g\u00fcven ve g\u00fcvenilirlik olu\u015fturmaya y\u00f6nelik bir ara\u00e7t\u0131r. Sertifikal\u0131 olmak, \u00fcr\u00fcnlerinizin veya hizmetlerinizin y\u00fcksek kalitesinin teyidi anlam\u0131na gelir; bu&nbsp;da daha fazla m\u00fc\u015fteri g\u00fcveni ve yeni s\u00f6zle\u015fmeler ve i\u015f ortakl\u0131klar\u0131 sa\u011flama olas\u0131l\u0131\u011f\u0131 anlam\u0131na gelir. EU-Cert taraf\u0131ndan sunulan sertifikasyonun a\u015fa\u011f\u0131dakiler de&nbsp;dahil olmak \u00fczere bir\u00e7ok faydas\u0131 vard\u0131r:<\/p>\n    <\/div>\n\n    <ul class=\"benefits__list\">\n\n      \n        <li class=\"text text--xl text--light text--white\"><strong>Artan m\u00fc\u015fteri g\u00fcveni:<\/strong> EU-Cert sertifikas\u0131, \u00fcr\u00fcnlerinizin veya y\u00f6netim sistemlerinizin y\u00fcksek kalite, g\u00fcvenlik ve mevzuata uygunluk standartlar\u0131n\u0131 kar\u015f\u0131lad\u0131\u011f\u0131n\u0131n teyididir. Bu, m\u00fc\u015fterilerde g\u00fcven olu\u015fturur ve pazardaki g\u00fcvenilirli\u011finizi art\u0131r\u0131r.<\/li>\n\n      \n        <li class=\"text text--xl text--light text--white\"><strong>Pazar gereksinimlerini kar\u015f\u0131lamak:<\/strong> EU-Cert sertifikas\u0131, \u00fcr\u00fcnlerinizin veya y\u00f6netim sistemlerinizin ge\u00e7erli y\u00f6netmeliklere ve gerekliliklere uygun oldu\u011funu onaylar. Bu, yasal sorunlar\u0131 \u00f6nler ve m\u00fc\u015fterileriniz i\u00e7in g\u00fcvenli\u011fi teyit eder.<\/li>\n\n      \n        <li class=\"text text--xl text--light text--white\"><strong>Rekabet g\u00fcc\u00fcn\u00fcn art\u0131r\u0131lmas\u0131:<\/strong> Sertifikal\u0131 olmak size rekabet avantaj\u0131 sa\u011flar. \u00dcr\u00fcnlerinizi veya y\u00f6netim sistemlerinizi sertifikal\u0131 ve en&nbsp;y\u00fcksek standartlara sahip olarak tan\u0131tabilirsiniz, bu&nbsp;da m\u00fc\u015fterileri \u00e7eker ve pazardaki konumunuzu g\u00fc\u00e7lendirir.<\/li>\n\n      \n        <li class=\"text text--xl text--light text--white\"><strong>Kalite ve verimlili\u011fin art\u0131r\u0131lmas\u0131:<\/strong> EU-Cert belgelendirme s\u00fcreci, kurulu\u015funuzun s\u00fcre\u00e7lerini ve uygulamalar\u0131n\u0131 analiz etmenizi ve iyile\u015ftirmenizi sa\u011flar. Bu&nbsp;size kaliteyi, verimlili\u011fi ve inovasyonu s\u00fcrekli olarak iyile\u015ftirecek ara\u00e7lar sa\u011flar.<\/li>\n\n      \n    <\/ul>\n\n  <\/div>\n\n  <div class=\"benefits__images\">\n\n    <div class=\"benefits__images__item small\">\n      <img decoding=\"async\" src=\"https:\/\/eucert.pl\/app\/uploads\/2023\/08\/ben1-992x456-c-default.webp\" alt=\"\" srcset=\"https:\/\/eucert.pl\/app\/uploads\/2023\/08\/ben1-992x456-c-default.webp 1x, https:\/\/eucert.pl\/app\/uploads\/2023\/08\/ben1-1984x912-c-default.webp 2x\" loading=\"lazy\">\n    <\/div>\n\n    <div class=\"benefits__images__item big\">\n      <img decoding=\"async\" src=\"https:\/\/eucert.pl\/app\/uploads\/2023\/08\/ben2-1824x456-c-default.webp\" alt=\"\" srcset=\"https:\/\/eucert.pl\/app\/uploads\/2023\/08\/ben2-1824x456-c-default.webp 1x, https:\/\/eucert.pl\/app\/uploads\/2023\/08\/ben2-3652x912-c-default.webp 2x\" loading=\"lazy\">\n    <\/div>\n\n  <\/div>\n<\/section>\n\n\n\n\n<section id=\"certificate-status\" class=\"certificate-status acf-block acf-block-id-block_1e8f1c5df3a1e71f416e9d4d7f10a504 \">\n  <div class=\"container\">\n\n    <div class=\"certificate-status__text\">\n      <h3 class=\"text text--s text--semibold text--uppercase text--primary500\">Ne kadar kolay oldu\u011funu g\u00f6r\u00fcn<\/h3>\n      <h2 class=\"title title--2 title--regular title--primary500\">Sertifika ge\u00e7erlili\u011fini  <strong>kontrol edin<\/strong><\/h2>\n    <\/div>\n\n    <form class=\"form certificate-status__form\" method=\"GET\">\n      <div class=\"form__item  \" >\n  <input required value=\"\" type=\"text\" name=\"cert-number\" class=\"form__input form__input--dark \" data-validate-input   placeholder=\".\">\n  <label for=\"text\" class=\"form__input-label form__input-label--dark\">\n    <span class=\"content-name content-name--dark\">\n      Sertifika numaras\u0131n\u0131 girin\n    <\/span>\n    <p class=\"form__input-label__error\"><\/p>\n  <\/label>\n<\/div>\n            \n\n            \n      <button type=\"submit\" class=\"btn btn--primary btn--m\">Kontrol et<\/button>\n    <\/form>\n\n  <\/div>\n<\/section>\n\n<section id=\"\" class=\"cta acf-block acf-block-id-block_5b668eaa84fec6a9f70a9335a2f4bead \">\n  <div class=\"cta__video\">\n    <video src=\"https:\/\/eucert.pl\/app\/uploads\/2023\/08\/video_compressed.mp4\" autoplay muted loop loading=\"lazy\"><\/video>\n  <\/div>\n  <div class=\"cta__container\">\n\n    <h2 class=\"title title--2 title--regular title--white\">Teklifimizin tamam\u0131n\u0131 ke\u015ffedin ve bug\u00fcn birlikte \u00e7al\u0131\u015fmaya ba\u015flay\u0131n! <br \/><\/h2>\n\n    \n      <a href=\"https:\/\/eucert.pl\/tr\/oferta\/\" target=\"\" class=\"btn btn--white btn--l\">Teklife git<\/a>\n\n    \n  <\/div>\n<\/section>","protected":false},"excerpt":{"rendered":"","protected":false},"author":1,"featured_media":0,"parent":0,"menu_order":0,"comment_status":"closed","ping_status":"closed","template":"","meta":{"footnotes":""},"acf":[],"yoast_head":"<!-- This site is optimized with the Yoast SEO plugin v21.3 - https:\/\/yoast.com\/wordpress\/plugins\/seo\/ -->\n<title>AB Sertifikasyonu - EU-Cert - Wspieramy Tw\u00f3j Sukces Zgodno\u015bci\u0105<\/title>\n<meta name=\"robots\" content=\"index, follow, max-snippet:-1, max-image-preview:large, max-video-preview:-1\" \/>\n<link rel=\"canonical\" href=\"https:\/\/eucert.pl\/tr\/ab-sertifikasyonu\/\" \/>\n<meta property=\"og:locale\" content=\"tr_TR\" \/>\n<meta property=\"og:type\" content=\"article\" \/>\n<meta property=\"og:title\" content=\"AB Sertifikasyonu - EU-Cert - Wspieramy Tw\u00f3j Sukces Zgodno\u015bci\u0105\" \/>\n<meta property=\"og:url\" content=\"https:\/\/eucert.pl\/tr\/ab-sertifikasyonu\/\" \/>\n<meta property=\"og:site_name\" content=\"EU-Cert - Wspieramy Tw\u00f3j Sukces Zgodno\u015bci\u0105\" \/>\n<meta property=\"article:modified_time\" content=\"2024-01-03T12:57:50+00:00\" \/>\n<meta name=\"twitter:card\" content=\"summary_large_image\" \/>\n<script type=\"application\/ld+json\" class=\"yoast-schema-graph\">{\"@context\":\"https:\/\/schema.org\",\"@graph\":[{\"@type\":\"WebPage\",\"@id\":\"https:\/\/eucert.pl\/tr\/ab-sertifikasyonu\/\",\"url\":\"https:\/\/eucert.pl\/tr\/ab-sertifikasyonu\/\",\"name\":\"AB Sertifikasyonu - EU-Cert - Wspieramy Tw\u00f3j Sukces Zgodno\u015bci\u0105\",\"isPartOf\":{\"@id\":\"https:\/\/eucert.pl\/#website\"},\"datePublished\":\"2023-08-30T06:40:59+00:00\",\"dateModified\":\"2024-01-03T12:57:50+00:00\",\"breadcrumb\":{\"@id\":\"https:\/\/eucert.pl\/tr\/ab-sertifikasyonu\/#breadcrumb\"},\"inLanguage\":\"tr-TR\",\"potentialAction\":[{\"@type\":\"ReadAction\",\"target\":[\"https:\/\/eucert.pl\/tr\/ab-sertifikasyonu\/\"]}]},{\"@type\":\"BreadcrumbList\",\"@id\":\"https:\/\/eucert.pl\/tr\/ab-sertifikasyonu\/#breadcrumb\",\"itemListElement\":[{\"@type\":\"ListItem\",\"position\":1,\"name\":\"Strona g\u0142\u00f3wna\",\"item\":\"https:\/\/eucert.pl\/tr\/\"},{\"@type\":\"ListItem\",\"position\":2,\"name\":\"AB Sertifikasyonu\"}]},{\"@type\":\"WebSite\",\"@id\":\"https:\/\/eucert.pl\/#website\",\"url\":\"https:\/\/eucert.pl\/\",\"name\":\"EU-Cert - Wspieramy Tw\u00f3j Sukces Zgodno\u015bci\u0105\",\"description\":\"\",\"potentialAction\":[{\"@type\":\"SearchAction\",\"target\":{\"@type\":\"EntryPoint\",\"urlTemplate\":\"https:\/\/eucert.pl\/?s={search_term_string}\"},\"query-input\":\"required name=search_term_string\"}],\"inLanguage\":\"tr-TR\"}]}<\/script>\n<!-- \/ Yoast SEO plugin. -->","yoast_head_json":{"title":"AB Sertifikasyonu - EU-Cert - Wspieramy Tw\u00f3j Sukces Zgodno\u015bci\u0105","robots":{"index":"index","follow":"follow","max-snippet":"max-snippet:-1","max-image-preview":"max-image-preview:large","max-video-preview":"max-video-preview:-1"},"canonical":"https:\/\/eucert.pl\/tr\/ab-sertifikasyonu\/","og_locale":"tr_TR","og_type":"article","og_title":"AB Sertifikasyonu - EU-Cert - Wspieramy Tw\u00f3j Sukces Zgodno\u015bci\u0105","og_url":"https:\/\/eucert.pl\/tr\/ab-sertifikasyonu\/","og_site_name":"EU-Cert - Wspieramy Tw\u00f3j Sukces Zgodno\u015bci\u0105","article_modified_time":"2024-01-03T12:57:50+00:00","twitter_card":"summary_large_image","schema":{"@context":"https:\/\/schema.org","@graph":[{"@type":"WebPage","@id":"https:\/\/eucert.pl\/tr\/ab-sertifikasyonu\/","url":"https:\/\/eucert.pl\/tr\/ab-sertifikasyonu\/","name":"AB Sertifikasyonu - EU-Cert - Wspieramy Tw\u00f3j Sukces Zgodno\u015bci\u0105","isPartOf":{"@id":"https:\/\/eucert.pl\/#website"},"datePublished":"2023-08-30T06:40:59+00:00","dateModified":"2024-01-03T12:57:50+00:00","breadcrumb":{"@id":"https:\/\/eucert.pl\/tr\/ab-sertifikasyonu\/#breadcrumb"},"inLanguage":"tr-TR","potentialAction":[{"@type":"ReadAction","target":["https:\/\/eucert.pl\/tr\/ab-sertifikasyonu\/"]}]},{"@type":"BreadcrumbList","@id":"https:\/\/eucert.pl\/tr\/ab-sertifikasyonu\/#breadcrumb","itemListElement":[{"@type":"ListItem","position":1,"name":"Strona g\u0142\u00f3wna","item":"https:\/\/eucert.pl\/tr\/"},{"@type":"ListItem","position":2,"name":"AB Sertifikasyonu"}]},{"@type":"WebSite","@id":"https:\/\/eucert.pl\/#website","url":"https:\/\/eucert.pl\/","name":"EU-Cert - Wspieramy Tw\u00f3j Sukces Zgodno\u015bci\u0105","description":"","potentialAction":[{"@type":"SearchAction","target":{"@type":"EntryPoint","urlTemplate":"https:\/\/eucert.pl\/?s={search_term_string}"},"query-input":"required name=search_term_string"}],"inLanguage":"tr-TR"}]}},"_links":{"self":[{"href":"https:\/\/eucert.pl\/tr\/wp-json\/wp\/v2\/pages\/3621"}],"collection":[{"href":"https:\/\/eucert.pl\/tr\/wp-json\/wp\/v2\/pages"}],"about":[{"href":"https:\/\/eucert.pl\/tr\/wp-json\/wp\/v2\/types\/page"}],"author":[{"embeddable":true,"href":"https:\/\/eucert.pl\/tr\/wp-json\/wp\/v2\/users\/1"}],"replies":[{"embeddable":true,"href":"https:\/\/eucert.pl\/tr\/wp-json\/wp\/v2\/comments?post=3621"}],"version-history":[{"count":6,"href":"https:\/\/eucert.pl\/tr\/wp-json\/wp\/v2\/pages\/3621\/revisions"}],"predecessor-version":[{"id":3739,"href":"https:\/\/eucert.pl\/tr\/wp-json\/wp\/v2\/pages\/3621\/revisions\/3739"}],"wp:attachment":[{"href":"https:\/\/eucert.pl\/tr\/wp-json\/wp\/v2\/media?parent=3621"}],"curies":[{"name":"wp","href":"https:\/\/api.w.org\/{rel}","templated":true}]}}