{"id":3618,"date":"2023-08-08T12:59:48","date_gmt":"2023-08-08T12:59:48","guid":{"rendered":"https:\/\/eucert.pl\/akreditasyonlar\/"},"modified":"2026-04-14T21:51:58","modified_gmt":"2026-04-14T21:51:58","slug":"akreditasyonlar","status":"publish","type":"page","link":"https:\/\/eucert.pl\/tr\/akreditasyonlar\/","title":{"rendered":"Akreditasyonlar"},"content":{"rendered":"<section id=\"\" class=\"heading-with-text acf-block acf-block-id-block_546b8cc87579c8fdfa8af686167bc1a8 \">\n  <div class=\"container\">\n\n          <div class=\"row\">\n\n        <div class=\"col-12 col-lg-6\">\n          <h1 class=\"title title--1 title--medium\"><strong>Akreditasyo<\/strong>nlar\u0131m\u0131z<\/h1>\n        <\/div>\n\n        <div class=\"col-12 col-lg-6\">\n          <div class=\"wysiwyg\">\n            <p>Akreditasyon sayfam\u0131za ho\u015f geldiniz. Ekibimizle ve g\u00f6sterdi\u011fimiz \u00e7abayla gurur duyuyoruz<br \/>\nEn y\u00fcksek kalitede belgelendirme ve uygunluk de\u011ferlendirme hizmetleri sa\u011flama konusunda.<\/p>\n<p>&nbsp;<\/p>\n<p>Sizlerle \u00fc\u00e7 \u00f6nemli akreditasyonumuz hakk\u0131nda bilgi payla\u015fmak istiyoruz: AC&nbsp;230, AC&nbsp;231 ve AK 042.<\/p>\n<p>&nbsp;<\/p>\n<p>Birimimiz Avrupa <a href=\"https:\/\/webgate.ec.europa.eu\/single-market-compliance-space\/#\/notified-bodies\/notifications?organizationRefeCd=NANDO_INPUT_266179&amp;filter=notificationStatusId:1\">Komisyonu&#8217;na bildirilmi\u015ftir &#8211; NB&nbsp;2984<\/a><\/p>\n<p>&nbsp;<\/p>\n          <\/div>\n        <\/div>\n\n      <\/div>\n\n    \n  <\/div>\n<\/section>\n\n<section id=\"\" class=\"two-images acf-block acf-block-id-block_698b93321a57e2a803c101190d872535 \">\n\n  <div class=\"two-images__container\">\n\n    <div class=\"two-images__container__item small\">\n      <img decoding=\"async\" src=\"https:\/\/eucert.pl\/app\/uploads\/2023\/08\/pt22-992x456-c-default.webp\" alt=\"\" srcset=\"https:\/\/eucert.pl\/app\/uploads\/2023\/08\/pt22-992x456-c-default.webp 1x, https:\/\/eucert.pl\/app\/uploads\/2023\/08\/pt22-1984x912-c-default.webp 2x\" loading=\"lazy\">\n    <\/div>\n\n    <div class=\"two-images__container__item big\">\n      <img decoding=\"async\" src=\"https:\/\/eucert.pl\/app\/uploads\/2023\/08\/pt1-1824x456-c-default.webp\" alt=\"\" srcset=\"https:\/\/eucert.pl\/app\/uploads\/2023\/08\/pt1-1824x456-c-default.webp 1x, https:\/\/eucert.pl\/app\/uploads\/2023\/08\/pt1-3652x912-c-default.webp 2x\" loading=\"lazy\">\n    <\/div>\n\n  <\/div>\n\n<\/section>\n\n\n<p><\/p>\n\n\n<section id=\"\" class=\"accreditations-slider acf-block acf-block-id-block_243b0a2abf5c21c1dc577412181c488d \">\n\n  <div class=\"container\">\n\n    <h2 class=\"text text--s text--semibold text--uppercase text--primary500 text-center\">uygunluk de\u011ferlendirmesi<\/h2>\n\n    <div class=\"accreditations-slider__content\">\n\n      <div class=\"accreditations-slider__content__navigation\">\n        <button class=\"accreditations-slider--prev\">\n          <i class=\"fa fal fa-arrow-left-long\"><\/i>\n        <\/button>\n\n        <button class=\"accreditations-slider--next\">\n          <i class=\"fa fal fa-arrow-right-long\"><\/i>\n        <\/button>\n      <\/div>\n\n      <div class=\"swiper-accreditations\">\n        <div class=\"swiper-wrapper\">\n\n          \n            <div class=\"swiper-slide\">\n              <div class=\"accreditations-slider__content__item\">\n\n                <div class=\"accreditations-slider__content__item__text\">\n                  <h2 class=\"title title--2 title--regular title--primary500 hide-mobile\">Akreditasyon No. AC&nbsp;230<\/h2>\n                  <h2 class=\"title title--2 title--regular title--primary500 hide-desktop\">Akredytacja <br \/>\r\nnr AC&nbsp;230<\/h2>\n                  <p class=\"text text--xl text--light\"><div style=\"text-align:justify\" class=\"text text--xl text--light\">AC&nbsp;230 akreditasyonu, kaynak personelinin belgelendirilmesindeki yetkinli\u011fimizin bir teyididir. EU-Cert Sp. z&nbsp;o. o., \u00dcye Devletlerin bas\u0131n\u00e7l\u0131 ekipmanlar\u0131n piyasada bulundurulmas\u0131na ili\u015fkin yasalar\u0131n\u0131n uyumla\u015ft\u0131r\u0131lmas\u0131na dair 15 May\u0131s 2014 tarihli ve 2014\/68\/EU say\u0131l\u0131 Direktif (PED) uyar\u0131nca PCA taraf\u0131ndan AC&nbsp;230 numaras\u0131 ile akredite edilmi\u015ftir.acf\/accredit     <\/div><\/p>\n                                      <a href=\"https:\/\/www.pca.gov.pl\/en\/accredited-organizations\/accredited-organizations\/persons-certification-bodies\/AC%20230,entity.html\" target=\"_blank\" class=\"btn btn--primary btn--m\">Akreditasyon kapsam\u0131<\/a>\n                                  <\/div>\n\n                <a href=\"https:\/\/eucert.pl\/app\/uploads\/2026\/04\/Certyfikat_akredytacji_AC_230_20251210-1-scaled.jpg\" data-fancybox class=\"accreditations-slider__content__item__img\">\n                  <img decoding=\"async\" src=\"https:\/\/eucert.pl\/app\/uploads\/2026\/04\/Certyfikat_akredytacji_AC_230_20251210-1-scaled-768x1056-c-default.webp\" srcset=\"https:\/\/eucert.pl\/app\/uploads\/2026\/04\/Certyfikat_akredytacji_AC_230_20251210-1-scaled-768x1056-c-default.webp 1x, https:\/\/eucert.pl\/app\/uploads\/2026\/04\/Certyfikat_akredytacji_AC_230_20251210-1-scaled-1536x2112-c-default.webp 2x\"  alt=\"\">\n                <\/a>\n\n              <\/div>\n            <\/div>\n\n          \n            <div class=\"swiper-slide\">\n              <div class=\"accreditations-slider__content__item\">\n\n                <div class=\"accreditations-slider__content__item__text\">\n                  <h2 class=\"title title--2 title--regular title--primary500 hide-mobile\">Akreditasyon No. AC&nbsp;231<\/h2>\n                  <h2 class=\"title title--2 title--regular title--primary500 hide-desktop\">Akredytacja <br \/>\r\nnr AC&nbsp;231<\/h2>\n                  <p class=\"text text--xl text--light\"><div style=\"text-align:justify\" class=\"text text--xl text--light\">AC&nbsp;231 akreditasyonu, \u00fcr\u00fcn ve s\u00fcre\u00e7 uygunluk de\u011ferlendirmesindeki yetkinli\u011fimizi teyit etmektedir. \u00dcr\u00fcnleri titizlikle inceleyecek ve standart ve y\u00f6netmeliklerin gerekliliklerine uygunluklar\u0131n\u0131 de\u011ferlendirecek bilgi ve deneyime sahibiz. AC&nbsp;231 akreditasyonu ile m\u00fc\u015fterilerimize bu&nbsp;alanda ba\u011f\u0131ms\u0131z ve g\u00fcvenilir bir uygunluk de\u011ferlendirmesi sa\u011flayabiliyoruz:<br \/>\r\n&#8211; AB Direktifleri\/Y\u00f6netmelikleri: 2014\/90\/EU, 2014\/68\/EU, 2016\/425, <br \/>\r\n&#8211; kaynak s\u00fcre\u00e7lerinin belgelendirilmesi,<br \/>\r\n&#8211; Demiryolu ara\u00e7lar\u0131 ve bile\u015fenleri i\u00e7in kaynak i\u015flemlerinin belgelendirilmesi.<\/div><\/p>\n                                      <a href=\"https:\/\/www.pca.gov.pl\/en\/accredited-organizations\/accredited-organizations\/product-certification-bodies\/AC%20231,entity.html\" target=\"_blank\" class=\"btn btn--primary btn--m\">Akreditasyon kapsam\u0131<\/a>\n                                  <\/div>\n\n                <a href=\"https:\/\/eucert.pl\/app\/uploads\/2026\/04\/Certyfikat_akredytacji_AC_231_20251210-scaled.jpg\" data-fancybox class=\"accreditations-slider__content__item__img\">\n                  <img decoding=\"async\" src=\"https:\/\/eucert.pl\/app\/uploads\/2026\/04\/Certyfikat_akredytacji_AC_231_20251210-scaled-768x1056-c-default.webp\" srcset=\"https:\/\/eucert.pl\/app\/uploads\/2026\/04\/Certyfikat_akredytacji_AC_231_20251210-scaled-768x1056-c-default.webp 1x, https:\/\/eucert.pl\/app\/uploads\/2026\/04\/Certyfikat_akredytacji_AC_231_20251210-scaled-1536x2112-c-default.webp 2x\" loading=\"lazy\" alt=\"\">\n                <\/a>\n\n              <\/div>\n            <\/div>\n\n          \n            <div class=\"swiper-slide\">\n              <div class=\"accreditations-slider__content__item\">\n\n                <div class=\"accreditations-slider__content__item__text\">\n                  <h2 class=\"title title--2 title--regular title--primary500 hide-mobile\">Akreditasyon No&nbsp;AK 042<\/h2>\n                  <h2 class=\"title title--2 title--regular title--primary500 hide-desktop\">Akredytacja <br \/>\r\nnr AK 042<\/h2>\n                  <p class=\"text text--xl text--light\"><div style=\"text-align:justify\" class=\"text text--xl text--light\">AK 042 akreditasyonu, 2014\/68\/EU say\u0131l\u0131 Direktif &#8211; Ayr\u0131lamayan ba\u011flant\u0131 i\u015fletim prosed\u00fcrlerinin onaylanmas\u0131 (WPQR) ve Mod\u00fcl A2&#8217;de uygunluk de\u011ferlendirmesi alan\u0131nda denetimler ger\u00e7ekle\u015ftirme yeterlili\u011fimizi teyit etmektedir. Denetimlerimizin verimli ve g\u00fcvenilir bir \u015fekilde y\u00fcr\u00fct\u00fclmesini sa\u011flamak i\u00e7in do\u011fru kaynaklara ve kalifiye personele sahibiz.<\/div><\/p>\n                                      <a href=\"https:\/\/www.pca.gov.pl\/en\/accredited-organizations\/accredited-organizations\/inspection-bodies\/AK%20042,entity.html\" target=\"_blank\" class=\"btn btn--primary btn--m\">Akreditasyon kapsam\u0131<\/a>\n                                  <\/div>\n\n                <a href=\"https:\/\/eucert.pl\/app\/uploads\/2026\/04\/Certyfikat_akredytacji_AK_042_20251210-scaled.jpg\" data-fancybox class=\"accreditations-slider__content__item__img\">\n                  <img decoding=\"async\" src=\"https:\/\/eucert.pl\/app\/uploads\/2026\/04\/Certyfikat_akredytacji_AK_042_20251210-scaled-768x1056-c-default.webp\" srcset=\"https:\/\/eucert.pl\/app\/uploads\/2026\/04\/Certyfikat_akredytacji_AK_042_20251210-scaled-768x1056-c-default.webp 1x, https:\/\/eucert.pl\/app\/uploads\/2026\/04\/Certyfikat_akredytacji_AK_042_20251210-scaled-1536x2112-c-default.webp 2x\" loading=\"lazy\" alt=\"\">\n                <\/a>\n\n              <\/div>\n            <\/div>\n\n          \n        <\/div>\n      <\/div>\n\n    <\/div>\n\n\n    <div class=\"swiper-accreditations-images\">\n      <div class=\"swiper-wrapper\">\n                  <a href=\"https:\/\/eucert.pl\/app\/uploads\/2026\/04\/Certyfikat_akredytacji_AC_230_20251210-1-scaled.jpg\" class=\"swiper-slide\" data-fancybox>\n            <img decoding=\"async\" src=\"https:\/\/eucert.pl\/app\/uploads\/2026\/04\/Certyfikat_akredytacji_AC_230_20251210-1-scaled-384x528-c-default.webp\" srcset=\"https:\/\/eucert.pl\/app\/uploads\/2026\/04\/Certyfikat_akredytacji_AC_230_20251210-1-scaled-384x528-c-default.webp 1x, https:\/\/eucert.pl\/app\/uploads\/2026\/04\/Certyfikat_akredytacji_AC_230_20251210-1-scaled-768x1056-c-default.webp 2x\"  alt=\"\">\n          <\/a>\n                  <a href=\"https:\/\/eucert.pl\/app\/uploads\/2026\/04\/Certyfikat_akredytacji_AC_231_20251210-scaled.jpg\" class=\"swiper-slide\" data-fancybox>\n            <img decoding=\"async\" src=\"https:\/\/eucert.pl\/app\/uploads\/2026\/04\/Certyfikat_akredytacji_AC_231_20251210-scaled-384x528-c-default.webp\" srcset=\"https:\/\/eucert.pl\/app\/uploads\/2026\/04\/Certyfikat_akredytacji_AC_231_20251210-scaled-384x528-c-default.webp 1x, https:\/\/eucert.pl\/app\/uploads\/2026\/04\/Certyfikat_akredytacji_AC_231_20251210-scaled-768x1056-c-default.webp 2x\" loading=\"lazy\" alt=\"\">\n          <\/a>\n                  <a href=\"https:\/\/eucert.pl\/app\/uploads\/2026\/04\/Certyfikat_akredytacji_AK_042_20251210-scaled.jpg\" class=\"swiper-slide\" data-fancybox>\n            <img decoding=\"async\" src=\"https:\/\/eucert.pl\/app\/uploads\/2026\/04\/Certyfikat_akredytacji_AK_042_20251210-scaled-384x528-c-default.webp\" srcset=\"https:\/\/eucert.pl\/app\/uploads\/2026\/04\/Certyfikat_akredytacji_AK_042_20251210-scaled-384x528-c-default.webp 1x, https:\/\/eucert.pl\/app\/uploads\/2026\/04\/Certyfikat_akredytacji_AK_042_20251210-scaled-768x1056-c-default.webp 2x\" loading=\"lazy\" alt=\"\">\n          <\/a>\n                          <a href=\"https:\/\/eucert.pl\/app\/uploads\/2026\/04\/Certyfikat_akredytacji_AC_230_20251210-1-scaled.jpg\" class=\"swiper-slide\" data-fancybox>\n            <img decoding=\"async\" src=\"https:\/\/eucert.pl\/app\/uploads\/2026\/04\/Certyfikat_akredytacji_AC_230_20251210-1-scaled-384x528-c-default.webp\" srcset=\"https:\/\/eucert.pl\/app\/uploads\/2026\/04\/Certyfikat_akredytacji_AC_230_20251210-1-scaled-384x528-c-default.webp 1x, https:\/\/eucert.pl\/app\/uploads\/2026\/04\/Certyfikat_akredytacji_AC_230_20251210-1-scaled-768x1056-c-default.webp 2x\"  alt=\"\">\n          <\/a>\n                  <a href=\"https:\/\/eucert.pl\/app\/uploads\/2026\/04\/Certyfikat_akredytacji_AC_231_20251210-scaled.jpg\" class=\"swiper-slide\" data-fancybox>\n            <img decoding=\"async\" src=\"https:\/\/eucert.pl\/app\/uploads\/2026\/04\/Certyfikat_akredytacji_AC_231_20251210-scaled-384x528-c-default.webp\" srcset=\"https:\/\/eucert.pl\/app\/uploads\/2026\/04\/Certyfikat_akredytacji_AC_231_20251210-scaled-384x528-c-default.webp 1x, https:\/\/eucert.pl\/app\/uploads\/2026\/04\/Certyfikat_akredytacji_AC_231_20251210-scaled-768x1056-c-default.webp 2x\" loading=\"lazy\" alt=\"\">\n          <\/a>\n                  <a href=\"https:\/\/eucert.pl\/app\/uploads\/2026\/04\/Certyfikat_akredytacji_AK_042_20251210-scaled.jpg\" class=\"swiper-slide\" data-fancybox>\n            <img decoding=\"async\" src=\"https:\/\/eucert.pl\/app\/uploads\/2026\/04\/Certyfikat_akredytacji_AK_042_20251210-scaled-384x528-c-default.webp\" srcset=\"https:\/\/eucert.pl\/app\/uploads\/2026\/04\/Certyfikat_akredytacji_AK_042_20251210-scaled-384x528-c-default.webp 1x, https:\/\/eucert.pl\/app\/uploads\/2026\/04\/Certyfikat_akredytacji_AK_042_20251210-scaled-768x1056-c-default.webp 2x\" loading=\"lazy\" alt=\"\">\n          <\/a>\n              <\/div>\n    <\/div>\n\n\n  <\/div>\n\n<\/section>\n\n\n\n<section id=\"\" class=\"heading-with-text acf-block acf-block-id-block_e49e8c84a2bc58c5a8e943198f29ea1f \">\n  <div class=\"container\">\n\n          <div class=\"row\">\n\n        <div class=\"col-12 col-lg-6\">\n          <h1 class=\"title title--1 title--medium\"><\/h1>\n        <\/div>\n\n        <div class=\"col-12 col-lg-6\">\n          <div class=\"wysiwyg\">\n            <p>AC&nbsp;231 numaral\u0131 akreditasyonun esnek kapsam\u0131 alt\u0131nda y\u00fcr\u00fct\u00fclen akredite faaliyetlerin listesi:<\/p>\n<p>&nbsp;<\/p>\n<p><a href=\"https:\/\/eucert.pl\/app\/uploads\/2025\/02\/Zal.-2_EUCERT_PR_PED_20241230_do-stosowania-na-www.pdf\">2014\/68\/EU say\u0131l\u0131 Direktif <\/a><\/p>\n<p><a href=\"https:\/\/eucert.pl\/app\/uploads\/2025\/02\/Zal-1-EUCERT-PR-MED-Lista-dzialan-prowadzonych-w-obszarze-Dyrektywy-MED_20241007_do-stosowania_www.pdf\">2014\/90\/UE say\u0131l\u0131 Direktif<\/a><\/p>\n<p><a href=\"https:\/\/eucert.pl\/app\/uploads\/2025\/07\/zal.4_PR_PPER-Lista-dzialan-elastyczny_20250708_ed.-14_czarny-na-strone-www.pdf\">2016\/425 say\u0131l\u0131 T\u00fcz\u00fck (AB)<\/a><\/p>\n          <\/div>\n        <\/div>\n\n      <\/div>\n\n    \n  <\/div>\n<\/section>\n\n\n<figure class=\"wp-block-gallery-custom\" style=\"margin:0;\">\n  <div class=\"img-grid\">\n\n    <div class=\"img-item\">\n      <img decoding=\"async\" src=\"https:\/\/eucert.pl\/app\/uploads\/2026\/04\/zal_1_KSZ-Polityka-dot-wyrobow-procesow-i-inspekcji_20250617-ed.5.pdf.png\"\n           alt=\"\"\n           onclick=\"document.getElementById('wpModal').style.display='flex';document.getElementById('wpModalImg').src=this.src;\">\n    <\/div>\n\n    <div class=\"img-item\">\n      <img decoding=\"async\" src=\"https:\/\/eucert.pl\/app\/uploads\/2026\/04\/zal_2_KSZ-Polityka-dot-zatwierdzania-personelu-list_20250617.pdf.png\"\n           alt=\"\"\n           onclick=\"document.getElementById('wpModal').style.display='flex';document.getElementById('wpModalImg').src=this.src;\">\n    <\/div>\n\n    <div class=\"img-item\">\n      <img decoding=\"async\" src=\"https:\/\/eucert.pl\/app\/uploads\/2026\/04\/zal_4_KSZ-Polityka-dot-ocen-zagranicznych_20240612-ed.2.pdf.png\"\n           alt=\"\"\n           onclick=\"document.getElementById('wpModal').style.display='flex';document.getElementById('wpModalImg').src=this.src;\">\n    <\/div>\n\n    <div class=\"img-item\">\n      <img decoding=\"async\" src=\"https:\/\/eucert.pl\/app\/uploads\/2026\/04\/zal_5_KSZ-Polityka-laboratorium-ISO-17025_20250618.pdf.png\"\n           alt=\"\"\n           onclick=\"document.getElementById('wpModal').style.display='flex';document.getElementById('wpModalImg').src=this.src;\">\n    <\/div>\n\n  <\/div>\n<\/figure>\n\n<style>\n  .img-grid {\n    display: grid;\n    grid-template-columns: repeat(4, minmax(0, 1fr));\n    gap: 20px;\n    align-items: start;\n    width: 100%;\n  }\n\n  .img-item {\n    display: flex;\n    justify-content: center;\n    align-items: center;\n  }\n\n  .img-item img {\n    display: block;\n    width: 100%;\n    max-width: 400px;\n    height: auto;\n    cursor: pointer;\n    margin: 0 auto;\n  }\n\n  \/* \u5e73\u677f *\/\n  @media (max-width: 1024px) {\n    .img-grid {\n      grid-template-columns: repeat(2, minmax(0, 1fr));\n    }\n  }\n\n  \/* \u624b\u673a *\/\n  @media (max-width: 640px) {\n    .img-grid {\n      grid-template-columns: 1fr;\n      gap: 16px;\n    }\n\n    .img-item img {\n      max-width: 100%;\n    }\n  }\n<\/style>\n\n<div id=\"wpModal\"\n     onclick=\"this.style.display='none';document.getElementById('wpModalImg').src='';document.body.style.overflow='';\"\n     style=\"\n       display:none;\n       position:fixed;\n       z-index:99999;\n       left:0;\n       top:0;\n       width:100%;\n       height:100%;\n       background:rgba(0,0,0,0.9);\n       justify-content:center;\n       align-items:center;\n       padding:20px;\n       box-sizing:border-box;\n     \">\n\n  <span onclick=\"document.getElementById('wpModal').style.display='none';document.getElementById('wpModalImg').src='';document.body.style.overflow='';event.stopPropagation();\"\n        style=\"\n          position:absolute;\n          top:20px;\n          right:30px;\n          color:#fff;\n          font-size:42px;\n          cursor:pointer;\n          line-height:1;\n        \">\n    \u00d7\n  <\/span>\n\n  <img id=\"wpModalImg\"\n       onclick=\"event.stopPropagation();\"\n       style=\"\n         display:block;\n         max-width:95%;\n         max-height:95%;\n         width:auto;\n         height:auto;\n         margin:auto;\n       \">\n<\/div>\n\n\n<section id=\"\" class=\"cta acf-block acf-block-id-block_0f5f0054e108ba839309bf9708427772 \">\n  <div class=\"cta__video\">\n    <video src=\"https:\/\/eucert.pl\/app\/uploads\/2023\/08\/video_compressed.mp4\" autoplay muted loop loading=\"lazy\"><\/video>\n  <\/div>\n  <div class=\"cta__container\">\n\n    <h2 class=\"title title--2 title--regular title--white\">\u0130lgileniyor musunuz?<br \/>\r\nBeklemeyin ve bizimle ileti\u015fime ge\u00e7in!<\/h2>\n\n    \n      <a href=\"https:\/\/eucert.pl\/tr\/iletisim\/#contact_form\" target=\"\" class=\"btn btn--white btn--l\">\u0130leti\u015fim formu<\/a>\n\n    \n  <\/div>\n<\/section>","protected":false},"excerpt":{"rendered":"<p>\u00d7<\/p>\n","protected":false},"author":1,"featured_media":0,"parent":0,"menu_order":0,"comment_status":"closed","ping_status":"closed","template":"","meta":{"footnotes":""},"acf":[],"yoast_head":"<!-- This site is optimized with the Yoast SEO plugin v21.3 - https:\/\/yoast.com\/wordpress\/plugins\/seo\/ -->\n<title>Akreditasyonlar - EU-Cert - Wspieramy Tw\u00f3j Sukces Zgodno\u015bci\u0105<\/title>\n<meta name=\"robots\" content=\"index, follow, max-snippet:-1, max-image-preview:large, max-video-preview:-1\" \/>\n<link rel=\"canonical\" href=\"https:\/\/eucert.pl\/tr\/akreditasyonlar\/\" \/>\n<meta property=\"og:locale\" content=\"tr_TR\" \/>\n<meta property=\"og:type\" content=\"article\" \/>\n<meta property=\"og:title\" content=\"Akreditasyonlar - EU-Cert - Wspieramy Tw\u00f3j Sukces Zgodno\u015bci\u0105\" \/>\n<meta property=\"og:description\" content=\"\u00d7\" \/>\n<meta property=\"og:url\" content=\"https:\/\/eucert.pl\/tr\/akreditasyonlar\/\" \/>\n<meta property=\"og:site_name\" content=\"EU-Cert - Wspieramy Tw\u00f3j Sukces Zgodno\u015bci\u0105\" \/>\n<meta property=\"article:modified_time\" content=\"2026-04-14T21:51:58+00:00\" \/>\n<meta property=\"og:image\" content=\"https:\/\/eucert.pl\/app\/uploads\/2026\/04\/zal_1_KSZ-Polityka-dot-wyrobow-procesow-i-inspekcji_20250617-ed.5.pdf.png\" \/>\n<meta name=\"twitter:card\" content=\"summary_large_image\" \/>\n<meta name=\"twitter:label1\" content=\"Est. reading time\" \/>\n\t<meta name=\"twitter:data1\" content=\"1 minute\" \/>\n<script type=\"application\/ld+json\" class=\"yoast-schema-graph\">{\"@context\":\"https:\/\/schema.org\",\"@graph\":[{\"@type\":\"WebPage\",\"@id\":\"https:\/\/eucert.pl\/tr\/akreditasyonlar\/\",\"url\":\"https:\/\/eucert.pl\/tr\/akreditasyonlar\/\",\"name\":\"Akreditasyonlar - EU-Cert - Wspieramy Tw\u00f3j Sukces Zgodno\u015bci\u0105\",\"isPartOf\":{\"@id\":\"https:\/\/eucert.pl\/#website\"},\"datePublished\":\"2023-08-08T12:59:48+00:00\",\"dateModified\":\"2026-04-14T21:51:58+00:00\",\"breadcrumb\":{\"@id\":\"https:\/\/eucert.pl\/tr\/akreditasyonlar\/#breadcrumb\"},\"inLanguage\":\"tr-TR\",\"potentialAction\":[{\"@type\":\"ReadAction\",\"target\":[\"https:\/\/eucert.pl\/tr\/akreditasyonlar\/\"]}]},{\"@type\":\"BreadcrumbList\",\"@id\":\"https:\/\/eucert.pl\/tr\/akreditasyonlar\/#breadcrumb\",\"itemListElement\":[{\"@type\":\"ListItem\",\"position\":1,\"name\":\"Strona g\u0142\u00f3wna\",\"item\":\"https:\/\/eucert.pl\/tr\/\"},{\"@type\":\"ListItem\",\"position\":2,\"name\":\"Akreditasyonlar\"}]},{\"@type\":\"WebSite\",\"@id\":\"https:\/\/eucert.pl\/#website\",\"url\":\"https:\/\/eucert.pl\/\",\"name\":\"EU-Cert - Wspieramy Tw\u00f3j Sukces Zgodno\u015bci\u0105\",\"description\":\"\",\"potentialAction\":[{\"@type\":\"SearchAction\",\"target\":{\"@type\":\"EntryPoint\",\"urlTemplate\":\"https:\/\/eucert.pl\/?s={search_term_string}\"},\"query-input\":\"required name=search_term_string\"}],\"inLanguage\":\"tr-TR\"}]}<\/script>\n<!-- \/ Yoast SEO plugin. -->","yoast_head_json":{"title":"Akreditasyonlar - EU-Cert - Wspieramy Tw\u00f3j Sukces Zgodno\u015bci\u0105","robots":{"index":"index","follow":"follow","max-snippet":"max-snippet:-1","max-image-preview":"max-image-preview:large","max-video-preview":"max-video-preview:-1"},"canonical":"https:\/\/eucert.pl\/tr\/akreditasyonlar\/","og_locale":"tr_TR","og_type":"article","og_title":"Akreditasyonlar - EU-Cert - Wspieramy Tw\u00f3j Sukces Zgodno\u015bci\u0105","og_description":"\u00d7","og_url":"https:\/\/eucert.pl\/tr\/akreditasyonlar\/","og_site_name":"EU-Cert - Wspieramy Tw\u00f3j Sukces Zgodno\u015bci\u0105","article_modified_time":"2026-04-14T21:51:58+00:00","og_image":[{"url":"https:\/\/eucert.pl\/app\/uploads\/2026\/04\/zal_1_KSZ-Polityka-dot-wyrobow-procesow-i-inspekcji_20250617-ed.5.pdf.png"}],"twitter_card":"summary_large_image","twitter_misc":{"Est. reading time":"1 minute"},"schema":{"@context":"https:\/\/schema.org","@graph":[{"@type":"WebPage","@id":"https:\/\/eucert.pl\/tr\/akreditasyonlar\/","url":"https:\/\/eucert.pl\/tr\/akreditasyonlar\/","name":"Akreditasyonlar - EU-Cert - Wspieramy Tw\u00f3j Sukces Zgodno\u015bci\u0105","isPartOf":{"@id":"https:\/\/eucert.pl\/#website"},"datePublished":"2023-08-08T12:59:48+00:00","dateModified":"2026-04-14T21:51:58+00:00","breadcrumb":{"@id":"https:\/\/eucert.pl\/tr\/akreditasyonlar\/#breadcrumb"},"inLanguage":"tr-TR","potentialAction":[{"@type":"ReadAction","target":["https:\/\/eucert.pl\/tr\/akreditasyonlar\/"]}]},{"@type":"BreadcrumbList","@id":"https:\/\/eucert.pl\/tr\/akreditasyonlar\/#breadcrumb","itemListElement":[{"@type":"ListItem","position":1,"name":"Strona g\u0142\u00f3wna","item":"https:\/\/eucert.pl\/tr\/"},{"@type":"ListItem","position":2,"name":"Akreditasyonlar"}]},{"@type":"WebSite","@id":"https:\/\/eucert.pl\/#website","url":"https:\/\/eucert.pl\/","name":"EU-Cert - Wspieramy Tw\u00f3j Sukces Zgodno\u015bci\u0105","description":"","potentialAction":[{"@type":"SearchAction","target":{"@type":"EntryPoint","urlTemplate":"https:\/\/eucert.pl\/?s={search_term_string}"},"query-input":"required name=search_term_string"}],"inLanguage":"tr-TR"}]}},"_links":{"self":[{"href":"https:\/\/eucert.pl\/tr\/wp-json\/wp\/v2\/pages\/3618"}],"collection":[{"href":"https:\/\/eucert.pl\/tr\/wp-json\/wp\/v2\/pages"}],"about":[{"href":"https:\/\/eucert.pl\/tr\/wp-json\/wp\/v2\/types\/page"}],"author":[{"embeddable":true,"href":"https:\/\/eucert.pl\/tr\/wp-json\/wp\/v2\/users\/1"}],"replies":[{"embeddable":true,"href":"https:\/\/eucert.pl\/tr\/wp-json\/wp\/v2\/comments?post=3618"}],"version-history":[{"count":3,"href":"https:\/\/eucert.pl\/tr\/wp-json\/wp\/v2\/pages\/3618\/revisions"}],"predecessor-version":[{"id":5279,"href":"https:\/\/eucert.pl\/tr\/wp-json\/wp\/v2\/pages\/3618\/revisions\/5279"}],"wp:attachment":[{"href":"https:\/\/eucert.pl\/tr\/wp-json\/wp\/v2\/media?parent=3618"}],"curies":[{"name":"wp","href":"https:\/\/api.w.org\/{rel}","templated":true}]}}