{"id":2661,"date":"2023-10-13T11:19:58","date_gmt":"2023-10-13T11:19:58","guid":{"rendered":"https:\/\/eucert.pl\/privacy-policy\/"},"modified":"2023-10-25T12:52:25","modified_gmt":"2023-10-25T12:52:25","slug":"privacy-policy-2","status":"publish","type":"page","link":"https:\/\/eucert.pl\/en\/privacy-policy-2\/","title":{"rendered":"Privacy Policy"},"content":{"rendered":"\n<p><\/p>\n<section id=\"\" class=\"text-block text-block--smaller-heading  acf-block acf-block-id-block_f420ee546eb1564f63cac9d99c7bceea \">\n\n  <div class=\"container\">\n    <h1 class=\"title title--1 title--medium title--primary500\">Privacy Policy<\/h1>\n\n    <div class=\"wysiwyg\">\n      <p>u003colu003ern tu003cliu003eFor the Owner of this website, the protection of Users&#8217; personal data is a&nbsp;matter of the utmost importance. We&nbsp;make tremendous efforts to&nbsp;ensure that Users feel secure when entrusting their personal data while using the website. A&nbsp;User is an individual, legal entity, or&nbsp;an organizational entity without legal personality, granted legal capacity by&nbsp;law, utilizing electronic services available on&nbsp;the website. This privacy policy explains the principles and scope of processing User&#8217;s personal data, the rights accorded to&nbsp;them, as&nbsp;well as&nbsp;the responsibilities of the data controller, and also provides information about the use of cookies. The Administrator employs state-of-the-art technical means and organizational solutions to&nbsp;ensure a&nbsp;high level of protection for the processed personal data and to&nbsp;safeguard against unauthorized access. In&nbsp;accordance with Article 13, paragraphs 1 and 2 of the General Data Protection Regulation of April 27, 2016, we&nbsp;hereby inform you that: I. PERSONAL DATA ADMINISTRATOR The administrator of personal data is EU-Cert Sp. z&nbsp;o.o. with its registered office at&nbsp;12\/U6 Karola Szymanowskiego Street in&nbsp;Gda\u0144sk (80-280), registered in&nbsp;the entrepreneurs&#8217; register maintained by&nbsp;the Gda\u0144sk &#8211; P\u00f3\u0142noc District Court in&nbsp;Gda\u0144sk, VIII Economic Department of the National Court Register, under the KRS number: 0000980050, NIP: 5851497842 (hereinafter referred to&nbsp;as&nbsp;the &#8220;Owner&#8221;). II. PURPOSE OF PROCESSING PERSONAL DATA The Administrator processes the User&#8217;s personal data for the purpose of: providing services or&nbsp;conducting marketing\/commercial communication via electronic means of communication (in&nbsp;particular, email, telephone calls, SMS, MMS), in&nbsp;compliance with the provisions of the Telecommunications Law, Electronic Services Act, or&nbsp;other regulations governing this purpose and methods of implementation. The User may also provide consent to&nbsp;receive information about updates, which will also result in&nbsp;the Administrator processing personal data to&nbsp;send the User commercial information about new services. Personal data is also processed as&nbsp;part of fulfilling legal obligations incumbent upon the data controller and performing tasks in&nbsp;the public interest, including, but not limited to, tasks related to&nbsp;security and defense, or&nbsp;tax document retention. Personal data may also be&nbsp;processed for the purpose of direct marketing of products, securing and pursuing claims, protection against User or&nbsp;third-party claims, as&nbsp;well as&nbsp;marketing third-party services and products or&nbsp;proprietary marketing, which is not direct marketing. III. TYPES OF DATA The Administrator processes the following personal data, the provision of which is necessary for: a. Registering on&nbsp;the website: Name and surname; Email address; b.&nbsp;Providing services: Name and surname; Address; Phone number; Email address; c. Optional data provided by&nbsp;the User: Date of birth; PESEL number; Tax Identification Number (in&nbsp;case of requesting an invoice for a&nbsp;business entity). IV. LEGAL BASIS FOR PROCESSING PERSONAL DATA Personal data is processed in&nbsp;accordance with the provisions of the Regulation (EU) 2016\/679 of the European Parliament and of the Council of April 27, 2016, on&nbsp;the protection of natural persons concerning the processing of personal data and on&nbsp;the free movement of such data, and repealing Directive 95\/46\/EC (General Data Protection Regulation), OJ&nbsp;L 119, 4.05.2016, p.&nbsp;1-88, hereinafter referred to&nbsp;as&nbsp;the &#8220;GDPR.&#8221; The Administrator processes personal data only after obtaining the User&#8217;s consent. Giving consent to&nbsp;the processing of personal data is entirely voluntary. V. USER RIGHTS The User may request information from the Administrator at&nbsp;any time regarding the extent of personal data processing. The User may request correction or&nbsp;rectification of their personal data at&nbsp;any time. The User may withdraw their consent for the processing of their personal data at&nbsp;any time, without specifying a&nbsp;reason. The request not to&nbsp;process data can concern a&nbsp;specific purpose of processing specified by&nbsp;the User, such as&nbsp;withdrawing consent to&nbsp;receive commercial information, or&nbsp;it can apply to&nbsp;all data processing purposes. Withdrawal of consent for all processing purposes will result in&nbsp;the deletion of the User&#8217;s account from the website, along with all personal data previously processed by&nbsp;the Administrator. Withdrawal of consent will not affect past activities. The User may request, without specifying a&nbsp;reason, for the Administrator to&nbsp;delete their data at&nbsp;any time. The request for data deletion will not affect past activities. Deleting data will simultaneously mean deleting the User&#8217;s account, along with all personal data previously stored and processed by&nbsp;the Administrator. The User may express an objection to&nbsp;the processing of personal data, both in&nbsp;relation to&nbsp;all personal data processed by&nbsp;the Administrator and only in&nbsp;a&nbsp;limited scope, for example, for processing data for a&nbsp;specific purpose specified by&nbsp;the User. The objection will not affect past activities. Raising an objection will result in&nbsp;the deletion of the User&#8217;s account, along with all personal data previously stored and processed by&nbsp;the Administrator. The User may request a&nbsp;limitation of the processing of their personal data, either for a&nbsp;specified period or&nbsp;without a&nbsp;time limit, but in&nbsp;a&nbsp;specified scope, which the Administrator will be&nbsp;obliged to&nbsp;fulfill. The User may request the Administrator to&nbsp;transfer the processed personal data to&nbsp;another entity. To&nbsp;do&nbsp;so, the User should submit a&nbsp;request to&nbsp;the Administrator, specifying the entity (name, address) to&nbsp;which the User wishes the Administrator to&nbsp;transfer their personal data. After the User confirms their request, the Administrator will electronically transfer the User&#8217;s personal data to&nbsp;the designated entity. Confirmation by&nbsp;the User is required to&nbsp;ensure the security of their personal data and to&nbsp;verify that the request comes from an authorized person. The Administrator will inform the User about the actions taken, no.u003c\/liu003ernu003c\/olu003e<\/p>\n    <\/div>\n  <\/div>\n\n<\/section>","protected":false},"excerpt":{"rendered":"","protected":false},"author":1,"featured_media":0,"parent":0,"menu_order":0,"comment_status":"closed","ping_status":"open","template":"","meta":{"footnotes":""},"acf":[],"yoast_head":"<!-- This site is optimized with the Yoast SEO plugin v21.3 - https:\/\/yoast.com\/wordpress\/plugins\/seo\/ -->\n<title>Privacy Policy - EU-Cert - We Support Your Success with Compliance<\/title>\n<meta name=\"robots\" content=\"index, follow, max-snippet:-1, max-image-preview:large, max-video-preview:-1\" \/>\n<link rel=\"canonical\" href=\"https:\/\/eucert.pl\/privacy-policy-2\/?lang=en\" \/>\n<meta property=\"og:locale\" content=\"en_US\" \/>\n<meta property=\"og:type\" content=\"article\" \/>\n<meta property=\"og:title\" content=\"Privacy Policy - EU-Cert - We Support Your Success with Compliance\" \/>\n<meta property=\"og:url\" content=\"https:\/\/eucert.pl\/privacy-policy-2\/?lang=en\" \/>\n<meta property=\"og:site_name\" content=\"EU-Cert - We Support Your Success with Compliance\" \/>\n<meta property=\"article:modified_time\" content=\"2023-10-25T12:52:25+00:00\" \/>\n<meta name=\"twitter:card\" content=\"summary_large_image\" \/>\n<script type=\"application\/ld+json\" class=\"yoast-schema-graph\">{\"@context\":\"https:\/\/schema.org\",\"@graph\":[{\"@type\":\"WebPage\",\"@id\":\"https:\/\/eucert.pl\/privacy-policy-2\/?lang=en\",\"url\":\"https:\/\/eucert.pl\/privacy-policy-2\/?lang=en\",\"name\":\"Privacy Policy - EU-Cert - We Support Your Success with Compliance\",\"isPartOf\":{\"@id\":\"https:\/\/eucert.pl\/#website\"},\"datePublished\":\"2023-10-13T11:19:58+00:00\",\"dateModified\":\"2023-10-25T12:52:25+00:00\",\"breadcrumb\":{\"@id\":\"https:\/\/eucert.pl\/privacy-policy-2\/?lang=en#breadcrumb\"},\"inLanguage\":\"en-US\",\"potentialAction\":[{\"@type\":\"ReadAction\",\"target\":[\"https:\/\/eucert.pl\/privacy-policy-2\/?lang=en\"]}]},{\"@type\":\"BreadcrumbList\",\"@id\":\"https:\/\/eucert.pl\/privacy-policy-2\/?lang=en#breadcrumb\",\"itemListElement\":[{\"@type\":\"ListItem\",\"position\":1,\"name\":\"Strona g\u0142\u00f3wna\",\"item\":\"https:\/\/eucert.pl\/en\/\"},{\"@type\":\"ListItem\",\"position\":2,\"name\":\"Privacy Policy\"}]},{\"@type\":\"WebSite\",\"@id\":\"https:\/\/eucert.pl\/#website\",\"url\":\"https:\/\/eucert.pl\/\",\"name\":\"EU-Cert - We Support Your Success with Compliance\",\"description\":\"\",\"potentialAction\":[{\"@type\":\"SearchAction\",\"target\":{\"@type\":\"EntryPoint\",\"urlTemplate\":\"https:\/\/eucert.pl\/?s={search_term_string}\"},\"query-input\":\"required name=search_term_string\"}],\"inLanguage\":\"en-US\"}]}<\/script>\n<!-- \/ Yoast SEO plugin. -->","yoast_head_json":{"title":"Privacy Policy - EU-Cert - We Support Your Success with Compliance","robots":{"index":"index","follow":"follow","max-snippet":"max-snippet:-1","max-image-preview":"max-image-preview:large","max-video-preview":"max-video-preview:-1"},"canonical":"https:\/\/eucert.pl\/privacy-policy-2\/?lang=en","og_locale":"en_US","og_type":"article","og_title":"Privacy Policy - EU-Cert - We Support Your Success with Compliance","og_url":"https:\/\/eucert.pl\/privacy-policy-2\/?lang=en","og_site_name":"EU-Cert - We Support Your Success with Compliance","article_modified_time":"2023-10-25T12:52:25+00:00","twitter_card":"summary_large_image","schema":{"@context":"https:\/\/schema.org","@graph":[{"@type":"WebPage","@id":"https:\/\/eucert.pl\/privacy-policy-2\/?lang=en","url":"https:\/\/eucert.pl\/privacy-policy-2\/?lang=en","name":"Privacy Policy - EU-Cert - We Support Your Success with Compliance","isPartOf":{"@id":"https:\/\/eucert.pl\/#website"},"datePublished":"2023-10-13T11:19:58+00:00","dateModified":"2023-10-25T12:52:25+00:00","breadcrumb":{"@id":"https:\/\/eucert.pl\/privacy-policy-2\/?lang=en#breadcrumb"},"inLanguage":"en-US","potentialAction":[{"@type":"ReadAction","target":["https:\/\/eucert.pl\/privacy-policy-2\/?lang=en"]}]},{"@type":"BreadcrumbList","@id":"https:\/\/eucert.pl\/privacy-policy-2\/?lang=en#breadcrumb","itemListElement":[{"@type":"ListItem","position":1,"name":"Strona g\u0142\u00f3wna","item":"https:\/\/eucert.pl\/en\/"},{"@type":"ListItem","position":2,"name":"Privacy Policy"}]},{"@type":"WebSite","@id":"https:\/\/eucert.pl\/#website","url":"https:\/\/eucert.pl\/","name":"EU-Cert - We Support Your Success with Compliance","description":"","potentialAction":[{"@type":"SearchAction","target":{"@type":"EntryPoint","urlTemplate":"https:\/\/eucert.pl\/?s={search_term_string}"},"query-input":"required name=search_term_string"}],"inLanguage":"en-US"}]}},"_links":{"self":[{"href":"https:\/\/eucert.pl\/en\/wp-json\/wp\/v2\/pages\/2661"}],"collection":[{"href":"https:\/\/eucert.pl\/en\/wp-json\/wp\/v2\/pages"}],"about":[{"href":"https:\/\/eucert.pl\/en\/wp-json\/wp\/v2\/types\/page"}],"author":[{"embeddable":true,"href":"https:\/\/eucert.pl\/en\/wp-json\/wp\/v2\/users\/1"}],"replies":[{"embeddable":true,"href":"https:\/\/eucert.pl\/en\/wp-json\/wp\/v2\/comments?post=2661"}],"version-history":[{"count":7,"href":"https:\/\/eucert.pl\/en\/wp-json\/wp\/v2\/pages\/2661\/revisions"}],"predecessor-version":[{"id":2758,"href":"https:\/\/eucert.pl\/en\/wp-json\/wp\/v2\/pages\/2661\/revisions\/2758"}],"wp:attachment":[{"href":"https:\/\/eucert.pl\/en\/wp-json\/wp\/v2\/media?parent=2661"}],"curies":[{"name":"wp","href":"https:\/\/api.w.org\/{rel}","templated":true}]}}