{"id":2657,"date":"2023-07-07T07:14:36","date_gmt":"2023-07-07T07:14:36","guid":{"rendered":"https:\/\/eucert.pl\/privacy-policy\/"},"modified":"2023-10-25T12:52:02","modified_gmt":"2023-10-25T12:52:02","slug":"privacy-policy","status":"publish","type":"page","link":"https:\/\/eucert.pl\/en\/privacy-policy\/","title":{"rendered":"Privacy Policy"},"content":{"rendered":"\n<p><\/p>\n<section id=\"\" class=\"text-block text-block--smaller-heading  acf-block acf-block-id-block_1cb4bea0fb4303ac1a5fa50b1b072b7b \">\n\n  <div class=\"container\">\n    <h1 class=\"title title--1 title--medium title--primary500\">Privacy Policy<\/h1>\n\n    <div class=\"wysiwyg\">\n      <ol>\n<li>For the owner of this website, the protection of user&#8217;s personal data is of the utmost importance. We&nbsp;make every effort to&nbsp;ensure that users feel safe when entrusting their personal information while using the website.<\/li>\n<li>A&nbsp;user is a&nbsp;natural person, legal entity, or&nbsp;an organizational unit without legal personality, to&nbsp;whom the law grants legal capacity, utilizing electronic services available through the website.<\/li>\n<li>This privacy policy explains the principles and scope of processing the user&#8217;s personal data, their rights, as&nbsp;well as&nbsp;the responsibilities of the data controller, and provides information about the use of cookies.<\/li>\n<li>The administrator employs state-of-the-art technical means and organizational solutions to&nbsp;ensure a&nbsp;high level of protection for processed personal data and to&nbsp;safeguard against unauthorized access. In&nbsp;accordance with Article 13, paragraphs 1 and 2, of the General Data Protection Regulation of April 27, 2016, we&nbsp;inform you that:<\/li>\n<\/ol>\n<h5><\/h5>\n<p>&nbsp;<\/p>\n<p>&nbsp;<\/p>\n<h5>I. PERSONAL DATA CONTROLLER<\/h5>\n<p>&nbsp;<\/p>\n<p>The personal data administrator is EU-Cert Sp. with its registered office at&nbsp;ul.&nbsp;Karol Szymanowski 12\/U6 in&nbsp;Gda\u0144sk (80-280), registered in&nbsp;the business register maintained by&nbsp;the District Court Gda\u0144sk &#8211; North in&nbsp;Gda\u0144sk, VIII Economic Department of the National Court Register, under the KRS number: 0000980050, NIP: 5851497842 (hereinafter referred to&nbsp;as&nbsp;the &#8220;Owner&#8221;).<\/p>\n<h5><\/h5>\n<h5><\/h5>\n<p>&nbsp;<\/p>\n<p>&nbsp;<\/p>\n<h5>II. PURPOSE OF PROCESSING PERSONAL DATA<\/h5>\n<p>&nbsp;<\/p>\n<ol>\n<li>The administrator processes the user&#8217;s personal data for the purpose of providing services or&nbsp;conducting marketing\/commercial communication via electronic means of communication (in&nbsp;particular, email, telephone calls, SMS, MMS), in&nbsp;accordance with the provisions of the Telecommunications Law and the Act on&nbsp;the Provision of Electronic Services, or&nbsp;other regulations governing this purpose and the methods of its implementation.<\/li>\n<li>The user can also provide consent to&nbsp;receive information about news, which will result in&nbsp;the administrator processing personal data for the purpose of sending the user commercial information, including, among other things:<\/li>\n<li>Personal data is also processed in&nbsp;order to&nbsp;fulfill legal obligations imposed on&nbsp;the data controller and to&nbsp;carry out tasks in&nbsp;the public interest, including but not limited to: performing tasks related to&nbsp;security and defense or&nbsp;storing tax documentation.<\/li>\n<li>Personal data may also be&nbsp;processed for the purposes of direct marketing of products, securing and pursuing claims, protecting against claims of the user or&nbsp;third parties, as&nbsp;well as&nbsp;marketing the services and products of third parties or&nbsp;self-marketing, not constituting direct marketing.<\/li>\n<\/ol>\n<h5><\/h5>\n<h5><\/h5>\n<p>&nbsp;<\/p>\n<p>&nbsp;<\/p>\n<h5>III. TYPE OF DATA<\/h5>\n<p>&nbsp;<\/p>\n<ol>\n<li>The administrator processes the following personal data, the provision of which is necessary for:<\/li>\n<\/ol>\n<p>1.a. Registering on&nbsp;the website:<\/p>\n<p>First and last name;<\/p>\n<p>Email address;<\/p>\n<p>&nbsp;<\/p>\n<p>1.b. Providing services;<\/p>\n<p>First and last name;<\/p>\n<p>Address;<\/p>\n<p>Phone number;<\/p>\n<p>Email address;<\/p>\n<p>&nbsp;<\/p>\n<p>1.c. Data provided by&nbsp;the user on&nbsp;an optional basis:<\/p>\n<p>Date of birth;<\/p>\n<p>Personal Identification Number (PESEL);<\/p>\n<p>Tax Identification Number (NIP) (in&nbsp;case of requesting an invoice for a&nbsp;business entity).<\/p>\n<p>&nbsp;<\/p>\n<p>&nbsp;<\/p>\n<p>&nbsp;<\/p>\n<h5>IV. LEGAL BASIS FOR PROCESSING PERSONAL DATA<\/h5>\n<p>&nbsp;<\/p>\n<ol>\n<li>Personal data is processed in&nbsp;accordance with the provisions of Regulation (EU) 2016\/679 of the European Parliament and of the Council of April 27, 2016. on&nbsp;the protection of individuals concerning the processing of personal data and on&nbsp;the free movement of such data, and repealing Directive 95\/46\/EC (General Data Protection Regulation), OJ&nbsp;L 119, 4.05.2016, p.&nbsp;1-88, hereinafter referred to&nbsp;as&nbsp;the &#8220;GDPR Regulation.&#8221;<\/li>\n<li>The administrator processes personal data only after obtaining the prior consent of the user.<\/li>\n<li>Giving consent for the processing of personal data is entirely voluntary.<\/li>\n<\/ol>\n<h5><\/h5>\n<h5><\/h5>\n<p>&nbsp;<\/p>\n<p>&nbsp;<\/p>\n<h5>V. RIGHTS OF THE USER<\/h5>\n<p>&nbsp;<\/p>\n<ol>\n<li>The user can request information from the administrator about the scope of personal data processing at&nbsp;any time.<\/li>\n<li>The user can request correction or&nbsp;rectification of their personal data at&nbsp;any time.<\/li>\n<li>The user can withdraw their consent for the processing of their personal data at&nbsp;any time without providing a&nbsp;reason. The request to&nbsp;stop processing data can pertain to&nbsp;a&nbsp;specific purpose indicated by&nbsp;the user, for example, withdrawing consent to&nbsp;receive commercial information, or&nbsp;it can pertain to&nbsp;all purposes of data processing. Withdrawing consent for all processing purposes will result in&nbsp;the user&#8217;s account being deleted from the website, along with all personal data previously processed by&nbsp;the administrator. Withdrawing consent will not affect actions that have already been carried out.<\/li>\n<li>The user can request, at&nbsp;any time and without providing a&nbsp;reason, for the administrator to&nbsp;delete their data. A&nbsp;request for data deletion will not affect actions that have already been carried out. Deleting data means the simultaneous removal of the user&#8217;s account, along with all personal data previously stored and processed by&nbsp;the administrator.<\/li>\n<li>The user can object to&nbsp;the processing of personal data at&nbsp;any time, both in&nbsp;relation to&nbsp;all of their personal data processed by&nbsp;the administrator and in&nbsp;a&nbsp;limited scope, for example, regarding the processing of data for a&nbsp;specific purpose. Objection will not affect actions that have already been carried out. Raising an objection will result in&nbsp;the deletion of the user&#8217;s account, along with all personal data previously stored and processed by&nbsp;the administrator.<\/li>\n<li>The user can request a&nbsp;limitation on&nbsp;the processing of personal data, either for a&nbsp;specified period or&nbsp;without a&nbsp;time limit, but within a&nbsp;defined scope, which the administrator must comply with. The request for limitation will not affect actions that have already been carried out.<\/li>\n<li>The user can request the administrator to&nbsp;transfer their personal data being processed to&nbsp;another entity. For this purpose, the user should submit a&nbsp;request to&nbsp;the administrator, specifying the entity (name, address) to&nbsp;which the user&#8217;s personal data should be&nbsp;transferred and which specific data the user wishes the administrator to&nbsp;transfer. Upon the user&#8217;s confirmation of their request, the administrator will transfer the user&#8217;s personal data to&nbsp;the specified entity electronically. User confirmation of the request is necessary for the security of the user&#8217;s personal data and to&nbsp;ensure that the request comes from an authorized person.<\/li>\n<li>The administrator will inform the user about the actions taken within one month of receiving one of the requests mentioned in&nbsp;the previous points.<\/li>\n<\/ol>\n    <\/div>\n  <\/div>\n\n<\/section>","protected":false},"excerpt":{"rendered":"","protected":false},"author":1,"featured_media":0,"parent":0,"menu_order":0,"comment_status":"closed","ping_status":"open","template":"","meta":{"footnotes":""},"acf":[],"yoast_head":"<!-- This site is optimized with the Yoast SEO plugin v21.3 - https:\/\/yoast.com\/wordpress\/plugins\/seo\/ -->\n<title>Privacy Policy - EU-Cert - We Support Your Success with Compliance<\/title>\n<meta name=\"robots\" content=\"index, follow, max-snippet:-1, max-image-preview:large, max-video-preview:-1\" \/>\n<link rel=\"canonical\" href=\"https:\/\/eucert.pl\/privacy-policy\/?lang=en\" \/>\n<meta property=\"og:locale\" content=\"en_US\" \/>\n<meta property=\"og:type\" content=\"article\" \/>\n<meta property=\"og:title\" content=\"Privacy Policy - EU-Cert - We Support Your Success with Compliance\" \/>\n<meta property=\"og:url\" content=\"https:\/\/eucert.pl\/privacy-policy\/?lang=en\" \/>\n<meta property=\"og:site_name\" content=\"EU-Cert - We Support Your Success with Compliance\" \/>\n<meta property=\"article:modified_time\" content=\"2023-10-25T12:52:02+00:00\" \/>\n<meta name=\"twitter:card\" content=\"summary_large_image\" \/>\n<script type=\"application\/ld+json\" class=\"yoast-schema-graph\">{\"@context\":\"https:\/\/schema.org\",\"@graph\":[{\"@type\":\"WebPage\",\"@id\":\"https:\/\/eucert.pl\/privacy-policy\/?lang=en\",\"url\":\"https:\/\/eucert.pl\/privacy-policy\/?lang=en\",\"name\":\"Privacy Policy - EU-Cert - We Support Your Success with Compliance\",\"isPartOf\":{\"@id\":\"https:\/\/eucert.pl\/#website\"},\"datePublished\":\"2023-07-07T07:14:36+00:00\",\"dateModified\":\"2023-10-25T12:52:02+00:00\",\"breadcrumb\":{\"@id\":\"https:\/\/eucert.pl\/privacy-policy\/?lang=en#breadcrumb\"},\"inLanguage\":\"en-US\",\"potentialAction\":[{\"@type\":\"ReadAction\",\"target\":[\"https:\/\/eucert.pl\/privacy-policy\/?lang=en\"]}]},{\"@type\":\"BreadcrumbList\",\"@id\":\"https:\/\/eucert.pl\/privacy-policy\/?lang=en#breadcrumb\",\"itemListElement\":[{\"@type\":\"ListItem\",\"position\":1,\"name\":\"Strona g\u0142\u00f3wna\",\"item\":\"https:\/\/eucert.pl\/en\/\"},{\"@type\":\"ListItem\",\"position\":2,\"name\":\"Privacy Policy\"}]},{\"@type\":\"WebSite\",\"@id\":\"https:\/\/eucert.pl\/#website\",\"url\":\"https:\/\/eucert.pl\/\",\"name\":\"EU-Cert - We Support Your Success with Compliance\",\"description\":\"\",\"potentialAction\":[{\"@type\":\"SearchAction\",\"target\":{\"@type\":\"EntryPoint\",\"urlTemplate\":\"https:\/\/eucert.pl\/?s={search_term_string}\"},\"query-input\":\"required name=search_term_string\"}],\"inLanguage\":\"en-US\"}]}<\/script>\n<!-- \/ Yoast SEO plugin. -->","yoast_head_json":{"title":"Privacy Policy - EU-Cert - We Support Your Success with Compliance","robots":{"index":"index","follow":"follow","max-snippet":"max-snippet:-1","max-image-preview":"max-image-preview:large","max-video-preview":"max-video-preview:-1"},"canonical":"https:\/\/eucert.pl\/privacy-policy\/?lang=en","og_locale":"en_US","og_type":"article","og_title":"Privacy Policy - EU-Cert - We Support Your Success with Compliance","og_url":"https:\/\/eucert.pl\/privacy-policy\/?lang=en","og_site_name":"EU-Cert - We Support Your Success with Compliance","article_modified_time":"2023-10-25T12:52:02+00:00","twitter_card":"summary_large_image","schema":{"@context":"https:\/\/schema.org","@graph":[{"@type":"WebPage","@id":"https:\/\/eucert.pl\/privacy-policy\/?lang=en","url":"https:\/\/eucert.pl\/privacy-policy\/?lang=en","name":"Privacy Policy - EU-Cert - We Support Your Success with Compliance","isPartOf":{"@id":"https:\/\/eucert.pl\/#website"},"datePublished":"2023-07-07T07:14:36+00:00","dateModified":"2023-10-25T12:52:02+00:00","breadcrumb":{"@id":"https:\/\/eucert.pl\/privacy-policy\/?lang=en#breadcrumb"},"inLanguage":"en-US","potentialAction":[{"@type":"ReadAction","target":["https:\/\/eucert.pl\/privacy-policy\/?lang=en"]}]},{"@type":"BreadcrumbList","@id":"https:\/\/eucert.pl\/privacy-policy\/?lang=en#breadcrumb","itemListElement":[{"@type":"ListItem","position":1,"name":"Strona g\u0142\u00f3wna","item":"https:\/\/eucert.pl\/en\/"},{"@type":"ListItem","position":2,"name":"Privacy Policy"}]},{"@type":"WebSite","@id":"https:\/\/eucert.pl\/#website","url":"https:\/\/eucert.pl\/","name":"EU-Cert - We Support Your Success with Compliance","description":"","potentialAction":[{"@type":"SearchAction","target":{"@type":"EntryPoint","urlTemplate":"https:\/\/eucert.pl\/?s={search_term_string}"},"query-input":"required name=search_term_string"}],"inLanguage":"en-US"}]}},"_links":{"self":[{"href":"https:\/\/eucert.pl\/en\/wp-json\/wp\/v2\/pages\/2657"}],"collection":[{"href":"https:\/\/eucert.pl\/en\/wp-json\/wp\/v2\/pages"}],"about":[{"href":"https:\/\/eucert.pl\/en\/wp-json\/wp\/v2\/types\/page"}],"author":[{"embeddable":true,"href":"https:\/\/eucert.pl\/en\/wp-json\/wp\/v2\/users\/1"}],"replies":[{"embeddable":true,"href":"https:\/\/eucert.pl\/en\/wp-json\/wp\/v2\/comments?post=2657"}],"version-history":[{"count":7,"href":"https:\/\/eucert.pl\/en\/wp-json\/wp\/v2\/pages\/2657\/revisions"}],"predecessor-version":[{"id":2754,"href":"https:\/\/eucert.pl\/en\/wp-json\/wp\/v2\/pages\/2657\/revisions\/2754"}],"wp:attachment":[{"href":"https:\/\/eucert.pl\/en\/wp-json\/wp\/v2\/media?parent=2657"}],"curies":[{"name":"wp","href":"https:\/\/api.w.org\/{rel}","templated":true}]}}