{"id":3260,"date":"2023-08-23T10:09:14","date_gmt":"2023-08-23T10:09:14","guid":{"rendered":"https:\/\/eucert.pl\/bearbeitung-von-rechtsbehelfen\/"},"modified":"2023-11-24T09:10:40","modified_gmt":"2023-11-24T09:10:40","slug":"bearbeitung-von-rechtsbehelfen","status":"publish","type":"page","link":"https:\/\/eucert.pl\/de\/beanstandungen\/bearbeitung-von-rechtsbehelfen\/","title":{"rendered":"Bearbeitung von Rechtsbehelfen"},"content":{"rendered":"<section id=\"\" class=\"text-block   acf-block acf-block-id-block_ddbced809c67bfe6ddce7b7ff0b95386 \">\n\n  <div class=\"container\">\n    <h1 class=\"title title--1 title--medium title--primary500\">Bearbeitung von <strong>Rechtsbehelfen<\/strong><\/h1>\n\n    <div class=\"wysiwyg\">\n      <ul>\n<li>Der Antragsteller hat das Recht, gegen die Entscheidung \u00fcber die Erteilung eines Zertifikats Berufung einzulegen (die Berufung kann sich auf den Geltungsbereich der Zertifizierung oder auf die Entscheidung beziehen, das betreffende Zertifikat nicht zu erteilen oder zu widerrufen).<\/li>\n<li>Die Einlegung, Pr\u00fcfung und Entscheidung von Rechtsbehelfen darf nicht zu einer Diskriminierung des Rechtsbehelfsf\u00fchrers f\u00fchren.<\/li>\n<li>Die Beschwerde muss innerhalb von 30 Tagen nach \u00dcbermittlung der Entscheidung schriftlich eingereicht werden.<\/li>\n<li>Die Beschwerde sollte den Namen des Antragstellers oder Zertifikatsinhabers mit seiner Anschrift und eine Beschreibung des Gegenstands der Beschwerde zusammen mit der Begr\u00fcndung der Beschwerde enthalten.<\/li>\n<li>EU-Cert best\u00e4tigt den Eingang der Beschwerde innerhalb von 10 Tagen nach Eingang, registriert die Beschwerde und informiert den Beschwerdef\u00fchrer \u00fcber den Verlauf und das Ergebnis der Beschwerde.<\/li>\n<li>Nach Erhalt einer Beschwerde pr\u00fcft EU-Cert, ob sich die Beschwerde auf die Zertifizierungst\u00e4tigkeit bezieht, f\u00fcr die sie zust\u00e4ndig ist, und wenn ja, pr\u00fcft sie die Beschwerde und sammelt die notwendigen Informationen, um eine Entscheidung \u00fcber die Beschwerde zu treffen. <\/li>\n<li>Beschwerden werden unparteiisch behandelt, d. h. die am&nbsp;Beschwerdeverfahren beteiligten Personen sind nicht diejenigen, die die angefochtene Entscheidung getroffen haben.<\/li>\n<li>Nach Abschluss der Pr\u00fcfung der Beschwerde unterrichtet der Exekutivdirektor den Beschwerdef\u00fchrer innerhalb von 30 Tagen nach Eingang schriftlich \u00fcber den Abschluss des Beschwerdeverfahrens und das Ergebnis der Pr\u00fcfung. Wird die Frist f\u00fcr die Pr\u00fcfung der Beschwerde verl\u00e4ngert, so unterrichtet EU-Cert den Beschwerdef\u00fchrer entsprechend. <\/li>\n<\/ul>\n    <\/div>\n  <\/div>\n\n<\/section>","protected":false},"excerpt":{"rendered":"","protected":false},"author":1,"featured_media":0,"parent":3264,"menu_order":0,"comment_status":"closed","ping_status":"closed","template":"","meta":{"footnotes":""},"acf":[],"yoast_head":"<!-- This site is optimized with the Yoast SEO plugin v21.3 - https:\/\/yoast.com\/wordpress\/plugins\/seo\/ -->\n<title>Bearbeitung von Rechtsbehelfen - EU-Cert - Wspieramy Tw\u00f3j Sukces Zgodno\u015bci\u0105<\/title>\n<meta name=\"robots\" content=\"index, follow, max-snippet:-1, max-image-preview:large, max-video-preview:-1\" \/>\n<link rel=\"canonical\" href=\"https:\/\/eucert.pl\/de\/bearbeitung-von-rechtsbehelfen\/\" \/>\n<meta property=\"og:locale\" content=\"de_DE\" \/>\n<meta property=\"og:type\" content=\"article\" \/>\n<meta property=\"og:title\" content=\"Bearbeitung von Rechtsbehelfen - EU-Cert - Wspieramy Tw\u00f3j Sukces Zgodno\u015bci\u0105\" \/>\n<meta property=\"og:url\" content=\"https:\/\/eucert.pl\/de\/bearbeitung-von-rechtsbehelfen\/\" \/>\n<meta property=\"og:site_name\" content=\"EU-Cert - Wspieramy Tw\u00f3j Sukces Zgodno\u015bci\u0105\" \/>\n<meta property=\"article:modified_time\" content=\"2023-11-24T09:10:40+00:00\" \/>\n<meta name=\"twitter:card\" content=\"summary_large_image\" \/>\n<script type=\"application\/ld+json\" class=\"yoast-schema-graph\">{\"@context\":\"https:\/\/schema.org\",\"@graph\":[{\"@type\":\"WebPage\",\"@id\":\"https:\/\/eucert.pl\/de\/bearbeitung-von-rechtsbehelfen\/\",\"url\":\"https:\/\/eucert.pl\/de\/bearbeitung-von-rechtsbehelfen\/\",\"name\":\"Bearbeitung von Rechtsbehelfen - EU-Cert - Wspieramy Tw\u00f3j Sukces Zgodno\u015bci\u0105\",\"isPartOf\":{\"@id\":\"https:\/\/eucert.pl\/#website\"},\"datePublished\":\"2023-08-23T10:09:14+00:00\",\"dateModified\":\"2023-11-24T09:10:40+00:00\",\"breadcrumb\":{\"@id\":\"https:\/\/eucert.pl\/de\/bearbeitung-von-rechtsbehelfen\/#breadcrumb\"},\"inLanguage\":\"de-DE\",\"potentialAction\":[{\"@type\":\"ReadAction\",\"target\":[\"https:\/\/eucert.pl\/de\/bearbeitung-von-rechtsbehelfen\/\"]}]},{\"@type\":\"BreadcrumbList\",\"@id\":\"https:\/\/eucert.pl\/de\/bearbeitung-von-rechtsbehelfen\/#breadcrumb\",\"itemListElement\":[{\"@type\":\"ListItem\",\"position\":1,\"name\":\"Strona g\u0142\u00f3wna\",\"item\":\"https:\/\/eucert.pl\/de\/\"},{\"@type\":\"ListItem\",\"position\":2,\"name\":\"Bearbeitung von Rechtsbehelfen\"}]},{\"@type\":\"WebSite\",\"@id\":\"https:\/\/eucert.pl\/#website\",\"url\":\"https:\/\/eucert.pl\/\",\"name\":\"EU-Cert - Wspieramy Tw\u00f3j Sukces Zgodno\u015bci\u0105\",\"description\":\"\",\"potentialAction\":[{\"@type\":\"SearchAction\",\"target\":{\"@type\":\"EntryPoint\",\"urlTemplate\":\"https:\/\/eucert.pl\/?s={search_term_string}\"},\"query-input\":\"required name=search_term_string\"}],\"inLanguage\":\"de-DE\"}]}<\/script>\n<!-- \/ Yoast SEO plugin. -->","yoast_head_json":{"title":"Bearbeitung von Rechtsbehelfen - EU-Cert - Wspieramy Tw\u00f3j Sukces Zgodno\u015bci\u0105","robots":{"index":"index","follow":"follow","max-snippet":"max-snippet:-1","max-image-preview":"max-image-preview:large","max-video-preview":"max-video-preview:-1"},"canonical":"https:\/\/eucert.pl\/de\/bearbeitung-von-rechtsbehelfen\/","og_locale":"de_DE","og_type":"article","og_title":"Bearbeitung von Rechtsbehelfen - EU-Cert - Wspieramy Tw\u00f3j Sukces Zgodno\u015bci\u0105","og_url":"https:\/\/eucert.pl\/de\/bearbeitung-von-rechtsbehelfen\/","og_site_name":"EU-Cert - Wspieramy Tw\u00f3j Sukces Zgodno\u015bci\u0105","article_modified_time":"2023-11-24T09:10:40+00:00","twitter_card":"summary_large_image","schema":{"@context":"https:\/\/schema.org","@graph":[{"@type":"WebPage","@id":"https:\/\/eucert.pl\/de\/bearbeitung-von-rechtsbehelfen\/","url":"https:\/\/eucert.pl\/de\/bearbeitung-von-rechtsbehelfen\/","name":"Bearbeitung von Rechtsbehelfen - EU-Cert - Wspieramy Tw\u00f3j Sukces Zgodno\u015bci\u0105","isPartOf":{"@id":"https:\/\/eucert.pl\/#website"},"datePublished":"2023-08-23T10:09:14+00:00","dateModified":"2023-11-24T09:10:40+00:00","breadcrumb":{"@id":"https:\/\/eucert.pl\/de\/bearbeitung-von-rechtsbehelfen\/#breadcrumb"},"inLanguage":"de-DE","potentialAction":[{"@type":"ReadAction","target":["https:\/\/eucert.pl\/de\/bearbeitung-von-rechtsbehelfen\/"]}]},{"@type":"BreadcrumbList","@id":"https:\/\/eucert.pl\/de\/bearbeitung-von-rechtsbehelfen\/#breadcrumb","itemListElement":[{"@type":"ListItem","position":1,"name":"Strona g\u0142\u00f3wna","item":"https:\/\/eucert.pl\/de\/"},{"@type":"ListItem","position":2,"name":"Bearbeitung von Rechtsbehelfen"}]},{"@type":"WebSite","@id":"https:\/\/eucert.pl\/#website","url":"https:\/\/eucert.pl\/","name":"EU-Cert - Wspieramy Tw\u00f3j Sukces Zgodno\u015bci\u0105","description":"","potentialAction":[{"@type":"SearchAction","target":{"@type":"EntryPoint","urlTemplate":"https:\/\/eucert.pl\/?s={search_term_string}"},"query-input":"required name=search_term_string"}],"inLanguage":"de-DE"}]}},"_links":{"self":[{"href":"https:\/\/eucert.pl\/de\/wp-json\/wp\/v2\/pages\/3260"}],"collection":[{"href":"https:\/\/eucert.pl\/de\/wp-json\/wp\/v2\/pages"}],"about":[{"href":"https:\/\/eucert.pl\/de\/wp-json\/wp\/v2\/types\/page"}],"author":[{"embeddable":true,"href":"https:\/\/eucert.pl\/de\/wp-json\/wp\/v2\/users\/1"}],"replies":[{"embeddable":true,"href":"https:\/\/eucert.pl\/de\/wp-json\/wp\/v2\/comments?post=3260"}],"version-history":[{"count":3,"href":"https:\/\/eucert.pl\/de\/wp-json\/wp\/v2\/pages\/3260\/revisions"}],"predecessor-version":[{"id":3263,"href":"https:\/\/eucert.pl\/de\/wp-json\/wp\/v2\/pages\/3260\/revisions\/3263"}],"up":[{"embeddable":true,"href":"https:\/\/eucert.pl\/de\/wp-json\/wp\/v2\/pages\/3264"}],"wp:attachment":[{"href":"https:\/\/eucert.pl\/de\/wp-json\/wp\/v2\/media?parent=3260"}],"curies":[{"name":"wp","href":"https:\/\/api.w.org\/{rel}","templated":true}]}}