{"id":3242,"date":"2023-08-01T06:36:22","date_gmt":"2023-08-01T06:36:22","guid":{"rendered":"https:\/\/eucert.pl\/schlussfolgerungen\/anwendung-zur-bewertung-von-schweisverfahren-en-iso-3834\/"},"modified":"2023-11-24T09:03:46","modified_gmt":"2023-11-24T09:03:46","slug":"anwendung-zur-bewertung-von-schweisverfahren-en-iso-3834","status":"publish","type":"page","link":"https:\/\/eucert.pl\/de\/schlussfolgerungen\/anwendung-zur-bewertung-von-schweisverfahren-en-iso-3834\/","title":{"rendered":"Anwendung zur Bewertung von Schwei\u00dfverfahren EN ISO 3834"},"content":{"rendered":"","protected":false},"excerpt":{"rendered":"","protected":false},"author":1,"featured_media":0,"parent":3236,"menu_order":0,"comment_status":"closed","ping_status":"closed","template":"pages\/iso-3834.php","meta":{"footnotes":""},"acf":[],"yoast_head":"<!-- This site is optimized with the Yoast SEO plugin v21.3 - https:\/\/yoast.com\/wordpress\/plugins\/seo\/ -->\n<title>Anwendung zur Bewertung von Schwei\u00dfverfahren EN ISO 3834 - EU-Cert - Wspieramy Tw\u00f3j Sukces Zgodno\u015bci\u0105<\/title>\n<meta name=\"robots\" content=\"index, follow, max-snippet:-1, max-image-preview:large, max-video-preview:-1\" \/>\n<link rel=\"canonical\" href=\"https:\/\/eucert.pl\/de\/schlussfolgerungen\/anwendung-zur-bewertung-von-schweisverfahren-en-iso-3834\/\" \/>\n<meta property=\"og:locale\" content=\"de_DE\" \/>\n<meta property=\"og:type\" content=\"article\" \/>\n<meta property=\"og:title\" content=\"Anwendung zur Bewertung von Schwei\u00dfverfahren EN ISO 3834 - EU-Cert - Wspieramy Tw\u00f3j Sukces Zgodno\u015bci\u0105\" \/>\n<meta property=\"og:url\" content=\"https:\/\/eucert.pl\/de\/schlussfolgerungen\/anwendung-zur-bewertung-von-schweisverfahren-en-iso-3834\/\" \/>\n<meta property=\"og:site_name\" content=\"EU-Cert - Wspieramy Tw\u00f3j Sukces Zgodno\u015bci\u0105\" \/>\n<meta property=\"article:modified_time\" content=\"2023-11-24T09:03:46+00:00\" \/>\n<meta name=\"twitter:card\" content=\"summary_large_image\" \/>\n<script type=\"application\/ld+json\" class=\"yoast-schema-graph\">{\"@context\":\"https:\/\/schema.org\",\"@graph\":[{\"@type\":\"WebPage\",\"@id\":\"https:\/\/eucert.pl\/de\/schlussfolgerungen\/anwendung-zur-bewertung-von-schweisverfahren-en-iso-3834\/\",\"url\":\"https:\/\/eucert.pl\/de\/schlussfolgerungen\/anwendung-zur-bewertung-von-schweisverfahren-en-iso-3834\/\",\"name\":\"Anwendung zur Bewertung von Schwei\u00dfverfahren EN ISO 3834 - EU-Cert - Wspieramy Tw\u00f3j Sukces Zgodno\u015bci\u0105\",\"isPartOf\":{\"@id\":\"https:\/\/eucert.pl\/#website\"},\"datePublished\":\"2023-08-01T06:36:22+00:00\",\"dateModified\":\"2023-11-24T09:03:46+00:00\",\"breadcrumb\":{\"@id\":\"https:\/\/eucert.pl\/de\/schlussfolgerungen\/anwendung-zur-bewertung-von-schweisverfahren-en-iso-3834\/#breadcrumb\"},\"inLanguage\":\"de-DE\",\"potentialAction\":[{\"@type\":\"ReadAction\",\"target\":[\"https:\/\/eucert.pl\/de\/schlussfolgerungen\/anwendung-zur-bewertung-von-schweisverfahren-en-iso-3834\/\"]}]},{\"@type\":\"BreadcrumbList\",\"@id\":\"https:\/\/eucert.pl\/de\/schlussfolgerungen\/anwendung-zur-bewertung-von-schweisverfahren-en-iso-3834\/#breadcrumb\",\"itemListElement\":[{\"@type\":\"ListItem\",\"position\":1,\"name\":\"Strona g\u0142\u00f3wna\",\"item\":\"https:\/\/eucert.pl\/de\/\"},{\"@type\":\"ListItem\",\"position\":2,\"name\":\"Schlussfolgerungen\",\"item\":\"https:\/\/eucert.pl\/de\/schlussfolgerungen\/\"},{\"@type\":\"ListItem\",\"position\":3,\"name\":\"Anwendung zur Bewertung von Schwei\u00dfverfahren EN ISO 3834\"}]},{\"@type\":\"WebSite\",\"@id\":\"https:\/\/eucert.pl\/#website\",\"url\":\"https:\/\/eucert.pl\/\",\"name\":\"EU-Cert - Wspieramy Tw\u00f3j Sukces Zgodno\u015bci\u0105\",\"description\":\"\",\"potentialAction\":[{\"@type\":\"SearchAction\",\"target\":{\"@type\":\"EntryPoint\",\"urlTemplate\":\"https:\/\/eucert.pl\/?s={search_term_string}\"},\"query-input\":\"required name=search_term_string\"}],\"inLanguage\":\"de-DE\"}]}<\/script>\n<!-- \/ Yoast SEO plugin. -->","yoast_head_json":{"title":"Anwendung zur Bewertung von Schwei\u00dfverfahren EN ISO 3834 - EU-Cert - Wspieramy Tw\u00f3j Sukces Zgodno\u015bci\u0105","robots":{"index":"index","follow":"follow","max-snippet":"max-snippet:-1","max-image-preview":"max-image-preview:large","max-video-preview":"max-video-preview:-1"},"canonical":"https:\/\/eucert.pl\/de\/schlussfolgerungen\/anwendung-zur-bewertung-von-schweisverfahren-en-iso-3834\/","og_locale":"de_DE","og_type":"article","og_title":"Anwendung zur Bewertung von Schwei\u00dfverfahren EN ISO 3834 - EU-Cert - Wspieramy Tw\u00f3j Sukces Zgodno\u015bci\u0105","og_url":"https:\/\/eucert.pl\/de\/schlussfolgerungen\/anwendung-zur-bewertung-von-schweisverfahren-en-iso-3834\/","og_site_name":"EU-Cert - Wspieramy Tw\u00f3j Sukces Zgodno\u015bci\u0105","article_modified_time":"2023-11-24T09:03:46+00:00","twitter_card":"summary_large_image","schema":{"@context":"https:\/\/schema.org","@graph":[{"@type":"WebPage","@id":"https:\/\/eucert.pl\/de\/schlussfolgerungen\/anwendung-zur-bewertung-von-schweisverfahren-en-iso-3834\/","url":"https:\/\/eucert.pl\/de\/schlussfolgerungen\/anwendung-zur-bewertung-von-schweisverfahren-en-iso-3834\/","name":"Anwendung zur Bewertung von Schwei\u00dfverfahren EN ISO 3834 - EU-Cert - Wspieramy Tw\u00f3j Sukces Zgodno\u015bci\u0105","isPartOf":{"@id":"https:\/\/eucert.pl\/#website"},"datePublished":"2023-08-01T06:36:22+00:00","dateModified":"2023-11-24T09:03:46+00:00","breadcrumb":{"@id":"https:\/\/eucert.pl\/de\/schlussfolgerungen\/anwendung-zur-bewertung-von-schweisverfahren-en-iso-3834\/#breadcrumb"},"inLanguage":"de-DE","potentialAction":[{"@type":"ReadAction","target":["https:\/\/eucert.pl\/de\/schlussfolgerungen\/anwendung-zur-bewertung-von-schweisverfahren-en-iso-3834\/"]}]},{"@type":"BreadcrumbList","@id":"https:\/\/eucert.pl\/de\/schlussfolgerungen\/anwendung-zur-bewertung-von-schweisverfahren-en-iso-3834\/#breadcrumb","itemListElement":[{"@type":"ListItem","position":1,"name":"Strona g\u0142\u00f3wna","item":"https:\/\/eucert.pl\/de\/"},{"@type":"ListItem","position":2,"name":"Schlussfolgerungen","item":"https:\/\/eucert.pl\/de\/schlussfolgerungen\/"},{"@type":"ListItem","position":3,"name":"Anwendung zur Bewertung von Schwei\u00dfverfahren EN ISO 3834"}]},{"@type":"WebSite","@id":"https:\/\/eucert.pl\/#website","url":"https:\/\/eucert.pl\/","name":"EU-Cert - Wspieramy Tw\u00f3j Sukces Zgodno\u015bci\u0105","description":"","potentialAction":[{"@type":"SearchAction","target":{"@type":"EntryPoint","urlTemplate":"https:\/\/eucert.pl\/?s={search_term_string}"},"query-input":"required name=search_term_string"}],"inLanguage":"de-DE"}]}},"_links":{"self":[{"href":"https:\/\/eucert.pl\/de\/wp-json\/wp\/v2\/pages\/3242"}],"collection":[{"href":"https:\/\/eucert.pl\/de\/wp-json\/wp\/v2\/pages"}],"about":[{"href":"https:\/\/eucert.pl\/de\/wp-json\/wp\/v2\/types\/page"}],"author":[{"embeddable":true,"href":"https:\/\/eucert.pl\/de\/wp-json\/wp\/v2\/users\/1"}],"replies":[{"embeddable":true,"href":"https:\/\/eucert.pl\/de\/wp-json\/wp\/v2\/comments?post=3242"}],"version-history":[{"count":1,"href":"https:\/\/eucert.pl\/de\/wp-json\/wp\/v2\/pages\/3242\/revisions"}],"predecessor-version":[{"id":3243,"href":"https:\/\/eucert.pl\/de\/wp-json\/wp\/v2\/pages\/3242\/revisions\/3243"}],"up":[{"embeddable":true,"href":"https:\/\/eucert.pl\/de\/wp-json\/wp\/v2\/pages\/3236"}],"wp:attachment":[{"href":"https:\/\/eucert.pl\/de\/wp-json\/wp\/v2\/media?parent=3242"}],"curies":[{"name":"wp","href":"https:\/\/api.w.org\/{rel}","templated":true}]}}