{"id":3236,"date":"2023-08-01T06:34:51","date_gmt":"2023-08-01T06:34:51","guid":{"rendered":"https:\/\/eucert.pl\/schlussfolgerungen\/"},"modified":"2025-06-05T06:02:25","modified_gmt":"2025-06-05T06:02:25","slug":"schlussfolgerungen","status":"publish","type":"page","link":"https:\/\/eucert.pl\/de\/schlussfolgerungen\/","title":{"rendered":"Schlussfolgerungen"},"content":{"rendered":"<section id=\"\" class=\"applications acf-block acf-block-id-block_bdc50bf6e7d92623109f2bbbe38b599b \">\n\n  <div class=\"container\">\n\n      <div class=\"applications__text\">\n\n        <h1 class=\"title title--medium title--1 title--primary500\"><strong>EU-Cert<\/strong>-Anwendungen<\/h1>\n        <p class=\"text text--xl text--light\">Auf dieser Seite finden Sie die entsprechenden Antragsformulare, die auf die verschiedenen von unserem Unternehmen angebotenen Dienstleistungen zugeschnitten sind. Das Ausf\u00fcllen des Antrags ist einfach und intuitiv. Alle notwendigen Informationen sind klar beschrieben und optionale Felder sind mit einem Sternchen gekennzeichnet.   <br \/><\/p>\n\n      <\/div>\n\n      <div class=\"applications__content\">\n\n        \n          <div class=\"applications__content__item\">\n            <div class=\"applications__content__item__background\">\n              <img decoding=\"async\" src=\"https:\/\/eucert.pl\/app\/uploads\/2023\/08\/miguel-a-amutio-efc_wvilRs4-unsplash-scaled.jpg\" alt=\"\" srcset=\"\">\n            <\/div>\n\n            <p class=\"text text--xl text--semibold\">Antrag auf Konformit\u00e4tsbewertung f\u00fcr die Programme PED, MED, PPE<\/p>\n            <div class=\"applications__content__item__buttons\">\n              \n                              <a href=\"https:\/\/eucert.pl\/app\/uploads\/2025\/01\/Form.1_KPW-Application-for-product-EN-20250108_ed.5.dotm\" download class=\"btn__application\">Download der Bewerbung<\/a>\n                          <\/div>\n          <\/div>\n\n        \n          <div class=\"applications__content__item\">\n            <div class=\"applications__content__item__background\">\n              <img decoding=\"async\" src=\"https:\/\/eucert.pl\/app\/uploads\/2023\/08\/Property-12.png\" alt=\"\" srcset=\"\">\n            <\/div>\n\n            <p class=\"text text--xl text--semibold\">Anwendung zur Bewertung von Schwei\u00dfverfahren EN&nbsp;15085-2<br \/><\/p>\n            <div class=\"applications__content__item__buttons\">\n              \n                              <a href=\"https:\/\/eucert.pl\/app\/uploads\/2023\/10\/Form.1_EUCERT-PR-RAIL-Wniosek_20230330-ed.2-gotowy-EN-.doc\" download class=\"btn__application\">Download der Bewerbung<\/a>\n                          <\/div>\n          <\/div>\n\n        \n          <div class=\"applications__content__item\">\n            <div class=\"applications__content__item__background\">\n              <img decoding=\"async\" src=\"https:\/\/eucert.pl\/app\/uploads\/2023\/08\/Property-13.jpg\" alt=\"\" srcset=\"\">\n            <\/div>\n\n            <p class=\"text text--xl text--semibold\">Antrag auf Zertifizierung von Personal, das nicht trennbare Verbindungen herstellt<\/p>\n            <div class=\"applications__content__item__buttons\">\n              \n                              <a href=\"https:\/\/eucert.pl\/app\/uploads\/2025\/01\/Form.1_EUCERT-PR-CPS-Wniosek_20250124-ed.3-gotowy-EN-.doc\" download class=\"btn__application\">Download der Bewerbung<\/a>\n                          <\/div>\n          <\/div>\n\n        \n          <div class=\"applications__content__item\">\n            <div class=\"applications__content__item__background\">\n              <img decoding=\"async\" src=\"https:\/\/eucert.pl\/app\/uploads\/2023\/08\/Property-14.jpg\" alt=\"\" srcset=\"\">\n            <\/div>\n\n            <p class=\"text text--xl text--semibold\">Anwendung zur Bewertung von Schwei\u00dfverfahren EN&nbsp;ISO 3834<br \/><\/p>\n            <div class=\"applications__content__item__buttons\">\n              \n                              <a href=\"https:\/\/eucert.pl\/app\/uploads\/2023\/10\/Form.1_EUCERT-PR-WELD-Wniosek_20230330-ed.2-gotowy-EN-.docx\" download class=\"btn__application\">Download der Bewerbung<\/a>\n                          <\/div>\n          <\/div>\n\n        \n          <div class=\"applications__content__item\">\n            <div class=\"applications__content__item__background\">\n              <img decoding=\"async\" src=\"https:\/\/eucert.pl\/app\/uploads\/2023\/08\/Property-16.jpg\" alt=\"\" srcset=\"\">\n            <\/div>\n\n            <p class=\"text text--xl text--semibold\">Antrag auf Genehmigung eines operativen Verfahrens f\u00fcr eine nicht trennbare Verschmelzung<br \/><\/p>\n            <div class=\"applications__content__item__buttons\">\n              \n                              <a href=\"https:\/\/eucert.pl\/app\/uploads\/2023\/10\/Form.26_EUCERT_PR_PED-Wniosek-o-zatwierdzanie-procedur-operacyjnych-polaczen-nierozlacznych_20230330_ed.3-gotowy-EN-.docx\" download class=\"btn__application\">Download der Bewerbung<\/a>\n                          <\/div>\n          <\/div>\n\n        \n          <div class=\"applications__content__item\">\n            <div class=\"applications__content__item__background\">\n              <img decoding=\"async\" src=\"https:\/\/eucert.pl\/app\/uploads\/2023\/08\/Property-17.jpg\" alt=\"\" srcset=\"\">\n            <\/div>\n\n            <p class=\"text text--xl text--semibold\">Antrag auf Zertifizierung des Managementsystems<br \/><\/p>\n            <div class=\"applications__content__item__buttons\">\n              \n                              <a href=\"https:\/\/eucert.pl\/app\/uploads\/2024\/01\/Form.1_QMS-Application-for-certification-EN.dotx\" download class=\"btn__application\">Download der Bewerbung<\/a>\n                          <\/div>\n          <\/div>\n\n        \n      <\/div>\n\n  <\/div>\n\n<\/section>\n\n\n<section id=\"\" class=\"cta acf-block acf-block-id-block_c0a7b950070b6cf8b0b5a3b7aa9a038b \">\n  <div class=\"cta__video\">\n    <video src=\"https:\/\/eucert.pl\/app\/uploads\/2023\/08\/video_compressed.mp4\" autoplay muted loop loading=\"lazy\"><\/video>\n  <\/div>\n  <div class=\"cta__container\">\n\n    <h2 class=\"title title--2 title--regular title--white\">Entdecken Sie unser komplettes Angebot und beginnen Sie noch heute mit der Zusammenarbeit!<\/h2>\n\n    \n      <a href=\"https:\/\/eucert.pl\/de\/oferta\/\" target=\"\" class=\"btn btn--white btn--l\">Zu unserem Angebot gehen<\/a>\n\n    \n  <\/div>\n<\/section>","protected":false},"excerpt":{"rendered":"","protected":false},"author":1,"featured_media":0,"parent":0,"menu_order":0,"comment_status":"closed","ping_status":"closed","template":"","meta":{"footnotes":""},"acf":[],"yoast_head":"<!-- This site is optimized with the Yoast SEO plugin v21.3 - https:\/\/yoast.com\/wordpress\/plugins\/seo\/ -->\n<title>Schlussfolgerungen - EU-Cert - Wspieramy Tw\u00f3j Sukces Zgodno\u015bci\u0105<\/title>\n<meta name=\"robots\" content=\"index, follow, max-snippet:-1, max-image-preview:large, max-video-preview:-1\" \/>\n<link rel=\"canonical\" href=\"https:\/\/eucert.pl\/de\/schlussfolgerungen\/\" \/>\n<meta property=\"og:locale\" content=\"de_DE\" \/>\n<meta property=\"og:type\" content=\"article\" \/>\n<meta property=\"og:title\" content=\"Schlussfolgerungen - EU-Cert - Wspieramy Tw\u00f3j Sukces Zgodno\u015bci\u0105\" \/>\n<meta property=\"og:url\" content=\"https:\/\/eucert.pl\/de\/schlussfolgerungen\/\" \/>\n<meta property=\"og:site_name\" content=\"EU-Cert - Wspieramy Tw\u00f3j Sukces Zgodno\u015bci\u0105\" \/>\n<meta property=\"article:modified_time\" content=\"2025-06-05T06:02:25+00:00\" \/>\n<meta name=\"twitter:card\" content=\"summary_large_image\" \/>\n<script type=\"application\/ld+json\" class=\"yoast-schema-graph\">{\"@context\":\"https:\/\/schema.org\",\"@graph\":[{\"@type\":\"WebPage\",\"@id\":\"https:\/\/eucert.pl\/de\/schlussfolgerungen\/\",\"url\":\"https:\/\/eucert.pl\/de\/schlussfolgerungen\/\",\"name\":\"Schlussfolgerungen - EU-Cert - Wspieramy Tw\u00f3j Sukces Zgodno\u015bci\u0105\",\"isPartOf\":{\"@id\":\"https:\/\/eucert.pl\/#website\"},\"datePublished\":\"2023-08-01T06:34:51+00:00\",\"dateModified\":\"2025-06-05T06:02:25+00:00\",\"breadcrumb\":{\"@id\":\"https:\/\/eucert.pl\/de\/schlussfolgerungen\/#breadcrumb\"},\"inLanguage\":\"de-DE\",\"potentialAction\":[{\"@type\":\"ReadAction\",\"target\":[\"https:\/\/eucert.pl\/de\/schlussfolgerungen\/\"]}]},{\"@type\":\"BreadcrumbList\",\"@id\":\"https:\/\/eucert.pl\/de\/schlussfolgerungen\/#breadcrumb\",\"itemListElement\":[{\"@type\":\"ListItem\",\"position\":1,\"name\":\"Strona g\u0142\u00f3wna\",\"item\":\"https:\/\/eucert.pl\/de\/\"},{\"@type\":\"ListItem\",\"position\":2,\"name\":\"Schlussfolgerungen\"}]},{\"@type\":\"WebSite\",\"@id\":\"https:\/\/eucert.pl\/#website\",\"url\":\"https:\/\/eucert.pl\/\",\"name\":\"EU-Cert - Wspieramy Tw\u00f3j Sukces Zgodno\u015bci\u0105\",\"description\":\"\",\"potentialAction\":[{\"@type\":\"SearchAction\",\"target\":{\"@type\":\"EntryPoint\",\"urlTemplate\":\"https:\/\/eucert.pl\/?s={search_term_string}\"},\"query-input\":\"required name=search_term_string\"}],\"inLanguage\":\"de-DE\"}]}<\/script>\n<!-- \/ Yoast SEO plugin. -->","yoast_head_json":{"title":"Schlussfolgerungen - EU-Cert - Wspieramy Tw\u00f3j Sukces Zgodno\u015bci\u0105","robots":{"index":"index","follow":"follow","max-snippet":"max-snippet:-1","max-image-preview":"max-image-preview:large","max-video-preview":"max-video-preview:-1"},"canonical":"https:\/\/eucert.pl\/de\/schlussfolgerungen\/","og_locale":"de_DE","og_type":"article","og_title":"Schlussfolgerungen - EU-Cert - Wspieramy Tw\u00f3j Sukces Zgodno\u015bci\u0105","og_url":"https:\/\/eucert.pl\/de\/schlussfolgerungen\/","og_site_name":"EU-Cert - Wspieramy Tw\u00f3j Sukces Zgodno\u015bci\u0105","article_modified_time":"2025-06-05T06:02:25+00:00","twitter_card":"summary_large_image","schema":{"@context":"https:\/\/schema.org","@graph":[{"@type":"WebPage","@id":"https:\/\/eucert.pl\/de\/schlussfolgerungen\/","url":"https:\/\/eucert.pl\/de\/schlussfolgerungen\/","name":"Schlussfolgerungen - EU-Cert - Wspieramy Tw\u00f3j Sukces Zgodno\u015bci\u0105","isPartOf":{"@id":"https:\/\/eucert.pl\/#website"},"datePublished":"2023-08-01T06:34:51+00:00","dateModified":"2025-06-05T06:02:25+00:00","breadcrumb":{"@id":"https:\/\/eucert.pl\/de\/schlussfolgerungen\/#breadcrumb"},"inLanguage":"de-DE","potentialAction":[{"@type":"ReadAction","target":["https:\/\/eucert.pl\/de\/schlussfolgerungen\/"]}]},{"@type":"BreadcrumbList","@id":"https:\/\/eucert.pl\/de\/schlussfolgerungen\/#breadcrumb","itemListElement":[{"@type":"ListItem","position":1,"name":"Strona g\u0142\u00f3wna","item":"https:\/\/eucert.pl\/de\/"},{"@type":"ListItem","position":2,"name":"Schlussfolgerungen"}]},{"@type":"WebSite","@id":"https:\/\/eucert.pl\/#website","url":"https:\/\/eucert.pl\/","name":"EU-Cert - Wspieramy Tw\u00f3j Sukces Zgodno\u015bci\u0105","description":"","potentialAction":[{"@type":"SearchAction","target":{"@type":"EntryPoint","urlTemplate":"https:\/\/eucert.pl\/?s={search_term_string}"},"query-input":"required name=search_term_string"}],"inLanguage":"de-DE"}]}},"_links":{"self":[{"href":"https:\/\/eucert.pl\/de\/wp-json\/wp\/v2\/pages\/3236"}],"collection":[{"href":"https:\/\/eucert.pl\/de\/wp-json\/wp\/v2\/pages"}],"about":[{"href":"https:\/\/eucert.pl\/de\/wp-json\/wp\/v2\/types\/page"}],"author":[{"embeddable":true,"href":"https:\/\/eucert.pl\/de\/wp-json\/wp\/v2\/users\/1"}],"replies":[{"embeddable":true,"href":"https:\/\/eucert.pl\/de\/wp-json\/wp\/v2\/comments?post=3236"}],"version-history":[{"count":3,"href":"https:\/\/eucert.pl\/de\/wp-json\/wp\/v2\/pages\/3236\/revisions"}],"predecessor-version":[{"id":4967,"href":"https:\/\/eucert.pl\/de\/wp-json\/wp\/v2\/pages\/3236\/revisions\/4967"}],"wp:attachment":[{"href":"https:\/\/eucert.pl\/de\/wp-json\/wp\/v2\/media?parent=3236"}],"curies":[{"name":"wp","href":"https:\/\/api.w.org\/{rel}","templated":true}]}}