{"id":3231,"date":"2023-08-30T06:25:36","date_gmt":"2023-08-30T06:25:36","guid":{"rendered":"https:\/\/eucert.pl\/rekrutierung\/"},"modified":"2025-01-24T07:36:40","modified_gmt":"2025-01-24T07:36:40","slug":"rekrutierung","status":"publish","type":"page","link":"https:\/\/eucert.pl\/de\/rekrutierung\/","title":{"rendered":"Rekrutierung"},"content":{"rendered":"<section id=\"\" class=\"heading-with-text acf-block acf-block-id-block_b8b73396cd426db4cdc265548bb2bb6d \">\n  <div class=\"container\">\n\n    \n      <div class=\"heading-with-text__centered\">\n        <h1 class=\"title title--1 title--medium\"><strong style=\"white-space: nowrap\">EU-Cert<\/strong>-Einstellungen<\/h1>\n\n        <div class=\"wysiwyg\">\n          <p>Willkommen auf der Seite f\u00fcr die Rekrutierung unseres Unternehmens. Wir freuen uns, dass Sie an einer Mitarbeit in&nbsp;unserem Team interessiert sind. Wir sind ein dynamisches und schnell wachsendes Unternehmen, das viele M\u00f6glichkeiten f\u00fcr die berufliche und pers\u00f6nliche Entwicklung bietet. Wir m\u00f6chten Sie einladen, mehr \u00fcber unseren Einstellungsprozess und die Vorteile, die wir unseren Mitarbeitern bieten, zu erfahren.   <\/p>\n        <\/div>\n\n        <div class=\"heading-with-text__centered__buttons\">\n\n          \n        <\/div>\n      <\/div>\n\n    \n  <\/div>\n<\/section>\n\n<section id=\"\" class=\"carrer acf-block acf-block-id-block_a9cb406e65a330d4dd2ffb8c3a243d9c \">\n  <div class=\"carrer__image\">\n    <img decoding=\"async\" src=\"https:\/\/eucert.pl\/app\/uploads\/2023\/08\/career-scaled-1620x520-c-default.webp\" alt=\"\" loading=\"lazy\" srcset=\"https:\/\/eucert.pl\/app\/uploads\/2023\/08\/career-scaled-1620x520-c-default.webp 1x, https:\/\/eucert.pl\/app\/uploads\/2023\/08\/career-scaled-3240x1040-c-default.webp 2x\">\n    <div class=\"glass\"><\/div>\n  <\/div>\n\n  <div class=\"carrer__content\">\n    <div class=\"container\">\n\n      <div class=\"carrer__content__text\">\n        <h3 class=\"text text--s text--semibold text--white text--uppercase\">eine karriere bei eu-cert<\/h3>\n        <h2 class=\"title title--2 title--regular title--white\">Warum wir?<\/h2>\n      <\/div>\n\n      <div class=\"carrer__content__list\">\n\n        \n          <div class=\"perk\">\n\n            <div class=\"perk__icon\">\n              <img decoding=\"async\" src=\"https:\/\/eucert.pl\/app\/uploads\/2023\/08\/iconcar1.svg\" alt=\"\">\n            <\/div>\n\n            <div class=\"perk__text\">\n              <h4 class=\"perk__text__title title title--5 title--medium title--white\">\n                <img decoding=\"async\" src=\"https:\/\/eucert.pl\/app\/uploads\/2023\/08\/iconcar1.svg\" class=\"perk__text__title__icon\" alt=\"\">\n                <span>Unser Unternehmen<\/span>\n              <\/h4>\n              <p class=\"text text--xl text--light text--white text--justify\">Wir sind f\u00fchrend in&nbsp;der Branche und haben uns auf die Bereiche Zertifizierung, Konformit\u00e4tsbewertung und Laborpr\u00fcfungen spezialisiert. Wir verf\u00fcgen \u00fcber langj\u00e4hrige Erfahrung und einen guten Ruf und bieten unseren Mitarbeitern ein stabiles und dynamisches Arbeitsumfeld.<\/p>\n            <\/div>\n          <\/div>\n\n        \n          <div class=\"perk\">\n\n            <div class=\"perk__icon\">\n              <img decoding=\"async\" src=\"https:\/\/eucert.pl\/app\/uploads\/2023\/08\/iconcar2.svg\" alt=\"\">\n            <\/div>\n\n            <div class=\"perk__text\">\n              <h4 class=\"perk__text__title title title--5 title--medium title--white\">\n                <img decoding=\"async\" src=\"https:\/\/eucert.pl\/app\/uploads\/2023\/08\/iconcar2.svg\" class=\"perk__text__title__icon\" alt=\"\">\n                <span>Kultur und Werte<\/span>\n              <\/h4>\n              <p class=\"text text--xl text--light text--white text--justify\">In&nbsp;unserem Unternehmen legen wir Wert auf Professionalit\u00e4t, Innovation und hervorragende Qualit\u00e4t. Wir unterst\u00fctzen das Team, f\u00f6rdern die Entwicklung und ermutigen den Austausch von Ideen. Wir schaffen eine Atmosph\u00e4re, die Kreativit\u00e4t und Zusammenarbeit beg\u00fcnstigt, was sich in&nbsp;unseren Erfolgen niederschl\u00e4gt.<\/p>\n            <\/div>\n          <\/div>\n\n        \n          <div class=\"perk\">\n\n            <div class=\"perk__icon\">\n              <img decoding=\"async\" src=\"https:\/\/eucert.pl\/app\/uploads\/2023\/08\/iconcar3.svg\" alt=\"\">\n            <\/div>\n\n            <div class=\"perk__text\">\n              <h4 class=\"perk__text__title title title--5 title--medium title--white\">\n                <img decoding=\"async\" src=\"https:\/\/eucert.pl\/app\/uploads\/2023\/08\/iconcar3.svg\" class=\"perk__text__title__icon\" alt=\"\">\n                <span>Vorteile f\u00fcr Arbeitnehmer<\/span>\n              <\/h4>\n              <p class=\"text text--xl text--light text--white text--justify\">Wir k\u00fcmmern uns um unsere Mitarbeiter und bieten eine Reihe von Vorteilen, darunter ein wettbewerbsf\u00e4higes Gehalt, ein Sozialpaket, eine private Krankenversicherung sowie M\u00f6glichkeiten zur Weiterbildung und beruflichen Entwicklung. Au\u00dferdem bieten wir flexible Arbeitszeiten und eine freundliche Arbeitsatmosph\u00e4re.<\/p>\n            <\/div>\n          <\/div>\n\n        \n          <div class=\"perk\">\n\n            <div class=\"perk__icon\">\n              <img decoding=\"async\" src=\"https:\/\/eucert.pl\/app\/uploads\/2023\/08\/iconcar4.svg\" alt=\"\">\n            <\/div>\n\n            <div class=\"perk__text\">\n              <h4 class=\"perk__text__title title title--5 title--medium title--white\">\n                <img decoding=\"async\" src=\"https:\/\/eucert.pl\/app\/uploads\/2023\/08\/iconcar4.svg\" class=\"perk__text__title__icon\" alt=\"\">\n                <span>Entwicklungsm\u00f6glichkeiten<\/span>\n              <\/h4>\n              <p class=\"text text--xl text--light text--white text--justify\">In&nbsp;unserem Unternehmen gibt es&nbsp;viele M\u00f6glichkeiten der beruflichen Entwicklung. Wir bieten Schulungen, Mentoring und Unterst\u00fctzung, damit unsere Mitarbeiter ihre F\u00e4higkeiten entwickeln und aufsteigen k\u00f6nnen.<\/p>\n            <\/div>\n          <\/div>\n\n        \n      <\/div>\n\n    <\/div>\n  <\/div>\n\n<\/section>\n\n<section id=\"\" class=\"job-offers acf-block acf-block-id-block_ad71cfc4a2815a213477ee463e943371 \">\n  <div class=\"container\">\n\n    <div class=\"job-offers__text\">\n      <h3 class=\"text text--primary500 text--s text--semibold text--uppercase\">unsere Jobangebote<\/h3>\n      <h2 class=\"title title--2 title--regular text--primary500\">Derzeit gesuchte <strong>Positionen<\/strong><\/h2>\n      <p class=\"text text--xl text--light job-offers__text__long-text\">Bei EU-Cert Sp. z&nbsp;o.o. bilden wir ein eingespieltes Team von Menschen, die ihre Arbeit mit Leidenschaft und Engagement machen. Sie k\u00f6nnen ein Teil davon werden und gemeinsam mit uns Ihre Karriere entwickeln als:  <br \/><\/p>\n    <\/div>\n\n    <div class=\"job-offers__container\">\n\n      <div class=\"job-offers__container__menu\">\n        <ul class=\"job-offers__container__menu__list\">\n\n          <li data-job-menu-item=\"all\" class=\"job-offers__container__menu__list__item active\">Alle Angebote<\/li>\n\n          \n            <li class=\"job-offers__container__menu__list__item\" data-job-menu-item=\"Technik und Technologie\">Technik und Technologie<\/li>\n\n          \n            <li class=\"job-offers__container__menu__list__item\" data-job-menu-item=\"Qualit\u00e4tsmanagement\">Qualit\u00e4tsmanagement<\/li>\n\n          \n            <li class=\"job-offers__container__menu__list__item\" data-job-menu-item=\"Schweissverfahren\">Schweissverfahren<\/li>\n\n          \n        <\/ul>\n      <\/div>\n\n      <div class=\"job-offers__container__content\">\n\n        \n          <div class=\"job-offers__container__content__item\" data-job-offer-item=\"Technik und Technologie\">\n\n            <button class=\"job-offers__container__content__item__top\" data-job-offer-item-top>\n\n              <div class=\"job-offers__container__content__item__top__icon\">\n                <div><\/div>\n                <i class=\"fa far fa-plus plus\"><\/i>\n                <i class=\"fa far fa-minus minus\"><\/i>\n              <\/div>\n\n              <h3 class=\"title title--5 title--medium title--primary500\">\n                Inspektor\n              <\/h3>\n\n            <\/button>\n\n            <div class=\"job-offers__container__content__item__content\">\n              <div class=\"wysiwyg\">\n                <p><strong><span style=\"color: #214d9b;\">Ort der Arbeit:<\/span><\/strong> Danzig<\/p>\n<p>&nbsp;<\/p>\n<p><span style=\"color: #214d9b;\"><strong>Anfo<span style=\"color: #333399;\">rderungen:<\/span><\/strong><\/span><\/p>\n<p>&nbsp;<\/p>\n<ul>\n<li>Kenntnisse in&nbsp;einem oder mehreren der von der Zertifizierungsstelle abgedeckten Bereiche<\/li>\n<li>Richtlinie (MED) 2014\/90\/EU<\/li>\n<li>Richtlinie (PED) 2014\/68\/EU<\/li>\n<li>Delegierte Verordnung (EU) 2016\/425 der Kommission (PPER)<\/li>\n<li>Werkseigene Produktionskontrolle nach einem der in&nbsp;Anhang V&nbsp;der Verordnung Nr.&nbsp;305\/2011 (CPR) aufgef\u00fchrten Systeme<\/li>\n<li>Schweissverfahren nach ISO 3834, EN&nbsp;15085-2<\/li>\n<li>H\u00f6here technische Bildung<\/li>\n<li>Erfahrung in&nbsp;der Durchf\u00fchrung von Inspektionen\/Audits<\/li>\n<li>Gute Kenntnisse der englischen Sprache in&nbsp;Wort und Schrift<\/li>\n<li>Mindestens 3 Jahre Berufserfahrung<\/li>\n<li>F\u00fchrerschein der Klasse B<\/li>\n<\/ul>\n<p>&nbsp;<\/p>\n<p><span style=\"color: #214d9b;\"><strong>Herzlich <span style=\"color: #214d9b;\">willkommen:<\/span><\/strong><\/span><\/p>\n<p>&nbsp;<\/p>\n<ul>\n<li>Kenntnis der Anforderungen der EN&nbsp;ISO\/IEC 17020<\/li>\n<li>Kenntnis der Anforderungen der EN&nbsp;ISO\/IEC 17021-1<\/li>\n<li>Kenntnis der Anforderungen der EN&nbsp;ISO\/IEC 17024<\/li>\n<li>Kenntnis der Anforderungen der EN&nbsp;ISO\/IEC 17025<\/li>\n<li>Kenntnis der Anforderungen der EN&nbsp;ISO\/IEC 17065<\/li>\n<\/ul>\n<p>&nbsp;<\/p>\n<p><span style=\"color: #214d9b;\"><strong>Verantwortlichkeiten:<\/strong><\/span><\/p>\n<p>&nbsp;<\/p>\n<ul>\n<li>Durchf\u00fchrung von Zertifizierungs-\/Compliance-Bewertungsprozessen im&nbsp;Rahmen des Zust\u00e4ndigkeitsbereichs;<\/li>\n<li>Kontakt mit in- und ausl\u00e4ndischen Kunden w\u00e4hrend der Zertifizierungs- und Konformit\u00e4tsbewertungsverfahren<\/li>\n<li>Kontakt mit, Organisation und \u00dcberwachung von Laboratorien und externen Sachverst\u00e4ndigen, die Bewertungen\/Tests durchf\u00fchren<\/li>\n<li>Durchf\u00fchrung von Inspektionen, Audits von Managementsystemen an Produkt-\/Prozessstandorten<\/li>\n<\/ul>\n<p>&nbsp;<\/p>\n<p><span style=\"color: #214d9b;\"><strong>Die Arbeit bei EU-Cert Sp. z&nbsp;o.o. umfasst: <\/strong><\/span><\/p>\n<p>&nbsp;<\/p>\n<ul>\n<li>Stabile Besch\u00e4ftigung<\/li>\n<li>Ein junges, leidenschaftliches, sich gegenseitig unterst\u00fctzendes und sich dynamisch entwickelndes Team<\/li>\n<li>Flexible Arbeitszeiten, M\u00f6glichkeit der Arbeit aus der Ferne<\/li>\n<li>Moderne Werkzeuge und Arbeitsmethoden<\/li>\n<li>M\u00f6glichkeiten der beruflichen Entwicklung<\/li>\n<li>Privat\u00e4rztliche Versorgung<\/li>\n<li>Vollst\u00e4ndig finanzierte Sportkarte<\/li>\n<\/ul>\n<p>&nbsp;<\/p>\n<p>Wenn Sie die oben genannten Anforderungen erf\u00fcllen und motiviert sind, sich uns anzuschlie\u00dfen, senden Sie bitte Ihren Lebenslauf an <strong><span style=\"color: #214d9b;\"><a style=\"color: #214d9b;\" href=\"mailto:office@eucert.pl\">office@eucert.pl<\/a><\/span><\/strong>. Wir freuen uns auf Ihren Besuch!<\/p>\n<p>&nbsp;<\/p>\n<p>Die \u00dcbermittlung personenbezogener Daten an EU-Cert Sp. z&nbsp;o.o. in&nbsp;einem breiteren als dem im&nbsp;Arbeitsgesetzbuch festgelegten Umfang stellt eine Zustimmung zur Verarbeitung dieser Daten durch EU-Cert Sp. z&nbsp;o.o. zum Zweck des Einstellungsverfahrens dar.<\/p>\n              <\/div>\n            <\/div>\n\n          <\/div>\n\n        \n          <div class=\"job-offers__container__content__item\" data-job-offer-item=\"Qualit\u00e4tsmanagement\">\n\n            <button class=\"job-offers__container__content__item__top\" data-job-offer-item-top>\n\n              <div class=\"job-offers__container__content__item__top__icon\">\n                <div><\/div>\n                <i class=\"fa far fa-plus plus\"><\/i>\n                <i class=\"fa far fa-minus minus\"><\/i>\n              <\/div>\n\n              <h3 class=\"title title--5 title--medium title--primary500\">\n                Auditor f\u00fcr Managementsysteme\n              <\/h3>\n\n            <\/button>\n\n            <div class=\"job-offers__container__content__item__content\">\n              <div class=\"wysiwyg\">\n                <p><strong><span style=\"color: #214d9b;\">Ort der Arbeit:<\/span><\/strong> Ganz Polen<\/p>\n<p>&nbsp;<\/p>\n<p><span style=\"color: #214d9b;\"><strong>Anfor<span style=\"color: #333399;\">derungen:<\/span><\/strong><\/span><\/p>\n<p>&nbsp;<\/p>\n<ul>\n<li>Nachgewiesene Erfahrung mit der Pr\u00fcfung von Managementsystemen, z. B.&nbsp;ISO 9001, ISO 14001 &#8211; andere Normen w\u00e4ren von Vorteil<\/li>\n<li>Zertifizierung als leitender Auditor f\u00fcr die oben genannten Managementsysteme<\/li>\n<li>H\u00f6here technische Bildung<\/li>\n<li>Gute Kenntnisse der englischen Sprache in&nbsp;Wort und Schrift w\u00e4ren von Vorteil.<\/li>\n<li>Mindestens 3 Jahre Berufserfahrung<\/li>\n<li>F\u00fchrerschein der Klasse B<\/li>\n<\/ul>\n<p>&nbsp;<\/p>\n<p><span style=\"color: #214d9b;\"><strong>Herzlich willkommen:<\/strong><\/span><\/p>\n<p>&nbsp;<\/p>\n<ul>\n<li>Kenntnis der Anforderungen der EN&nbsp;ISO\/IEC 17020<\/li>\n<li>Kenntnis der Anforderungen der EN&nbsp;ISO\/IEC 17021-1<\/li>\n<li>Kenntnis der Anforderungen der EN&nbsp;ISO\/IEC 17024<\/li>\n<li>Znajomo\u015b\u0107 wymaga\u0144 normy PN-EN ISO\/IEC 17025<\/li>\n<li>Kenntnis der Anforderungen der EN&nbsp;ISO\/IEC 17065<\/li>\n<\/ul>\n<p>&nbsp;<\/p>\n<p><span style=\"color: #214d9b;\"><strong>Verantwortlichkeiten:<\/strong><\/span><\/p>\n<p>&nbsp;<\/p>\n<ul>\n<li>Durchf\u00fchrung von Audits im&nbsp;Rahmen ihrer Zust\u00e4ndigkeit<\/li>\n<li>Akquisition von Kunden f\u00fcr Zertifizierungsdienste<\/li>\n<\/ul>\n<p>&nbsp;<\/p>\n<p><span style=\"color: #214d9b;\"><strong>Die Arbeit bei EU-Cert Sp. z&nbsp;o.o. umfasst: <\/strong><\/span><\/p>\n<p>&nbsp;<\/p>\n<ul>\n<li>Stabile Besch\u00e4ftigung<\/li>\n<li>Ein junges, leidenschaftliches, sich gegenseitig unterst\u00fctzendes und sich dynamisch entwickelndes Team<\/li>\n<li>Flexible Arbeitszeiten, M\u00f6glichkeit der Arbeit aus der Ferne<\/li>\n<li>Moderne Werkzeuge und Arbeitsmethoden<\/li>\n<li>M\u00f6glichkeiten der beruflichen Entwicklung<\/li>\n<li>Privat\u00e4rztliche Versorgung<\/li>\n<li>Vollst\u00e4ndig finanzierte Sportkarte<\/li>\n<\/ul>\n<p>&nbsp;<\/p>\n<p>Wenn Sie die oben genannten Anforderungen erf\u00fcllen und motiviert sind, sich uns anzuschlie\u00dfen, senden Sie bitte Ihren Lebenslauf an <strong><span style=\"color: #214d9b;\"><a style=\"color: #214d9b;\" href=\"mailto:office@eucert.pl\">office@eucert.pl<\/a><\/span><\/strong>. Wir freuen uns auf Ihren Besuch!<\/p>\n<p>&nbsp;<\/p>\n<p>Die \u00dcbermittlung personenbezogener Daten an EU-Cert Sp. z&nbsp;o.o. in&nbsp;einem breiteren als dem im&nbsp;Arbeitsgesetzbuch festgelegten Umfang stellt eine Zustimmung zur Verarbeitung dieser Daten durch EU-Cert Sp. z&nbsp;o.o. zum Zweck des Einstellungsverfahrens dar.<\/p>\n              <\/div>\n            <\/div>\n\n          <\/div>\n\n        \n      <\/div>\n\n    <\/div>\n\n  <\/div>\n<\/section>\n\n<section id=\" \" class=\"two-images acf-block acf-block-id-block_423e9b63ad335b735b2a6f70cdee6b8a two-images--recruitments\">\n\n  <div class=\"two-images__container\">\n\n    <div class=\"two-images__container__item small\">\n      <img decoding=\"async\" src=\"https:\/\/eucert.pl\/app\/uploads\/2023\/08\/rec1-992x456-c-default.webp\" alt=\"\" srcset=\"https:\/\/eucert.pl\/app\/uploads\/2023\/08\/rec1-992x456-c-default.webp 1x, https:\/\/eucert.pl\/app\/uploads\/2023\/08\/rec1-1984x912-c-default.webp 2x\" loading=\"lazy\">\n    <\/div>\n\n    <div class=\"two-images__container__item big\">\n      <img decoding=\"async\" src=\"https:\/\/eucert.pl\/app\/uploads\/2023\/08\/rec2-1824x456-c-default.webp\" alt=\"\" srcset=\"https:\/\/eucert.pl\/app\/uploads\/2023\/08\/rec2-1824x456-c-default.webp 1x, https:\/\/eucert.pl\/app\/uploads\/2023\/08\/rec2-3652x912-c-default.webp 2x\" loading=\"lazy\">\n    <\/div>\n\n  <\/div>\n\n<\/section>","protected":false},"excerpt":{"rendered":"","protected":false},"author":1,"featured_media":0,"parent":0,"menu_order":0,"comment_status":"closed","ping_status":"closed","template":"","meta":{"footnotes":""},"acf":[],"yoast_head":"<!-- This site is optimized with the Yoast SEO plugin v21.3 - https:\/\/yoast.com\/wordpress\/plugins\/seo\/ -->\n<title>Rekrutierung - EU-Cert - Wspieramy Tw\u00f3j Sukces Zgodno\u015bci\u0105<\/title>\n<meta name=\"robots\" content=\"index, follow, max-snippet:-1, max-image-preview:large, max-video-preview:-1\" \/>\n<link rel=\"canonical\" href=\"https:\/\/eucert.pl\/de\/rekrutierung\/\" \/>\n<meta property=\"og:locale\" content=\"de_DE\" \/>\n<meta property=\"og:type\" content=\"article\" \/>\n<meta property=\"og:title\" content=\"Rekrutierung - EU-Cert - Wspieramy Tw\u00f3j Sukces Zgodno\u015bci\u0105\" \/>\n<meta property=\"og:url\" content=\"https:\/\/eucert.pl\/de\/rekrutierung\/\" \/>\n<meta property=\"og:site_name\" content=\"EU-Cert - Wspieramy Tw\u00f3j Sukces Zgodno\u015bci\u0105\" \/>\n<meta property=\"article:modified_time\" content=\"2025-01-24T07:36:40+00:00\" \/>\n<meta name=\"twitter:card\" content=\"summary_large_image\" \/>\n<script type=\"application\/ld+json\" class=\"yoast-schema-graph\">{\"@context\":\"https:\/\/schema.org\",\"@graph\":[{\"@type\":\"WebPage\",\"@id\":\"https:\/\/eucert.pl\/de\/rekrutierung\/\",\"url\":\"https:\/\/eucert.pl\/de\/rekrutierung\/\",\"name\":\"Rekrutierung - EU-Cert - Wspieramy Tw\u00f3j Sukces Zgodno\u015bci\u0105\",\"isPartOf\":{\"@id\":\"https:\/\/eucert.pl\/#website\"},\"datePublished\":\"2023-08-30T06:25:36+00:00\",\"dateModified\":\"2025-01-24T07:36:40+00:00\",\"breadcrumb\":{\"@id\":\"https:\/\/eucert.pl\/de\/rekrutierung\/#breadcrumb\"},\"inLanguage\":\"de-DE\",\"potentialAction\":[{\"@type\":\"ReadAction\",\"target\":[\"https:\/\/eucert.pl\/de\/rekrutierung\/\"]}]},{\"@type\":\"BreadcrumbList\",\"@id\":\"https:\/\/eucert.pl\/de\/rekrutierung\/#breadcrumb\",\"itemListElement\":[{\"@type\":\"ListItem\",\"position\":1,\"name\":\"Strona g\u0142\u00f3wna\",\"item\":\"https:\/\/eucert.pl\/de\/\"},{\"@type\":\"ListItem\",\"position\":2,\"name\":\"Rekrutierung\"}]},{\"@type\":\"WebSite\",\"@id\":\"https:\/\/eucert.pl\/#website\",\"url\":\"https:\/\/eucert.pl\/\",\"name\":\"EU-Cert - Wspieramy Tw\u00f3j Sukces Zgodno\u015bci\u0105\",\"description\":\"\",\"potentialAction\":[{\"@type\":\"SearchAction\",\"target\":{\"@type\":\"EntryPoint\",\"urlTemplate\":\"https:\/\/eucert.pl\/?s={search_term_string}\"},\"query-input\":\"required name=search_term_string\"}],\"inLanguage\":\"de-DE\"}]}<\/script>\n<!-- \/ Yoast SEO plugin. -->","yoast_head_json":{"title":"Rekrutierung - EU-Cert - Wspieramy Tw\u00f3j Sukces Zgodno\u015bci\u0105","robots":{"index":"index","follow":"follow","max-snippet":"max-snippet:-1","max-image-preview":"max-image-preview:large","max-video-preview":"max-video-preview:-1"},"canonical":"https:\/\/eucert.pl\/de\/rekrutierung\/","og_locale":"de_DE","og_type":"article","og_title":"Rekrutierung - EU-Cert - Wspieramy Tw\u00f3j Sukces Zgodno\u015bci\u0105","og_url":"https:\/\/eucert.pl\/de\/rekrutierung\/","og_site_name":"EU-Cert - Wspieramy Tw\u00f3j Sukces Zgodno\u015bci\u0105","article_modified_time":"2025-01-24T07:36:40+00:00","twitter_card":"summary_large_image","schema":{"@context":"https:\/\/schema.org","@graph":[{"@type":"WebPage","@id":"https:\/\/eucert.pl\/de\/rekrutierung\/","url":"https:\/\/eucert.pl\/de\/rekrutierung\/","name":"Rekrutierung - EU-Cert - Wspieramy Tw\u00f3j Sukces Zgodno\u015bci\u0105","isPartOf":{"@id":"https:\/\/eucert.pl\/#website"},"datePublished":"2023-08-30T06:25:36+00:00","dateModified":"2025-01-24T07:36:40+00:00","breadcrumb":{"@id":"https:\/\/eucert.pl\/de\/rekrutierung\/#breadcrumb"},"inLanguage":"de-DE","potentialAction":[{"@type":"ReadAction","target":["https:\/\/eucert.pl\/de\/rekrutierung\/"]}]},{"@type":"BreadcrumbList","@id":"https:\/\/eucert.pl\/de\/rekrutierung\/#breadcrumb","itemListElement":[{"@type":"ListItem","position":1,"name":"Strona g\u0142\u00f3wna","item":"https:\/\/eucert.pl\/de\/"},{"@type":"ListItem","position":2,"name":"Rekrutierung"}]},{"@type":"WebSite","@id":"https:\/\/eucert.pl\/#website","url":"https:\/\/eucert.pl\/","name":"EU-Cert - Wspieramy Tw\u00f3j Sukces Zgodno\u015bci\u0105","description":"","potentialAction":[{"@type":"SearchAction","target":{"@type":"EntryPoint","urlTemplate":"https:\/\/eucert.pl\/?s={search_term_string}"},"query-input":"required name=search_term_string"}],"inLanguage":"de-DE"}]}},"_links":{"self":[{"href":"https:\/\/eucert.pl\/de\/wp-json\/wp\/v2\/pages\/3231"}],"collection":[{"href":"https:\/\/eucert.pl\/de\/wp-json\/wp\/v2\/pages"}],"about":[{"href":"https:\/\/eucert.pl\/de\/wp-json\/wp\/v2\/types\/page"}],"author":[{"embeddable":true,"href":"https:\/\/eucert.pl\/de\/wp-json\/wp\/v2\/users\/1"}],"replies":[{"embeddable":true,"href":"https:\/\/eucert.pl\/de\/wp-json\/wp\/v2\/comments?post=3231"}],"version-history":[{"count":3,"href":"https:\/\/eucert.pl\/de\/wp-json\/wp\/v2\/pages\/3231\/revisions"}],"predecessor-version":[{"id":4741,"href":"https:\/\/eucert.pl\/de\/wp-json\/wp\/v2\/pages\/3231\/revisions\/4741"}],"wp:attachment":[{"href":"https:\/\/eucert.pl\/de\/wp-json\/wp\/v2\/media?parent=3231"}],"curies":[{"name":"wp","href":"https:\/\/api.w.org\/{rel}","templated":true}]}}