{"id":3228,"date":"2023-10-06T14:10:47","date_gmt":"2023-10-06T14:10:47","guid":{"rendered":"https:\/\/eucert.pl\/verordnungen\/"},"modified":"2023-11-23T14:15:45","modified_gmt":"2023-11-23T14:15:45","slug":"verordnungen","status":"publish","type":"page","link":"https:\/\/eucert.pl\/de\/verordnungen\/","title":{"rendered":"Verordnungen"},"content":{"rendered":"<section id=\"\" class=\"text-block text-block--smaller-heading  acf-block acf-block-id-block_9950922765c1781436792df70afc1a83 \">\n\n  <div class=\"container\">\n    <h1 class=\"title title--1 title--medium title--primary500\">Verordnungen<\/h1>\n\n    <div class=\"wysiwyg\">\n      <p><strong>UND ALLGEMEINE NUTZUNGSBEDINGUNGEN DER WEBSITE<\/strong><\/p>\n<p><strong>(GESCH\u00c4FTSORDNUNG)<\/strong><br \/>\n&nbsp;<\/p>\n<ol>\n<li>Das vorliegende Dokument enth\u00e4lt die Bedingungen f\u00fcr den Zugang und die Nutzung der Website, im&nbsp;Folgenden als &#8220;Allgemeine Gesch\u00e4ftsbedingungen&#8221; bezeichnet.<\/li>\n<li>Jeder Nutzer ist verpflichtet, die Allgemeinen Gesch\u00e4ftsbedingungen zu lesen, einzuhalten und zu akzeptieren, sobald er&nbsp;die Website nutzt, ohne Einschr\u00e4nkung oder Vorbehalt.<\/li>\n<li>Wenn Sie nicht mit allen Allgemeinen Gesch\u00e4ftsbedingungen einverstanden sind, m\u00fcssen Sie die Nutzung der Website einstellen und diese unverz\u00fcglich verlassen.<\/li>\n<li>Alle Markennamen, Firmennamen und ihre Logos, die auf der Website verwendet werden, geh\u00f6ren ihren jeweiligen Eigent\u00fcmern und werden nur zu Identifikationszwecken verwendet. Sie k\u00f6nnen eingetragene Marken sein und werden nur zu Identifikationszwecken verwendet. <\/li>\n<li>Die unbefugte Nutzung des Inhalts, der Werke oder der Informationen der Website oder die unbefugte Vervielf\u00e4ltigung, Weitergabe oder sonstige Nutzung eines Elements der Website ist verboten, da dies unter anderem gegen das Urheberrecht oder gesch\u00fctzte Marken versto\u00dfen kann. <\/li>\n<li>Fragen oder Kommentare zur Website k\u00f6nnen an die folgende E-Mail-Adresse geschickt werden: office@eucert.pl.<\/li>\n<\/ol>\n<p>&nbsp;<\/p>\n<p>&nbsp;<\/p>\n<p>&nbsp;<\/p>\n<p><strong>II. DEFINITIONEN 1. WEBSITE &#8211; Inhalt, der im&nbsp;Internet-Netz zur Verf\u00fcgung gestellt wird, mit der Bezeichnung: www.eucert.pl;  <\/strong><\/p>\n<p>&nbsp;<\/p>\n<p>2 BENUTZER &#8211; eine nat\u00fcrliche Person, eine juristische Person oder eine organisatorische Einheit ohne Rechtspers\u00f6nlichkeit, der die Rechtsf\u00e4higkeit gesetzlich zuerkannt ist, die die auf der Website verf\u00fcgbaren Inhalte nutzt;<br \/>\n&nbsp;<br \/>\n3 ALLGEMEINE GESCH\u00c4FTSBEDINGUNGEN &#8211; die Gesamtheit aller Bestimmungen, unter anderem der vorliegenden Allgemeinen Gesch\u00e4ftsbedingungen, der Datenschutzrichtlinie, der Cookies und aller anderen Bedingungen, die auf der Website zu finden sind und sich auf bestimmte Funktionen, Merkmale sowie den Kundendienst beziehen;<br \/>\n&nbsp;<br \/>\n4 EIGENT\u00dcMER &#8211; Anbieter dieser Website: EU-Cert Sp. z&nbsp;o.o., ul.&nbsp;Karola Szymanowskiego 12\/U6, 80-280 Gda\u0144sk, Gesellschaft mit beschr\u00e4nkter Haftung, eingetragen beim Bezirksgericht Gda\u0144sk-P\u00f3\u0142noc in&nbsp;Gda\u0144sk, VII. Wirtschaftsabteilung des Landesgerichtsregisters unter der KRS-Nummer 0000980050. NIP: 5851497842, REGON: 522458663.<br \/>\n&nbsp;<br \/>\n&nbsp;<br \/>\n&nbsp;<\/p>\n<p><strong>II. GELTUNGSBEREICH DER BEDINGUNGEN <\/strong><\/p>\n<p>&nbsp;<\/p>\n<ol>\n<li>Der Eigent\u00fcmer gew\u00e4hrt den Zugang zum Inhalt der Website gem\u00e4\u00df den folgenden allgemeinen Bedingungen.<\/li>\n<li>Die auf der Website ver\u00f6ffentlichten Inhalte und Daten dienen ausschlie\u00dflich Informationszwecken.<\/li>\n<li>Die Nutzer k\u00f6nnen den Zugang und die auf der Website angebotenen Dienste nutzen, sofern sie zuvor den Allgemeinen Gesch\u00e4ftsbedingungen zugestimmt und die entsprechenden Vereinbarungen unterzeichnet haben.<\/li>\n<\/ol>\n<p>&nbsp;<br \/>\n&nbsp;<br \/>\n&nbsp;<\/p>\n<p><strong>III. REGELN F\u00dcR DIE NUTZUNG DER WEBSITE <\/strong><\/p>\n<p>&nbsp;<\/p>\n<p>Die Website wird von allen Arten von Internet-Browsern unterst\u00fctzt. Es&nbsp;sind keine besonderen Eigenschaften des Endger\u00e4ts des Nutzers erforderlich. <\/p>\n<p>(2) Mit der Annahme der Allgemeinen Gesch\u00e4ftsbedingungen ist der Nutzer berechtigt, den Inhalt dieser Website anzusehen, zu kopieren, zu drucken und zu verteilen, ohne den Inhalt zu ver\u00e4ndern, vorausgesetzt, dass: a. der Inhalt nur zu Informationszwecken und f\u00fcr nicht-kommerzielle Zwecke verwendet wird; b.&nbsp;jede Kopie den Urheberrechtshinweis oder die Angaben des Autors des Inhalts enth\u00e4lt. (3) Die Nutzung und das Kopieren von Software, Verfahren und Technologien, die Bestandteil der Website sind, ist untersagt. (4) Die Nutzer d\u00fcrfen die Website nur in&nbsp;\u00dcbereinstimmung mit den Bestimmungen des Telekommunikationsgesetzes, des Gesetzes \u00fcber die Erbringung elektronischer Dienstleistungen und den einschl\u00e4gigen zivilrechtlichen Bestimmungen nutzen. 5. Es&nbsp;ist verboten, die Website zu nutzen: a. in&nbsp;einer Weise, die zu einem Versto\u00df gegen die geltenden Rechtsvorschriften f\u00fchrt; b.&nbsp;in&nbsp;einer ungesetzlichen oder unlauteren Weise oder in&nbsp;einer Weise, die einen ungesetzlichen oder unlauteren Zweck verfolgt; c. Inhalte zu versenden, wissentlich zu empfangen, hochzuladen oder zu nutzen, die nicht mit den Allgemeinen Gesch\u00e4ftsbedingungen \u00fcbereinstimmen; d. unaufgefordertes oder unerlaubtes Werbe- oder Verkaufsf\u00f6rderungsmaterial oder jede andere Form von \u00e4hnlichem Material, das unter die Sammelkategorie SPAM f\u00e4llt, zu \u00fcbermitteln oder zur \u00dcbermittlung zu veranlassen; e. wissentlich Daten zu \u00fcbermitteln, Material zu senden oder hochzuladen, das Viren, trojanische Pferde oder Spyware enth\u00e4lt.<\/p>\n<p>&nbsp;<br \/>\n&nbsp;<br \/>\n&nbsp;<br \/>\n<strong>IV. COOKIES <\/strong><\/p>\n<p>&nbsp;<\/p>\n<ol>\n<li>Die Website verwendet Cookies oder \u00e4hnliche Technologien (im&nbsp;Folgenden zusammenfassend als &#8220;Cookies&#8221; bezeichnet), um Informationen \u00fcber den Zugriff des Nutzers auf die Website (z. B.&nbsp;\u00fcber Computer oder Smartphone) und seine Pr\u00e4ferenzen zu sammeln. Sie werden unter anderem f\u00fcr Werbe- und Statistikzwecke sowie zur Anpassung der Website an die individuellen Bed\u00fcrfnisse des Nutzers verwendet.  <\/li>\n<li>Cookies sind Informationen, die einen eindeutigen Referenzcode enthalten, den eine Website an das Ger\u00e4t eines Nutzers sendet, um Informationen \u00fcber das Ger\u00e4t des Nutzers zu speichern und manchmal auch zu verfolgen, um Informationen \u00fcber das verwendete Ger\u00e4t zu speichern und manchmal auch zu verfolgen. Sie identifizieren den Nutzer normalerweise nicht pers\u00f6nlich. Ihr Hauptzweck besteht darin, die Website besser auf den Nutzer zuzuschneiden.  <\/li>\n<li>Einige der auf der Website vorhandenen Cookies sind nur f\u00fcr die Dauer einer bestimmten Web-Sitzung verf\u00fcgbar und verfallen, wenn der Browser geschlossen wird. Andere Cookies werden verwendet, um sich an den Benutzer zu erinnern, wenn er&nbsp;auf die Website zur\u00fcckkehrt. Sie werden dann f\u00fcr einen l\u00e4ngeren Zeitraum gespeichert.  <\/li>\n<li>Alle auf der Website vorhandenen Cookies werden vom Eigent\u00fcmer gesetzt.<\/li>\n<li>Alle von dieser Website verwendeten Cookies entsprechen dem geltenden Recht der Europ\u00e4ischen Union.<\/li>\n<li>Die meisten Nutzer und einige mobile Browser akzeptieren Cookies automatisch. Wenn Sie diese Einstellungen unver\u00e4ndert lassen, werden Cookies auf Ihrem Ger\u00e4t gespeichert. <\/li>\n<li>Sie k\u00f6nnen Ihre Pr\u00e4ferenzen bez\u00fcglich der Annahme von Cookies \u00e4ndern oder Ihren Browser so einstellen, dass Sie jedes Mal eine entsprechende Benachrichtigung erhalten, wenn die Cookie-Funktion gesetzt wird. Um Ihre Einstellungen zur Annahme von Cookies zu \u00e4ndern, passen Sie die Einstellungen in&nbsp;Ihrem Browser an. <\/li>\n<li>Es&nbsp;ist zu bedenken, dass das Blockieren oder L\u00f6schen von Cookies dazu f\u00fchren kann, dass Sie die Website nicht in&nbsp;vollem Umfang nutzen k\u00f6nnen.<\/li>\n<li>Cookies werden f\u00fcr die Sitzungsverwaltung verwendet, einschlie\u00dflich:<\/li>\n<\/ol>\n<p>a. Erstellung einer speziellen Login-Sitzung f\u00fcr den Nutzer der Website, damit die Website sich merkt, dass der Nutzer eingeloggt ist und seine Anfragen auf effiziente, sichere und konsistente Weise zugestellt werden; <\/p>\n<p>b.&nbsp;Die Erkennung eines Nutzers, der die Website bereits besucht hat, erm\u00f6glicht es&nbsp;uns, die Anzahl der einzelnen Nutzer, die die Website verwendet haben, zu ermitteln und die ausreichende Kapazit\u00e4t der Website f\u00fcr die Anzahl neuer Nutzer festzustellen; <\/p>\n<p>c. Erkennen, ob ein Website-Besucher auf der Website registriert ist; <\/p>\n<p>d. Aufzeichnung von Informationen \u00fcber das Ger\u00e4t des Nutzers, einschlie\u00dflich: Cookies, IP-Adresse und Informationen \u00fcber den verwendeten Browser, um Probleme zu diagnostizieren, zu verwalten und die Nutzung der Website zu verfolgen; <\/p>\n<p>e. Zur Anpassung von Elementen des Layouts oder des Inhalts der Website; <\/p>\n<p>f. Sammlung von statistischen Informationen \u00fcber die Nutzung der Website durch den Benutzer, um die Website zu verbessern und zu ermitteln, welche Bereiche der Website bei den Benutzern am&nbsp;beliebtesten sind. <\/p>\n<p>&nbsp;<br \/>\n&nbsp;<br \/>\n&nbsp;<\/p>\n<p><strong>V. EXTERNE VERBINDUNGEN<\/strong><br \/>\n&nbsp;<\/p>\n<ol>\n<li>Links auf dieser Website zu anderen Websites werden nur zu Informationszwecken bereitgestellt.<\/li>\n<li>Der Inhaber der Website ist nicht verantwortlich f\u00fcr den Inhalt anderer Websites oder f\u00fcr Sch\u00e4den, die durch deren Nutzung entstehen.<\/li>\n<\/ol>\n<p>&nbsp;<br \/>\n&nbsp;<br \/>\n&nbsp;<br \/>\n<strong>VI. ACHTUNG DES GEISTIGEN EIGENTUMS <\/strong><\/p>\n<ol>\n<li>Die Website und ihr Inhalt k\u00f6nnen durch Urheberrechte, Markenrechte und andere Gesetze zum Schutz des geistigen Eigentums gesch\u00fctzt sein.<\/li>\n<li>Die Marken, Logos und andere personalisierte Embleme des Eigent\u00fcmers, die auf der Website erscheinen (zusammenfassend: die &#8220;Marken&#8221;), sind Marken des Eigent\u00fcmers.<\/li>\n<\/ol>\n<p>Mit Ausnahme von gesonderten, individuellen schriftlichen Genehmigungen darf der Nutzer die Marken des Eigent\u00fcmers weder einzeln noch in&nbsp;Kombination mit anderen verbalen oder grafischen Elementen verwenden, insbesondere nicht in&nbsp;Pressemitteilungen, Anzeigen, Werbe- oder Marketingmaterial, in&nbsp;den Medien, in&nbsp;schriftlichem oder m\u00fcndlichem Material, in&nbsp;elektronischer Form, in&nbsp;visueller Form oder in&nbsp;jeder anderen Form.<\/p>\n<p>&nbsp;<br \/>\n&nbsp;<br \/>\n&nbsp;<br \/>\n<strong>VII. SCHUTZ DER NUTZERDATEN <\/strong><\/p>\n<p>&nbsp;<\/p>\n<p>Der Eigent\u00fcmer respektiert die Privatsph\u00e4re der Nutzer in&nbsp;vollem Umfang. Einzelheiten dar\u00fcber, wie die personenbezogenen Daten oder andere Informationen des Nutzers gesammelt und verarbeitet werden, sowie \u00fcber die Situationen, in&nbsp;denen der Eigent\u00fcmer sie offenlegen kann, finden Sie in&nbsp;der Datenschutzrichtlinie. <\/p>\n<p>&nbsp;<br \/>\n&nbsp;<br \/>\n&nbsp;<\/p>\n<p><strong>VII. HAFTUNGSBESCHR\u00c4NKUNG <\/strong><br \/>\n&nbsp;<\/p>\n<ol>\n<li>Die Website enth\u00e4lt Informationen allgemeiner Art. Sie ist nicht dazu bestimmt, professionelle Beratung zu vermitteln. <\/li>\n<li>Die Website bietet keine Garantien in&nbsp;Bezug auf ihren Inhalt, insbesondere keine Garantien in&nbsp;Bezug auf Sicherheit, Fehlerfreiheit, Abwesenheit von Viren oder b\u00f6sartigen Codes, Garantien in&nbsp;Bezug auf den korrekten Betrieb oder die Qualit\u00e4t.<\/li>\n<li>Die Website \u00fcbernimmt keinerlei ausdr\u00fcckliche oder stillschweigende Gew\u00e4hrleistung, einschlie\u00dflich der Gew\u00e4hrleistung der Marktg\u00e4ngigkeit oder der Eignung f\u00fcr einen bestimmten Zweck, der Nichtverletzung von Rechten, der Anpassung an Kundenw\u00fcnsche, der Sicherheit und der Zuverl\u00e4ssigkeit der Informationen.<\/li>\n<li>Die Nutzung der Website erfolgt auf eigenes Risiko des Nutzers, und der Nutzer \u00fcbernimmt die volle Haftung f\u00fcr Sch\u00e4den, die im&nbsp;Zusammenhang mit der Nutzung der Website stehen oder daraus resultieren, unabh\u00e4ngig davon, ob es&nbsp;sich um direkte oder indirekte, zuf\u00e4llige oder Folgesch\u00e4den, Sch\u00e4den mit Strafcharakter oder andere Sch\u00e4den aus Vertrag, unerlaubter Handlung oder Fahrl\u00e4ssigkeit handelt, einschlie\u00dflich, aber nicht beschr\u00e4nkt auf den Verlust von Daten oder Dienstleistungen. <\/li>\n<li>Die Website \u00fcbernimmt keine Verantwortung f\u00fcr die auf der Website angebotenen Links, insbesondere wenn diese zu Websites, Ressourcen oder Tools f\u00fchren, die von Dritten unterhalten werden.<\/li>\n<li>Der Eigent\u00fcmer haftet nicht, wenn die Website aus irgendeinem Grund vor\u00fcbergehend oder dauerhaft nicht verf\u00fcgbar ist.<\/li>\n<li>Der Eigent\u00fcmer ist nicht verantwortlich f\u00fcr die auf der Website bereitgestellten Informationen.<\/li>\n<li>Trotz der Bem\u00fchungen des Eigent\u00fcmers um die Richtigkeit und Aktualit\u00e4t der Website k\u00f6nnen Fehler auftreten, die vom Eigent\u00fcmer nicht beabsichtigt sind und die der Nutzer, wenn er&nbsp;sie entdeckt, dem Eigent\u00fcmer mitteilen muss.<\/li>\n<li>Alle oben genannten Haftungsausschl\u00fcsse und -beschr\u00e4nkungen gelten in&nbsp;vollem gesetzlich zul\u00e4ssigem Umfang f\u00fcr jede Art von Haftung, einschlie\u00dflich der vertraglichen Haftung, der Haftung aus unerlaubter Handlung und jeder anderen Haftung, die nach polnischem oder ausl\u00e4ndischem Recht vorgesehen ist. <\/li>\n<\/ol>\n<p>&nbsp;<br \/>\n&nbsp;<br \/>\n&nbsp;<br \/>\n<strong>VIII. VERH\u00c4LTNIS ZU GESCHLOSSENEN ABKOMMEN <\/strong><br \/>\n&nbsp;<\/p>\n<p>Sofern nicht anders angegeben, stellen die Allgemeinen Gesch\u00e4ftsbedingungen die vollst\u00e4ndige und ersch\u00f6pfende Vereinbarung zwischen dem Nutzer und dem Eigent\u00fcmer hinsichtlich der Nutzung der Website und des darin enthaltenen Inhalts dar und ersetzen alle anderen Vereinbarungen, Absprachen und Vertr\u00e4ge, die den Gegenstand (Inhalt) dieser Allgemeinen Gesch\u00e4ftsbedingungen betreffen.<br \/>\n&nbsp;<br \/>\n&nbsp;<br \/>\n&nbsp;<\/p>\n<p><strong>IX. \u00c4NDERUNG DER BEDINGUNGEN F\u00dcR DIE WEBSITE <\/strong><br \/>\n&nbsp;<\/p>\n<p>(1) Der Inhaber der Website beh\u00e4lt sich das Recht vor, diese Allgemeinen Gesch\u00e4ftsbedingungen jederzeit w\u00e4hrend ihrer G\u00fcltigkeit zu \u00e4ndern, indem er&nbsp;die aktualisierte Version auf der Seite mit den Allgemeinen Gesch\u00e4ftsbedingungen ver\u00f6ffentlicht, die f\u00fcr die Nutzer ab ihrer Ver\u00f6ffentlichung wirksam werden, sofern in&nbsp;den ge\u00e4nderten Allgemeinen Gesch\u00e4ftsbedingungen nichts anderes angegeben ist.<\/p>\n<p>&nbsp;<br \/>\n&nbsp;<br \/>\n&nbsp;<\/p>\n<p><strong>X. STREITBEILEGUNG<\/strong><br \/>\n&nbsp;<\/p>\n<p>(1) Die Parteien vereinbaren, auftretende Streitigkeiten in&nbsp;erster Instanz durch eine g\u00fctliche Einigung vor einem zust\u00e4ndigen Schiedsgericht zu l\u00f6sen (Schiedsklausel).<\/p>\n<p>(2) Ist eine g\u00fctliche Einigung nicht m\u00f6glich, so ist f\u00fcr Streitigkeiten aus diesem Vertrag das Gericht zust\u00e4ndig, in&nbsp;dessen Bezirk der Vermieter seinen Sitz hat.<\/p>\n<p>&nbsp;<br \/>\n&nbsp;<br \/>\n&nbsp;<\/p>\n<p><strong>XI. RECHTSGRUNDLAGE <\/strong><br \/>\n&nbsp;<\/p>\n<p>(1) In&nbsp;Angelegenheiten, die in&nbsp;diesen Allgemeinen Gesch\u00e4ftsbedingungen nicht geregelt sind, gelten die Bestimmungen der einschl\u00e4gigen Gesetze zum Telekommunikationsrecht des Landes, in&nbsp;dem der Website-Betreiber seinen Sitz hat, entsprechend.<\/p>\n    <\/div>\n  <\/div>\n\n<\/section>","protected":false},"excerpt":{"rendered":"","protected":false},"author":1,"featured_media":0,"parent":0,"menu_order":0,"comment_status":"closed","ping_status":"closed","template":"","meta":{"footnotes":""},"acf":[],"yoast_head":"<!-- This site is optimized with the Yoast SEO plugin v21.3 - https:\/\/yoast.com\/wordpress\/plugins\/seo\/ -->\n<title>Verordnungen - EU-Cert - Wspieramy Tw\u00f3j Sukces Zgodno\u015bci\u0105<\/title>\n<meta name=\"robots\" content=\"index, follow, max-snippet:-1, max-image-preview:large, max-video-preview:-1\" \/>\n<link rel=\"canonical\" href=\"https:\/\/eucert.pl\/de\/verordnungen\/\" \/>\n<meta property=\"og:locale\" content=\"de_DE\" \/>\n<meta property=\"og:type\" content=\"article\" \/>\n<meta property=\"og:title\" content=\"Verordnungen - EU-Cert - Wspieramy Tw\u00f3j Sukces Zgodno\u015bci\u0105\" \/>\n<meta property=\"og:url\" content=\"https:\/\/eucert.pl\/de\/verordnungen\/\" \/>\n<meta property=\"og:site_name\" content=\"EU-Cert - Wspieramy Tw\u00f3j Sukces Zgodno\u015bci\u0105\" \/>\n<meta property=\"article:modified_time\" content=\"2023-11-23T14:15:45+00:00\" \/>\n<meta name=\"twitter:card\" content=\"summary_large_image\" \/>\n<script type=\"application\/ld+json\" class=\"yoast-schema-graph\">{\"@context\":\"https:\/\/schema.org\",\"@graph\":[{\"@type\":\"WebPage\",\"@id\":\"https:\/\/eucert.pl\/de\/verordnungen\/\",\"url\":\"https:\/\/eucert.pl\/de\/verordnungen\/\",\"name\":\"Verordnungen - EU-Cert - Wspieramy Tw\u00f3j Sukces Zgodno\u015bci\u0105\",\"isPartOf\":{\"@id\":\"https:\/\/eucert.pl\/#website\"},\"datePublished\":\"2023-10-06T14:10:47+00:00\",\"dateModified\":\"2023-11-23T14:15:45+00:00\",\"breadcrumb\":{\"@id\":\"https:\/\/eucert.pl\/de\/verordnungen\/#breadcrumb\"},\"inLanguage\":\"de-DE\",\"potentialAction\":[{\"@type\":\"ReadAction\",\"target\":[\"https:\/\/eucert.pl\/de\/verordnungen\/\"]}]},{\"@type\":\"BreadcrumbList\",\"@id\":\"https:\/\/eucert.pl\/de\/verordnungen\/#breadcrumb\",\"itemListElement\":[{\"@type\":\"ListItem\",\"position\":1,\"name\":\"Strona g\u0142\u00f3wna\",\"item\":\"https:\/\/eucert.pl\/de\/\"},{\"@type\":\"ListItem\",\"position\":2,\"name\":\"Verordnungen\"}]},{\"@type\":\"WebSite\",\"@id\":\"https:\/\/eucert.pl\/#website\",\"url\":\"https:\/\/eucert.pl\/\",\"name\":\"EU-Cert - Wspieramy Tw\u00f3j Sukces Zgodno\u015bci\u0105\",\"description\":\"\",\"potentialAction\":[{\"@type\":\"SearchAction\",\"target\":{\"@type\":\"EntryPoint\",\"urlTemplate\":\"https:\/\/eucert.pl\/?s={search_term_string}\"},\"query-input\":\"required name=search_term_string\"}],\"inLanguage\":\"de-DE\"}]}<\/script>\n<!-- \/ Yoast SEO plugin. -->","yoast_head_json":{"title":"Verordnungen - EU-Cert - Wspieramy Tw\u00f3j Sukces Zgodno\u015bci\u0105","robots":{"index":"index","follow":"follow","max-snippet":"max-snippet:-1","max-image-preview":"max-image-preview:large","max-video-preview":"max-video-preview:-1"},"canonical":"https:\/\/eucert.pl\/de\/verordnungen\/","og_locale":"de_DE","og_type":"article","og_title":"Verordnungen - EU-Cert - Wspieramy Tw\u00f3j Sukces Zgodno\u015bci\u0105","og_url":"https:\/\/eucert.pl\/de\/verordnungen\/","og_site_name":"EU-Cert - Wspieramy Tw\u00f3j Sukces Zgodno\u015bci\u0105","article_modified_time":"2023-11-23T14:15:45+00:00","twitter_card":"summary_large_image","schema":{"@context":"https:\/\/schema.org","@graph":[{"@type":"WebPage","@id":"https:\/\/eucert.pl\/de\/verordnungen\/","url":"https:\/\/eucert.pl\/de\/verordnungen\/","name":"Verordnungen - EU-Cert - Wspieramy Tw\u00f3j Sukces Zgodno\u015bci\u0105","isPartOf":{"@id":"https:\/\/eucert.pl\/#website"},"datePublished":"2023-10-06T14:10:47+00:00","dateModified":"2023-11-23T14:15:45+00:00","breadcrumb":{"@id":"https:\/\/eucert.pl\/de\/verordnungen\/#breadcrumb"},"inLanguage":"de-DE","potentialAction":[{"@type":"ReadAction","target":["https:\/\/eucert.pl\/de\/verordnungen\/"]}]},{"@type":"BreadcrumbList","@id":"https:\/\/eucert.pl\/de\/verordnungen\/#breadcrumb","itemListElement":[{"@type":"ListItem","position":1,"name":"Strona g\u0142\u00f3wna","item":"https:\/\/eucert.pl\/de\/"},{"@type":"ListItem","position":2,"name":"Verordnungen"}]},{"@type":"WebSite","@id":"https:\/\/eucert.pl\/#website","url":"https:\/\/eucert.pl\/","name":"EU-Cert - Wspieramy Tw\u00f3j Sukces Zgodno\u015bci\u0105","description":"","potentialAction":[{"@type":"SearchAction","target":{"@type":"EntryPoint","urlTemplate":"https:\/\/eucert.pl\/?s={search_term_string}"},"query-input":"required name=search_term_string"}],"inLanguage":"de-DE"}]}},"_links":{"self":[{"href":"https:\/\/eucert.pl\/de\/wp-json\/wp\/v2\/pages\/3228"}],"collection":[{"href":"https:\/\/eucert.pl\/de\/wp-json\/wp\/v2\/pages"}],"about":[{"href":"https:\/\/eucert.pl\/de\/wp-json\/wp\/v2\/types\/page"}],"author":[{"embeddable":true,"href":"https:\/\/eucert.pl\/de\/wp-json\/wp\/v2\/users\/1"}],"replies":[{"embeddable":true,"href":"https:\/\/eucert.pl\/de\/wp-json\/wp\/v2\/comments?post=3228"}],"version-history":[{"count":2,"href":"https:\/\/eucert.pl\/de\/wp-json\/wp\/v2\/pages\/3228\/revisions"}],"predecessor-version":[{"id":3230,"href":"https:\/\/eucert.pl\/de\/wp-json\/wp\/v2\/pages\/3228\/revisions\/3230"}],"wp:attachment":[{"href":"https:\/\/eucert.pl\/de\/wp-json\/wp\/v2\/media?parent=3228"}],"curies":[{"name":"wp","href":"https:\/\/api.w.org\/{rel}","templated":true}]}}