{"id":3224,"date":"2023-08-30T12:10:35","date_gmt":"2023-08-30T12:10:35","guid":{"rendered":"https:\/\/eucert.pl\/eu-cert-politik\/"},"modified":"2025-07-29T09:45:06","modified_gmt":"2025-07-29T09:45:06","slug":"eu-cert-politik","status":"publish","type":"page","link":"https:\/\/eucert.pl\/de\/eu-cert-politik\/","title":{"rendered":"EU-Cert-Politik"},"content":{"rendered":"\n<p><\/p>\n\n\n<section id=\"\" class=\"text-block text-block--smaller-heading  acf-block acf-block-id-block_06e3d33188a49e065279a1205d509eba \">\n\n  <div class=\"container\">\n    <h1 class=\"title title--1 title--medium title--primary500\">EU-Cert LLC Politik zur Zulassung von Schwei\u00dfpersonal gem\u00e4\u00df ISO 17024  <br \/><\/h1>\n\n    <div class=\"wysiwyg\">\n      <p>EU-Cert Sp. z&nbsp;o.o. ist eine Zertifizierungsstelle, die sich mit der Zulassung von Schwei\u00dfpersonal gem\u00e4\u00df den Anforderungen der Norm PN-EN ISO IEC 17024 und der Richtlinie 2014\/68\/EU befasst. EU-Cert Sp. z&nbsp;o.o. verfolgt die Hauptziele, d.h.:<\/p>\n<p>&nbsp;<\/p>\n<ul>\n<li>die Erbringung von Dienstleistungen im&nbsp;Bereich der Personalzulassung in&nbsp;\u00dcbereinstimmung mit den Anforderungen der einschl\u00e4gigen Normen und Vorschriften,<\/li>\n<li>das Vertrauen der Kunden zu gewinnen und ihre Zufriedenheit zu erreichen,<\/li>\n<li>das Vertrauen anderer Zertifizierungsbeteiligter zu gewinnen,<\/li>\n<li>eine etablierte Position auf dem Markt einnehmen.<\/li>\n<\/ul>\n<p>&nbsp;<\/p>\n<p>Die Verwirklichung dieser Ziele ist m\u00f6glich durch:<\/p>\n<p>&nbsp;<\/p>\n<ul>\n<li>die Besch\u00e4ftigung von kompetentem Personal,<\/li>\n<li>die Wahrung der Unparteilichkeit und Unabh\u00e4ngigkeit des Personals und der T\u00e4tigkeiten,<\/li>\n<li>zuverl\u00e4ssige und p\u00fcnktliche Erbringung von Dienstleistungen,<\/li>\n<li>Gew\u00e4hrleistung der Vertraulichkeit,<\/li>\n<li>kontinuierliche Verbesserung der implementierten Prozesse.<\/li>\n<\/ul>\n<p>&nbsp;<\/p>\n<p>EU-Cert Sp. z&nbsp;o.o. bietet seine Dienstleistungen allen Antragstellern an, und die angebotenen Dienstleistungen h\u00e4ngen nicht von der Anzahl der bereits ausgestellten Zertifikate ab. Das Unternehmen stellt keine \u00fcberm\u00e4\u00dfigen finanziellen oder sonstigen Bedingungen und beschr\u00e4nkt seine Anforderungen und T\u00e4tigkeiten nur auf Fragen, die mit dem Gegenstand und dem Umfang der Zertifizierung zusammenh\u00e4ngen.<\/p>\n<p>&nbsp;<\/p>\n<p>EU-Cert Sp. z&nbsp;o.o. f\u00fchrt Bewertungen mit Unparteilichkeit gegen\u00fcber Bewerbern, Kandidaten und zertifizierten Personen durch &#8211; identifiziert Gefahren f\u00fcr die Unparteilichkeit in&nbsp;laufenden Aktivit\u00e4ten und ergreift geeignete Ma\u00dfnahmen im&nbsp;Falle von Interessenkonflikten. Die Mitarbeiter des Referats lassen sich nicht unter kommerziellen, finanziellen oder sonstigen Druck setzen, beteiligen sich nicht an der Entwicklung, Herstellung und Instandhaltung von Verfahren, vertreten keine Parteien, die an solchen T\u00e4tigkeiten oder an der Ausbildung von Schwei\u00dfpersonal beteiligt sind, beteiligen sich nicht an T\u00e4tigkeiten, die die Unabh\u00e4ngigkeit des Urteils und die Glaubw\u00fcrdigkeit beeintr\u00e4chtigen k\u00f6nnten, und beraten sich nicht mit ihren Kunden.<\/p>\n<p>&nbsp;<\/p>\n<p>Die bei EU-Cert Ltd. etablierten Prozesse erm\u00f6glichen eine effektive Arbeitsweise in&nbsp;\u00dcbereinstimmung mit den geltenden Anforderungen. Die f\u00fcr die Zertifizierung von Personen angenommenen Richtlinien und Verfahren sind fair gegen\u00fcber allen Antragstellern, Kandidaten und zertifizierten Personen.<\/p>\n<p>&nbsp;<\/p>\n<p>Die Gesch\u00e4ftsf\u00fchrung von EU-Cert Sp. z&nbsp;o.o. verpflichtet sich zur Unparteilichkeit ihrer T\u00e4tigkeit und stellt die notwendigen Mittel zur Umsetzung dieser Politik und der gesetzten Ziele zur Verf\u00fcgung.<\/p>\n<p>&nbsp;<\/p>\n<p>Im&nbsp;Auftrag der Gesch\u00e4ftsf\u00fchrung<br \/>\nGesch\u00e4ftsf\u00fchrender Direktor<br \/>\nAndrzej Madejski<\/p>\n<p>Danzig, 2025-06-17<\/p>\n    <\/div>\n  <\/div>\n\n<\/section>\n\n<section id=\"\" class=\"text-block text-block--smaller-heading text-block--no-padding-top acf-block acf-block-id-block_c2fb498743982413e88314113562e637 \">\n\n  <div class=\"container\">\n    <h2 class=\"title title--1 title--medium title--primary500\">Die Politik der EU-Cert Sp. z&nbsp;o.o. zur Produkt- und Prozesszertifizierung nach ISO 17065 und zur Inspektion nach ISO 17020 <br \/><\/h2>\n\n    <div class=\"wysiwyg\">\n      <p>EU-Cert Sp. z&nbsp;o.o. ist eine Zertifizierungs- und Inspektionsstelle, die Konformit\u00e4tsbewertungen von Produkten und Prozessen gem\u00e4\u00df den Anforderungen der Norm PN-EN ISO\/IEC 17065 sowie Inspektionen im&nbsp;Bereich der Druckger\u00e4te und die Zulassung von Betriebsverfahren f\u00fcr nicht trennbare Verbindungen gem\u00e4\u00df den Anforderungen der Norm PN-EN ISO\/IEC 17020 durchf\u00fchrt und dabei folgende Hauptziele verfolgt<\/p>\n<p>&nbsp;<\/p>\n<ul>\n<li>Erbringung von Konformit\u00e4tsbewertungsdiensten in&nbsp;\u00dcbereinstimmung mit den Anforderungen der einschl\u00e4gigen Normen und Vorschriften,<\/li>\n<li>das Vertrauen der Kunden zu gewinnen und ihre Zufriedenheit zu erreichen,<\/li>\n<li>um das Vertrauen der anderen Beteiligten in&nbsp;die Zertifizierung oder Inspektion zu gewinnen,<\/li>\n<li>eine etablierte Position auf dem Markt einnehmen.<\/li>\n<\/ul>\n<p>&nbsp;<\/p>\n<p>Die Verwirklichung dieser Ziele ist m\u00f6glich durch:<\/p>\n<p>&nbsp;<\/p>\n<ul>\n<li>die Besch\u00e4ftigung von kompetentem Personal,<\/li>\n<li>die Wahrung der Unparteilichkeit und Unabh\u00e4ngigkeit des Personals und der T\u00e4tigkeiten,<\/li>\n<li>zuverl\u00e4ssige und p\u00fcnktliche Erbringung von Dienstleistungen,<\/li>\n<li>Gew\u00e4hrleistung der Vertraulichkeit,<\/li>\n<li>kontinuierliche Verbesserung der implementierten Prozesse,<\/li>\n<\/ul>\n<p>&nbsp;<\/p>\n<p>EU-Cert Sp. z&nbsp;o.o. bietet seine Dienstleistungen allen Unternehmen an, unabh\u00e4ngig von ihrer Gr\u00f6\u00dfe, Kapitalverflechtung oder Mitgliedschaft in&nbsp;einem Verband. Die angebotenen Dienstleistungen h\u00e4ngen auch nicht von der Anzahl der bereits ausgestellten Zertifikate ab. Das Unternehmen stellt keine \u00fcberm\u00e4\u00dfigen finanziellen oder sonstigen Bedingungen und beschr\u00e4nkt seine Anforderungen und T\u00e4tigkeiten ausschlie\u00dflich auf Fragen, die mit dem Gegenstand und Umfang der Zertifizierung oder Inspektion zusammenh\u00e4ngen.<\/p>\n<p>&nbsp;<\/p>\n<p>EU-Cert Sp. z&nbsp;o.o. f\u00fchrt Bewertungen mit Unparteilichkeit durch &#8211; sie identifiziert Gefahren f\u00fcr die Unparteilichkeit bei laufenden Aktivit\u00e4ten und ergreift geeignete Ma\u00dfnahmen im&nbsp;Falle eines Interessenkonflikts. Die Mitarbeiter des Referats lassen sich nicht unter kommerziellen, finanziellen oder sonstigen Druck setzen, sind nicht an der Entwicklung oder Herstellung der zu bewertenden Produkte beteiligt, vertreten keine an solchen T\u00e4tigkeiten beteiligten Parteien, \u00fcben keine T\u00e4tigkeiten aus, die die Unabh\u00e4ngigkeit des Urteils und die Glaubw\u00fcrdigkeit beeintr\u00e4chtigen k\u00f6nnten, und konsultieren nicht ihre Kunden.<\/p>\n<p>&nbsp;<\/p>\n<p>Die bei EU-Cert Ltd. etablierten Prozesse erm\u00f6glichen ein effektives Arbeiten im&nbsp;Einklang mit den geltenden Anforderungen.<\/p>\n<p>&nbsp;<\/p>\n<p>Die Gesch\u00e4ftsf\u00fchrung von EU-Cert Sp. z&nbsp;o.o. verpflichtet sich zur Unparteilichkeit ihrer T\u00e4tigkeit und stellt die notwendigen Mittel zur Umsetzung dieser Politik und der gesetzten Ziele zur Verf\u00fcgung.<\/p>\n<p>&nbsp;<\/p>\n<p>Im&nbsp;Auftrag der Gesch\u00e4ftsf\u00fchrung<br \/>\nGesch\u00e4ftsf\u00fchrender Direktor<br \/>\nAndrzej Madejski<\/p>\n<p>Danzig, 2025-06-17<\/p>\n    <\/div>\n  <\/div>\n\n<\/section>","protected":false},"excerpt":{"rendered":"","protected":false},"author":1,"featured_media":0,"parent":0,"menu_order":0,"comment_status":"closed","ping_status":"closed","template":"","meta":{"footnotes":""},"acf":[],"yoast_head":"<!-- This site is optimized with the Yoast SEO plugin v21.3 - https:\/\/yoast.com\/wordpress\/plugins\/seo\/ -->\n<title>EU-Cert-Politik - EU-Cert - Wspieramy Tw\u00f3j Sukces Zgodno\u015bci\u0105<\/title>\n<meta name=\"robots\" content=\"index, follow, max-snippet:-1, max-image-preview:large, max-video-preview:-1\" \/>\n<link rel=\"canonical\" href=\"https:\/\/eucert.pl\/de\/eu-cert-politik\/\" \/>\n<meta property=\"og:locale\" content=\"de_DE\" \/>\n<meta property=\"og:type\" content=\"article\" \/>\n<meta property=\"og:title\" content=\"EU-Cert-Politik - EU-Cert - Wspieramy Tw\u00f3j Sukces Zgodno\u015bci\u0105\" \/>\n<meta property=\"og:url\" content=\"https:\/\/eucert.pl\/de\/eu-cert-politik\/\" \/>\n<meta property=\"og:site_name\" content=\"EU-Cert - Wspieramy Tw\u00f3j Sukces Zgodno\u015bci\u0105\" \/>\n<meta property=\"article:modified_time\" content=\"2025-07-29T09:45:06+00:00\" \/>\n<meta name=\"twitter:card\" content=\"summary_large_image\" \/>\n<script type=\"application\/ld+json\" class=\"yoast-schema-graph\">{\"@context\":\"https:\/\/schema.org\",\"@graph\":[{\"@type\":\"WebPage\",\"@id\":\"https:\/\/eucert.pl\/de\/eu-cert-politik\/\",\"url\":\"https:\/\/eucert.pl\/de\/eu-cert-politik\/\",\"name\":\"EU-Cert-Politik - EU-Cert - Wspieramy Tw\u00f3j Sukces Zgodno\u015bci\u0105\",\"isPartOf\":{\"@id\":\"https:\/\/eucert.pl\/#website\"},\"datePublished\":\"2023-08-30T12:10:35+00:00\",\"dateModified\":\"2025-07-29T09:45:06+00:00\",\"breadcrumb\":{\"@id\":\"https:\/\/eucert.pl\/de\/eu-cert-politik\/#breadcrumb\"},\"inLanguage\":\"de-DE\",\"potentialAction\":[{\"@type\":\"ReadAction\",\"target\":[\"https:\/\/eucert.pl\/de\/eu-cert-politik\/\"]}]},{\"@type\":\"BreadcrumbList\",\"@id\":\"https:\/\/eucert.pl\/de\/eu-cert-politik\/#breadcrumb\",\"itemListElement\":[{\"@type\":\"ListItem\",\"position\":1,\"name\":\"Strona g\u0142\u00f3wna\",\"item\":\"https:\/\/eucert.pl\/de\/\"},{\"@type\":\"ListItem\",\"position\":2,\"name\":\"EU-Cert-Politik\"}]},{\"@type\":\"WebSite\",\"@id\":\"https:\/\/eucert.pl\/#website\",\"url\":\"https:\/\/eucert.pl\/\",\"name\":\"EU-Cert - Wspieramy Tw\u00f3j Sukces Zgodno\u015bci\u0105\",\"description\":\"\",\"potentialAction\":[{\"@type\":\"SearchAction\",\"target\":{\"@type\":\"EntryPoint\",\"urlTemplate\":\"https:\/\/eucert.pl\/?s={search_term_string}\"},\"query-input\":\"required name=search_term_string\"}],\"inLanguage\":\"de-DE\"}]}<\/script>\n<!-- \/ Yoast SEO plugin. -->","yoast_head_json":{"title":"EU-Cert-Politik - EU-Cert - Wspieramy Tw\u00f3j Sukces Zgodno\u015bci\u0105","robots":{"index":"index","follow":"follow","max-snippet":"max-snippet:-1","max-image-preview":"max-image-preview:large","max-video-preview":"max-video-preview:-1"},"canonical":"https:\/\/eucert.pl\/de\/eu-cert-politik\/","og_locale":"de_DE","og_type":"article","og_title":"EU-Cert-Politik - EU-Cert - Wspieramy Tw\u00f3j Sukces Zgodno\u015bci\u0105","og_url":"https:\/\/eucert.pl\/de\/eu-cert-politik\/","og_site_name":"EU-Cert - Wspieramy Tw\u00f3j Sukces Zgodno\u015bci\u0105","article_modified_time":"2025-07-29T09:45:06+00:00","twitter_card":"summary_large_image","schema":{"@context":"https:\/\/schema.org","@graph":[{"@type":"WebPage","@id":"https:\/\/eucert.pl\/de\/eu-cert-politik\/","url":"https:\/\/eucert.pl\/de\/eu-cert-politik\/","name":"EU-Cert-Politik - EU-Cert - Wspieramy Tw\u00f3j Sukces Zgodno\u015bci\u0105","isPartOf":{"@id":"https:\/\/eucert.pl\/#website"},"datePublished":"2023-08-30T12:10:35+00:00","dateModified":"2025-07-29T09:45:06+00:00","breadcrumb":{"@id":"https:\/\/eucert.pl\/de\/eu-cert-politik\/#breadcrumb"},"inLanguage":"de-DE","potentialAction":[{"@type":"ReadAction","target":["https:\/\/eucert.pl\/de\/eu-cert-politik\/"]}]},{"@type":"BreadcrumbList","@id":"https:\/\/eucert.pl\/de\/eu-cert-politik\/#breadcrumb","itemListElement":[{"@type":"ListItem","position":1,"name":"Strona g\u0142\u00f3wna","item":"https:\/\/eucert.pl\/de\/"},{"@type":"ListItem","position":2,"name":"EU-Cert-Politik"}]},{"@type":"WebSite","@id":"https:\/\/eucert.pl\/#website","url":"https:\/\/eucert.pl\/","name":"EU-Cert - Wspieramy Tw\u00f3j Sukces Zgodno\u015bci\u0105","description":"","potentialAction":[{"@type":"SearchAction","target":{"@type":"EntryPoint","urlTemplate":"https:\/\/eucert.pl\/?s={search_term_string}"},"query-input":"required name=search_term_string"}],"inLanguage":"de-DE"}]}},"_links":{"self":[{"href":"https:\/\/eucert.pl\/de\/wp-json\/wp\/v2\/pages\/3224"}],"collection":[{"href":"https:\/\/eucert.pl\/de\/wp-json\/wp\/v2\/pages"}],"about":[{"href":"https:\/\/eucert.pl\/de\/wp-json\/wp\/v2\/types\/page"}],"author":[{"embeddable":true,"href":"https:\/\/eucert.pl\/de\/wp-json\/wp\/v2\/users\/1"}],"replies":[{"embeddable":true,"href":"https:\/\/eucert.pl\/de\/wp-json\/wp\/v2\/comments?post=3224"}],"version-history":[{"count":3,"href":"https:\/\/eucert.pl\/de\/wp-json\/wp\/v2\/pages\/3224\/revisions"}],"predecessor-version":[{"id":5103,"href":"https:\/\/eucert.pl\/de\/wp-json\/wp\/v2\/pages\/3224\/revisions\/5103"}],"wp:attachment":[{"href":"https:\/\/eucert.pl\/de\/wp-json\/wp\/v2\/media?parent=3224"}],"curies":[{"name":"wp","href":"https:\/\/api.w.org\/{rel}","templated":true}]}}