{"id":3220,"date":"2023-10-13T11:19:58","date_gmt":"2023-10-13T11:19:58","guid":{"rendered":"https:\/\/eucert.pl\/datenschutzbestimmungen\/"},"modified":"2023-11-23T13:49:42","modified_gmt":"2023-11-23T13:49:42","slug":"datenschutzbestimmungen-2","status":"publish","type":"page","link":"https:\/\/eucert.pl\/de\/datenschutzbestimmungen-2\/","title":{"rendered":"Datenschutzbestimmungen"},"content":{"rendered":"\n<p><\/p>\n<section id=\"\" class=\"text-block text-block--smaller-heading  acf-block acf-block-id-block_259cc10eacb6b452c19bc4f7adfa53ef \">\n\n  <div class=\"container\">\n    <h1 class=\"title title--1 title--medium title--primary500\">Datenschutzbestimmungen<\/h1>\n\n    <div class=\"wysiwyg\">\n      <p>u003colu003ern tu003cliu003eF\u00fcr den Eigent\u00fcmer dieser Website ist der Schutz der pers\u00f6nlichen Daten der Benutzer von gr\u00f6\u00dfter Bedeutung. Wir unternehmen gro\u00dfe Anstrengungen, damit sich die Benutzer sicher f\u00fchlen, wenn sie ihre pers\u00f6nlichen Daten bei der Nutzung der Website anvertrauen.u003c\/liu003ern tu003cliu003eDer Benutzer ist eine nat\u00fcrliche Person, eine juristische Person oder eine organisatorische Einheit ohne Rechtspers\u00f6nlichkeit, der das Gesetz Rechtsf\u00e4higkeit verleiht, die die auf der Website verf\u00fcgbaren elektronischen Dienste nutzt. u003c\/liu003ern tu003cliu003eDiese Datenschutzerkl\u00e4rung erl\u00e4utert die Grunds\u00e4tze und den Umfang der Verarbeitung der personenbezogenen Daten des Nutzers, die Rechte des Nutzers sowie die Pflichten des f\u00fcr die Verarbeitung dieser Daten Verantwortlichen und informiert auch \u00fcber die Verwendung von Cookies.u003c\/liu003ern tu003cliu003eDer f\u00fcr die Verarbeitung Verantwortliche setzt die modernsten technischen Ma\u00dfnahmen und organisatorischen L\u00f6sungen ein, um ein hohes Schutzniveau der verarbeiteten personenbezogenen Daten und Sicherheit vor unbefugtem Zugriff zu gew\u00e4hrleisten. Gem\u00e4\u00df Artikel 13 Absatz 1 und 2 der Allgemeinen Datenschutzverordnung vom 27. April 2016* informieren wir Sie, dass:u003c\/liu003ernu003c\/olu003ernu003ch5u003eu003c\/h5u003ernu0026nbsp;rnrnu0026nbsp;rnu003ch5u003eI. VERWALTER DER PERSONENBEZOGENEN DATENu003c\/h5u003ernu0026nbsp;rnrnDer Verwalter der personenbezogenen Daten ist EU-Cert Sp. z&nbsp;o.o. mit Sitz in&nbsp;ul.&nbsp;Karola Szymanowskiego 12\/U6 in&nbsp;Gda\u0144sk (80-280), eingetragen im&nbsp;Unternehmerregister des Bezirksgerichts Gda\u0144sk &#8211; Nord in&nbsp;Gda\u0144sk, VIII. Wirtschaftsabteilung des Landesgerichtsregisters, unter der KRS-Nummer: 0000980050, NIP: 5851497842 (im&nbsp;Folgenden: Inhaber0022). rnu003ch5u003eu003c\/h5u003ernu003ch5u003eu003c\/h5u003ernu0026nbsp;rnrnu0026nbsp;rnu003ch5u003eII. ZWECK DER VERARBEITUNG PERSONENBEZOGENER DATENu003c\/h5u003ernu0026nbsp;rnu003colu003ern tu003cliu003eDer Administrator verarbeitet die personenbezogenen Daten des Nutzers, um: zur Erbringung von Dienstleistungen oder zur Durchf\u00fchrung von Marketing-\/Kommerzkommunikation mittels elektronischer Kommunikation (insbesondere elektronische Post, Telefonanrufe, SMS-Nachrichten, MMS-Nachrichten) unter Ber\u00fccksichtigung der Bestimmungen des Telekommunikationsgesetzes und der Bestimmungen des Gesetzes \u00fcber die Erbringung von Dienstleistungen auf elektronischem Wege oder anderer Bestimmungen, die diesen Zweck und die Mittel zu dessen Erreichung regeln. u003c\/liu003ern tu003cliu003eDer Nutzer kann sich auch damit einverstanden erkl\u00e4ren, Informationen \u00fcber Neuigkeiten zu erhalten, was ebenfalls dazu f\u00fchrt, dass der f\u00fcr die Verarbeitung Verantwortliche personenbezogene Daten verarbeitet, um dem Nutzer kommerzielle Informationen, unter anderem \u00fcber neue Dienstleistungen, zukommen zu lassen.u003c\/liu003ern tu003cliu003e Personenbezogene Daten werden auch im&nbsp;Rahmen der Erf\u00fcllung der dem f\u00fcr die Verarbeitung Verantwortlichen obliegenden gesetzlichen Verpflichtungen und der Erf\u00fcllung von Aufgaben im&nbsp;\u00f6ffentlichen Interesse verarbeitet, unter anderem zur Erf\u00fcllung von Aufgaben im&nbsp;Zusammenhang mit Sicherheit und Verteidigung oder der Aufbewahrung von Steuerunterlagen. u003c\/liu003ern tu003cliu003ePersonenbezogene Daten k\u00f6nnen auch zum Zwecke der Direktvermarktung von Produkten, der Sicherung und Durchsetzung von Anspr\u00fcchen oder des Schutzes vor Anspr\u00fcchen des Nutzers oder eines Dritten sowie f\u00fcr die Vermarktung von Dienstleistungen und Produkten Dritter oder f\u00fcr unser eigenes Marketing, das kein Direktmarketing ist, verarbeitet werden. u003c\/liu003ernu003c\/olu003ernu003ch5u003eu003c\/h5u003ernu003ch5u003eu003c\/h5u003ernu0026nbsp;rnrnu0026nbsp;rnu003ch5u003eIII. ART DER DATENu003c\/h5u003ernu0026nbsp;rnu003colu003ern tu003cliu003eDer Verwalter verarbeitet die folgenden personenbezogenen Daten, deren Bereitstellung notwendig ist f\u00fcr:u003c\/liu003ernu003c\/olu003ern1.a. Registrierung auf der Website:rnrnimrnim&#8217;s vollst\u00e4ndiger Name;rnrnaddress email;rnrnu0026nbsp;rnrn1.b. Erbringung der Dienstleistungen:rnrnnNamensangabe;rnrnAdresse;rnrnTelefonnummer;rnrnE-Mail-Adresse;rnrnu0026nbsp;rnrn1.c. Fakultative Angaben des Benutzers:rnrnGeburtsdatum;rnrnnPESEL-Nummer;rnrnnNIP-Nummer (wenn eine Rechnung f\u00fcr einen Unternehmer beantragt wird).rnrnu0026nbsp;rnrnu0026nbsp;rnrnu0026nbsp;rnrnu003ch5u003eIV. RECHTSGRUNDLAGE DER VERARBEITUNG PERS\u00d6NLICHE DATENu003c\/h5u003ernu0026nbsp;rnu003colu003ern tu003cliu003ePersonenbezogene Daten werden gem\u00e4\u00df den Bestimmungen der Verordnung (EU) 2016\/679 des Europ\u00e4ischen Parlaments und des Rates vom 27. April 2016 zum Schutz nat\u00fcrlicher Personen bei der Verarbeitung personenbezogener Daten, zum freien Datenverkehr und zur Aufhebung der Richtlinie 95\/46\/EG (Datenschutz-Grundverordnung), ABl. L 119 vom 4. 05.2016, S. 1-88, im&nbsp;Folgenden als &#8220;RODOu0022-Verordnung&#8221; bezeichnet.u003c\/liu003ern tu003cliu003eDer f\u00fcr die Verarbeitung Verantwortliche verarbeitet personenbezogene Daten nur mit vorheriger Einwilligung des Nutzers. u003c\/liu003ern tu003cliu003eDie Zustimmung zur Verarbeitung personenbezogener Daten ist vollkommen freiwillig.u003c\/liu003ernu003c\/olu003ernu003ch5u003eu003c\/h5u003ernu003ch5u003eu003c\/h5u003ernu0026nbsp;rnrnu0026nbsp;rnu003ch5u003eV. RECHTE DES BENUTZERSu003c\/h5u003ernu0026nbsp;rnu003colu003ern tu003cliu003eDer Benutzer kann jederzeit von dem f\u00fcr die Verarbeitung Verantwortlichen Auskunft \u00fcber den Umfang der Verarbeitung personenbezogener Daten verlangen. u003c\/liu003ern tu003cliu003eDer Nutzer kann jederzeit die Korrektur oder Berichtigung seiner personenbezogenen Daten verlangen.u003c\/liu003ern tu003cliu003eDer Nutzer kann seine Zustimmung zur Verarbeitung seiner personenbezogenen Daten jederzeit ohne Angabe von Gr\u00fcnden zur\u00fcckziehen. Der Antrag, die Daten nicht zu verarbeiten, kann sich auf einen bestimmten, vom Nutzer angegebenen Verarbeitungszweck beziehen, z. B.&nbsp;den Widerruf der Zustimmung zum Erhalt kommerzieller Informationen, oder auf alle Zwecke der Datenverarbeitung. Der Widerruf der Zustimmung zu allen Verarbeitungszwecken hat zur Folge, dass das Konto des Nutzers von der Website gel\u00f6scht wird, zusammen mit allen personenbezogenen Daten des Nutzers, die zuvor vom Verwalter verarbeitet wurden. Der Widerruf der Zustimmung hat keinen Einfluss auf die bereits durchgef\u00fchrten Aktivit\u00e4ten.u003c\/liu003ern tu003cliu003eDer Nutzer kann jederzeit und ohne Angabe von Gr\u00fcnden verlangen, dass der Verwalter seine Daten l\u00f6scht. Der Antrag auf L\u00f6schung der Daten hat keinen Einfluss auf die bereits durchgef\u00fchrten Aktionen. Die L\u00f6schung der Daten bedeutet gleichzeitig die L\u00f6schung des Nutzerkontos mit allen bisher vom Verwalter gespeicherten und verarbeiteten personenbezogenen Daten.u003c\/liu003ern tu003cliu003eDer Nutzer kann der Verarbeitung seiner personenbezogenen Daten jederzeit widersprechen, und zwar sowohl in&nbsp;Bezug auf alle vom Verwalter verarbeiteten personenbezogenen Daten des Nutzers als auch nur in&nbsp;begrenztem Umfang, z.B. in&nbsp;Bezug auf die Verarbeitung der Daten f\u00fcr einen konkret angegebenen Zweck. Der Widerspruch hat keinen Einfluss auf die bisher durchgef\u00fchrten Aktivit\u00e4ten. Die Einlegung eines Widerspruchs f\u00fchrt zur L\u00f6schung des Nutzerkontos sowie aller bisher gespeicherten und verarbeiteten personenbezogenen Daten durch den Verwalter.u003c\/liu003ern tu003cliu003eDer Nutzer kann die Einschr\u00e4nkung der Verarbeitung personenbezogener Daten verlangen, sei es&nbsp;f\u00fcr einen bestimmten Zeitraum oder ohne zeitliche Begrenzung, aber in&nbsp;einem bestimmten Umfang, dem der Verwalter nachkommen muss. Dieser Antrag hat keine Auswirkungen auf die bereits durchgef\u00fchrten Aktivit\u00e4ten.u003c\/liu003ern tu003cliu003eDer Nutzer kann verlangen, dass der f\u00fcr die Verarbeitung Verantwortliche die verarbeiteten personenbezogenen Daten des Nutzers an eine andere Stelle \u00fcbermittelt. Zu diesem Zweck sollte er&nbsp;einen Antrag an den Verwalter schreiben, in&nbsp;dem er&nbsp;angibt, an welche Stelle (Name, Adresse) die personenbezogenen Daten des Nutzers \u00fcbertragen werden sollen und welche spezifischen Daten der Nutzer vom Verwalter \u00fcbertragen lassen m\u00f6chte. Nachdem der Nutzer seinen Antrag best\u00e4tigt hat, wird der Administrator die personenbezogenen Daten des Nutzers in&nbsp;elektronischer Form an die angegebene Stelle \u00fcbermitteln. Die Best\u00e4tigung der Anfrage durch den Nutzer ist notwendig, um die Sicherheit der personenbezogenen Daten des Nutzers zu gew\u00e4hrleisten und die Gewissheit zu erlangen, dass die Anfrage von einer befugten Person stammt.u003c\/liu003ern tu003cliu003eDer Administrator informiert den Nutzer \u00fcber die ergriffenen Ma\u00dfnahmen vor Ablauf eines Monats nach Eingang einer der in&nbsp;den vorhergehenden Abs\u00e4tzen genannten Anfragen.u003c\/liu003ernu003c\/olu003e<\/p>\n    <\/div>\n  <\/div>\n\n<\/section>","protected":false},"excerpt":{"rendered":"","protected":false},"author":1,"featured_media":0,"parent":0,"menu_order":0,"comment_status":"closed","ping_status":"open","template":"","meta":{"footnotes":""},"acf":[],"yoast_head":"<!-- This site is optimized with the Yoast SEO plugin v21.3 - https:\/\/yoast.com\/wordpress\/plugins\/seo\/ -->\n<title>Datenschutzbestimmungen - EU-Cert - Wspieramy Tw\u00f3j Sukces Zgodno\u015bci\u0105<\/title>\n<meta name=\"robots\" content=\"index, follow, max-snippet:-1, max-image-preview:large, max-video-preview:-1\" \/>\n<link rel=\"canonical\" href=\"https:\/\/eucert.pl\/de\/datenschutzbestimmungen-2\/\" \/>\n<meta property=\"og:locale\" content=\"de_DE\" \/>\n<meta property=\"og:type\" content=\"article\" \/>\n<meta property=\"og:title\" content=\"Datenschutzbestimmungen - EU-Cert - Wspieramy Tw\u00f3j Sukces Zgodno\u015bci\u0105\" \/>\n<meta property=\"og:url\" content=\"https:\/\/eucert.pl\/de\/datenschutzbestimmungen-2\/\" \/>\n<meta property=\"og:site_name\" content=\"EU-Cert - Wspieramy Tw\u00f3j Sukces Zgodno\u015bci\u0105\" \/>\n<meta property=\"article:modified_time\" content=\"2023-11-23T13:49:42+00:00\" \/>\n<meta name=\"twitter:card\" content=\"summary_large_image\" \/>\n<script type=\"application\/ld+json\" class=\"yoast-schema-graph\">{\"@context\":\"https:\/\/schema.org\",\"@graph\":[{\"@type\":\"WebPage\",\"@id\":\"https:\/\/eucert.pl\/de\/datenschutzbestimmungen-2\/\",\"url\":\"https:\/\/eucert.pl\/de\/datenschutzbestimmungen-2\/\",\"name\":\"Datenschutzbestimmungen - EU-Cert - Wspieramy Tw\u00f3j Sukces Zgodno\u015bci\u0105\",\"isPartOf\":{\"@id\":\"https:\/\/eucert.pl\/#website\"},\"datePublished\":\"2023-10-13T11:19:58+00:00\",\"dateModified\":\"2023-11-23T13:49:42+00:00\",\"breadcrumb\":{\"@id\":\"https:\/\/eucert.pl\/de\/datenschutzbestimmungen-2\/#breadcrumb\"},\"inLanguage\":\"de-DE\",\"potentialAction\":[{\"@type\":\"ReadAction\",\"target\":[\"https:\/\/eucert.pl\/de\/datenschutzbestimmungen-2\/\"]}]},{\"@type\":\"BreadcrumbList\",\"@id\":\"https:\/\/eucert.pl\/de\/datenschutzbestimmungen-2\/#breadcrumb\",\"itemListElement\":[{\"@type\":\"ListItem\",\"position\":1,\"name\":\"Strona g\u0142\u00f3wna\",\"item\":\"https:\/\/eucert.pl\/de\/\"},{\"@type\":\"ListItem\",\"position\":2,\"name\":\"Datenschutzbestimmungen\"}]},{\"@type\":\"WebSite\",\"@id\":\"https:\/\/eucert.pl\/#website\",\"url\":\"https:\/\/eucert.pl\/\",\"name\":\"EU-Cert - Wspieramy Tw\u00f3j Sukces Zgodno\u015bci\u0105\",\"description\":\"\",\"potentialAction\":[{\"@type\":\"SearchAction\",\"target\":{\"@type\":\"EntryPoint\",\"urlTemplate\":\"https:\/\/eucert.pl\/?s={search_term_string}\"},\"query-input\":\"required name=search_term_string\"}],\"inLanguage\":\"de-DE\"}]}<\/script>\n<!-- \/ Yoast SEO plugin. -->","yoast_head_json":{"title":"Datenschutzbestimmungen - EU-Cert - Wspieramy Tw\u00f3j Sukces Zgodno\u015bci\u0105","robots":{"index":"index","follow":"follow","max-snippet":"max-snippet:-1","max-image-preview":"max-image-preview:large","max-video-preview":"max-video-preview:-1"},"canonical":"https:\/\/eucert.pl\/de\/datenschutzbestimmungen-2\/","og_locale":"de_DE","og_type":"article","og_title":"Datenschutzbestimmungen - EU-Cert - Wspieramy Tw\u00f3j Sukces Zgodno\u015bci\u0105","og_url":"https:\/\/eucert.pl\/de\/datenschutzbestimmungen-2\/","og_site_name":"EU-Cert - Wspieramy Tw\u00f3j Sukces Zgodno\u015bci\u0105","article_modified_time":"2023-11-23T13:49:42+00:00","twitter_card":"summary_large_image","schema":{"@context":"https:\/\/schema.org","@graph":[{"@type":"WebPage","@id":"https:\/\/eucert.pl\/de\/datenschutzbestimmungen-2\/","url":"https:\/\/eucert.pl\/de\/datenschutzbestimmungen-2\/","name":"Datenschutzbestimmungen - EU-Cert - Wspieramy Tw\u00f3j Sukces Zgodno\u015bci\u0105","isPartOf":{"@id":"https:\/\/eucert.pl\/#website"},"datePublished":"2023-10-13T11:19:58+00:00","dateModified":"2023-11-23T13:49:42+00:00","breadcrumb":{"@id":"https:\/\/eucert.pl\/de\/datenschutzbestimmungen-2\/#breadcrumb"},"inLanguage":"de-DE","potentialAction":[{"@type":"ReadAction","target":["https:\/\/eucert.pl\/de\/datenschutzbestimmungen-2\/"]}]},{"@type":"BreadcrumbList","@id":"https:\/\/eucert.pl\/de\/datenschutzbestimmungen-2\/#breadcrumb","itemListElement":[{"@type":"ListItem","position":1,"name":"Strona g\u0142\u00f3wna","item":"https:\/\/eucert.pl\/de\/"},{"@type":"ListItem","position":2,"name":"Datenschutzbestimmungen"}]},{"@type":"WebSite","@id":"https:\/\/eucert.pl\/#website","url":"https:\/\/eucert.pl\/","name":"EU-Cert - Wspieramy Tw\u00f3j Sukces Zgodno\u015bci\u0105","description":"","potentialAction":[{"@type":"SearchAction","target":{"@type":"EntryPoint","urlTemplate":"https:\/\/eucert.pl\/?s={search_term_string}"},"query-input":"required name=search_term_string"}],"inLanguage":"de-DE"}]}},"_links":{"self":[{"href":"https:\/\/eucert.pl\/de\/wp-json\/wp\/v2\/pages\/3220"}],"collection":[{"href":"https:\/\/eucert.pl\/de\/wp-json\/wp\/v2\/pages"}],"about":[{"href":"https:\/\/eucert.pl\/de\/wp-json\/wp\/v2\/types\/page"}],"author":[{"embeddable":true,"href":"https:\/\/eucert.pl\/de\/wp-json\/wp\/v2\/users\/1"}],"replies":[{"embeddable":true,"href":"https:\/\/eucert.pl\/de\/wp-json\/wp\/v2\/comments?post=3220"}],"version-history":[{"count":3,"href":"https:\/\/eucert.pl\/de\/wp-json\/wp\/v2\/pages\/3220\/revisions"}],"predecessor-version":[{"id":3223,"href":"https:\/\/eucert.pl\/de\/wp-json\/wp\/v2\/pages\/3220\/revisions\/3223"}],"wp:attachment":[{"href":"https:\/\/eucert.pl\/de\/wp-json\/wp\/v2\/media?parent=3220"}],"curies":[{"name":"wp","href":"https:\/\/api.w.org\/{rel}","templated":true}]}}