{"id":3217,"date":"2023-07-07T07:14:36","date_gmt":"2023-07-07T07:14:36","guid":{"rendered":"https:\/\/eucert.pl\/datenschutzbestimmungen\/"},"modified":"2023-11-23T13:38:19","modified_gmt":"2023-11-23T13:38:19","slug":"datenschutzbestimmungen","status":"publish","type":"page","link":"https:\/\/eucert.pl\/de\/datenschutzbestimmungen\/","title":{"rendered":"Datenschutzbestimmungen"},"content":{"rendered":"\n<p><\/p>\n<section id=\"\" class=\"text-block text-block--smaller-heading  acf-block acf-block-id-block_27f57bb92c299111f98a3191b1835282 \">\n\n  <div class=\"container\">\n    <h1 class=\"title title--1 title--medium title--primary500\">Datenschutzbestimmungen<\/h1>\n\n    <div class=\"wysiwyg\">\n      <ol>\n<li>F\u00fcr den Betreiber dieser Website ist der Schutz der pers\u00f6nlichen Daten der Nutzer von gr\u00f6\u00dfter Bedeutung. Wir unternehmen gro\u00dfe Anstrengungen, um sicherzustellen, dass die Nutzer sich sicher f\u00fchlen, wenn sie ihre pers\u00f6nlichen Daten bei der Nutzung der Website anvertrauen. <\/li>\n<li>Ein Nutzer ist eine nat\u00fcrliche Person, eine juristische Person oder eine organisatorische Einheit ohne Rechtspers\u00f6nlichkeit, der die Rechtsf\u00e4higkeit gesetzlich zuerkannt ist, die die auf der Website verf\u00fcgbaren elektronischen Dienste nutzt.<\/li>\n<li>Diese Datenschutzerkl\u00e4rung erl\u00e4utert die Grunds\u00e4tze und den Umfang der Verarbeitung der personenbezogenen Daten des Nutzers, die Rechte des Nutzers sowie die Pflichten des f\u00fcr die Verarbeitung Verantwortlichen und informiert \u00fcber die Verwendung von Cookies.<\/li>\n<li>Der f\u00fcr die Verarbeitung Verantwortliche setzt technische Ma\u00dfnahmen und organisatorische L\u00f6sungen nach dem Stand der Technik ein, um ein hohes Schutzniveau f\u00fcr die verarbeiteten personenbezogenen Daten und den Schutz vor unbefugtem Zugriff zu gew\u00e4hrleisten. Gem\u00e4\u00df Artikel 13 (1) und (2) der Allgemeinen Datenschutzverordnung vom 27. April 2016* informieren wir Sie, dass:<\/li>\n<\/ol>\n<h5><\/h5>\n<p>&nbsp;<\/p>\n<p>&nbsp;<\/p>\n<h5>I. VERANTWORTLICHER F\u00dcR DIE PERSONENBEZOGENEN DATEN<\/h5>\n<p>&nbsp;<\/p>\n<p>Der Verwalter der personenbezogenen Daten ist EU-Cert Sp. z&nbsp;o.o. mit Sitz in&nbsp;der ul.&nbsp;Karola Szymanowskiego 12\/U6 in&nbsp;Gda\u0144sk (80-280), eingetragen im&nbsp;Unternehmerregister des Bezirksgerichts Gda\u0144sk &#8211; Nord in&nbsp;Gda\u0144sk, VIII. Wirtschaftsabteilung des Landesgerichtsregisters, unter der KRS-Nummer: 0000980050, NIP: 5851497842 (im&nbsp;Folgenden: Inhaber&#8221;).  <\/p>\n<h5><\/h5>\n<h5><\/h5>\n<p>&nbsp;<\/p>\n<p>&nbsp;<\/p>\n<h5>II. ZWECK DER VERARBEITUNG PERSONENBEZOGENER DATEN<\/h5>\n<p>&nbsp;<\/p>\n<ol>\n<li>Der Administrator verarbeitet die pers\u00f6nlichen Daten des Nutzers, um: zur Erbringung von Dienstleistungen oder zur Durchf\u00fchrung von Marketing-\/Kommerzkommunikation mittels elektronischer Kommunikation (insbesondere elektronische Post, Telefonanrufe, SMS-Nachrichten, MMS-Nachrichten) unter Ber\u00fccksichtigung der Bestimmungen des Telekommunikationsgesetzes und der Bestimmungen des Gesetzes \u00fcber die Erbringung von Dienstleistungen auf elektronischem Wege oder anderer Bestimmungen, die diesen Zweck und die Mittel zu dessen Erreichung regeln.<\/li>\n<li>Der Nutzer kann auch dem Erhalt von Nachrichten zustimmen, was ebenfalls zur Folge hat, dass der f\u00fcr die Verarbeitung Verantwortliche personenbezogene Daten verarbeitet, um dem Nutzer kommerzielle Informationen, u. a. \u00fcber neue Dienstleistungen, zukommen zu lassen. <\/li>\n<li>Personenbezogene Daten werden auch im&nbsp;Rahmen der Erf\u00fcllung der dem f\u00fcr die Verarbeitung Verantwortlichen obliegenden rechtlichen Verpflichtungen und der Wahrnehmung von Aufgaben im&nbsp;\u00f6ffentlichen Interesse verarbeitet, unter anderem zur Erf\u00fcllung von Aufgaben im&nbsp;Zusammenhang mit Sicherheit und Verteidigung oder der Aufbewahrung von Steuerunterlagen. <\/li>\n<li>Personenbezogene Daten k\u00f6nnen auch zum Zwecke der Direktvermarktung von Produkten, der Wahrung und Geltendmachung von Anspr\u00fcchen oder des Schutzes vor Anspr\u00fcchen des Nutzers oder eines Dritten sowie f\u00fcr die Vermarktung von Dienstleistungen und Produkten Dritter oder f\u00fcr unser eigenes Marketing, das kein Direktmarketing ist, verarbeitet werden.<\/li>\n<\/ol>\n<h5><\/h5>\n<h5><\/h5>\n<p>&nbsp;<\/p>\n<p>&nbsp;<\/p>\n<h5>III. ART DER DATEN<\/h5>\n<p>&nbsp;<\/p>\n<ol>\n<li>Der f\u00fcr die Verarbeitung Verantwortliche verarbeitet die folgenden personenbezogenen Daten, deren Bereitstellung erforderlich ist, um:<\/li>\n<\/ol>\n<p>1.a. Registrieren Sie sich auf der Website: <\/p>\n<p>Vorname und Nachname;<\/p>\n<p>E-Mail Adresse;<\/p>\n<p>&nbsp;<\/p>\n<p>1.b. Durchf\u00fchrung von Dienstleistungen: <\/p>\n<p>Vorname und Nachname;<\/p>\n<p>adresse;<\/p>\n<p>Telefonnummer;<\/p>\n<p>E-Mail Adresse;<\/p>\n<p>&nbsp;<\/p>\n<p>1.c. Vom Nutzer bereitgestellte Daten optional: <\/p>\n<p>Geburtsdatum;<\/p>\n<p>PESEL-Nummer;<\/p>\n<p>Mehrwertsteuernummer (wenn eine Rechnung f\u00fcr einen Unternehmer beantragt wird).<\/p>\n<p>&nbsp;<\/p>\n<p>&nbsp;<\/p>\n<p>&nbsp;<\/p>\n<h5>IV. RECHTSGRUNDLAGE F\u00dcR DIE VERARBEITUNG VON PERSONENBEZOGENEN DATEN<\/h5>\n<p>&nbsp;<\/p>\n<ol>\n<li>Die Verarbeitung personenbezogener Daten erfolgt nach den Bestimmungen der Verordnung (EU) 2016\/679 des Europ\u00e4ischen Parlaments und des Rates vom 27. April 2016 zum Schutz nat\u00fcrlicher Personen bei der Verarbeitung personenbezogener Daten, zum freien Datenverkehr und zur Aufhebung der Richtlinie 95\/46\/EG (Datenschutz-Grundverordnung), ABl. L 119 vom 4.05.2016, S. 1-88, im&nbsp;Folgenden: &#8220;RODO-Verordnung&#8221;.  <\/li>\n<li>Der Administrator verarbeitet personenbezogene Daten nur mit vorheriger Zustimmung des Nutzers.<\/li>\n<li>Ihre Zustimmung zur Verarbeitung Ihrer personenbezogenen Daten ist v\u00f6llig freiwillig.<\/li>\n<\/ol>\n<h5><\/h5>\n<h5><\/h5>\n<p>&nbsp;<\/p>\n<p>&nbsp;<\/p>\n<h5>V. BENUTZERRECHTE<\/h5>\n<p>&nbsp;<\/p>\n<ol>\n<li>Der Nutzer kann jederzeit von dem f\u00fcr die Verarbeitung Verantwortlichen Auskunft \u00fcber den Umfang der Verarbeitung personenbezogener Daten verlangen.<\/li>\n<li>Der Nutzer kann jederzeit die Korrektur oder Berichtigung seiner personenbezogenen Daten verlangen.<\/li>\n<li>Der Nutzer kann seine Zustimmung zur Verarbeitung seiner personenbezogenen Daten jederzeit und ohne Angabe von Gr\u00fcnden widerrufen. Der Antrag, die Daten nicht zu verarbeiten, kann sich auf einen bestimmten, vom Nutzer angegebenen Verarbeitungszweck beziehen, z. B.&nbsp;den Widerruf der Einwilligung in&nbsp;den Erhalt kommerzieller Informationen, oder auf alle Zwecke der Datenverarbeitung. Der Widerruf der Zustimmung zu allen Verarbeitungszwecken hat zur Folge, dass das Konto des Nutzers von der Website gel\u00f6scht wird, zusammen mit allen personenbezogenen Daten des Nutzers, die zuvor vom Administrator verarbeitet wurden. Der Widerruf der Zustimmung hat keinen Einfluss auf die bereits durchgef\u00fchrten Aktivit\u00e4ten.   <\/li>\n<li>Der Nutzer kann jederzeit ohne Angabe von Gr\u00fcnden verlangen, dass der Administrator seine Daten l\u00f6scht. Ein Antrag auf L\u00f6schung von Daten hat keinen Einfluss auf bereits durchgef\u00fchrte Aktionen. Die L\u00f6schung der Daten bedeutet die gleichzeitige L\u00f6schung des Nutzerkontos mit allen personenbezogenen Daten, die der Verwalter bisher gespeichert und verarbeitet hat.  <\/li>\n<li>Der Nutzer kann der Verarbeitung personenbezogener Daten jederzeit widersprechen, und zwar sowohl in&nbsp;Bezug auf die gesamte Verarbeitung der personenbezogenen Daten des Nutzers durch den f\u00fcr die Verarbeitung Verantwortlichen als auch nur in&nbsp;begrenztem Umfang, z. B.&nbsp;in&nbsp;Bezug auf die Verarbeitung von Daten f\u00fcr einen speziell angegebenen Zweck. Der Widerspruch hat keinen Einfluss auf die bisher durchgef\u00fchrten T\u00e4tigkeiten. Der Widerspruch f\u00fchrt zur L\u00f6schung des Benutzerkontos und aller personenbezogenen Daten, die der Verwalter bisher gespeichert und verarbeitet hat.  <\/li>\n<li>Der Nutzer kann die Einschr\u00e4nkung der Verarbeitung personenbezogener Daten entweder f\u00fcr einen bestimmten Zeitraum oder ohne zeitliche Begrenzung, aber in&nbsp;einem bestimmten Umfang verlangen, wozu der f\u00fcr die Verarbeitung Verantwortliche verpflichtet ist. Dieser Antrag hat keine Auswirkungen auf die bereits durchgef\u00fchrten T\u00e4tigkeiten. <\/li>\n<li>Der Nutzer kann verlangen, dass der f\u00fcr die Verarbeitung Verantwortliche die verarbeiteten personenbezogenen Daten des Nutzers an eine andere Stelle weitergibt. Zu diesem Zweck sollte er&nbsp;einen Antrag an den Verwalter schreiben und angeben, an welche Stelle (Name, Adresse) die personenbezogenen Daten des Nutzers weitergegeben werden sollen und welche spezifischen Daten der Nutzer w\u00fcnscht, dass der Verwalter sie weitergibt. Nachdem der Nutzer seinen Antrag best\u00e4tigt hat, wird der Administrator die personenbezogenen Daten des Nutzers in&nbsp;elektronischer Form an die angegebene Stelle \u00fcbermitteln. Die Best\u00e4tigung der Anfrage durch den Nutzer ist notwendig, um die Sicherheit der personenbezogenen Daten des Nutzers zu gew\u00e4hrleisten und sicherzustellen, dass die Anfrage von einer autorisierten Person stammt.   <\/li>\n<li>Der Verwalter unterrichtet den Nutzer vor Ablauf eines Monats nach Eingang eines der in&nbsp;den vorstehenden Abs\u00e4tzen genannten Antr\u00e4ge \u00fcber die getroffenen Ma\u00dfnahmen.<\/li>\n<\/ol>\n    <\/div>\n  <\/div>\n\n<\/section>","protected":false},"excerpt":{"rendered":"","protected":false},"author":1,"featured_media":0,"parent":0,"menu_order":0,"comment_status":"closed","ping_status":"open","template":"","meta":{"footnotes":""},"acf":[],"yoast_head":"<!-- This site is optimized with the Yoast SEO plugin v21.3 - https:\/\/yoast.com\/wordpress\/plugins\/seo\/ -->\n<title>Datenschutzbestimmungen - EU-Cert - Wspieramy Tw\u00f3j Sukces Zgodno\u015bci\u0105<\/title>\n<meta name=\"robots\" content=\"index, follow, max-snippet:-1, max-image-preview:large, max-video-preview:-1\" \/>\n<link rel=\"canonical\" href=\"https:\/\/eucert.pl\/de\/datenschutzbestimmungen\/\" \/>\n<meta property=\"og:locale\" content=\"de_DE\" \/>\n<meta property=\"og:type\" content=\"article\" \/>\n<meta property=\"og:title\" content=\"Datenschutzbestimmungen - EU-Cert - Wspieramy Tw\u00f3j Sukces Zgodno\u015bci\u0105\" \/>\n<meta property=\"og:url\" content=\"https:\/\/eucert.pl\/de\/datenschutzbestimmungen\/\" \/>\n<meta property=\"og:site_name\" content=\"EU-Cert - Wspieramy Tw\u00f3j Sukces Zgodno\u015bci\u0105\" \/>\n<meta property=\"article:modified_time\" content=\"2023-11-23T13:38:19+00:00\" \/>\n<meta name=\"twitter:card\" content=\"summary_large_image\" \/>\n<script type=\"application\/ld+json\" class=\"yoast-schema-graph\">{\"@context\":\"https:\/\/schema.org\",\"@graph\":[{\"@type\":\"WebPage\",\"@id\":\"https:\/\/eucert.pl\/de\/datenschutzbestimmungen\/\",\"url\":\"https:\/\/eucert.pl\/de\/datenschutzbestimmungen\/\",\"name\":\"Datenschutzbestimmungen - EU-Cert - Wspieramy Tw\u00f3j Sukces Zgodno\u015bci\u0105\",\"isPartOf\":{\"@id\":\"https:\/\/eucert.pl\/#website\"},\"datePublished\":\"2023-07-07T07:14:36+00:00\",\"dateModified\":\"2023-11-23T13:38:19+00:00\",\"breadcrumb\":{\"@id\":\"https:\/\/eucert.pl\/de\/datenschutzbestimmungen\/#breadcrumb\"},\"inLanguage\":\"de-DE\",\"potentialAction\":[{\"@type\":\"ReadAction\",\"target\":[\"https:\/\/eucert.pl\/de\/datenschutzbestimmungen\/\"]}]},{\"@type\":\"BreadcrumbList\",\"@id\":\"https:\/\/eucert.pl\/de\/datenschutzbestimmungen\/#breadcrumb\",\"itemListElement\":[{\"@type\":\"ListItem\",\"position\":1,\"name\":\"Strona g\u0142\u00f3wna\",\"item\":\"https:\/\/eucert.pl\/de\/\"},{\"@type\":\"ListItem\",\"position\":2,\"name\":\"Datenschutzbestimmungen\"}]},{\"@type\":\"WebSite\",\"@id\":\"https:\/\/eucert.pl\/#website\",\"url\":\"https:\/\/eucert.pl\/\",\"name\":\"EU-Cert - Wspieramy Tw\u00f3j Sukces Zgodno\u015bci\u0105\",\"description\":\"\",\"potentialAction\":[{\"@type\":\"SearchAction\",\"target\":{\"@type\":\"EntryPoint\",\"urlTemplate\":\"https:\/\/eucert.pl\/?s={search_term_string}\"},\"query-input\":\"required name=search_term_string\"}],\"inLanguage\":\"de-DE\"}]}<\/script>\n<!-- \/ Yoast SEO plugin. -->","yoast_head_json":{"title":"Datenschutzbestimmungen - EU-Cert - Wspieramy Tw\u00f3j Sukces Zgodno\u015bci\u0105","robots":{"index":"index","follow":"follow","max-snippet":"max-snippet:-1","max-image-preview":"max-image-preview:large","max-video-preview":"max-video-preview:-1"},"canonical":"https:\/\/eucert.pl\/de\/datenschutzbestimmungen\/","og_locale":"de_DE","og_type":"article","og_title":"Datenschutzbestimmungen - EU-Cert - Wspieramy Tw\u00f3j Sukces Zgodno\u015bci\u0105","og_url":"https:\/\/eucert.pl\/de\/datenschutzbestimmungen\/","og_site_name":"EU-Cert - Wspieramy Tw\u00f3j Sukces Zgodno\u015bci\u0105","article_modified_time":"2023-11-23T13:38:19+00:00","twitter_card":"summary_large_image","schema":{"@context":"https:\/\/schema.org","@graph":[{"@type":"WebPage","@id":"https:\/\/eucert.pl\/de\/datenschutzbestimmungen\/","url":"https:\/\/eucert.pl\/de\/datenschutzbestimmungen\/","name":"Datenschutzbestimmungen - EU-Cert - Wspieramy Tw\u00f3j Sukces Zgodno\u015bci\u0105","isPartOf":{"@id":"https:\/\/eucert.pl\/#website"},"datePublished":"2023-07-07T07:14:36+00:00","dateModified":"2023-11-23T13:38:19+00:00","breadcrumb":{"@id":"https:\/\/eucert.pl\/de\/datenschutzbestimmungen\/#breadcrumb"},"inLanguage":"de-DE","potentialAction":[{"@type":"ReadAction","target":["https:\/\/eucert.pl\/de\/datenschutzbestimmungen\/"]}]},{"@type":"BreadcrumbList","@id":"https:\/\/eucert.pl\/de\/datenschutzbestimmungen\/#breadcrumb","itemListElement":[{"@type":"ListItem","position":1,"name":"Strona g\u0142\u00f3wna","item":"https:\/\/eucert.pl\/de\/"},{"@type":"ListItem","position":2,"name":"Datenschutzbestimmungen"}]},{"@type":"WebSite","@id":"https:\/\/eucert.pl\/#website","url":"https:\/\/eucert.pl\/","name":"EU-Cert - Wspieramy Tw\u00f3j Sukces Zgodno\u015bci\u0105","description":"","potentialAction":[{"@type":"SearchAction","target":{"@type":"EntryPoint","urlTemplate":"https:\/\/eucert.pl\/?s={search_term_string}"},"query-input":"required name=search_term_string"}],"inLanguage":"de-DE"}]}},"_links":{"self":[{"href":"https:\/\/eucert.pl\/de\/wp-json\/wp\/v2\/pages\/3217"}],"collection":[{"href":"https:\/\/eucert.pl\/de\/wp-json\/wp\/v2\/pages"}],"about":[{"href":"https:\/\/eucert.pl\/de\/wp-json\/wp\/v2\/types\/page"}],"author":[{"embeddable":true,"href":"https:\/\/eucert.pl\/de\/wp-json\/wp\/v2\/users\/1"}],"replies":[{"embeddable":true,"href":"https:\/\/eucert.pl\/de\/wp-json\/wp\/v2\/comments?post=3217"}],"version-history":[{"count":2,"href":"https:\/\/eucert.pl\/de\/wp-json\/wp\/v2\/pages\/3217\/revisions"}],"predecessor-version":[{"id":3219,"href":"https:\/\/eucert.pl\/de\/wp-json\/wp\/v2\/pages\/3217\/revisions\/3219"}],"wp:attachment":[{"href":"https:\/\/eucert.pl\/de\/wp-json\/wp\/v2\/media?parent=3217"}],"curies":[{"name":"wp","href":"https:\/\/api.w.org\/{rel}","templated":true}]}}