{"id":3102,"date":"2023-08-30T06:40:59","date_gmt":"2023-08-30T06:40:59","guid":{"rendered":"https:\/\/eucert.pl\/eu-zertifizierung\/"},"modified":"2023-11-28T08:26:27","modified_gmt":"2023-11-28T08:26:27","slug":"eu-zertifizierung","status":"publish","type":"page","link":"https:\/\/eucert.pl\/de\/eu-zertifizierung\/","title":{"rendered":"EU-Zertifizierung"},"content":{"rendered":"<section id=\"\" class=\"about acf-block acf-block-id-block_f8020d4771e897898f00086078418d62 about--product\" style=\"background-color: \">\n\n  <div class=\"container\">\n\n    \n    <div class=\"row\">\n\n      <div class=\"col-12 col-lg-5 about__left\">\n        <h1 class=\"title title--regular title--2 mobile-no-br\">EU-Zertifizierung, <br \/>\n<strong>Vertrauen Sie den Experten<\/strong><\/h1>\n      <\/div>\n\n      <div class=\"col-12 col-lg-7 about__right\">\n\n        <p class=\"text text--xl text--light\">Bei EU-Cert sind wir Experten auf dem Gebiet der Zertifizierung und Konformit\u00e4tsbewertung und bieten unseren Kunden hochwertige Dienstleistungen. Unsere Leistungen sind auf verschiedene Branchen zugeschnitten und umfassen eine breite Palette von Zertifizierungen und Konformit\u00e4tsbewertungen f\u00fcr Personal, Produkte, Managementsysteme sowie Durchf\u00fchrung von Pr\u00fcfungen.<br \/>\n<br \/>\nMit unserem Wissen und unserer Erfahrung k\u00f6nnen Sie das Vertrauen Ihrer Kunden gewinnen, die Wettbewerbsf\u00e4higkeit steigern und die Einhaltung rechtlicher Anforderungen best\u00e4tigen. Entdecken Sie, wie unsere Zertifizierung Ihrem Unternehmen Vorteile bringen kann.<\/p>\n\n        \n          <div class=\"about__right__buttons\">\n                          <a href=\"#step-by-step-text\" class=\"btn btn--primary btn--m\" target=\"\">Lernen Sie unseren Prozess kennen<\/a>\n                                      <a href=\"#certificate-status\" class=\"btn btn--secondary btn--m\" target=\"\">\u00dcberpr\u00fcfen Sie die G\u00fcltigkeit des Zertifikats<\/a>\n                      <\/div>\n\n        \n      <\/div>\n\n    <\/div>\n  <\/div>\n\n<\/section>\n\n\n<section id=\"step-by-step\" class=\"step-by-step acf-block acf-block-id-block_6f46d4a9d6214667ff52025ecf79d14b \">\n  <div class=\"step-by-step__image\">\n    <img decoding=\"async\" src=\"https:\/\/eucert.pl\/app\/uploads\/2023\/08\/rek1-scaled.webp\" loading=\"lazy\" alt=\"\">\n    <div class=\"glass\"><\/div>\n  <\/div>\n\n  <div class=\"container\">\n    <div class=\"step-by-step__content\">\n\n          <div class=\"step-by-step__content__text\" id=\"step-by-step-text\">\n            <h3 class=\"text text--s text--semibold text--primary500 text--uppercase\">Schritt f\u00fcr Schritt<\/h3>\n            <h2 class=\"title title--2 title--regular title--primary500\">Wie l\u00e4uft der <strong>Zertifizierungsprozess ab?<\/strong><\/h2>\n          <\/div>\n\n          <div class=\"process\">\n\n            \n              <div class=\"process__item\">\n\n                <div class=\"process__item__icon\">\n                  <img decoding=\"async\" src=\"https:\/\/eucert.pl\/app\/uploads\/2023\/08\/rei1.svg\" alt=\"\">\n                <\/div>\n\n                <h4 class=\"text text--xl text--medium text--primary500 text--lh120 mobile-no-br\">Einreichung des Antrags mit den erforderlichen Anh\u00e4ngen<\/h4>\n\n                <p class=\"text text--m text--light\">Der Antragsteller reicht den offiziellen Antrag zusammen mit den erforderlichen Dokumenten ein.<\/p>\n\n              <\/div>\n\n                              <div class=\"process__arrow\">\n                  <svg xmlns=\"http:\/\/www.w3.org\/2000\/svg\" width=\"41\" height=\"16\" class=\"right\" viewBox=\"0 0 41 16\" fill=\"none\">\n                    <path d=\"M40.7071 8.70711C41.0976 8.31658 41.0976 7.68342 40.7071 7.29289L34.3431 0.928932C33.9526 0.538408 33.3195 0.538408 32.9289 0.928932C32.5384 1.31946 32.5384 1.95262 32.9289 2.34315L38.5858 8L32.9289 13.6569C32.5384 14.0474 32.5384 14.6805 32.9289 15.0711C33.3195 15.4616 33.9526 15.4616 34.3431 15.0711L40.7071 8.70711ZM0 9H40V7H0V9Z\" fill=\"#2CB5CB\"\/>\n                  <\/svg>\n\n                  <svg xmlns=\"http:\/\/www.w3.org\/2000\/svg\" width=\"16\" height=\"25\" class=\"down\" viewBox=\"0 0 16 25\" fill=\"none\">\n                    <path d=\"M7.29289 24.7071C7.68342 25.0976 8.31658 25.0976 8.70711 24.7071L15.0711 18.3431C15.4616 17.9526 15.4616 17.3195 15.0711 16.9289C14.6805 16.5384 14.0474 16.5384 13.6569 16.9289L8 22.5858L2.34315 16.9289C1.95262 16.5384 1.31946 16.5384 0.928932 16.9289C0.538408 17.3195 0.538408 17.9526 0.928932 18.3431L7.29289 24.7071ZM7 0L7 24H9L9 0L7 0Z\" fill=\"#2CB5CB\"\/>\n                  <\/svg>\n                <\/div>\n              \n            \n              <div class=\"process__item\">\n\n                <div class=\"process__item__icon\">\n                  <img decoding=\"async\" src=\"https:\/\/eucert.pl\/app\/uploads\/2023\/08\/rei2.svg\" alt=\"\">\n                <\/div>\n\n                <h4 class=\"text text--xl text--medium text--primary500 text--lh120 mobile-no-br\">\u00dcberpr\u00fcfung des Antrags und Unterzeichnung des Zertifizierungsvertrags<br \/><\/h4>\n\n                <p class=\"text text--m text--light\">\u00dcberpr\u00fcfung der Erf\u00fcllung der Anforderungen und Unterzeichnung des Zertifizierungsvertrags<\/p>\n\n              <\/div>\n\n                              <div class=\"process__arrow\">\n                  <svg xmlns=\"http:\/\/www.w3.org\/2000\/svg\" width=\"41\" height=\"16\" class=\"right\" viewBox=\"0 0 41 16\" fill=\"none\">\n                    <path d=\"M40.7071 8.70711C41.0976 8.31658 41.0976 7.68342 40.7071 7.29289L34.3431 0.928932C33.9526 0.538408 33.3195 0.538408 32.9289 0.928932C32.5384 1.31946 32.5384 1.95262 32.9289 2.34315L38.5858 8L32.9289 13.6569C32.5384 14.0474 32.5384 14.6805 32.9289 15.0711C33.3195 15.4616 33.9526 15.4616 34.3431 15.0711L40.7071 8.70711ZM0 9H40V7H0V9Z\" fill=\"#2CB5CB\"\/>\n                  <\/svg>\n\n                  <svg xmlns=\"http:\/\/www.w3.org\/2000\/svg\" width=\"16\" height=\"25\" class=\"down\" viewBox=\"0 0 16 25\" fill=\"none\">\n                    <path d=\"M7.29289 24.7071C7.68342 25.0976 8.31658 25.0976 8.70711 24.7071L15.0711 18.3431C15.4616 17.9526 15.4616 17.3195 15.0711 16.9289C14.6805 16.5384 14.0474 16.5384 13.6569 16.9289L8 22.5858L2.34315 16.9289C1.95262 16.5384 1.31946 16.5384 0.928932 16.9289C0.538408 17.3195 0.538408 17.9526 0.928932 18.3431L7.29289 24.7071ZM7 0L7 24H9L9 0L7 0Z\" fill=\"#2CB5CB\"\/>\n                  <\/svg>\n                <\/div>\n              \n            \n              <div class=\"process__item\">\n\n                <div class=\"process__item__icon\">\n                  <img decoding=\"async\" src=\"https:\/\/eucert.pl\/app\/uploads\/2023\/08\/rei3.svg\" alt=\"\">\n                <\/div>\n\n                <h4 class=\"text text--xl text--medium text--primary500 text--lh120 mobile-no-br\">Bewertung und \u00dcberpr\u00fcfung der Dokumentation (einschlie\u00dflich Pr\u00fcfungen, wenn erforderlich)<\/h4>\n\n                <p class=\"text text--m text--light\">Analyse und Bewertung der Vollst\u00e4ndigkeit und Konformit\u00e4t der gesammelten Dokumentation<\/p>\n\n              <\/div>\n\n                              <div class=\"process__arrow\">\n                  <svg xmlns=\"http:\/\/www.w3.org\/2000\/svg\" width=\"41\" height=\"16\" class=\"right\" viewBox=\"0 0 41 16\" fill=\"none\">\n                    <path d=\"M40.7071 8.70711C41.0976 8.31658 41.0976 7.68342 40.7071 7.29289L34.3431 0.928932C33.9526 0.538408 33.3195 0.538408 32.9289 0.928932C32.5384 1.31946 32.5384 1.95262 32.9289 2.34315L38.5858 8L32.9289 13.6569C32.5384 14.0474 32.5384 14.6805 32.9289 15.0711C33.3195 15.4616 33.9526 15.4616 34.3431 15.0711L40.7071 8.70711ZM0 9H40V7H0V9Z\" fill=\"#2CB5CB\"\/>\n                  <\/svg>\n\n                  <svg xmlns=\"http:\/\/www.w3.org\/2000\/svg\" width=\"16\" height=\"25\" class=\"down\" viewBox=\"0 0 16 25\" fill=\"none\">\n                    <path d=\"M7.29289 24.7071C7.68342 25.0976 8.31658 25.0976 8.70711 24.7071L15.0711 18.3431C15.4616 17.9526 15.4616 17.3195 15.0711 16.9289C14.6805 16.5384 14.0474 16.5384 13.6569 16.9289L8 22.5858L2.34315 16.9289C1.95262 16.5384 1.31946 16.5384 0.928932 16.9289C0.538408 17.3195 0.538408 17.9526 0.928932 18.3431L7.29289 24.7071ZM7 0L7 24H9L9 0L7 0Z\" fill=\"#2CB5CB\"\/>\n                  <\/svg>\n                <\/div>\n              \n            \n              <div class=\"process__item\">\n\n                <div class=\"process__item__icon\">\n                  <img decoding=\"async\" src=\"https:\/\/eucert.pl\/app\/uploads\/2023\/08\/rei4.svg\" alt=\"\">\n                <\/div>\n\n                <h4 class=\"text text--xl text--medium text--primary500 text--lh120 mobile-no-br\">Entscheidung \u00fcber die Zertifizierung<br \/><\/h4>\n\n                <p class=\"text text--m text--light\">Eine endg\u00fcltige Entscheidung \u00fcber die Zertifizierung treffen.<\/p>\n\n              <\/div>\n\n                              <div class=\"process__arrow\">\n                  <svg xmlns=\"http:\/\/www.w3.org\/2000\/svg\" width=\"41\" height=\"16\" class=\"right\" viewBox=\"0 0 41 16\" fill=\"none\">\n                    <path d=\"M40.7071 8.70711C41.0976 8.31658 41.0976 7.68342 40.7071 7.29289L34.3431 0.928932C33.9526 0.538408 33.3195 0.538408 32.9289 0.928932C32.5384 1.31946 32.5384 1.95262 32.9289 2.34315L38.5858 8L32.9289 13.6569C32.5384 14.0474 32.5384 14.6805 32.9289 15.0711C33.3195 15.4616 33.9526 15.4616 34.3431 15.0711L40.7071 8.70711ZM0 9H40V7H0V9Z\" fill=\"#2CB5CB\"\/>\n                  <\/svg>\n\n                  <svg xmlns=\"http:\/\/www.w3.org\/2000\/svg\" width=\"16\" height=\"25\" class=\"down\" viewBox=\"0 0 16 25\" fill=\"none\">\n                    <path d=\"M7.29289 24.7071C7.68342 25.0976 8.31658 25.0976 8.70711 24.7071L15.0711 18.3431C15.4616 17.9526 15.4616 17.3195 15.0711 16.9289C14.6805 16.5384 14.0474 16.5384 13.6569 16.9289L8 22.5858L2.34315 16.9289C1.95262 16.5384 1.31946 16.5384 0.928932 16.9289C0.538408 17.3195 0.538408 17.9526 0.928932 18.3431L7.29289 24.7071ZM7 0L7 24H9L9 0L7 0Z\" fill=\"#2CB5CB\"\/>\n                  <\/svg>\n                <\/div>\n              \n            \n              <div class=\"process__item\">\n\n                <div class=\"process__item__icon\">\n                  <img decoding=\"async\" src=\"https:\/\/eucert.pl\/app\/uploads\/2023\/08\/rei5.svg\" alt=\"\">\n                <\/div>\n\n                <h4 class=\"text text--xl text--medium text--primary500 text--lh120 mobile-no-br\">\u00dcberwachung des Zertifikats<\/h4>\n\n                <p class=\"text text--m text--light\">Gew\u00e4hrleistung einer angemessenen \u00dcberwachung und Kontrolle nach der Zertifizierung:<\/p>\n\n              <\/div>\n\n              \n            \n          <\/div>\n\n          <div class=\"step-by-step__content__boxes\">\n\n            \n              <a href=\"https:\/\/eucert.pl\/de\/oferta\/certyfikacja-dobrowolna-wyrobow\/\" class=\"box box--white box--shadow box--steps\">\n                <div class=\"box__content\">\n                  <img decoding=\"async\" src=\"https:\/\/eucert.pl\/app\/uploads\/2023\/08\/boxic2.svg\" alt=\"\" loading=\"lazy\">\n                  <h3 class=\"title title--6 title--medium title--white\">Sicherstellen angemessener \u00dcberwachung und Kontrolle nach Zertifikatserteilung<\/h3>\n                <\/div>\n                <div class=\"box__check\">\n                  <span>Auschecken<\/span>\n                  <i class=\"fa far fa-arrow-right-long\"><\/i>\n                <\/div>\n              <\/a>\n\n            \n              <a href=\"https:\/\/eucert.pl\/de\/oferta\/certyfikacja-systemow-zarzadzania\/\" class=\"box box--white box--shadow box--steps\">\n                <div class=\"box__content\">\n                  <img decoding=\"async\" src=\"https:\/\/eucert.pl\/app\/uploads\/2023\/10\/managementsvg.svg\" alt=\"\" loading=\"lazy\">\n                  <h3 class=\"title title--6 title--medium title--white\">Zertifizierung von Managementsystemen<\/h3>\n                <\/div>\n                <div class=\"box__check\">\n                  <span>Auschecken<\/span>\n                  <i class=\"fa far fa-arrow-right-long\"><\/i>\n                <\/div>\n              <\/a>\n\n            \n              <a href=\"https:\/\/eucert.pl\/de\/oferta\/badania-laboratoryjne\/\" class=\"box box--white box--shadow box--steps\">\n                <div class=\"box__content\">\n                  <img decoding=\"async\" src=\"https:\/\/eucert.pl\/app\/uploads\/2023\/10\/lab.svg\" alt=\"\" loading=\"lazy\">\n                  <h3 class=\"title title--6 title--medium title--white\">Laboruntersuchungen<\/h3>\n                <\/div>\n                <div class=\"box__check\">\n                  <span>Auschecken<\/span>\n                  <i class=\"fa far fa-arrow-right-long\"><\/i>\n                <\/div>\n              <\/a>\n\n            \n              <a href=\"https:\/\/eucert.pl\/de\/oferta\/certyfikacja-procesow-spawalniczych\/\" class=\"box box--white box--shadow box--steps\">\n                <div class=\"box__content\">\n                  <img decoding=\"async\" src=\"https:\/\/eucert.pl\/app\/uploads\/2023\/10\/welding2.svg\" alt=\"\" loading=\"lazy\">\n                  <h3 class=\"title title--6 title--medium title--white\">Zertifizierung von Schwei\u00dfverfahren<\/h3>\n                <\/div>\n                <div class=\"box__check\">\n                  <span>Auschecken<\/span>\n                  <i class=\"fa far fa-arrow-right-long\"><\/i>\n                <\/div>\n              <\/a>\n\n            \n              <a href=\"https:\/\/eucert.pl\/de\/oferta\/zatwierdzanie-procedur-operacyjnych-polaczen-nierozlacznych-wpqr-i-bpqr-w-obszarze-dyrektywy-2014-68-eu\/\" class=\"box box--white box--shadow box--steps\">\n                <div class=\"box__content\">\n                  <img decoding=\"async\" src=\"https:\/\/eucert.pl\/app\/uploads\/2023\/10\/welding.svg\" alt=\"\" loading=\"lazy\">\n                  <h3 class=\"title title--6 title--medium title--white\">Genehmigung von Betriebsverfahren f\u00fcr nicht trennbare Verbindungen<\/h3>\n                <\/div>\n                <div class=\"box__check\">\n                  <span>Auschecken<\/span>\n                  <i class=\"fa far fa-arrow-right-long\"><\/i>\n                <\/div>\n              <\/a>\n\n            \n              <a href=\"https:\/\/eucert.pl\/de\/oferta\/certyfikacja-personelu-spawalniczego\/\" class=\"box box--white box--shadow box--steps\">\n                <div class=\"box__content\">\n                  <img decoding=\"async\" src=\"https:\/\/eucert.pl\/app\/uploads\/2023\/10\/staff-1.svg\" alt=\"\" loading=\"lazy\">\n                  <h3 class=\"title title--6 title--medium title--white\">Zertifizierung von Schwei\u00dfpersonal<\/h3>\n                <\/div>\n                <div class=\"box__check\">\n                  <span>Auschecken<\/span>\n                  <i class=\"fa far fa-arrow-right-long\"><\/i>\n                <\/div>\n              <\/a>\n\n            \n              <a href=\"https:\/\/eucert.pl\/de\/oferta\/ocena-zgodnosci-produktow\/\" class=\"box box--white box--shadow box--steps\">\n                <div class=\"box__content\">\n                  <img decoding=\"async\" src=\"https:\/\/eucert.pl\/app\/uploads\/2023\/10\/products.svg\" alt=\"\" loading=\"lazy\">\n                  <h3 class=\"title title--6 title--medium title--white\">Bewertung der Produktkonformit\u00e4t<\/h3>\n                <\/div>\n                <div class=\"box__check\">\n                  <span>Auschecken<\/span>\n                  <i class=\"fa far fa-arrow-right-long\"><\/i>\n                <\/div>\n              <\/a>\n\n            \n          <\/div>\n\n    <\/div>\n  <\/div>\n<\/section>\n\n<section id=\"\" class=\"benefits acf-block acf-block-id-block_40454d1928320441eb256458848c1e43 \">\n  <div class=\"container\">\n\n    <div class=\"benefits__text\">\n      <h3 class=\"text text--s text--semibold text--uppercase text--white\">Ihr vertrauensw\u00fcrdiger Partner<\/h3>\n      <h2 class=\"title title--2 title--regular title--white\">Wir arbeiten f\u00fcr Ihren Erfolg<\/h2>\n      <p class=\"text text--xl text--light text--white\">Die Zertifizierung ist nicht nur eine Best\u00e4tigung f\u00fcr die Einhaltung bestimmter Normen, sondern auch ein Instrument, um Vertrauen und Glaubw\u00fcrdigkeit in&nbsp;Ihre Marke aufzubauen. Der Besitz eines Zertifikats best\u00e4tigt die hohe Qualit\u00e4t Ihrer Produkte oder Dienstleistungen, was sich in&nbsp;gr\u00f6\u00dferem Kundenvertrauen und der M\u00f6glichkeit niederschl\u00e4gt, neue Vertr\u00e4ge und Gesch\u00e4ftspartnerschaften zu gewinnen. Die von EU-Cert angebotene Zertifizierung hat viele Vorteile, darunter:<\/p>\n    <\/div>\n\n    <ul class=\"benefits__list\">\n\n      \n        <li class=\"text text--xl text--light text--white\"><strong>Steigerung des Kundenvertrauens:<\/strong> Das EU-Cert-Zertifikat best\u00e4tigt, dass Ihre Produkte oder Managementsysteme hohe Qualit\u00e4ts-, Sicherheits- und Konformit\u00e4tsstandards erf\u00fcllen. Dies baut das Vertrauen Ihrer Kunden auf und erh\u00f6ht Ihre Glaubw\u00fcrdigkeit auf dem Markt.<\/li>\n\n      \n        <li class=\"text text--xl text--light text--white\"><strong>Erf\u00fcllung der Marktanforderungen:<\/strong> Die EU-Cert-Zertifizierung best\u00e4tigt, dass Ihre Produkte oder Managementsysteme den geltenden Vorschriften und Anforderungen entsprechen. Das vermeidet rechtliche Probleme und best\u00e4tigt die Sicherheit f\u00fcr Ihre Kunden.<\/li>\n\n      \n        <li class=\"text text--xl text--light text--white\"><strong>Verbesserung der Wettbewerbsf\u00e4higkeit:<\/strong> Der Besitz eines Zertifikats verschafft Ihnen einen Wettbewerbsvorteil. Sie k\u00f6nnen Ihre Produkte oder Managementsysteme als best\u00e4tigt und in&nbsp;\u00dcbereinstimmung mit h\u00f6chsten Standards bewerben, was Kunden anzieht und Ihre Position auf dem Markt st\u00e4rkt.<\/li>\n\n      \n        <li class=\"text text--xl text--light text--white\"><strong>Verbesserung von Qualit\u00e4t und Effizienz:<\/strong> Der EU-Cert-Zertifizierungsprozess f\u00f6rdert die Analyse und Verbesserung von Prozessen und Praktiken in&nbsp;Ihrer Organisation. Dadurch erhalten Sie Werkzeuge zur kontinuierlichen Verbesserung von Qualit\u00e4t, Effizienz und Innovation.<\/li>\n\n      \n    <\/ul>\n\n  <\/div>\n\n  <div class=\"benefits__images\">\n\n    <div class=\"benefits__images__item small\">\n      <img decoding=\"async\" src=\"https:\/\/eucert.pl\/app\/uploads\/2023\/08\/ben1-992x456-c-default.webp\" alt=\"\" srcset=\"https:\/\/eucert.pl\/app\/uploads\/2023\/08\/ben1-992x456-c-default.webp 1x, https:\/\/eucert.pl\/app\/uploads\/2023\/08\/ben1-1984x912-c-default.webp 2x\" loading=\"lazy\">\n    <\/div>\n\n    <div class=\"benefits__images__item big\">\n      <img decoding=\"async\" src=\"https:\/\/eucert.pl\/app\/uploads\/2023\/08\/ben2-1824x456-c-default.webp\" alt=\"\" srcset=\"https:\/\/eucert.pl\/app\/uploads\/2023\/08\/ben2-1824x456-c-default.webp 1x, https:\/\/eucert.pl\/app\/uploads\/2023\/08\/ben2-3652x912-c-default.webp 2x\" loading=\"lazy\">\n    <\/div>\n\n  <\/div>\n<\/section>\n\n\n\n\n<section id=\"certificate-status\" class=\"certificate-status acf-block acf-block-id-block_401eec5da83ee6cb45e2803870306bef \">\n  <div class=\"container\">\n\n    <div class=\"certificate-status__text\">\n      <h3 class=\"text text--s text--semibold text--uppercase text--primary500\">Sehen Sie, wie einfach es ist<\/h3>\n      <h2 class=\"title title--2 title--regular title--primary500\">\u00dcberpr\u00fcfen Sie die G\u00fcltigkeit <strong>des Zertifikats<\/strong><\/h2>\n    <\/div>\n\n    <form class=\"form certificate-status__form\" method=\"GET\">\n      <div class=\"form__item  \" >\n  <input required value=\"\" type=\"text\" name=\"cert-number\" class=\"form__input form__input--dark \" data-validate-input   placeholder=\".\">\n  <label for=\"text\" class=\"form__input-label form__input-label--dark\">\n    <span class=\"content-name content-name--dark\">\n      Geben Sie die Bescheinigungsnummer ein\n    <\/span>\n    <p class=\"form__input-label__error\"><\/p>\n  <\/label>\n<\/div>\n            \n\n            \n      <button type=\"submit\" class=\"btn btn--primary btn--m\">Auschecken<\/button>\n    <\/form>\n\n  <\/div>\n<\/section>\n\n<section id=\"\" class=\"cta acf-block acf-block-id-block_15bc542fe9cb9d0eef91b1c5c361dfa2 \">\n  <div class=\"cta__video\">\n    <video src=\"https:\/\/eucert.pl\/app\/uploads\/2023\/08\/video_compressed.mp4\" autoplay muted loop loading=\"lazy\"><\/video>\n  <\/div>\n  <div class=\"cta__container\">\n\n    <h2 class=\"title title--2 title--regular title--white\">Entdecken Sie unser komplettes Angebot <br \/>\r\nund beginnen Sie noch heute mit der Zusammenarbeit!<\/h2>\n\n    \n      <a href=\"https:\/\/eucert.pl\/de\/oferta\/\" target=\"\" class=\"btn btn--white btn--l\">Zu unserem Angebot gehen<\/a>\n\n    \n  <\/div>\n<\/section>","protected":false},"excerpt":{"rendered":"","protected":false},"author":1,"featured_media":0,"parent":0,"menu_order":0,"comment_status":"closed","ping_status":"closed","template":"","meta":{"footnotes":""},"acf":[],"yoast_head":"<!-- This site is optimized with the Yoast SEO plugin v21.3 - https:\/\/yoast.com\/wordpress\/plugins\/seo\/ -->\n<title>EU-Zertifizierung - EU-Cert - Wspieramy Tw\u00f3j Sukces Zgodno\u015bci\u0105<\/title>\n<meta name=\"robots\" content=\"index, follow, max-snippet:-1, max-image-preview:large, max-video-preview:-1\" \/>\n<link rel=\"canonical\" href=\"https:\/\/eucert.pl\/de\/eu-zertifizierung\/\" \/>\n<meta property=\"og:locale\" content=\"de_DE\" \/>\n<meta property=\"og:type\" content=\"article\" \/>\n<meta property=\"og:title\" content=\"EU-Zertifizierung - EU-Cert - Wspieramy Tw\u00f3j Sukces Zgodno\u015bci\u0105\" \/>\n<meta property=\"og:url\" content=\"https:\/\/eucert.pl\/de\/eu-zertifizierung\/\" \/>\n<meta property=\"og:site_name\" content=\"EU-Cert - Wspieramy Tw\u00f3j Sukces Zgodno\u015bci\u0105\" \/>\n<meta property=\"article:modified_time\" content=\"2023-11-28T08:26:27+00:00\" \/>\n<meta name=\"twitter:card\" content=\"summary_large_image\" \/>\n<script type=\"application\/ld+json\" class=\"yoast-schema-graph\">{\"@context\":\"https:\/\/schema.org\",\"@graph\":[{\"@type\":\"WebPage\",\"@id\":\"https:\/\/eucert.pl\/de\/eu-zertifizierung\/\",\"url\":\"https:\/\/eucert.pl\/de\/eu-zertifizierung\/\",\"name\":\"EU-Zertifizierung - EU-Cert - Wspieramy Tw\u00f3j Sukces Zgodno\u015bci\u0105\",\"isPartOf\":{\"@id\":\"https:\/\/eucert.pl\/#website\"},\"datePublished\":\"2023-08-30T06:40:59+00:00\",\"dateModified\":\"2023-11-28T08:26:27+00:00\",\"breadcrumb\":{\"@id\":\"https:\/\/eucert.pl\/de\/eu-zertifizierung\/#breadcrumb\"},\"inLanguage\":\"de-DE\",\"potentialAction\":[{\"@type\":\"ReadAction\",\"target\":[\"https:\/\/eucert.pl\/de\/eu-zertifizierung\/\"]}]},{\"@type\":\"BreadcrumbList\",\"@id\":\"https:\/\/eucert.pl\/de\/eu-zertifizierung\/#breadcrumb\",\"itemListElement\":[{\"@type\":\"ListItem\",\"position\":1,\"name\":\"Strona g\u0142\u00f3wna\",\"item\":\"https:\/\/eucert.pl\/de\/\"},{\"@type\":\"ListItem\",\"position\":2,\"name\":\"EU-Zertifizierung\"}]},{\"@type\":\"WebSite\",\"@id\":\"https:\/\/eucert.pl\/#website\",\"url\":\"https:\/\/eucert.pl\/\",\"name\":\"EU-Cert - Wspieramy Tw\u00f3j Sukces Zgodno\u015bci\u0105\",\"description\":\"\",\"potentialAction\":[{\"@type\":\"SearchAction\",\"target\":{\"@type\":\"EntryPoint\",\"urlTemplate\":\"https:\/\/eucert.pl\/?s={search_term_string}\"},\"query-input\":\"required name=search_term_string\"}],\"inLanguage\":\"de-DE\"}]}<\/script>\n<!-- \/ Yoast SEO plugin. -->","yoast_head_json":{"title":"EU-Zertifizierung - EU-Cert - Wspieramy Tw\u00f3j Sukces Zgodno\u015bci\u0105","robots":{"index":"index","follow":"follow","max-snippet":"max-snippet:-1","max-image-preview":"max-image-preview:large","max-video-preview":"max-video-preview:-1"},"canonical":"https:\/\/eucert.pl\/de\/eu-zertifizierung\/","og_locale":"de_DE","og_type":"article","og_title":"EU-Zertifizierung - EU-Cert - Wspieramy Tw\u00f3j Sukces Zgodno\u015bci\u0105","og_url":"https:\/\/eucert.pl\/de\/eu-zertifizierung\/","og_site_name":"EU-Cert - Wspieramy Tw\u00f3j Sukces Zgodno\u015bci\u0105","article_modified_time":"2023-11-28T08:26:27+00:00","twitter_card":"summary_large_image","schema":{"@context":"https:\/\/schema.org","@graph":[{"@type":"WebPage","@id":"https:\/\/eucert.pl\/de\/eu-zertifizierung\/","url":"https:\/\/eucert.pl\/de\/eu-zertifizierung\/","name":"EU-Zertifizierung - EU-Cert - Wspieramy Tw\u00f3j Sukces Zgodno\u015bci\u0105","isPartOf":{"@id":"https:\/\/eucert.pl\/#website"},"datePublished":"2023-08-30T06:40:59+00:00","dateModified":"2023-11-28T08:26:27+00:00","breadcrumb":{"@id":"https:\/\/eucert.pl\/de\/eu-zertifizierung\/#breadcrumb"},"inLanguage":"de-DE","potentialAction":[{"@type":"ReadAction","target":["https:\/\/eucert.pl\/de\/eu-zertifizierung\/"]}]},{"@type":"BreadcrumbList","@id":"https:\/\/eucert.pl\/de\/eu-zertifizierung\/#breadcrumb","itemListElement":[{"@type":"ListItem","position":1,"name":"Strona g\u0142\u00f3wna","item":"https:\/\/eucert.pl\/de\/"},{"@type":"ListItem","position":2,"name":"EU-Zertifizierung"}]},{"@type":"WebSite","@id":"https:\/\/eucert.pl\/#website","url":"https:\/\/eucert.pl\/","name":"EU-Cert - Wspieramy Tw\u00f3j Sukces Zgodno\u015bci\u0105","description":"","potentialAction":[{"@type":"SearchAction","target":{"@type":"EntryPoint","urlTemplate":"https:\/\/eucert.pl\/?s={search_term_string}"},"query-input":"required name=search_term_string"}],"inLanguage":"de-DE"}]}},"_links":{"self":[{"href":"https:\/\/eucert.pl\/de\/wp-json\/wp\/v2\/pages\/3102"}],"collection":[{"href":"https:\/\/eucert.pl\/de\/wp-json\/wp\/v2\/pages"}],"about":[{"href":"https:\/\/eucert.pl\/de\/wp-json\/wp\/v2\/types\/page"}],"author":[{"embeddable":true,"href":"https:\/\/eucert.pl\/de\/wp-json\/wp\/v2\/users\/1"}],"replies":[{"embeddable":true,"href":"https:\/\/eucert.pl\/de\/wp-json\/wp\/v2\/comments?post=3102"}],"version-history":[{"count":10,"href":"https:\/\/eucert.pl\/de\/wp-json\/wp\/v2\/pages\/3102\/revisions"}],"predecessor-version":[{"id":3358,"href":"https:\/\/eucert.pl\/de\/wp-json\/wp\/v2\/pages\/3102\/revisions\/3358"}],"wp:attachment":[{"href":"https:\/\/eucert.pl\/de\/wp-json\/wp\/v2\/media?parent=3102"}],"curies":[{"name":"wp","href":"https:\/\/api.w.org\/{rel}","templated":true}]}}