{"id":3100,"date":"2023-08-08T12:59:48","date_gmt":"2023-08-08T12:59:48","guid":{"rendered":"https:\/\/eucert.pl\/akkreditierungen\/"},"modified":"2026-04-14T21:45:42","modified_gmt":"2026-04-14T21:45:42","slug":"akkreditierungen","status":"publish","type":"page","link":"https:\/\/eucert.pl\/de\/akkreditierungen\/","title":{"rendered":"Akkreditierungen"},"content":{"rendered":"<section id=\"\" class=\"heading-with-text acf-block acf-block-id-block_2eaedd06874738f4c7aa429781966dff \">\n  <div class=\"container\">\n\n          <div class=\"row\">\n\n        <div class=\"col-12 col-lg-6\">\n          <h1 class=\"title title--1 title--medium\">Unsere <strong>Akkreditierungen<\/strong><\/h1>\n        <\/div>\n\n        <div class=\"col-12 col-lg-6\">\n          <div class=\"wysiwyg\">\n            <p>Willkommen auf unserer Seite \u00fcber Akkreditierungen Wir sind stolz auf unser Team und die Anstrengungen, die wir unternehmen<br \/>\ndie wir unternehmen, um Zertifizierungs- und Konformit\u00e4tsbewertungsdienste von h\u00f6chster Qualit\u00e4t anzubieten.<\/p>\n<p>&nbsp;<\/p>\n<p>Wir m\u00f6chten Ihnen Informationen \u00fcber unsere drei wichtigen Akkreditierungen geben: AC&nbsp;230, AC&nbsp;231 und AK 042.<\/p>\n<p>&nbsp;<\/p>\n<p>Unsere Stelle ist von der <a href=\"https:\/\/webgate.ec.europa.eu\/single-market-compliance-space\/#\/notified-bodies\/notifications?organizationRefeCd=NANDO_INPUT_266179&amp;filter=notificationStatusId:1\" target=\"_blank\" rel=\"noopener\">Europ\u00e4ischen Kommission notifiziert worden &#8211; Nr.&nbsp;NB&nbsp;2984:<\/a><\/p>\n<p>&nbsp;<\/p>\n          <\/div>\n        <\/div>\n\n      <\/div>\n\n    \n  <\/div>\n<\/section>\n\n<section id=\"\" class=\"two-images acf-block acf-block-id-block_d8c37d5d71a587051e30a25a02e4667b \">\n\n  <div class=\"two-images__container\">\n\n    <div class=\"two-images__container__item small\">\n      <img decoding=\"async\" src=\"https:\/\/eucert.pl\/app\/uploads\/2023\/08\/pt22-992x456-c-default.webp\" alt=\"\" srcset=\"https:\/\/eucert.pl\/app\/uploads\/2023\/08\/pt22-992x456-c-default.webp 1x, https:\/\/eucert.pl\/app\/uploads\/2023\/08\/pt22-1984x912-c-default.webp 2x\" loading=\"lazy\">\n    <\/div>\n\n    <div class=\"two-images__container__item big\">\n      <img decoding=\"async\" src=\"https:\/\/eucert.pl\/app\/uploads\/2023\/08\/pt1-1824x456-c-default.webp\" alt=\"\" srcset=\"https:\/\/eucert.pl\/app\/uploads\/2023\/08\/pt1-1824x456-c-default.webp 1x, https:\/\/eucert.pl\/app\/uploads\/2023\/08\/pt1-3652x912-c-default.webp 2x\" loading=\"lazy\">\n    <\/div>\n\n  <\/div>\n\n<\/section>\n\n\n<p><\/p>\n\n\n<section id=\"\" class=\"accreditations-slider acf-block acf-block-id-block_0c70edfe6a8275b19f98dad8b3507c32 \">\n\n  <div class=\"container\">\n\n    <h2 class=\"text text--s text--semibold text--uppercase text--primary500 text-center\">Konformit\u00e4tsbewertung<\/h2>\n\n    <div class=\"accreditations-slider__content\">\n\n      <div class=\"accreditations-slider__content__navigation\">\n        <button class=\"accreditations-slider--prev\">\n          <i class=\"fa fal fa-arrow-left-long\"><\/i>\n        <\/button>\n\n        <button class=\"accreditations-slider--next\">\n          <i class=\"fa fal fa-arrow-right-long\"><\/i>\n        <\/button>\n      <\/div>\n\n      <div class=\"swiper-accreditations\">\n        <div class=\"swiper-wrapper\">\n\n          \n            <div class=\"swiper-slide\">\n              <div class=\"accreditations-slider__content__item\">\n\n                <div class=\"accreditations-slider__content__item__text\">\n                  <h2 class=\"title title--2 title--regular title--primary500 hide-mobile\">Akkreditierung Nr.&nbsp;AC&nbsp;230<\/h2>\n                  <h2 class=\"title title--2 title--regular title--primary500 hide-desktop\">Akredytacja <br \/>\r\nnr AC&nbsp;230<\/h2>\n                  <p class=\"text text--xl text--light\"><div style=\"text-align:justify\" class=\"text text--xl text--light\">Die AC&nbsp;230-Akkreditierung ist eine Best\u00e4tigung unserer Kompetenz bei der Zertifizierung von Schwei\u00dfpersonal. EU-Cert Sp. z&nbsp;o. o. ist mit der Akkreditierung Nr.&nbsp;AC&nbsp;230 durch die PCA im&nbsp;Hinblick auf die Richtlinie 2014\/68\/EU vom 15. Mai 2014 zur Harmonisierung der Rechtsvorschriften der Mitgliedstaaten \u00fcber die Bereitstellung von Druckger\u00e4ten auf dem Markt (DGRL) akkreditiert.     <\/div><\/p>\n                                      <a href=\"https:\/\/www.pca.gov.pl\/en\/accredited-organizations\/accredited-organizations\/persons-certification-bodies\/AC%20230,entity.html\" target=\"_blank\" class=\"btn btn--primary btn--m\">Bereich der Akkreditierung<\/a>\n                                  <\/div>\n\n                <a href=\"https:\/\/eucert.pl\/app\/uploads\/2026\/04\/Certyfikat_akredytacji_AC_230_20251210-1-scaled.jpg\" data-fancybox class=\"accreditations-slider__content__item__img\">\n                  <img decoding=\"async\" src=\"https:\/\/eucert.pl\/app\/uploads\/2026\/04\/Certyfikat_akredytacji_AC_230_20251210-1-scaled-768x1056-c-default.webp\" srcset=\"https:\/\/eucert.pl\/app\/uploads\/2026\/04\/Certyfikat_akredytacji_AC_230_20251210-1-scaled-768x1056-c-default.webp 1x, https:\/\/eucert.pl\/app\/uploads\/2026\/04\/Certyfikat_akredytacji_AC_230_20251210-1-scaled-1536x2112-c-default.webp 2x\"  alt=\"\">\n                <\/a>\n\n              <\/div>\n            <\/div>\n\n          \n            <div class=\"swiper-slide\">\n              <div class=\"accreditations-slider__content__item\">\n\n                <div class=\"accreditations-slider__content__item__text\">\n                  <h2 class=\"title title--2 title--regular title--primary500 hide-mobile\">Akkreditierung Nr.&nbsp;AC&nbsp;231<\/h2>\n                  <h2 class=\"title title--2 title--regular title--primary500 hide-desktop\">Akredytacja <br \/>\r\nnr AC&nbsp;231<\/h2>\n                  <p class=\"text text--xl text--light\"><div style=\"text-align:justify\" class=\"text text--xl text--light\">Die Akkreditierung nach AC&nbsp;231 best\u00e4tigt unsere Kompetenz bei der Konformit\u00e4tsbewertung von Produkten und Verfahren. Wir verf\u00fcgen \u00fcber das Wissen und die Erfahrung, um Produkte sorgf\u00e4ltig zu pr\u00fcfen und ihre \u00dcbereinstimmung mit den Anforderungen von Normen und Vorschriften zu bewerten. Mit der AC&nbsp;231-Akkreditierung k\u00f6nnen wir unseren Kunden eine unabh\u00e4ngige und zuverl\u00e4ssige Konformit\u00e4tsbewertung in&nbsp;den folgenden Bereichen bieten:<br \/>\r\n&#8211; EU-Richtlinien\/Verordnungen: 2014\/90\/EU, 2014\/68\/EU, 2019\/945, 2016\/425, <br \/>\r\n&#8211; Zertifizierung von Schwei\u00dfverfahren<br \/>\r\n&#8211; Zertifizierung von Schwei\u00dfverfahren f\u00fcr Schienenfahrzeuge und deren Komponenten.<\/div><\/p>\n                                      <a href=\"https:\/\/www.pca.gov.pl\/en\/accredited-organizations\/accredited-organizations\/product-certification-bodies\/AC%20231,entity.html\" target=\"_blank\" class=\"btn btn--primary btn--m\">Bereich der Akkreditierung<\/a>\n                                  <\/div>\n\n                <a href=\"https:\/\/eucert.pl\/app\/uploads\/2026\/04\/Certyfikat_akredytacji_AC_231_20251210-scaled.jpg\" data-fancybox class=\"accreditations-slider__content__item__img\">\n                  <img decoding=\"async\" src=\"https:\/\/eucert.pl\/app\/uploads\/2026\/04\/Certyfikat_akredytacji_AC_231_20251210-scaled-768x1056-c-default.webp\" srcset=\"https:\/\/eucert.pl\/app\/uploads\/2026\/04\/Certyfikat_akredytacji_AC_231_20251210-scaled-768x1056-c-default.webp 1x, https:\/\/eucert.pl\/app\/uploads\/2026\/04\/Certyfikat_akredytacji_AC_231_20251210-scaled-1536x2112-c-default.webp 2x\" loading=\"lazy\" alt=\"\">\n                <\/a>\n\n              <\/div>\n            <\/div>\n\n          \n            <div class=\"swiper-slide\">\n              <div class=\"accreditations-slider__content__item\">\n\n                <div class=\"accreditations-slider__content__item__text\">\n                  <h2 class=\"title title--2 title--regular title--primary500 hide-mobile\">Akkreditierung Nr.&nbsp;AK 042<\/h2>\n                  <h2 class=\"title title--2 title--regular title--primary500 hide-desktop\">Akredytacja <br \/>\r\nnr AK 042<\/h2>\n                  <p class=\"text text--xl text--light\"><div style=\"text-align:justify\" class=\"text text--xl text--light\">Die Akkreditierung des AK 042 best\u00e4tigt unsere Kompetenz zur Durchf\u00fchrung von Inspektionen im&nbsp;Bereich der Richtlinie 2014\/68\/EU &#8211; Zulassung von Betriebsverfahren f\u00fcr nicht trennbare Verbindungen (WPQR) und Konformit\u00e4tsbewertung im&nbsp;Modul A2. Wir verf\u00fcgen \u00fcber ausreichende Ressourcen und qualifiziertes Personal, um sicherzustellen, dass unsere Inspektionen effizient und zuverl\u00e4ssig durchgef\u00fchrt werden.<\/div><\/p>\n                                      <a href=\"https:\/\/www.pca.gov.pl\/en\/accredited-organizations\/accredited-organizations\/inspection-bodies\/AK%20042,entity.html\" target=\"_blank\" class=\"btn btn--primary btn--m\">Bereich der Akkreditierung<\/a>\n                                  <\/div>\n\n                <a href=\"https:\/\/eucert.pl\/app\/uploads\/2026\/04\/Certyfikat_akredytacji_AK_042_20251210-scaled.jpg\" data-fancybox class=\"accreditations-slider__content__item__img\">\n                  <img decoding=\"async\" src=\"https:\/\/eucert.pl\/app\/uploads\/2026\/04\/Certyfikat_akredytacji_AK_042_20251210-scaled-768x1056-c-default.webp\" srcset=\"https:\/\/eucert.pl\/app\/uploads\/2026\/04\/Certyfikat_akredytacji_AK_042_20251210-scaled-768x1056-c-default.webp 1x, https:\/\/eucert.pl\/app\/uploads\/2026\/04\/Certyfikat_akredytacji_AK_042_20251210-scaled-1536x2112-c-default.webp 2x\" loading=\"lazy\" alt=\"\">\n                <\/a>\n\n              <\/div>\n            <\/div>\n\n          \n        <\/div>\n      <\/div>\n\n    <\/div>\n\n\n    <div class=\"swiper-accreditations-images\">\n      <div class=\"swiper-wrapper\">\n                  <a href=\"https:\/\/eucert.pl\/app\/uploads\/2026\/04\/Certyfikat_akredytacji_AC_230_20251210-1-scaled.jpg\" class=\"swiper-slide\" data-fancybox>\n            <img decoding=\"async\" src=\"https:\/\/eucert.pl\/app\/uploads\/2026\/04\/Certyfikat_akredytacji_AC_230_20251210-1-scaled-384x528-c-default.webp\" srcset=\"https:\/\/eucert.pl\/app\/uploads\/2026\/04\/Certyfikat_akredytacji_AC_230_20251210-1-scaled-384x528-c-default.webp 1x, https:\/\/eucert.pl\/app\/uploads\/2026\/04\/Certyfikat_akredytacji_AC_230_20251210-1-scaled-768x1056-c-default.webp 2x\"  alt=\"\">\n          <\/a>\n                  <a href=\"https:\/\/eucert.pl\/app\/uploads\/2026\/04\/Certyfikat_akredytacji_AC_231_20251210-scaled.jpg\" class=\"swiper-slide\" data-fancybox>\n            <img decoding=\"async\" src=\"https:\/\/eucert.pl\/app\/uploads\/2026\/04\/Certyfikat_akredytacji_AC_231_20251210-scaled-384x528-c-default.webp\" srcset=\"https:\/\/eucert.pl\/app\/uploads\/2026\/04\/Certyfikat_akredytacji_AC_231_20251210-scaled-384x528-c-default.webp 1x, https:\/\/eucert.pl\/app\/uploads\/2026\/04\/Certyfikat_akredytacji_AC_231_20251210-scaled-768x1056-c-default.webp 2x\" loading=\"lazy\" alt=\"\">\n          <\/a>\n                  <a href=\"https:\/\/eucert.pl\/app\/uploads\/2026\/04\/Certyfikat_akredytacji_AK_042_20251210-scaled.jpg\" class=\"swiper-slide\" data-fancybox>\n            <img decoding=\"async\" src=\"https:\/\/eucert.pl\/app\/uploads\/2026\/04\/Certyfikat_akredytacji_AK_042_20251210-scaled-384x528-c-default.webp\" srcset=\"https:\/\/eucert.pl\/app\/uploads\/2026\/04\/Certyfikat_akredytacji_AK_042_20251210-scaled-384x528-c-default.webp 1x, https:\/\/eucert.pl\/app\/uploads\/2026\/04\/Certyfikat_akredytacji_AK_042_20251210-scaled-768x1056-c-default.webp 2x\" loading=\"lazy\" alt=\"\">\n          <\/a>\n                          <a href=\"https:\/\/eucert.pl\/app\/uploads\/2026\/04\/Certyfikat_akredytacji_AC_230_20251210-1-scaled.jpg\" class=\"swiper-slide\" data-fancybox>\n            <img decoding=\"async\" src=\"https:\/\/eucert.pl\/app\/uploads\/2026\/04\/Certyfikat_akredytacji_AC_230_20251210-1-scaled-384x528-c-default.webp\" srcset=\"https:\/\/eucert.pl\/app\/uploads\/2026\/04\/Certyfikat_akredytacji_AC_230_20251210-1-scaled-384x528-c-default.webp 1x, https:\/\/eucert.pl\/app\/uploads\/2026\/04\/Certyfikat_akredytacji_AC_230_20251210-1-scaled-768x1056-c-default.webp 2x\"  alt=\"\">\n          <\/a>\n                  <a href=\"https:\/\/eucert.pl\/app\/uploads\/2026\/04\/Certyfikat_akredytacji_AC_231_20251210-scaled.jpg\" class=\"swiper-slide\" data-fancybox>\n            <img decoding=\"async\" src=\"https:\/\/eucert.pl\/app\/uploads\/2026\/04\/Certyfikat_akredytacji_AC_231_20251210-scaled-384x528-c-default.webp\" srcset=\"https:\/\/eucert.pl\/app\/uploads\/2026\/04\/Certyfikat_akredytacji_AC_231_20251210-scaled-384x528-c-default.webp 1x, https:\/\/eucert.pl\/app\/uploads\/2026\/04\/Certyfikat_akredytacji_AC_231_20251210-scaled-768x1056-c-default.webp 2x\" loading=\"lazy\" alt=\"\">\n          <\/a>\n                  <a href=\"https:\/\/eucert.pl\/app\/uploads\/2026\/04\/Certyfikat_akredytacji_AK_042_20251210-scaled.jpg\" class=\"swiper-slide\" data-fancybox>\n            <img decoding=\"async\" src=\"https:\/\/eucert.pl\/app\/uploads\/2026\/04\/Certyfikat_akredytacji_AK_042_20251210-scaled-384x528-c-default.webp\" srcset=\"https:\/\/eucert.pl\/app\/uploads\/2026\/04\/Certyfikat_akredytacji_AK_042_20251210-scaled-384x528-c-default.webp 1x, https:\/\/eucert.pl\/app\/uploads\/2026\/04\/Certyfikat_akredytacji_AK_042_20251210-scaled-768x1056-c-default.webp 2x\" loading=\"lazy\" alt=\"\">\n          <\/a>\n              <\/div>\n    <\/div>\n\n\n  <\/div>\n\n<\/section>\n\n\n\n<section id=\"\" class=\"heading-with-text acf-block acf-block-id-block_2e944ed0d138c66ea0fd005318501392 \">\n  <div class=\"container\">\n\n          <div class=\"row\">\n\n        <div class=\"col-12 col-lg-6\">\n          <h1 class=\"title title--1 title--medium\"><\/h1>\n        <\/div>\n\n        <div class=\"col-12 col-lg-6\">\n          <div class=\"wysiwyg\">\n            <p>Liste der akkreditierten T\u00e4tigkeiten, die im&nbsp;Rahmen des flexiblen Geltungsbereichs der Akkreditierung Nr.&nbsp;AC&nbsp;231 f\u00fcr:<\/p>\n<p>&nbsp;<\/p>\n<p><a href=\"https:\/\/eucert.pl\/app\/uploads\/2025\/02\/Zal.-2_EUCERT_PR_PED_20241230_do-stosowania-na-www.pdf\">Richtlinie 2014\/68\/EU <\/a><\/p>\n<p><a href=\"https:\/\/eucert.pl\/app\/uploads\/2025\/02\/Zal-1-EUCERT-PR-MED-Lista-dzialan-prowadzonych-w-obszarze-Dyrektywy-MED_20241007_do-stosowania_www.pdf\">Richtlinie 2014\/90\/UE<\/a><\/p>\n<p><a href=\"https:\/\/eucert.pl\/app\/uploads\/2025\/07\/zal.4_PR_PPER-Lista-dzialan-elastyczny_20250708_ed.-14_czarny-na-strone-www.pdf\">Verordnung (EU) 2016\/425<\/a><\/p>\n          <\/div>\n        <\/div>\n\n      <\/div>\n\n    \n  <\/div>\n<\/section>\n\n\n<figure class=\"wp-block-gallery-custom\" style=\"margin:0;\">\n  <div class=\"img-grid\">\n\n    <div class=\"img-item\">\n      <img decoding=\"async\" src=\"https:\/\/eucert.pl\/app\/uploads\/2026\/04\/zal_1_KSZ-Polityka-dot-wyrobow-procesow-i-inspekcji_20250617-ed.5.pdf.png\"\n           alt=\"\"\n           onclick=\"document.getElementById('wpModal').style.display='flex';document.getElementById('wpModalImg').src=this.src;\">\n    <\/div>\n\n    <div class=\"img-item\">\n      <img decoding=\"async\" src=\"https:\/\/eucert.pl\/app\/uploads\/2026\/04\/zal_2_KSZ-Polityka-dot-zatwierdzania-personelu-list_20250617.pdf.png\"\n           alt=\"\"\n           onclick=\"document.getElementById('wpModal').style.display='flex';document.getElementById('wpModalImg').src=this.src;\">\n    <\/div>\n\n    <div class=\"img-item\">\n      <img decoding=\"async\" src=\"https:\/\/eucert.pl\/app\/uploads\/2026\/04\/zal_4_KSZ-Polityka-dot-ocen-zagranicznych_20240612-ed.2.pdf.png\"\n           alt=\"\"\n           onclick=\"document.getElementById('wpModal').style.display='flex';document.getElementById('wpModalImg').src=this.src;\">\n    <\/div>\n\n    <div class=\"img-item\">\n      <img decoding=\"async\" src=\"https:\/\/eucert.pl\/app\/uploads\/2026\/04\/zal_5_KSZ-Polityka-laboratorium-ISO-17025_20250618.pdf.png\"\n           alt=\"\"\n           onclick=\"document.getElementById('wpModal').style.display='flex';document.getElementById('wpModalImg').src=this.src;\">\n    <\/div>\n\n  <\/div>\n<\/figure>\n\n<style>\n  .img-grid {\n    display: grid;\n    grid-template-columns: repeat(4, minmax(0, 1fr));\n    gap: 20px;\n    align-items: start;\n    width: 100%;\n  }\n\n  .img-item {\n    display: flex;\n    justify-content: center;\n    align-items: center;\n  }\n\n  .img-item img {\n    display: block;\n    width: 100%;\n    max-width: 400px;\n    height: auto;\n    cursor: pointer;\n    margin: 0 auto;\n  }\n\n  \/* \u5e73\u677f *\/\n  @media (max-width: 1024px) {\n    .img-grid {\n      grid-template-columns: repeat(2, minmax(0, 1fr));\n    }\n  }\n\n  \/* \u624b\u673a *\/\n  @media (max-width: 640px) {\n    .img-grid {\n      grid-template-columns: 1fr;\n      gap: 16px;\n    }\n\n    .img-item img {\n      max-width: 100%;\n    }\n  }\n<\/style>\n\n<div id=\"wpModal\"\n     onclick=\"this.style.display='none';document.getElementById('wpModalImg').src='';document.body.style.overflow='';\"\n     style=\"\n       display:none;\n       position:fixed;\n       z-index:99999;\n       left:0;\n       top:0;\n       width:100%;\n       height:100%;\n       background:rgba(0,0,0,0.9);\n       justify-content:center;\n       align-items:center;\n       padding:20px;\n       box-sizing:border-box;\n     \">\n\n  <span onclick=\"document.getElementById('wpModal').style.display='none';document.getElementById('wpModalImg').src='';document.body.style.overflow='';event.stopPropagation();\"\n        style=\"\n          position:absolute;\n          top:20px;\n          right:30px;\n          color:#fff;\n          font-size:42px;\n          cursor:pointer;\n          line-height:1;\n        \">\n    \u00d7\n  <\/span>\n\n  <img id=\"wpModalImg\"\n       onclick=\"event.stopPropagation();\"\n       style=\"\n         display:block;\n         max-width:95%;\n         max-height:95%;\n         width:auto;\n         height:auto;\n         margin:auto;\n       \">\n<\/div>\n\n\n<section id=\"\" class=\"cta acf-block acf-block-id-block_451c300831e37408fd4f5da3fe77bdda \">\n  <div class=\"cta__video\">\n    <video src=\"https:\/\/eucert.pl\/app\/uploads\/2023\/08\/video_compressed.mp4\" autoplay muted loop loading=\"lazy\"><\/video>\n  <\/div>\n  <div class=\"cta__container\">\n\n    <h2 class=\"title title--2 title--regular title--white\">Sind Sie interessiert?<br \/>\r\nWarten Sie nicht und nehmen Sie Kontakt mit uns auf!<\/h2>\n\n    \n      <a href=\"https:\/\/eucert.pl\/de\/kontakt-2\/#contact_form\" target=\"\" class=\"btn btn--white btn--l\">Kontakt-Formular<\/a>\n\n    \n  <\/div>\n<\/section>","protected":false},"excerpt":{"rendered":"<p>\u00d7<\/p>\n","protected":false},"author":1,"featured_media":0,"parent":0,"menu_order":0,"comment_status":"closed","ping_status":"closed","template":"","meta":{"footnotes":""},"acf":[],"yoast_head":"<!-- This site is optimized with the Yoast SEO plugin v21.3 - https:\/\/yoast.com\/wordpress\/plugins\/seo\/ -->\n<title>Akkreditierungen - EU-Cert - Wspieramy Tw\u00f3j Sukces Zgodno\u015bci\u0105<\/title>\n<meta name=\"robots\" content=\"index, follow, max-snippet:-1, max-image-preview:large, max-video-preview:-1\" \/>\n<link rel=\"canonical\" href=\"https:\/\/eucert.pl\/de\/akkreditierungen\/\" \/>\n<meta property=\"og:locale\" content=\"de_DE\" \/>\n<meta property=\"og:type\" content=\"article\" \/>\n<meta property=\"og:title\" content=\"Akkreditierungen - EU-Cert - Wspieramy Tw\u00f3j Sukces Zgodno\u015bci\u0105\" \/>\n<meta property=\"og:description\" content=\"\u00d7\" \/>\n<meta property=\"og:url\" content=\"https:\/\/eucert.pl\/de\/akkreditierungen\/\" \/>\n<meta property=\"og:site_name\" content=\"EU-Cert - Wspieramy Tw\u00f3j Sukces Zgodno\u015bci\u0105\" \/>\n<meta property=\"article:modified_time\" content=\"2026-04-14T21:45:42+00:00\" \/>\n<meta property=\"og:image\" content=\"https:\/\/eucert.pl\/app\/uploads\/2026\/04\/zal_1_KSZ-Polityka-dot-wyrobow-procesow-i-inspekcji_20250617-ed.5.pdf.png\" \/>\n<meta name=\"twitter:card\" content=\"summary_large_image\" \/>\n<meta name=\"twitter:label1\" content=\"Est. reading time\" \/>\n\t<meta name=\"twitter:data1\" content=\"1 minute\" \/>\n<script type=\"application\/ld+json\" class=\"yoast-schema-graph\">{\"@context\":\"https:\/\/schema.org\",\"@graph\":[{\"@type\":\"WebPage\",\"@id\":\"https:\/\/eucert.pl\/de\/akkreditierungen\/\",\"url\":\"https:\/\/eucert.pl\/de\/akkreditierungen\/\",\"name\":\"Akkreditierungen - EU-Cert - Wspieramy Tw\u00f3j Sukces Zgodno\u015bci\u0105\",\"isPartOf\":{\"@id\":\"https:\/\/eucert.pl\/#website\"},\"datePublished\":\"2023-08-08T12:59:48+00:00\",\"dateModified\":\"2026-04-14T21:45:42+00:00\",\"breadcrumb\":{\"@id\":\"https:\/\/eucert.pl\/de\/akkreditierungen\/#breadcrumb\"},\"inLanguage\":\"de-DE\",\"potentialAction\":[{\"@type\":\"ReadAction\",\"target\":[\"https:\/\/eucert.pl\/de\/akkreditierungen\/\"]}]},{\"@type\":\"BreadcrumbList\",\"@id\":\"https:\/\/eucert.pl\/de\/akkreditierungen\/#breadcrumb\",\"itemListElement\":[{\"@type\":\"ListItem\",\"position\":1,\"name\":\"Strona g\u0142\u00f3wna\",\"item\":\"https:\/\/eucert.pl\/de\/\"},{\"@type\":\"ListItem\",\"position\":2,\"name\":\"Akkreditierungen\"}]},{\"@type\":\"WebSite\",\"@id\":\"https:\/\/eucert.pl\/#website\",\"url\":\"https:\/\/eucert.pl\/\",\"name\":\"EU-Cert - Wspieramy Tw\u00f3j Sukces Zgodno\u015bci\u0105\",\"description\":\"\",\"potentialAction\":[{\"@type\":\"SearchAction\",\"target\":{\"@type\":\"EntryPoint\",\"urlTemplate\":\"https:\/\/eucert.pl\/?s={search_term_string}\"},\"query-input\":\"required name=search_term_string\"}],\"inLanguage\":\"de-DE\"}]}<\/script>\n<!-- \/ Yoast SEO plugin. -->","yoast_head_json":{"title":"Akkreditierungen - EU-Cert - Wspieramy Tw\u00f3j Sukces Zgodno\u015bci\u0105","robots":{"index":"index","follow":"follow","max-snippet":"max-snippet:-1","max-image-preview":"max-image-preview:large","max-video-preview":"max-video-preview:-1"},"canonical":"https:\/\/eucert.pl\/de\/akkreditierungen\/","og_locale":"de_DE","og_type":"article","og_title":"Akkreditierungen - EU-Cert - Wspieramy Tw\u00f3j Sukces Zgodno\u015bci\u0105","og_description":"\u00d7","og_url":"https:\/\/eucert.pl\/de\/akkreditierungen\/","og_site_name":"EU-Cert - Wspieramy Tw\u00f3j Sukces Zgodno\u015bci\u0105","article_modified_time":"2026-04-14T21:45:42+00:00","og_image":[{"url":"https:\/\/eucert.pl\/app\/uploads\/2026\/04\/zal_1_KSZ-Polityka-dot-wyrobow-procesow-i-inspekcji_20250617-ed.5.pdf.png"}],"twitter_card":"summary_large_image","twitter_misc":{"Est. reading time":"1 minute"},"schema":{"@context":"https:\/\/schema.org","@graph":[{"@type":"WebPage","@id":"https:\/\/eucert.pl\/de\/akkreditierungen\/","url":"https:\/\/eucert.pl\/de\/akkreditierungen\/","name":"Akkreditierungen - EU-Cert - Wspieramy Tw\u00f3j Sukces Zgodno\u015bci\u0105","isPartOf":{"@id":"https:\/\/eucert.pl\/#website"},"datePublished":"2023-08-08T12:59:48+00:00","dateModified":"2026-04-14T21:45:42+00:00","breadcrumb":{"@id":"https:\/\/eucert.pl\/de\/akkreditierungen\/#breadcrumb"},"inLanguage":"de-DE","potentialAction":[{"@type":"ReadAction","target":["https:\/\/eucert.pl\/de\/akkreditierungen\/"]}]},{"@type":"BreadcrumbList","@id":"https:\/\/eucert.pl\/de\/akkreditierungen\/#breadcrumb","itemListElement":[{"@type":"ListItem","position":1,"name":"Strona g\u0142\u00f3wna","item":"https:\/\/eucert.pl\/de\/"},{"@type":"ListItem","position":2,"name":"Akkreditierungen"}]},{"@type":"WebSite","@id":"https:\/\/eucert.pl\/#website","url":"https:\/\/eucert.pl\/","name":"EU-Cert - Wspieramy Tw\u00f3j Sukces Zgodno\u015bci\u0105","description":"","potentialAction":[{"@type":"SearchAction","target":{"@type":"EntryPoint","urlTemplate":"https:\/\/eucert.pl\/?s={search_term_string}"},"query-input":"required name=search_term_string"}],"inLanguage":"de-DE"}]}},"_links":{"self":[{"href":"https:\/\/eucert.pl\/de\/wp-json\/wp\/v2\/pages\/3100"}],"collection":[{"href":"https:\/\/eucert.pl\/de\/wp-json\/wp\/v2\/pages"}],"about":[{"href":"https:\/\/eucert.pl\/de\/wp-json\/wp\/v2\/types\/page"}],"author":[{"embeddable":true,"href":"https:\/\/eucert.pl\/de\/wp-json\/wp\/v2\/users\/1"}],"replies":[{"embeddable":true,"href":"https:\/\/eucert.pl\/de\/wp-json\/wp\/v2\/comments?post=3100"}],"version-history":[{"count":2,"href":"https:\/\/eucert.pl\/de\/wp-json\/wp\/v2\/pages\/3100\/revisions"}],"predecessor-version":[{"id":5275,"href":"https:\/\/eucert.pl\/de\/wp-json\/wp\/v2\/pages\/3100\/revisions\/5275"}],"wp:attachment":[{"href":"https:\/\/eucert.pl\/de\/wp-json\/wp\/v2\/media?parent=3100"}],"curies":[{"name":"wp","href":"https:\/\/api.w.org\/{rel}","templated":true}]}}